{"id":1727,"date":"2024-10-24T23:21:52","date_gmt":"2024-10-24T15:21:52","guid":{"rendered":"https:\/\/shop.yipinqian.com\/product\/rare-old-school-natural-type-a-jadeite-jade-pendant-necklace-crafted-with-guanyin-with-certificate-weigh-38-62-grams-60-8-35-8-8-5-mm-pendant166\/"},"modified":"2025-02-17T00:04:14","modified_gmt":"2025-02-16T16:04:14","slug":"rare-old-school-natural-type-a-jadeite-jade-pendant-necklace-crafted-with-guanyin-with-certificate-weigh-38-62-grams-60-8-35-8-8-5-mm-pendant166","status":"publish","type":"product","link":"https:\/\/shop.yipinqian.com\/pt\/produto\/rare-old-school-natural-type-a-jadeite-jade-pendant-necklace-crafted-with-guanyin-with-certificate-weigh-38-62-grams-60-8-35-8-8-5-mm-pendant166\/","title":{"rendered":"Rare Old School Natural Type A Jadeite Jade Pendant Necklace Crafted with Guanyin with certificate weigh 38.62 grams, 60.8 * 35.8 * 8.5 mm (pendant166)"},"content":{"rendered":"<p>This Rare Old School Natural Type A Jadeite Jade Pendant Necklace with a Guanyin crafted design is a true beauty. It comes with a certificate of authenticity and weighs 38.62 grams, with dimensions of <strong>60.8 * 35.8 * 8.5 mm<\/strong> (pendant166).<\/p>\n<p>\u00a0<\/p>\n<p><strong>Certificate numbers: 920460002682<\/strong><\/p>\n<ul>\n<li>\n<strong>Tipo de Jade:<\/strong> Jade\u00edta<\/li>\n<li>\n<strong>Estilo de colar:<\/strong> Casual<\/li>\n<li>\n<strong>Certificado:<\/strong> Sim<\/li>\n<li>\n<strong>Pa\u00eds de origem:<\/strong> Mianmar<\/li>\n<li>\n<strong>Ocasi\u00e3o: <\/strong>Desgaste di\u00e1rio<\/li>\n<\/ul>\n<p>\u00a0<\/p>\n<ul>\n<li>The pendant is carefully crafted from natural Type A jade, making it an exquisite piece that everyone should have in their jewelry collection. Aesthetic Appeal and Symbolic Meaning The pendant boasts intricate details that highlight the beauty of the Guanyin design, making it perfect for casual events or daily wear.<\/li>\n<\/ul>\n<p>\u00a0<\/p>\n<ul>\n<li>In Chinese culture, jade represents purity and good fortune while Guanyin is regarded as the goddess of compassion &#8211; making this pendant both beautiful to wear and symbolic to own.<\/li>\n<\/ul>\n<p>\u00a0<\/p>\n<ul>\n<li>Bid farewell to ordinary pendants by getting this Rare Old School Natural Type A Jadeite Pendant Necklace for yourself or gifting it to your loved ones!<\/li>\n<\/ul>\n<p>Yi Pin Qian \u2013 Um negociante de pedras preciosas e metais preciosos em Cingapura \u2013 N\u00famero de licen\u00e7a PS20190000031<\/p>\n<p>\u00a0<\/p>\n<p>*Todos os Jadeites comprados de Yi Pin Qian em Cingapura, os clientes podem reservar hor\u00e1rios para polimento ou pequenos reparos por manuseio incorreto - taxas se aplicam e somente para clientes de Yi Pin Qian em Cingapura*<\/p>\n<p>\u00a0<\/p>\n<p><strong>**Tipos de Certificados**<\/strong><\/p>\n<p>\u00a0<\/p>\n<p><strong>NGI (Nan Yang Gemol\u00f3gico)<\/strong><\/p>\n<p>ou <strong>Certificados no exterior <\/strong>(Yi Pin Qian usa apenas certificados aut\u00eanticos de laborat\u00f3rios estrangeiros e tamb\u00e9m controla a qualidade de cada um dos nossos produtos antes de coloc\u00e1-los \u00e0 venda em Cingapura)<\/p>\n<p>\u00a0<\/p>\n<p>Cada produto no TikTok ter\u00e1 o tipo de certificado fornecido indicado na descri\u00e7\u00e3o. Para qualquer cliente que deseje enviar seu pedido para a NGI Singapore, haver\u00e1 um tempo de espera para entrega do pedido estimado em torno de 4 semanas para receber seu pedido. <strong>As solicita\u00e7\u00f5es de relat\u00f3rios da NGI Gemstone precisam ser feitas por mensagem para a loja Yi Pin Qian TikTok.<\/strong> Obrigado, <strong><u>taxas extras se aplicam<\/u><\/strong>.<\/p>\n<p>\u00a0<\/p>\n<p><strong>A jade\u00edta natural n\u00e3o \u00e9 perfeita, apenas um lembrete gentil, nossa jade\u00edta natural, como todas as coisas bonitas da natureza, vem com suas caracter\u00edsticas e varia\u00e7\u00f5es \u00fanicas. Convidamos nossos valiosos clientes a abra\u00e7ar essas varia\u00e7\u00f5es naturais. Boas compras!<\/strong><\/p>\n<p>\u00a0<\/p>\n<p><strong><u>Nenhuma das fotos e filmagens de v\u00eddeo foram filtradas. Incentivamos nossos clientes a tamb\u00e9m assistirem aos v\u00eddeos que os acompanham para uma vis\u00e3o mais abrangente de nossos produtos<\/u><\/strong><\/p>\n<p>\u00a0<\/p>\n<p>.<\/p>","protected":false},"excerpt":{"rendered":"<p>This Rare Old School Natural Type A Jadeite Jade Pendant Necklace with a Guanyin crafted design is a true beauty. It comes with a certificate of authenticity and weighs 38.62 grams, with dimensions of 60.8 * 35.8 * 8.5 mm (pendant166). \u00a0 Certificate numbers: 920460002682 Jade Type: Jadeite Necklace Style: Casual Certificate: Yes Country Of [&hellip;]<\/p>","protected":false},"featured_media":7463,"comment_status":"open","ping_status":"closed","template":"","meta":[],"product_brand":[],"product_cat":[48],"product_tag":[],"class_list":{"0":"post-1727","1":"product","2":"type-product","3":"status-publish","4":"has-post-thumbnail","6":"product_cat-pendants","8":"first","9":"instock","10":"sale","11":"shipping-taxable","12":"purchasable","13":"product-type-simple"},"_links":{"self":[{"href":"https:\/\/shop.yipinqian.com\/pt\/wp-json\/wp\/v2\/product\/1727","targetHints":{"allow":["GET"]}}],"collection":[{"href":"https:\/\/shop.yipinqian.com\/pt\/wp-json\/wp\/v2\/product"}],"about":[{"href":"https:\/\/shop.yipinqian.com\/pt\/wp-json\/wp\/v2\/types\/product"}],"replies":[{"embeddable":true,"href":"https:\/\/shop.yipinqian.com\/pt\/wp-json\/wp\/v2\/comments?post=1727"}],"version-history":[{"count":0,"href":"https:\/\/shop.yipinqian.com\/pt\/wp-json\/wp\/v2\/product\/1727\/revisions"}],"wp:featuredmedia":[{"embeddable":true,"href":"https:\/\/shop.yipinqian.com\/pt\/wp-json\/wp\/v2\/media\/7463"}],"wp:attachment":[{"href":"https:\/\/shop.yipinqian.com\/pt\/wp-json\/wp\/v2\/media?parent=1727"}],"wp:term":[{"taxonomy":"product_brand","embeddable":true,"href":"https:\/\/shop.yipinqian.com\/pt\/wp-json\/wp\/v2\/product_brand?post=1727"},{"taxonomy":"product_cat","embeddable":true,"href":"https:\/\/shop.yipinqian.com\/pt\/wp-json\/wp\/v2\/product_cat?post=1727"},{"taxonomy":"product_tag","embeddable":true,"href":"https:\/\/shop.yipinqian.com\/pt\/wp-json\/wp\/v2\/product_tag?post=1727"}],"curies":[{"name":"wp","href":"https:\/\/api.w.org\/{rel}","templated":true}]}}