{"id":17261,"date":"2025-01-16T03:37:47","date_gmt":"2025-01-15T19:37:47","guid":{"rendered":"https:\/\/shop.yipinqian.com\/premium-quality-icy-translucent-ruyi-pendant-natural-type-a-jadeite-jade-certificate-weighs-25-87-grams-measurement-48-2-35-3-7-2-mm-pendant391\/"},"modified":"2025-02-24T01:34:16","modified_gmt":"2025-02-23T17:34:16","slug":"premium-quality-icy-translucent-ruyi-pendant-natural-type-a-jadeite-jade-certificate-weighs-25-87-grams-measurement-48-2-35-3-7-2-mm-pendant391","status":"publish","type":"product","link":"https:\/\/shop.yipinqian.com\/pt\/produto\/premium-quality-icy-translucent-ruyi-pendant-natural-type-a-jadeite-jade-certificate-weighs-25-87-grams-measurement-48-2-35-3-7-2-mm-pendant391\/","title":{"rendered":"Pingente Ruyi transl\u00facido gelado de qualidade premium O certificado de jade natural tipo A pesa 25,87 gramas, medindo 48,2 * 35,3 * 7,2 mm (pendant391)"},"content":{"rendered":"<p><iframe height=\"300\" width=\"330\" src=\"https:\/\/youtube.com\/embed\/qqnbZ56tc_Q\" title=\"Pingente Ruyi de alta qualidade\"><\/iframe><\/p>\n<p>Descubra a eleg\u00e2ncia do Pingente Icy Translucent Ruyi de Qualidade Premium, feito de Jade\u00edta Natural Tipo A. Esta pe\u00e7a requintada, certificada por sua autenticidade, apresenta um design lindo e um artesanato excepcional.<\/p>\n<p><\/p>\n<p>N\u00fameros de certificado: GD2110H003553<\/p>\n<p><img fetchpriority=\"high\" decoding=\"async\" src=\"https:\/\/shop.yipinqian.com\/wp-content\/uploads\/2024\/12\/f4a1c0450fc64721bdfd227d6b03bd51tplv-aphluv4xwc-origin-jpeg.jpeg?dr=15568&#038;nonce=48418&#038;refresh_token=c5c08a5af5c23176569d9224f9e69110&#038;from=476444299&#038;idc=my&#038;ps=933b5bde&#038;shcp=9b759fb9&#038;shp=1c65f68b&#038;t=555f072d\" width=\"1080\" height=\"1080\"><\/p>\n<ul>\n<li>\n<strong>Peso:<\/strong> 25,87 gramas<\/li>\n<li>\n<strong>Medidas:<\/strong> 48,2 * 35,3 * 7,2 mil\u00edmetros<\/li>\n<li>\n<strong>Origem:<\/strong> Mianmar<\/li>\n<li><strong>Estilo de colar casual:<\/strong><\/li>\n<li><strong>Adequado para uso di\u00e1rio:<\/strong><\/li>\n<\/ul>\n<p><img decoding=\"async\" src=\"https:\/\/shop.yipinqian.com\/wp-content\/uploads\/2024\/12\/d32dbb9947dc47c682f4986414dae6ebtplv-aphluv4xwc-origin-jpeg.jpeg?dr=15568&#038;nonce=84888&#038;refresh_token=076df2972572b9ac8f6813034c548ef2&#038;from=476444299&#038;idc=my&#038;ps=933b5bde&#038;shcp=9b759fb9&#038;shp=1c65f68b&#038;t=555f072d\" width=\"1080\" height=\"1080\"><img decoding=\"async\" src=\"https:\/\/shop.yipinqian.com\/wp-content\/uploads\/2024\/12\/396760a53514497ca20743010487412ftplv-aphluv4xwc-origin-jpeg.jpeg?dr=15568&#038;nonce=90862&#038;refresh_token=3dc75729a4245e263887f48e0d84ffc6&#038;from=476444299&#038;idc=my&#038;ps=933b5bde&#038;shcp=9b759fb9&#038;shp=1c65f68b&#038;t=555f072d\" width=\"1080\" height=\"1080\"><\/p>\n<p>Este pingente unissex \u00e9 perfeito para qualquer ocasi\u00e3o, adicionando um toque de sofistica\u00e7\u00e3o ao seu traje di\u00e1rio.<\/p>\n<p data-pm-slice=\"1 1 []\">Yi Pin Qian \u2013 Um negociante de pedras preciosas e metais preciosos em Cingapura \u2013 N\u00famero de licen\u00e7a PS20190000031<\/p>\n<p>\u00a0<\/p>\n<p>*Todos os Jadeites comprados de Yi Pin Qian em Cingapura, os clientes podem reservar hor\u00e1rios para polimento ou pequenos reparos por manuseio incorreto - taxas se aplicam e somente para clientes de Yi Pin Qian em Cingapura*<\/p>\n<p>\u00a0<\/p>\n<p><strong>**Tipos de Certificados**<\/strong><\/p>\n<p>\u00a0<\/p>\n<p><strong>NGI (Nan Yang Gemol\u00f3gico)<\/strong><\/p>\n<p>ou <strong>Certificados no exterior <\/strong>(Yi Pin Qian usa apenas certificados aut\u00eanticos de laborat\u00f3rios estrangeiros e tamb\u00e9m controla a qualidade de cada um dos nossos produtos antes de coloc\u00e1-los \u00e0 venda em Cingapura)<\/p>\n<p>\u00a0<\/p>\n<p>Cada produto ter\u00e1 o tipo de certificado fornecido indicado na descri\u00e7\u00e3o. Para qualquer cliente que deseje enviar seu pedido para NGI Singapore, <strong>As solicita\u00e7\u00f5es de relat\u00f3rios de pedras preciosas da NGI precisam ser feitas por mensagem.<\/strong> Obrigado, <strong><u>taxas extras se aplicam<\/u><\/strong> \u2013 $90 para jade\u00edta \/ $150 para jade\u00edta com ouro 18k \/ $150 para contas de jade\u00edta \u2013 n\u00e3o \u00e9 obrigat\u00f3rio, pois a maioria dos nossos produtos j\u00e1 veio com certificado internacional ou relat\u00f3rio NGI.<\/p>\n<p>\u00a0<\/p>\n<p>(Para mais detalhes ou solicita\u00e7\u00e3o adicional: <strong>Por favor, envie-nos uma mensagem se desejar enviar o item adquirido para teste de laborat\u00f3rio NGI<\/strong>)<\/p>\n<p>\u00a0<\/p>\n<p><strong>A jade\u00edta natural n\u00e3o \u00e9 perfeita, apenas um lembrete gentil, nossa jade\u00edta natural, como todas as coisas bonitas da natureza, vem com suas caracter\u00edsticas e varia\u00e7\u00f5es \u00fanicas. Convidamos nossos valiosos clientes a abra\u00e7ar essas varia\u00e7\u00f5es naturais. Boas compras!<\/strong><\/p>\n<p>\u00a0<\/p>\n<p><strong><u>Nenhuma das fotos e filmagens de v\u00eddeo foram filtradas. Incentivamos nossos clientes a tamb\u00e9m assistirem aos v\u00eddeos que os acompanham para uma vis\u00e3o mais abrangente de nossos produtos<\/u><\/strong><\/p>\n<p>\u00a0<\/p>\n<ul>\n<li>Diferentes plataformas s\u00f3 podem visualizar v\u00eddeos por meio do Desktop<\/li>\n<\/ul>\n<p>\u00a0<\/p>","protected":false},"excerpt":{"rendered":"<p>Discover the elegance of the Premium Quality Icy Translucent Ruyi Pendant crafted from Natural Type A Jadeite. This exquisite piece, certified for its authenticity, showcases a beautiful design and exceptional craftsmanship. Certificate numbers: GD2110H003553 Weight: 25.87 grams Measurements: 48.2 * 35.3 * 7.2 mm Origin: Myanmar Causal Necklace Style: Suitable for Daily Wear: This unisex [&hellip;]<\/p>","protected":false},"featured_media":17265,"comment_status":"open","ping_status":"closed","template":"","meta":[],"product_brand":[],"product_cat":[196],"product_tag":[52,53,65,54,56,58,73,59,60,61,62],"class_list":{"0":"post-17261","1":"product","2":"type-product","3":"status-publish","4":"has-post-thumbnail","6":"product_cat-vault-collection","7":"product_tag-certified","8":"product_tag-fine-quality","9":"product_tag-high-quality","10":"product_tag-icy","11":"product_tag-limited-editions","12":"product_tag-new-arrivals","13":"product_tag-pendant","14":"product_tag-translucent","15":"product_tag-type-a-jadeite","16":"product_tag-unisex","17":"product_tag-yi-pin-qian-exclusive","19":"first","20":"instock","21":"sale","22":"shipping-taxable","23":"purchasable","24":"product-type-simple"},"_links":{"self":[{"href":"https:\/\/shop.yipinqian.com\/pt\/wp-json\/wp\/v2\/product\/17261","targetHints":{"allow":["GET"]}}],"collection":[{"href":"https:\/\/shop.yipinqian.com\/pt\/wp-json\/wp\/v2\/product"}],"about":[{"href":"https:\/\/shop.yipinqian.com\/pt\/wp-json\/wp\/v2\/types\/product"}],"replies":[{"embeddable":true,"href":"https:\/\/shop.yipinqian.com\/pt\/wp-json\/wp\/v2\/comments?post=17261"}],"version-history":[{"count":0,"href":"https:\/\/shop.yipinqian.com\/pt\/wp-json\/wp\/v2\/product\/17261\/revisions"}],"wp:featuredmedia":[{"embeddable":true,"href":"https:\/\/shop.yipinqian.com\/pt\/wp-json\/wp\/v2\/media\/17265"}],"wp:attachment":[{"href":"https:\/\/shop.yipinqian.com\/pt\/wp-json\/wp\/v2\/media?parent=17261"}],"wp:term":[{"taxonomy":"product_brand","embeddable":true,"href":"https:\/\/shop.yipinqian.com\/pt\/wp-json\/wp\/v2\/product_brand?post=17261"},{"taxonomy":"product_cat","embeddable":true,"href":"https:\/\/shop.yipinqian.com\/pt\/wp-json\/wp\/v2\/product_cat?post=17261"},{"taxonomy":"product_tag","embeddable":true,"href":"https:\/\/shop.yipinqian.com\/pt\/wp-json\/wp\/v2\/product_tag?post=17261"}],"curies":[{"name":"wp","href":"https:\/\/api.w.org\/{rel}","templated":true}]}}