{"id":1724,"date":"2024-10-24T23:21:51","date_gmt":"2024-10-24T15:21:51","guid":{"rendered":"https:\/\/shop.yipinqian.com\/product\/rare-old-collection-white-natural-type-a-jadeite-jade-crafted-with-dragon-and-tiger-as-pendant-certificate-weigh-44-48-grams-measurement-60-5-40-2-9-5-mm-pendant218\/"},"modified":"2025-02-17T00:04:14","modified_gmt":"2025-02-16T16:04:14","slug":"rare-old-collection-white-natural-type-a-jadeite-jade-crafted-with-dragon-and-tiger-as-pendant-certificate-weigh-44-48-grams-measurement-60-5-40-2-9-5-mm-pendant218","status":"publish","type":"product","link":"https:\/\/shop.yipinqian.com\/pt\/produto\/rare-old-collection-white-natural-type-a-jadeite-jade-crafted-with-dragon-and-tiger-as-pendant-certificate-weigh-44-48-grams-measurement-60-5-40-2-9-5-mm-pendant218\/","title":{"rendered":"Rare Old Collection White Natural Type A Jadeite Jade crafted with Dragon and Tiger as Pendant, Certificate weigh 44.48 grams, Measurement 60.5 * 40.2 * 9.5 mm (pendant218)"},"content":{"rendered":"<p>Indulge in the beauty of this Rare Old Collection White Natural Type A Jadeite Jade that has been expertly crafted into a mesmerizing Dragon and Tiger pendant. Weighing 44.48 grams and measuring 60.5 * 40.2 * 9.5 mm (pendant218), this stunning piece is a true masterpiece.<\/p>\n<p><\/p>\n<p>Certificate numbers: 920350018274<\/p>\n<ul>\n<li>\n<strong>Artesanato requintado:<\/strong> This pendant is crafted with intricate attention to detail that showcases the majesty of both Dragon and Tiger.<\/li>\n<li>\n<strong>Qualidade Premium:<\/strong> Made from genuine, high-quality Type A Jadeite Jade from Myanmar, this pendant is truly one-of-a-kind.<\/li>\n<li>\n<strong>Certificado inclu\u00eddo:<\/strong> Este pingente vem com um certificado para garantir autenticidade.<\/li>\n<\/ul>\n<p>This piece of jewelry has been designed for daily wear, making it perfect for any occasion or outfit, whether casual or formal in style. It&#8217;s gender-neutral design makes it an ideal gift for any jewelry lover in your life who appreciates unique pieces that stand out from the crowd.<\/p>\n<ul>\n<li>\n<strong>Estilo de colar de jade: <\/strong>This casual style necklace can be paired perfectly with other necklaces to create your own unique look!<\/li>\n<\/ul>\n<p>Add an elegant touch to your jewelry collection by adding this stunning Rare Old Collection White Natural Type A Jadeite Dragon and Tiger Pendant today!<\/p>\n<p><\/p>\n<p>Yi Pin Qian \u2013 Um negociante de pedras preciosas e metais preciosos em Cingapura \u2013 N\u00famero de licen\u00e7a PS20190000031<\/p>\n<p><\/p>\n<p>*Todos os Jadeites comprados de Yi Pin Qian em Cingapura, os clientes podem reservar hor\u00e1rios para polimento ou pequenos reparos por manuseio incorreto - taxas se aplicam e somente para clientes de Yi Pin Qian em Cingapura*<\/p>\n<p><\/p>\n<p><strong>**Tipos de Certificados**<\/strong><\/p>\n<p><\/p>\n<p><strong>NGI (Nan Yang Gemol\u00f3gico)<\/strong><\/p>\n<p>ou <strong>Certificados no exterior <\/strong>(Yi Pin Qian usa apenas certificados aut\u00eanticos de laborat\u00f3rios estrangeiros e tamb\u00e9m controla a qualidade de cada um dos nossos produtos antes de coloc\u00e1-los \u00e0 venda em Cingapura)<\/p>\n<p><\/p>\n<p>Cada produto no TikTok ter\u00e1 o tipo de certificado fornecido indicado na descri\u00e7\u00e3o. Para qualquer cliente que deseje enviar seu pedido para a NGI Singapore, haver\u00e1 um tempo de espera para entrega do pedido estimado em torno de 4 semanas para receber seu pedido. <strong>As solicita\u00e7\u00f5es de relat\u00f3rios da NGI Gemstone precisam ser feitas por mensagem para a loja Yi Pin Qian TikTok.<\/strong> Obrigado, <strong><u>taxas extras se aplicam<\/u><\/strong>.<\/p>\n<p><\/p>\n<p><strong>A jade\u00edta natural n\u00e3o \u00e9 perfeita, apenas um lembrete gentil, nossa jade\u00edta natural, como todas as coisas bonitas da natureza, vem com suas caracter\u00edsticas e varia\u00e7\u00f5es \u00fanicas. Convidamos nossos valiosos clientes a abra\u00e7ar essas varia\u00e7\u00f5es naturais. Boas compras!<\/strong><\/p>\n<p><\/p>\n<p><strong><u>Nenhuma das fotos e filmagens de v\u00eddeo foram filtradas. Incentivamos nossos clientes a tamb\u00e9m assistirem aos v\u00eddeos que os acompanham para uma vis\u00e3o mais abrangente de nossos produtos<\/u><\/strong><\/p>","protected":false},"excerpt":{"rendered":"<p>Indulge in the beauty of this Rare Old Collection White Natural Type A Jadeite Jade that has been expertly crafted into a mesmerizing Dragon and Tiger pendant. Weighing 44.48 grams and measuring 60.5 * 40.2 * 9.5 mm (pendant218), this stunning piece is a true masterpiece. Certificate numbers: 920350018274 Exquisite Craftsmanship: This pendant is crafted [&hellip;]<\/p>","protected":false},"featured_media":7442,"comment_status":"open","ping_status":"closed","template":"","meta":[],"product_brand":[],"product_cat":[48],"product_tag":[],"class_list":{"0":"post-1724","1":"product","2":"type-product","3":"status-publish","4":"has-post-thumbnail","6":"product_cat-pendants","8":"first","9":"instock","10":"sale","11":"shipping-taxable","12":"purchasable","13":"product-type-simple"},"_links":{"self":[{"href":"https:\/\/shop.yipinqian.com\/pt\/wp-json\/wp\/v2\/product\/1724","targetHints":{"allow":["GET"]}}],"collection":[{"href":"https:\/\/shop.yipinqian.com\/pt\/wp-json\/wp\/v2\/product"}],"about":[{"href":"https:\/\/shop.yipinqian.com\/pt\/wp-json\/wp\/v2\/types\/product"}],"replies":[{"embeddable":true,"href":"https:\/\/shop.yipinqian.com\/pt\/wp-json\/wp\/v2\/comments?post=1724"}],"version-history":[{"count":0,"href":"https:\/\/shop.yipinqian.com\/pt\/wp-json\/wp\/v2\/product\/1724\/revisions"}],"wp:featuredmedia":[{"embeddable":true,"href":"https:\/\/shop.yipinqian.com\/pt\/wp-json\/wp\/v2\/media\/7442"}],"wp:attachment":[{"href":"https:\/\/shop.yipinqian.com\/pt\/wp-json\/wp\/v2\/media?parent=1724"}],"wp:term":[{"taxonomy":"product_brand","embeddable":true,"href":"https:\/\/shop.yipinqian.com\/pt\/wp-json\/wp\/v2\/product_brand?post=1724"},{"taxonomy":"product_cat","embeddable":true,"href":"https:\/\/shop.yipinqian.com\/pt\/wp-json\/wp\/v2\/product_cat?post=1724"},{"taxonomy":"product_tag","embeddable":true,"href":"https:\/\/shop.yipinqian.com\/pt\/wp-json\/wp\/v2\/product_tag?post=1724"}],"curies":[{"name":"wp","href":"https:\/\/api.w.org\/{rel}","templated":true}]}}