{"id":1723,"date":"2024-10-24T23:21:50","date_gmt":"2024-10-24T15:21:50","guid":{"rendered":"https:\/\/shop.yipinqian.com\/product\/rare-old-collection-natural-type-a-jadeite-jade-pendant-necklace-crafted-as-milo-buddha-with-certificate-weigh-56-32-grams-measurement-54-2-45-6-12-8-mm-pendant181\/"},"modified":"2025-02-24T01:17:27","modified_gmt":"2025-02-23T17:17:27","slug":"rare-old-collection-natural-type-a-jadeite-jade-pendant-necklace-crafted-as-milo-buddha-with-certificate-weigh-56-32-grams-measurement-54-2-45-6-12-8-mm-pendant181","status":"publish","type":"product","link":"https:\/\/shop.yipinqian.com\/pt\/produto\/rare-old-collection-natural-type-a-jadeite-jade-pendant-necklace-crafted-as-milo-buddha-with-certificate-weigh-56-32-grams-measurement-54-2-45-6-12-8-mm-pendant181\/","title":{"rendered":"Colar com pingente de jade natural tipo A da cole\u00e7\u00e3o antiga rara, feito como Buda Milo com certificado, pesando 56,32 gramas, medindo 54,2 * 45,6 * 12,8 mm (pendant181)"},"content":{"rendered":"<p>Este raro colar de pingente de jade\u00edta natural tipo A da cole\u00e7\u00e3o antiga \u00e9 uma verdadeira obra-prima. Feito como Buda de Milo com detalhes intrincados, \u00e9 uma pe\u00e7a \u00fanica que adicionar\u00e1 eleg\u00e2ncia a qualquer roupa.<\/p>\n<p>\u00a0<\/p>\n<p><strong>N\u00fameros de certificado: GD2112H004533<\/strong><\/p>\n<p><img fetchpriority=\"high\" decoding=\"async\" height=\"1080\" src=\"https:\/\/shop.yipinqian.com\/wp-content\/uploads\/2024\/10\/66e844cf10f9a593101c9ed7bf6bebdb.jpg?from=476444299\" width=\"1080\"><\/p>\n<ul>\n<li>\n<strong>Jade\u00edta Natural Tipo A:<\/strong> O pingente \u00e9 feito de jade\u00edta natural rara e valiosa do tipo A, o que garante sua qualidade e durabilidade.<\/li>\n<li>\n<strong>Com Certificado:<\/strong> Este colar vem com um certificado de autenticidade para garantir sua autenticidade e valor.<\/li>\n<li>\n<strong>Estilo de colar casual:<\/strong> O colar tem um estilo casual que o torna perfeito para uso di\u00e1rio ou ocasi\u00f5es especiais.<\/li>\n<\/ul>\n<p>Pesando 56,32 gramas e medindo 54,2 * 45,6 * 12,8 mm (pendant181), este colar causar\u00e1 uma impress\u00e3o onde quer que voc\u00ea v\u00e1. Sua natureza auspiciosa o torna o presente perfeito para entes queridos em ocasi\u00f5es especiais ou simplesmente como um acr\u00e9scimo \u00e0 sua cole\u00e7\u00e3o de joias.<\/p>\n<ul>\n<li>\n<strong>Feito em Mianmar:<\/strong> Este produto \u00e9 feito em Mianmar, onde \u00e9 poss\u00edvel encontrar jade da melhor qualidade.<\/li>\n<li>\n<strong>Nenhum tipo de garantia:<\/strong> Este produto n\u00e3o vem com tipo de garantia<\/li>\n<li>.<\/li>\n<\/ul>\n<p>Este colar com pingente unissex re\u00fane estilo, eleg\u00e2ncia e exclusividade, tudo em uma \u00fanica joia!<\/p>\n<p>\u00a0<\/p>\n<p>Yi Pin Qian \u2013 Um negociante de pedras preciosas e metais preciosos em Cingapura \u2013 N\u00famero de licen\u00e7a PS20190000031<\/p>\n<p>\u00a0<\/p>\n<p>*Todos os Jadeites comprados de Yi Pin Qian em Cingapura, os clientes podem reservar hor\u00e1rios para polimento ou pequenos reparos por manuseio incorreto - taxas se aplicam e somente para clientes de Yi Pin Qian em Cingapura*<\/p>\n<p>\u00a0<\/p>\n<p><strong>**Tipos de Certificados**<\/strong><\/p>\n<p>\u00a0<\/p>\n<p><strong>NGI (Nan Yang Gemol\u00f3gico)<\/strong><\/p>\n<p>ou <strong>Certificados no exterior <\/strong>(Yi Pin Qian usa apenas certificados aut\u00eanticos de laborat\u00f3rios estrangeiros e tamb\u00e9m controla a qualidade de cada um dos nossos produtos antes de coloc\u00e1-los \u00e0 venda em Cingapura)<\/p>\n<p>\u00a0<\/p>\n<p>Cada produto no TikTok ter\u00e1 o tipo de certificado fornecido indicado na descri\u00e7\u00e3o. Para qualquer cliente que deseje enviar seu pedido para a NGI Singapore, haver\u00e1 um tempo de espera para entrega do pedido estimado em torno de 4 semanas para receber seu pedido. <strong>As solicita\u00e7\u00f5es de relat\u00f3rios da NGI Gemstone precisam ser feitas por mensagem para a loja Yi Pin Qian TikTok.<\/strong> Obrigado, <strong><u>taxas extras se aplicam<\/u><\/strong>.<\/p>\n<p>\u00a0<\/p>\n<p><strong>A jade\u00edta natural n\u00e3o \u00e9 perfeita, apenas um lembrete gentil, nossa jade\u00edta natural, como todas as coisas bonitas da natureza, vem com suas caracter\u00edsticas e varia\u00e7\u00f5es \u00fanicas. Convidamos nossos valiosos clientes a abra\u00e7ar essas varia\u00e7\u00f5es naturais. Boas compras!<\/strong><\/p>\n<p>\u00a0<\/p>\n<p><strong><u>Nenhuma das fotos e filmagens de v\u00eddeo foram filtradas. Incentivamos nossos clientes a tamb\u00e9m assistirem aos v\u00eddeos que os acompanham para uma vis\u00e3o mais abrangente de nossos produtos<\/u><\/strong><\/p>","protected":false},"excerpt":{"rendered":"<p>This Rare Old Collection Natural Type A Jadeite Jade Pendant Necklace is a true masterpiece. Crafted as Milo Buddha with intricate details, it is a one-of-a-kind piece that will add elegance to any outfit. \u00a0 Certificate numbers: GD2112H004533 Natural Type A Jadeite Jade: The pendant is made of rare and valuable natural Type A jadeite [&hellip;]<\/p>","protected":false},"featured_media":7434,"comment_status":"open","ping_status":"closed","template":"","meta":[],"product_brand":[],"product_cat":[195],"product_tag":[],"class_list":{"0":"post-1723","1":"product","2":"type-product","3":"status-publish","4":"has-post-thumbnail","6":"product_cat-heirloom-grade","8":"first","9":"instock","10":"sale","11":"shipping-taxable","12":"purchasable","13":"product-type-simple"},"_links":{"self":[{"href":"https:\/\/shop.yipinqian.com\/pt\/wp-json\/wp\/v2\/product\/1723","targetHints":{"allow":["GET"]}}],"collection":[{"href":"https:\/\/shop.yipinqian.com\/pt\/wp-json\/wp\/v2\/product"}],"about":[{"href":"https:\/\/shop.yipinqian.com\/pt\/wp-json\/wp\/v2\/types\/product"}],"replies":[{"embeddable":true,"href":"https:\/\/shop.yipinqian.com\/pt\/wp-json\/wp\/v2\/comments?post=1723"}],"version-history":[{"count":0,"href":"https:\/\/shop.yipinqian.com\/pt\/wp-json\/wp\/v2\/product\/1723\/revisions"}],"wp:featuredmedia":[{"embeddable":true,"href":"https:\/\/shop.yipinqian.com\/pt\/wp-json\/wp\/v2\/media\/7434"}],"wp:attachment":[{"href":"https:\/\/shop.yipinqian.com\/pt\/wp-json\/wp\/v2\/media?parent=1723"}],"wp:term":[{"taxonomy":"product_brand","embeddable":true,"href":"https:\/\/shop.yipinqian.com\/pt\/wp-json\/wp\/v2\/product_brand?post=1723"},{"taxonomy":"product_cat","embeddable":true,"href":"https:\/\/shop.yipinqian.com\/pt\/wp-json\/wp\/v2\/product_cat?post=1723"},{"taxonomy":"product_tag","embeddable":true,"href":"https:\/\/shop.yipinqian.com\/pt\/wp-json\/wp\/v2\/product_tag?post=1723"}],"curies":[{"name":"wp","href":"https:\/\/api.w.org\/{rel}","templated":true}]}}