{"id":1720,"date":"2024-10-24T23:21:48","date_gmt":"2024-10-24T15:21:48","guid":{"rendered":"https:\/\/shop.yipinqian.com\/product\/rare-imperial-light-lavender-patches-natural-type-a-jadeite-jade-pendant-necklace-crafted-as-peach-with-certificate-weigh-13-52-grams-34-22-8-11-3-mm-pendant171\/"},"modified":"2025-02-24T00:49:52","modified_gmt":"2025-02-23T16:49:52","slug":"rare-imperial-light-lavender-patches-natural-type-a-jadeite-jade-pendant-necklace-crafted-as-peach-with-certificate-weigh-13-52-grams-34-22-8-11-3-mm-pendant171","status":"publish","type":"product","link":"https:\/\/shop.yipinqian.com\/pt\/produto\/rare-imperial-light-lavender-patches-natural-type-a-jadeite-jade-pendant-necklace-crafted-as-peach-with-certificate-weigh-13-52-grams-34-22-8-11-3-mm-pendant171\/","title":{"rendered":"Rare Imperial Light Lavender Patches Natural Type A Jadeite Jade Pendant Necklace crafted as peach with certificate weigh 13.52 grams, 34 * 22.8 * 11.3 mm (pendant171)"},"content":{"rendered":"<p>Elevate your jewelry collection with this <strong>Rare Imperial Light Lavender Patches<\/strong> Natural Type A Jadeite Jade Pendant Necklace. Crafted in the shape of a peach, this necklace exudes elegance and sophistication.<\/p>\n<p>\u00a0<\/p>\n<p>(The words<strong> <u>Imperial Light Lavender<\/u><\/strong> was used as the patches of Lavender under the Sun did show; however customer need to understand that the Imperial Light Lavender is there but <strong>not much<\/strong>)<\/p>\n<p>\u00a0<\/p>\n<p><strong>Certificate numbers: GD2202H001265<\/strong><\/p>\n<ul>\n<li>\n<strong>Design impressionante:<\/strong> The pendant is made of natural Type A jadeite jade and weighs 13.52 grams, measuring 34 * 22.8 * 11.3 mm (pendant171). The imperial light lavender patches add a unique touch to this exquisite piece.<\/li>\n<li>\n<strong>Com Certificado:<\/strong> This necklace comes with a certificate to guarantee the authenticity of the Type A jadeite jade.<\/li>\n<li>\n<strong>Estilo casual:<\/strong> The necklace has a casual style that makes it perfect for daily wear and can easily complement any outfit in your wardrobe.<\/li>\n<\/ul>\n<p>The pendant is suspended on a delicate chain that highlights its beauty, making it an ideal gift for any fashion-conscious woman who loves exceptional jewelry pieces. This product is perfect for females who appreciate fine craftsmanship and exquisite design details.<\/p>\n<ul>\n<li>O <strong>Jade Type<\/strong>, which is <em>Jade\u00edta<\/em>, ensures that you get high-quality jewelry that will last long without losing its luster or elegance over time.<\/li>\n<li>This product comes from <strong>Mandalay, Myanmar,<\/strong>a region known for producing some of the finest natural jades in the world &#8211; making it an exceptional addition to your collection or as an unforgettable gift to someone special!<\/li>\n<\/ul>\n<p>Yi Pin Qian \u2013 Um negociante de pedras preciosas e metais preciosos em Cingapura \u2013 N\u00famero de licen\u00e7a PS20190000031<\/p>\n<p>\u00a0<\/p>\n<p>*Todos os Jadeites comprados de Yi Pin Qian em Cingapura, os clientes podem reservar hor\u00e1rios para polimento ou pequenos reparos por manuseio incorreto - taxas se aplicam e somente para clientes de Yi Pin Qian em Cingapura*<\/p>\n<p>\u00a0<\/p>\n<p><strong>**Tipos de Certificados**<\/strong><\/p>\n<p>\u00a0<\/p>\n<p><strong>NGI (Nan Yang Gemol\u00f3gico)<\/strong><\/p>\n<p>ou <strong>Certificados no exterior <\/strong>(Yi Pin Qian usa apenas certificados aut\u00eanticos de laborat\u00f3rios estrangeiros e tamb\u00e9m controla a qualidade de cada um dos nossos produtos antes de coloc\u00e1-los \u00e0 venda em Cingapura)<\/p>\n<p>\u00a0<\/p>\n<p>Cada produto no TikTok ter\u00e1 o tipo de certificado fornecido indicado na descri\u00e7\u00e3o. Para qualquer cliente que deseje enviar seu pedido para a NGI Singapore, haver\u00e1 um tempo de espera para entrega do pedido estimado em torno de 4 semanas para receber seu pedido. <strong>As solicita\u00e7\u00f5es de relat\u00f3rios da NGI Gemstone precisam ser feitas por mensagem para a loja Yi Pin Qian TikTok.<\/strong> Obrigado, <strong><u>taxas extras se aplicam<\/u><\/strong>.<\/p>\n<p>\u00a0<\/p>\n<p><strong>A jade\u00edta natural n\u00e3o \u00e9 perfeita, apenas um lembrete gentil, nossa jade\u00edta natural, como todas as coisas bonitas da natureza, vem com suas caracter\u00edsticas e varia\u00e7\u00f5es \u00fanicas. Convidamos nossos valiosos clientes a abra\u00e7ar essas varia\u00e7\u00f5es naturais. Boas compras!<\/strong><\/p>\n<p>\u00a0<\/p>\n<p><strong><u>Nenhuma das fotos e filmagens de v\u00eddeo foram filtradas. Incentivamos nossos clientes a tamb\u00e9m assistirem aos v\u00eddeos que os acompanham para uma vis\u00e3o mais abrangente de nossos produtos<\/u><\/strong><\/p>\n<p>\u00a0<\/p>\n<ul>\n<li>.<\/li>\n<\/ul>","protected":false},"excerpt":{"rendered":"<p>Elevate your jewelry collection with this Rare Imperial Light Lavender Patches Natural Type A Jadeite Jade Pendant Necklace. Crafted in the shape of a peach, this necklace exudes elegance and sophistication. \u00a0 (The words Imperial Light Lavender was used as the patches of Lavender under the Sun did show; however customer need to understand that [&hellip;]<\/p>","protected":false},"featured_media":7404,"comment_status":"open","ping_status":"closed","template":"","meta":[],"product_brand":[],"product_cat":[194],"product_tag":[],"class_list":{"0":"post-1720","1":"product","2":"type-product","3":"status-publish","4":"has-post-thumbnail","6":"product_cat-value-picks","8":"first","9":"instock","10":"sale","11":"shipping-taxable","12":"purchasable","13":"product-type-simple"},"_links":{"self":[{"href":"https:\/\/shop.yipinqian.com\/pt\/wp-json\/wp\/v2\/product\/1720","targetHints":{"allow":["GET"]}}],"collection":[{"href":"https:\/\/shop.yipinqian.com\/pt\/wp-json\/wp\/v2\/product"}],"about":[{"href":"https:\/\/shop.yipinqian.com\/pt\/wp-json\/wp\/v2\/types\/product"}],"replies":[{"embeddable":true,"href":"https:\/\/shop.yipinqian.com\/pt\/wp-json\/wp\/v2\/comments?post=1720"}],"version-history":[{"count":0,"href":"https:\/\/shop.yipinqian.com\/pt\/wp-json\/wp\/v2\/product\/1720\/revisions"}],"wp:featuredmedia":[{"embeddable":true,"href":"https:\/\/shop.yipinqian.com\/pt\/wp-json\/wp\/v2\/media\/7404"}],"wp:attachment":[{"href":"https:\/\/shop.yipinqian.com\/pt\/wp-json\/wp\/v2\/media?parent=1720"}],"wp:term":[{"taxonomy":"product_brand","embeddable":true,"href":"https:\/\/shop.yipinqian.com\/pt\/wp-json\/wp\/v2\/product_brand?post=1720"},{"taxonomy":"product_cat","embeddable":true,"href":"https:\/\/shop.yipinqian.com\/pt\/wp-json\/wp\/v2\/product_cat?post=1720"},{"taxonomy":"product_tag","embeddable":true,"href":"https:\/\/shop.yipinqian.com\/pt\/wp-json\/wp\/v2\/product_tag?post=1720"}],"curies":[{"name":"wp","href":"https:\/\/api.w.org\/{rel}","templated":true}]}}