{"id":1719,"date":"2024-10-24T23:21:47","date_gmt":"2024-10-24T15:21:47","guid":{"rendered":"https:\/\/shop.yipinqian.com\/product\/rare-high-quality-light-green-and-green-natural-type-a-jadeite-jade-crafted-with-milo-buddha-as-pendant-certificate-weighs-28-04-grams-measurement-46-3-30-3-13-9-mm-pendant285\/"},"modified":"2025-02-24T01:17:27","modified_gmt":"2025-02-23T17:17:27","slug":"rare-high-quality-light-green-and-green-natural-type-a-jadeite-jade-crafted-with-milo-buddha-as-pendant-certificate-weighs-28-04-grams-measurement-46-3-30-3-13-9-mm-pendant285","status":"publish","type":"product","link":"https:\/\/shop.yipinqian.com\/pt\/produto\/rare-high-quality-light-green-and-green-natural-type-a-jadeite-jade-crafted-with-milo-buddha-as-pendant-certificate-weighs-28-04-grams-measurement-46-3-30-3-13-9-mm-pendant285\/","title":{"rendered":"Rare High Quality Light Green and Green Natural Type A Jadeite Jade crafted with Milo Buddha as Pendant, certificate weighs 28.04 grams, measurement 46.3 * 30.3 * 13.9 mm (pendant285)"},"content":{"rendered":"<p>This Rare High Quality Light Green and Green Natural Type A Jadeite Jade pendant features a Milo Buddha design, exuding elegance and spirituality.<\/p>\n<p>\u00a0<\/p>\n<p>Certificate numbers: 920460023102<\/p>\n<p>\u00a0<\/p>\n<p><strong>Important Note: Owing to the nature of jadeite raw stone and the intent to preserve its green hues, the crafting process aims to retain all the greens in their natural, irregular shapes. Please consider purchasing only if you appreciate the natural intricacies and craftsmanship of this collectible piece.<\/strong><\/p>\n<p>\u00a0<\/p>\n<p><img fetchpriority=\"high\" decoding=\"async\" height=\"1080\" src=\"https:\/\/shop.yipinqian.com\/wp-content\/uploads\/2024\/10\/7cbedd2a09717ef7550096960c41be2d.jpg?from=476444299\" width=\"1080\"><\/p>\n<ul>\n<li>\n<strong>Material:<\/strong> Crafted with rare high quality Type A Jadeite Jade<\/li>\n<li>\n<strong>Peso:<\/strong> Weighs 28.04 grams<\/li>\n<li>\n<strong>Medidas:<\/strong> 46.3 * 30.3 * 13.9 mm<\/li>\n<li>\n<strong>Certificado:<\/strong> Vem com um certificado de autenticidade<\/li>\n<li><strong>Tipo de Jade: Jade\u00edta Tipo A<\/strong><\/li>\n<li><strong>Neklace Style:Casual, perfect for everyday wear or special occasions. Add a touch of auspiciousness to your ensemble with this stunning Unisex piece from Myanmar, making it a meaningful addition to your jewelry collection..<\/strong><\/li>\n<\/ul>\n<p><img decoding=\"async\" height=\"1080\" src=\"https:\/\/shop.yipinqian.com\/wp-content\/uploads\/2024\/10\/19cc7a5c5896246abe515478a0c7c0f6.jpg?from=476444299\" width=\"1080\"><\/p>\n<p>Yi Pin Qian \u2013 Um negociante de pedras preciosas e metais preciosos em Cingapura \u2013 N\u00famero de licen\u00e7a PS20190000031<\/p>\n<p>\u00a0<\/p>\n<p>*Todos os Jadeites comprados de Yi Pin Qian em Cingapura, os clientes podem reservar hor\u00e1rios para polimento ou pequenos reparos por manuseio incorreto - taxas se aplicam e somente para clientes de Yi Pin Qian em Cingapura*<\/p>\n<p>\u00a0<\/p>\n<p><strong>**Tipos de Certificados**<\/strong><\/p>\n<p>\u00a0<\/p>\n<p><strong>NGI (Nan Yang Gemol\u00f3gico)<\/strong><\/p>\n<p>ou <strong>Certificados no exterior <\/strong>(Yi Pin Qian usa apenas certificados aut\u00eanticos de laborat\u00f3rios estrangeiros e tamb\u00e9m controla a qualidade de cada um dos nossos produtos antes de coloc\u00e1-los \u00e0 venda em Cingapura)<\/p>\n<p>\u00a0<\/p>\n<p>Cada produto no TikTok ter\u00e1 o tipo de certificado fornecido indicado na descri\u00e7\u00e3o. Para qualquer cliente que deseje enviar seu pedido para a NGI Singapore, haver\u00e1 um tempo de espera para entrega do pedido estimado em torno de 4 semanas para receber seu pedido. <strong>As solicita\u00e7\u00f5es de relat\u00f3rios da NGI Gemstone precisam ser feitas por mensagem para a loja Yi Pin Qian TikTok.<\/strong> Obrigado, <strong><u>taxas extras se aplicam<\/u><\/strong>.<\/p>\n<p>\u00a0<\/p>\n<p><strong>A jade\u00edta natural n\u00e3o \u00e9 perfeita, apenas um lembrete gentil, nossa jade\u00edta natural, como todas as coisas bonitas da natureza, vem com suas caracter\u00edsticas e varia\u00e7\u00f5es \u00fanicas. Convidamos nossos valiosos clientes a abra\u00e7ar essas varia\u00e7\u00f5es naturais. Boas compras!<\/strong><\/p>\n<p>\u00a0<\/p>\n<p><strong><u>Nenhuma das fotos e filmagens de v\u00eddeo foram filtradas. Incentivamos nossos clientes a tamb\u00e9m assistirem aos v\u00eddeos que os acompanham para uma vis\u00e3o mais abrangente de nossos produtos<\/u><\/strong><\/p>\n<p>\u00a0<\/p>\n<ul>\n<li>Diferentes plataformas s\u00f3 podem visualizar v\u00eddeos por meio do Desktop<\/li>\n<\/ul>","protected":false},"excerpt":{"rendered":"<p>This Rare High Quality Light Green and Green Natural Type A Jadeite Jade pendant features a Milo Buddha design, exuding elegance and spirituality. \u00a0 Certificate numbers: 920460023102 \u00a0 Important Note: Owing to the nature of jadeite raw stone and the intent to preserve its green hues, the crafting process aims to retain all the greens [&hellip;]<\/p>","protected":false},"featured_media":7385,"comment_status":"open","ping_status":"closed","template":"","meta":[],"product_brand":[],"product_cat":[195],"product_tag":[],"class_list":{"0":"post-1719","1":"product","2":"type-product","3":"status-publish","4":"has-post-thumbnail","6":"product_cat-heirloom-grade","8":"first","9":"instock","10":"sale","11":"shipping-taxable","12":"purchasable","13":"product-type-simple"},"_links":{"self":[{"href":"https:\/\/shop.yipinqian.com\/pt\/wp-json\/wp\/v2\/product\/1719","targetHints":{"allow":["GET"]}}],"collection":[{"href":"https:\/\/shop.yipinqian.com\/pt\/wp-json\/wp\/v2\/product"}],"about":[{"href":"https:\/\/shop.yipinqian.com\/pt\/wp-json\/wp\/v2\/types\/product"}],"replies":[{"embeddable":true,"href":"https:\/\/shop.yipinqian.com\/pt\/wp-json\/wp\/v2\/comments?post=1719"}],"version-history":[{"count":0,"href":"https:\/\/shop.yipinqian.com\/pt\/wp-json\/wp\/v2\/product\/1719\/revisions"}],"wp:featuredmedia":[{"embeddable":true,"href":"https:\/\/shop.yipinqian.com\/pt\/wp-json\/wp\/v2\/media\/7385"}],"wp:attachment":[{"href":"https:\/\/shop.yipinqian.com\/pt\/wp-json\/wp\/v2\/media?parent=1719"}],"wp:term":[{"taxonomy":"product_brand","embeddable":true,"href":"https:\/\/shop.yipinqian.com\/pt\/wp-json\/wp\/v2\/product_brand?post=1719"},{"taxonomy":"product_cat","embeddable":true,"href":"https:\/\/shop.yipinqian.com\/pt\/wp-json\/wp\/v2\/product_cat?post=1719"},{"taxonomy":"product_tag","embeddable":true,"href":"https:\/\/shop.yipinqian.com\/pt\/wp-json\/wp\/v2\/product_tag?post=1719"}],"curies":[{"name":"wp","href":"https:\/\/api.w.org\/{rel}","templated":true}]}}