{"id":1718,"date":"2024-10-24T23:21:46","date_gmt":"2024-10-24T15:21:46","guid":{"rendered":"https:\/\/shop.yipinqian.com\/product\/rare-full-brown-natural-type-a-jadeite-pendant-crafted-as-milo-with-two-kids-means-happiness-for-the-family-and-longevity-wealth-and-health-with-certificate-weighs-at-61-27-grams-48-50-41-21-60-mm-pen\/"},"modified":"2025-02-24T01:17:27","modified_gmt":"2025-02-23T17:17:27","slug":"rare-full-brown-natural-type-a-jadeite-pendant-crafted-as-milo-with-two-kids-means-happiness-for-the-family-and-longevity-wealth-and-health-with-certificate-weighs-at-61-27-grams-48-50-41-21-60-mm-pen","status":"publish","type":"product","link":"https:\/\/shop.yipinqian.com\/pt\/produto\/rare-full-brown-natural-type-a-jadeite-pendant-crafted-as-milo-with-two-kids-means-happiness-for-the-family-and-longevity-wealth-and-health-with-certificate-weighs-at-61-27-grams-48-50-41-21-60-mm-pen\/","title":{"rendered":"Pingente raro de jade\u00edta natural marrom tipo A, criado como Milo com dois filhos, significa felicidade para a fam\u00edlia e longevidade, riqueza e sa\u00fade, com certificado pesando 61,27 gramas, 48,50 * 41 * 21,60 mm (pendant110)"},"content":{"rendered":"<p>Este raro pingente de jade\u00edta natural marrom tipo A \u00e9 uma joia deslumbrante que incorpora beleza e significado. Esculpido como Milo com dois filhos, este pingente simboliza felicidade para a fam\u00edlia e longevidade, riqueza e sa\u00fade.<\/p>\n<ul>\n<li>\n<strong>Design exclusivo:<\/strong> O pingente foi habilmente trabalhado para mostrar os detalhes complexos de Milo com dois filhos.<\/li>\n<li>\n<strong>Qualidade Premium:<\/strong> Feito de jade\u00edta natural Tipo A, este pingente pesa 61,27 gramas e mede 48,50 * 41 * 21,60 mm.<\/li>\n<li>\n<strong>Certificado inclu\u00eddo:<\/strong> Este raro pingente de jade\u00edta vem com um certificado para garantir sua autenticidade.<\/li>\n<\/ul>\n<p><strong>N\u00fameros de certificado: GD2110H013571<\/strong><\/p>\n<p><img fetchpriority=\"high\" decoding=\"async\" height=\"1080\" src=\"https:\/\/shop.yipinqian.com\/wp-content\/uploads\/2024\/10\/e82f9f2b9c2f11df5ff4d1595d5408bd.jpg?from=476444299\" width=\"1080\"><\/p>\n<p>O estilo do colar \u00e9 casual, tornando-o ideal para uso di\u00e1rio, ao mesmo tempo em que adiciona eleg\u00e2ncia a qualquer roupa que voc\u00ea escolher para us\u00e1-lo. O design unissex o torna perfeito para homens e mulheres que valorizam acess\u00f3rios de moda exclusivos que t\u00eam um significado profundo em suas vidas.<\/p>\n<p>Esta pe\u00e7a requintada vem de Mianmar, um pa\u00eds conhecido por produzir algumas das jade\u00edtas de melhor qualidade do mundo, o que a torna um excelente complemento para sua cole\u00e7\u00e3o ou um presente para seus entes queridos em ocasi\u00f5es especiais.<\/p>\n<p>Observe que este produto n\u00e3o tem nenhum tipo de garantia; no entanto, voc\u00ea pode ficar tranquilo sabendo que est\u00e1 adquirindo um produto aut\u00eantico devido ao certificado de autenticidade inclu\u00eddo na sua compra.<\/p>\n<p>\u00a0<\/p>\n<p>Yi Pin Qian \u2013 Um negociante de pedras preciosas e metais preciosos em Cingapura \u2013 N\u00famero de licen\u00e7a PS20190000031<\/p>\n<p>\u00a0<\/p>\n<p>*Todos os Jadeites comprados de Yi Pin Qian em Cingapura, os clientes podem reservar hor\u00e1rios para polimento ou pequenos reparos por manuseio incorreto - taxas se aplicam e somente para clientes de Yi Pin Qian em Cingapura*<\/p>\n<p>\u00a0<\/p>\n<p><strong>**Tipos de Certificados**<\/strong><\/p>\n<p>\u00a0<\/p>\n<p><strong>NGI (Nan Yang Gemol\u00f3gico)<\/strong><\/p>\n<p>ou <strong>Certificados no exterior <\/strong>(Yi Pin Qian usa apenas certificados aut\u00eanticos de laborat\u00f3rios estrangeiros e tamb\u00e9m controla a qualidade de cada um dos nossos produtos antes de coloc\u00e1-los \u00e0 venda em Cingapura)<\/p>\n<p>\u00a0<\/p>\n<p>Cada produto no TikTok ter\u00e1 o tipo de certificado fornecido indicado na descri\u00e7\u00e3o. Para qualquer cliente que deseje enviar seu pedido para a NGI Singapore, haver\u00e1 um tempo de espera para entrega do pedido estimado em torno de 4 semanas para receber seu pedido. <strong>As solicita\u00e7\u00f5es de relat\u00f3rios da NGI Gemstone precisam ser feitas por mensagem para a loja Yi Pin Qian TikTok.<\/strong> Obrigado, <strong><u>taxas extras se aplicam<\/u><\/strong>.<\/p>","protected":false},"excerpt":{"rendered":"<p>Este raro pingente de jade\u00edta natural marrom tipo A \u00e9 uma joia deslumbrante que incorpora beleza e significado. Esculpido como Milo com dois filhos, este pingente simboliza felicidade para a fam\u00edlia e longevidade, riqueza e sa\u00fade. Design exclusivo: o pingente \u00e9 habilmente trabalhado para mostrar os detalhes intrincados de Milo com dois [\u2026]<\/p>","protected":false},"featured_media":7373,"comment_status":"open","ping_status":"closed","template":"","meta":[],"product_brand":[],"product_cat":[195],"product_tag":[],"class_list":{"0":"post-1718","1":"product","2":"type-product","3":"status-publish","4":"has-post-thumbnail","6":"product_cat-heirloom-grade","8":"first","9":"instock","10":"sale","11":"shipping-taxable","12":"purchasable","13":"product-type-simple"},"_links":{"self":[{"href":"https:\/\/shop.yipinqian.com\/pt\/wp-json\/wp\/v2\/product\/1718","targetHints":{"allow":["GET"]}}],"collection":[{"href":"https:\/\/shop.yipinqian.com\/pt\/wp-json\/wp\/v2\/product"}],"about":[{"href":"https:\/\/shop.yipinqian.com\/pt\/wp-json\/wp\/v2\/types\/product"}],"replies":[{"embeddable":true,"href":"https:\/\/shop.yipinqian.com\/pt\/wp-json\/wp\/v2\/comments?post=1718"}],"version-history":[{"count":0,"href":"https:\/\/shop.yipinqian.com\/pt\/wp-json\/wp\/v2\/product\/1718\/revisions"}],"wp:featuredmedia":[{"embeddable":true,"href":"https:\/\/shop.yipinqian.com\/pt\/wp-json\/wp\/v2\/media\/7373"}],"wp:attachment":[{"href":"https:\/\/shop.yipinqian.com\/pt\/wp-json\/wp\/v2\/media?parent=1718"}],"wp:term":[{"taxonomy":"product_brand","embeddable":true,"href":"https:\/\/shop.yipinqian.com\/pt\/wp-json\/wp\/v2\/product_brand?post=1718"},{"taxonomy":"product_cat","embeddable":true,"href":"https:\/\/shop.yipinqian.com\/pt\/wp-json\/wp\/v2\/product_cat?post=1718"},{"taxonomy":"product_tag","embeddable":true,"href":"https:\/\/shop.yipinqian.com\/pt\/wp-json\/wp\/v2\/product_tag?post=1718"}],"curies":[{"name":"wp","href":"https:\/\/api.w.org\/{rel}","templated":true}]}}