{"id":1710,"date":"2024-10-24T23:21:42","date_gmt":"2024-10-24T15:21:42","guid":{"rendered":"https:\/\/shop.yipinqian.com\/product\/quality-spicy-green-natural-type-a-jadeite-jade-crafted-with-the-shape-of-gourd-set-on-s925-as-an-adjustable-ring-with-certificate-weigh-2-67-grams-measurement-15-6-11-8-2-7-mm-s925ring8\/"},"modified":"2025-02-24T00:49:52","modified_gmt":"2025-02-23T16:49:52","slug":"quality-spicy-green-natural-type-a-jadeite-jade-crafted-with-the-shape-of-gourd-set-on-s925-as-an-adjustable-ring-with-certificate-weigh-2-67-grams-measurement-15-6-11-8-2-7-mm-s925ring8","status":"publish","type":"product","link":"https:\/\/shop.yipinqian.com\/pt\/produto\/quality-spicy-green-natural-type-a-jadeite-jade-crafted-with-the-shape-of-gourd-set-on-s925-as-an-adjustable-ring-with-certificate-weigh-2-67-grams-measurement-15-6-11-8-2-7-mm-s925ring8\/","title":{"rendered":"Jade\u00edta Natural Tipo A Verde Picante de Qualidade, trabalhada com o formato de Caba\u00e7a em S925 como um Anel ajust\u00e1vel com certificado, pesando 2,67 gramas, medindo 15,6 * 11,8 * 2,7 mm (s925ring8)"},"content":{"rendered":"<p>Introducing our exquisite Quality Spicy Green Natural Type A Jadeite Jade ring, crafted with the shape of a gourd, perfect for any daily occasion.<\/p>\n<p>\u00a0<\/p>\n<p>Certificate numbers: GD2203H005250<\/p>\n<p>Finger Size: Adjustable Free size<\/p>\n<p><img fetchpriority=\"high\" decoding=\"async\" height=\"1080\" src=\"https:\/\/shop.yipinqian.com\/wp-content\/uploads\/2024\/10\/5c974e9eeae4075a76f72c79e93cdeae.jpg?from=476444299\" width=\"1080\"><\/p>\n<ul>\n<li>\n<strong>Classic Design:<\/strong> The ring is crafted with a classic gourd shape design that adds elegance to your look.<\/li>\n<li>\n<strong>Jade\u00edta Natural Tipo A:<\/strong> Made from Spicy Green Natural Type A Jadeite Jade from Myanmar, this ring is of the highest quality and boasts a beautiful natural green color.<\/li>\n<li>\n<strong>S925 Setting Material:<\/strong> The jade stone is set on S925 material which ensures durability and longevity to your jewelry piece.<\/li>\n<li>\n<strong>Certificado inclu\u00eddo:<\/strong>The product comes with a certificate that guarantees its authenticity and quality.<\/li>\n<\/ul>\n<p>This adjustable S925 ring weighs 2.67 grams and has measurements of 15.6 * 11.8 * 2.7 mm making it an ideal jewelry accessory for women who love unique designs combined with high-quality materials.<\/p>\n<ul>\n<li>\n<strong>Built to Last: <\/strong>This piece has been made by skilled artisans using only top-quality materials ensuring it stands the test of time<\/li>\n<li>.<\/li>\n<\/ul>\n<p>Add this beautiful jade gourd-shaped adjustable ring to your collection today!<\/p>\n<p>\u00a0<\/p>\n<p><strong>A jade\u00edta natural n\u00e3o \u00e9 perfeita, apenas um lembrete gentil, nossa jade\u00edta natural, como todas as coisas bonitas da natureza, vem com suas caracter\u00edsticas e varia\u00e7\u00f5es \u00fanicas. Convidamos nossos valiosos clientes a abra\u00e7ar essas varia\u00e7\u00f5es naturais. Boas compras!<\/strong><\/p>\n<p>\u00a0<\/p>\n<p><strong><u>Nenhuma das fotos e filmagens de v\u00eddeo foram filtradas. Incentivamos nossos clientes a tamb\u00e9m assistirem aos v\u00eddeos que os acompanham para uma vis\u00e3o mais abrangente de nossos produtos<\/u><\/strong><\/p>\n<p>.<\/p>","protected":false},"excerpt":{"rendered":"<p>Apresentando nosso requintado anel de Jade\u00edta Natural Tipo A Spicy Green de Qualidade, feito com o formato de uma caba\u00e7a, perfeito para qualquer ocasi\u00e3o di\u00e1ria. N\u00fameros de certificado: GD2203H005250 Tamanho do dedo: Ajust\u00e1vel Tamanho \u00fanico Design cl\u00e1ssico: O anel \u00e9 feito com um design cl\u00e1ssico em formato de caba\u00e7a que adiciona eleg\u00e2ncia ao seu visual. Jade\u00edta Natural Tipo A [\u2026]<\/p>","protected":false},"featured_media":7295,"comment_status":"open","ping_status":"closed","template":"","meta":[],"product_brand":[],"product_cat":[194],"product_tag":[],"class_list":{"0":"post-1710","1":"product","2":"type-product","3":"status-publish","4":"has-post-thumbnail","6":"product_cat-value-picks","8":"first","9":"instock","10":"sale","11":"shipping-taxable","12":"purchasable","13":"product-type-simple"},"_links":{"self":[{"href":"https:\/\/shop.yipinqian.com\/pt\/wp-json\/wp\/v2\/product\/1710","targetHints":{"allow":["GET"]}}],"collection":[{"href":"https:\/\/shop.yipinqian.com\/pt\/wp-json\/wp\/v2\/product"}],"about":[{"href":"https:\/\/shop.yipinqian.com\/pt\/wp-json\/wp\/v2\/types\/product"}],"replies":[{"embeddable":true,"href":"https:\/\/shop.yipinqian.com\/pt\/wp-json\/wp\/v2\/comments?post=1710"}],"version-history":[{"count":0,"href":"https:\/\/shop.yipinqian.com\/pt\/wp-json\/wp\/v2\/product\/1710\/revisions"}],"wp:featuredmedia":[{"embeddable":true,"href":"https:\/\/shop.yipinqian.com\/pt\/wp-json\/wp\/v2\/media\/7295"}],"wp:attachment":[{"href":"https:\/\/shop.yipinqian.com\/pt\/wp-json\/wp\/v2\/media?parent=1710"}],"wp:term":[{"taxonomy":"product_brand","embeddable":true,"href":"https:\/\/shop.yipinqian.com\/pt\/wp-json\/wp\/v2\/product_brand?post=1710"},{"taxonomy":"product_cat","embeddable":true,"href":"https:\/\/shop.yipinqian.com\/pt\/wp-json\/wp\/v2\/product_cat?post=1710"},{"taxonomy":"product_tag","embeddable":true,"href":"https:\/\/shop.yipinqian.com\/pt\/wp-json\/wp\/v2\/product_tag?post=1710"}],"curies":[{"name":"wp","href":"https:\/\/api.w.org\/{rel}","templated":true}]}}