{"id":1708,"date":"2024-10-24T23:21:40","date_gmt":"2024-10-24T15:21:40","guid":{"rendered":"https:\/\/shop.yipinqian.com\/product\/quality-semi-translucent-natural-type-a-jadeite-jade-crafted-as-milo-buddha-as-pendant-certificate-weighs-12-57-grams-measurement-37-5-38-9-6-3-mm-pendant275\/"},"modified":"2025-02-24T00:49:52","modified_gmt":"2025-02-23T16:49:52","slug":"quality-semi-translucent-natural-type-a-jadeite-jade-crafted-as-milo-buddha-as-pendant-certificate-weighs-12-57-grams-measurement-37-5-38-9-6-3-mm-pendant275","status":"publish","type":"product","link":"https:\/\/shop.yipinqian.com\/pt\/produto\/quality-semi-translucent-natural-type-a-jadeite-jade-crafted-as-milo-buddha-as-pendant-certificate-weighs-12-57-grams-measurement-37-5-38-9-6-3-mm-pendant275\/","title":{"rendered":"Jade\u00edte natural semitransl\u00facida de qualidade tipo A, trabalhada como Buda Milo como pingente, o certificado pesa 12,57 gramas, medida 37,5 * 38,9 * 6,3 mm (pendant275)"},"content":{"rendered":"<p>Este pingente de jade natural tipo A apresenta um design de Buda Milo, exalando eleg\u00e2ncia e espiritualidade.<\/p>\n<p>\u00a0<\/p>\n<p>N\u00fameros de certificado: 91288025768<\/p>\n<p><img fetchpriority=\"high\" decoding=\"async\" height=\"1080\" src=\"https:\/\/shop.yipinqian.com\/wp-content\/uploads\/2024\/10\/8b70b7ee19bda113c515d42f799e2d7a.jpg?from=476444299\" width=\"1080\"><\/p>\n<ul>\n<li>\n<strong>Material:<\/strong> Feito de jade\u00edte natural semitransl\u00facida de qualidade Tipo A<\/li>\n<li>\n<strong>Peso:<\/strong> Pesa 12,57 gramas<\/li>\n<li>\n<strong>Medidas:<\/strong> 37,5 * 38,9 * 6,3 mil\u00edmetros<\/li>\n<li>\n<strong>Certificado:<\/strong> Vem com um certificado de autenticidade<\/li>\n<li>\n<strong>Tipo de Jade:<\/strong> Classificado como Jade\u00edta, garantindo qualidade e valor premium<\/li>\n<li>Um s\u00edmbolo de auspiciosidade, este pingente \u00e9 perfeito para qualquer ocasi\u00e3o e \u00e9 adequado tanto para homens quanto para mulheres.<\/li>\n<li>\n<strong>Artesanato meticuloso: <\/strong>O design do Buda Milo apresenta detalhes intrincados<\/li>\n<li>\n<strong>Estilo vers\u00e1til: <\/strong>Ideal para uso casual ou como uma pe\u00e7a de destaque com qualquer roupa. Adicione esta deslumbrante pe\u00e7a de joia de jade \u00e0 sua cole\u00e7\u00e3o para trazer sorte e positividade para sua vida.<\/li>\n<\/ul>\n<p><strong>A jade\u00edta natural n\u00e3o \u00e9 perfeita, apenas um lembrete gentil, nossa jade\u00edta natural, como todas as coisas bonitas da natureza, vem com suas caracter\u00edsticas e varia\u00e7\u00f5es \u00fanicas. Convidamos nossos valiosos clientes a abra\u00e7ar essas varia\u00e7\u00f5es naturais. Boas compras!<\/strong><\/p>\n<p>\u00a0<\/p>\n<p><strong><u>Nenhuma das fotos e filmagens de v\u00eddeo foram filtradas. Incentivamos nossos clientes a tamb\u00e9m assistirem aos v\u00eddeos que os acompanham para uma vis\u00e3o mais abrangente de nossos produtos<\/u><\/strong><\/p>","protected":false},"excerpt":{"rendered":"<p>This natural Type A Jadeite Jade pendant features a Milo Buddha design, exuding elegance and spirituality. \u00a0 Certificate numbers: 91288025768 Material: Crafted from quality semi-translucent natural Type A Jadeite Jade Weight: Weighs 12.57 grams Measurements: 37.5 * 38.9 * 6.3 mm Certificate: Comes with a certificate for authenticity Jade Type: Classified as Jadeite, ensuring premium [&hellip;]<\/p>","protected":false},"featured_media":7275,"comment_status":"open","ping_status":"closed","template":"","meta":[],"product_brand":[],"product_cat":[194],"product_tag":[],"class_list":{"0":"post-1708","1":"product","2":"type-product","3":"status-publish","4":"has-post-thumbnail","6":"product_cat-value-picks","8":"first","9":"instock","10":"sale","11":"shipping-taxable","12":"purchasable","13":"product-type-simple"},"_links":{"self":[{"href":"https:\/\/shop.yipinqian.com\/pt\/wp-json\/wp\/v2\/product\/1708","targetHints":{"allow":["GET"]}}],"collection":[{"href":"https:\/\/shop.yipinqian.com\/pt\/wp-json\/wp\/v2\/product"}],"about":[{"href":"https:\/\/shop.yipinqian.com\/pt\/wp-json\/wp\/v2\/types\/product"}],"replies":[{"embeddable":true,"href":"https:\/\/shop.yipinqian.com\/pt\/wp-json\/wp\/v2\/comments?post=1708"}],"version-history":[{"count":0,"href":"https:\/\/shop.yipinqian.com\/pt\/wp-json\/wp\/v2\/product\/1708\/revisions"}],"wp:featuredmedia":[{"embeddable":true,"href":"https:\/\/shop.yipinqian.com\/pt\/wp-json\/wp\/v2\/media\/7275"}],"wp:attachment":[{"href":"https:\/\/shop.yipinqian.com\/pt\/wp-json\/wp\/v2\/media?parent=1708"}],"wp:term":[{"taxonomy":"product_brand","embeddable":true,"href":"https:\/\/shop.yipinqian.com\/pt\/wp-json\/wp\/v2\/product_brand?post=1708"},{"taxonomy":"product_cat","embeddable":true,"href":"https:\/\/shop.yipinqian.com\/pt\/wp-json\/wp\/v2\/product_cat?post=1708"},{"taxonomy":"product_tag","embeddable":true,"href":"https:\/\/shop.yipinqian.com\/pt\/wp-json\/wp\/v2\/product_tag?post=1708"}],"curies":[{"name":"wp","href":"https:\/\/api.w.org\/{rel}","templated":true}]}}