{"id":17079,"date":"2025-01-14T05:00:08","date_gmt":"2025-01-13T21:00:08","guid":{"rendered":"https:\/\/shop.yipinqian.com\/beautifully-crafted-pixiu-stamp-pendant-on-icy-translucent-natural-type-a-jadeite-jade-set-with-18k-certificate-weighs-6-95-grams-measurement-33-9-16-6-8-5-mm-18kp100\/"},"modified":"2025-02-16T00:00:27","modified_gmt":"2025-02-15T16:00:27","slug":"beautifully-crafted-pixiu-stamp-pendant-on-icy-translucent-natural-type-a-jadeite-jade-set-with-18k-certificate-weighs-6-95-grams-measurement-33-9-16-6-8-5-mm-18kp100","status":"publish","type":"product","link":"https:\/\/shop.yipinqian.com\/pt\/produto\/beautifully-crafted-pixiu-stamp-pendant-on-icy-translucent-natural-type-a-jadeite-jade-set-with-18k-certificate-weighs-6-95-grams-measurement-33-9-16-6-8-5-mm-18kp100\/","title":{"rendered":"Pingente de carimbo Pixiu lindamente trabalhado em jade\u00edta natural transl\u00facida gelada tipo A, conjunto com certificado de 18k, pesa 6,95 gramas, medindo 33,9 * 16,6 * 8,5 mm (18kp100)"},"content":{"rendered":"<p><iframe height=\"300\" width=\"330\" src=\"https:\/\/youtube.com\/embed\/jJc0PCEyAvw\" title=\"18k gold setting with Pixiu Jadeite as Pendant\"><\/iframe><\/p>\n<p>This Beautifully Crafted Pixiu Stamp Pendant is made from Icy Translucent Natural Type A Jadeite Jade, showcasing a stunning design that embodies elegance and cultural significance.<\/p>\n<p><\/p>\n<p>Certificate numbers GD2111H014153<\/p>\n<p>18k Gold:1.23 grams<\/p>\n<p>Diamantes: 46 * 0,003 quilates<\/p>\n<p>Red Ruby: 2 * 0.003 Carats<\/p>\n<p>Jadeite measurement: 24.8 * 13.9 * 6.8 mm<\/p>\n<p><img fetchpriority=\"high\" decoding=\"async\" src=\"https:\/\/shop.yipinqian.com\/wp-content\/uploads\/2025\/01\/57610eed11f5469984edda245815dda4tplv-aphluv4xwc-origin-jpeg.jpeg?dr=15568&#038;nonce=84370&#038;refresh_token=08214b0d20be602544815e81550bd767&#038;from=476444299&#038;idc=my&#038;ps=933b5bde&#038;shcp=9b759fb9&#038;shp=1c65f68b&#038;t=555f072d\" width=\"1536\" height=\"2048\"><\/p>\n<ul>\n<li>\n<strong>Material:<\/strong> Jade\u00edta Natural Tipo A Jade<\/li>\n<li>\n<strong>Peso:<\/strong> 6.95 grams<\/li>\n<li>\n<strong>Dimens\u00f5es:<\/strong> 33.9 * 16.6 * 8.5 mm<\/li>\n<li>\n<strong>Certifica\u00e7\u00e3o:<\/strong> Comes with certificate<\/li>\n<\/ul>\n<p><img decoding=\"async\" src=\"https:\/\/shop.yipinqian.com\/wp-content\/uploads\/2025\/01\/e285e471e3424794a100fe844e33d779tplv-aphluv4xwc-origin-jpeg.jpeg?dr=15568&#038;nonce=67860&#038;refresh_token=3be7c92e681e72652be8068d892f230e&#038;from=476444299&#038;idc=my&#038;ps=933b5bde&#038;shcp=9b759fb9&#038;shp=1c65f68b&#038;t=555f072d\" width=\"1536\" height=\"2048\"><img decoding=\"async\" src=\"https:\/\/shop.yipinqian.com\/wp-content\/uploads\/2025\/01\/33be3c3ab1e24fad93e34becd82e07d0tplv-aphluv4xwc-origin-jpeg.jpeg?dr=15568&#038;nonce=43163&#038;refresh_token=b6daa91dbd6cea72fdd5f4e3b6a0096c&#038;from=476444299&#038;idc=my&#038;ps=933b5bde&#038;shcp=9b759fb9&#038;shp=1c65f68b&#038;t=555f072d\" width=\"1536\" height=\"2048\"><\/p>\n<p>This exquisite pendant not only serves as a beautiful accessory but also as a symbol of wealth and protection, making it an ideal gift or personal treasure.<\/p>\n<p><\/p>\n<p>Yi Pin Qian \u2013 Um negociante de pedras preciosas e metais preciosos em Cingapura \u2013 N\u00famero de licen\u00e7a PS20190000031<\/p>\n<p><\/p>\n<p>*Todos os Jadeites comprados de Yi Pin Qian em Cingapura, os clientes podem reservar hor\u00e1rios para polimento ou pequenos reparos por manuseio incorreto - taxas se aplicam e somente para clientes de Yi Pin Qian em Cingapura*<\/p>\n<p><\/p>\n<p><strong>**Tipos de Certificados**<\/strong><\/p>\n<p><\/p>\n<p><strong>NGI (Nan Yang Gemol\u00f3gico)<\/strong><\/p>\n<p>ou <strong>Certificados no exterior <\/strong>(Yi Pin Qian usa apenas certificados aut\u00eanticos de laborat\u00f3rios estrangeiros e tamb\u00e9m controla a qualidade de cada um dos nossos produtos antes de coloc\u00e1-los \u00e0 venda em Cingapura)<\/p>\n<p><\/p>\n<p>Cada produto ter\u00e1 o tipo de certificado fornecido indicado na descri\u00e7\u00e3o. Para qualquer cliente que deseje enviar seu pedido para NGI Singapore, <strong>As solicita\u00e7\u00f5es de relat\u00f3rios de pedras preciosas da NGI precisam ser feitas por mensagem.<\/strong> Obrigado, <strong><u>taxas extras se aplicam<\/u><\/strong> \u2013 $90 para jade\u00edta \/ $150 para jade\u00edta com ouro 18k \/ $150 para contas de jade\u00edta \u2013 n\u00e3o \u00e9 obrigat\u00f3rio, pois a maioria dos nossos produtos j\u00e1 veio com certificado internacional ou relat\u00f3rio NGI.<\/p>\n<p><\/p>\n<p>(Para mais detalhes ou solicita\u00e7\u00e3o adicional: <strong>Por favor, envie-nos uma mensagem se desejar enviar o item adquirido para teste de laborat\u00f3rio NGI<\/strong>)<\/p>\n<p><\/p>\n<p><strong>A jade\u00edta natural n\u00e3o \u00e9 perfeita, apenas um lembrete gentil, nossa jade\u00edta natural, como todas as coisas bonitas da natureza, vem com suas caracter\u00edsticas e varia\u00e7\u00f5es \u00fanicas. Convidamos nossos valiosos clientes a abra\u00e7ar essas varia\u00e7\u00f5es naturais. Boas compras!<\/strong><\/p>\n<p><\/p>\n<p><strong><u>Nenhuma das fotos e filmagens de v\u00eddeo foram filtradas. Incentivamos nossos clientes a tamb\u00e9m assistirem aos v\u00eddeos que os acompanham para uma vis\u00e3o mais abrangente de nossos produtos<\/u><\/strong><\/p>\n<p><\/p>\n<ul>\n<li>Diferentes plataformas s\u00f3 podem visualizar v\u00eddeos por meio do Desktop<\/li>\n<\/ul>","protected":false},"excerpt":{"rendered":"<p>This Beautifully Crafted Pixiu Stamp Pendant is made from Icy Translucent Natural Type A Jadeite Jade, showcasing a stunning design that embodies elegance and cultural significance. Certificate numbers GD2111H014153 18k Gold:1.23 grams Diamonds: 46 * 0.003 Carats Red Ruby: 2 * 0.003 Carats Jadeite measurement: 24.8 * 13.9 * 6.8 mm Material: Natural Type A [&hellip;]<\/p>","protected":false},"featured_media":15489,"comment_status":"open","ping_status":"closed","template":"","meta":[],"product_brand":[],"product_cat":[83],"product_tag":[50,52,88,65,54,55,56,58,73,85,59,60,61,62],"class_list":{"0":"post-17079","1":"product","2":"type-product","3":"status-publish","4":"has-post-thumbnail","6":"product_cat-jade-necklaces-pendants","7":"product_tag-18k-gold","8":"product_tag-certified","9":"product_tag-diamonds","10":"product_tag-high-quality","11":"product_tag-icy","12":"product_tag-jadeite","13":"product_tag-limited-editions","14":"product_tag-new-arrivals","15":"product_tag-pendant","16":"product_tag-pixiu","17":"product_tag-translucent","18":"product_tag-type-a-jadeite","19":"product_tag-unisex","20":"product_tag-yi-pin-qian-exclusive","22":"first","23":"instock","24":"sale","25":"shipping-taxable","26":"purchasable","27":"product-type-simple"},"_links":{"self":[{"href":"https:\/\/shop.yipinqian.com\/pt\/wp-json\/wp\/v2\/product\/17079","targetHints":{"allow":["GET"]}}],"collection":[{"href":"https:\/\/shop.yipinqian.com\/pt\/wp-json\/wp\/v2\/product"}],"about":[{"href":"https:\/\/shop.yipinqian.com\/pt\/wp-json\/wp\/v2\/types\/product"}],"replies":[{"embeddable":true,"href":"https:\/\/shop.yipinqian.com\/pt\/wp-json\/wp\/v2\/comments?post=17079"}],"version-history":[{"count":0,"href":"https:\/\/shop.yipinqian.com\/pt\/wp-json\/wp\/v2\/product\/17079\/revisions"}],"wp:featuredmedia":[{"embeddable":true,"href":"https:\/\/shop.yipinqian.com\/pt\/wp-json\/wp\/v2\/media\/15489"}],"wp:attachment":[{"href":"https:\/\/shop.yipinqian.com\/pt\/wp-json\/wp\/v2\/media?parent=17079"}],"wp:term":[{"taxonomy":"product_brand","embeddable":true,"href":"https:\/\/shop.yipinqian.com\/pt\/wp-json\/wp\/v2\/product_brand?post=17079"},{"taxonomy":"product_cat","embeddable":true,"href":"https:\/\/shop.yipinqian.com\/pt\/wp-json\/wp\/v2\/product_cat?post=17079"},{"taxonomy":"product_tag","embeddable":true,"href":"https:\/\/shop.yipinqian.com\/pt\/wp-json\/wp\/v2\/product_tag?post=17079"}],"curies":[{"name":"wp","href":"https:\/\/api.w.org\/{rel}","templated":true}]}}