{"id":17076,"date":"2025-01-14T05:00:04","date_gmt":"2025-01-13T21:00:04","guid":{"rendered":"https:\/\/shop.yipinqian.com\/bean-with-bat-pendant-crafted-on-icy-translucent-natural-type-a-jadeite-jade-certificate-weighs-23-26-grams-measurement-56-3-22-10-7-mm-pendant394\/"},"modified":"2025-02-24T01:17:23","modified_gmt":"2025-02-23T17:17:23","slug":"bean-with-bat-pendant-crafted-on-icy-translucent-natural-type-a-jadeite-jade-certificate-weighs-23-26-grams-measurement-56-3-22-10-7-mm-pendant394","status":"publish","type":"product","link":"https:\/\/shop.yipinqian.com\/pt\/produto\/bean-with-bat-pendant-crafted-on-icy-translucent-natural-type-a-jadeite-jade-certificate-weighs-23-26-grams-measurement-56-3-22-10-7-mm-pendant394\/","title":{"rendered":"Pingente de jade\u00edta com bast\u00e3o feito em jade\u00edta natural transl\u00facida gelada tipo A, certificado pesa 23,26 gramas, medida 56,3 * 22 * 10,7 mm (pendant394)"},"content":{"rendered":"<p><iframe height=\"300\" width=\"330\" src=\"https:\/\/youtube.com\/embed\/XMJdVHO4o1U\" title=\"Bat with Bean High Quality Jadeite Pendant\"><\/iframe><\/p>\n<p>Apresentando o requintado pingente de feij\u00e3o com morcego, meticulosamente trabalhado em jade\u00edta natural transl\u00facida tipo A.<\/p>\n<p><\/p>\n<p>N\u00fameros de certificado: GD2205H014642<\/p>\n<p><img fetchpriority=\"high\" decoding=\"async\" src=\"https:\/\/shop.yipinqian.com\/wp-content\/uploads\/2025\/01\/95a1b135afe44fde9cbbb1df7855a257tplv-aphluv4xwc-origin-jpeg.jpeg?dr=15568&#038;nonce=48407&#038;refresh_token=c84cb9514e5413c2271e5f14fa5f5582&#038;from=476444299&#038;idc=my&#038;ps=933b5bde&#038;shcp=9b759fb9&#038;shp=1c65f68b&#038;t=555f072d\" width=\"1536\" height=\"2048\"><\/p>\n<ul>\n<li>\n<strong>Design elegante:<\/strong> Apresenta um motivo exclusivo de feij\u00e3o e morcego, simbolizando prosperidade e felicidade.<\/li>\n<li>\n<strong>Material de alta qualidade:<\/strong> Feito de jade\u00edta genu\u00edna Tipo A, garantindo durabilidade e beleza.<\/li>\n<li>\n<strong>Peso Certificado:<\/strong> Pesa 23,26 gramas para um uso substancial e confort\u00e1vel.<\/li>\n<li>\n<strong>Dimens\u00f5es do pingente:<\/strong> Mede 56,3 * 22 * 10,7 mm para uma presen\u00e7a atraente.<\/li>\n<\/ul>\n<p><img decoding=\"async\" src=\"https:\/\/shop.yipinqian.com\/wp-content\/uploads\/2025\/01\/da220f0c18724def8e74a788daab7dd8tplv-aphluv4xwc-origin-jpeg.jpeg?dr=15568&#038;nonce=29572&#038;refresh_token=13f2e6bcfa32abf2e1b32a9533be71c0&#038;from=476444299&#038;idc=my&#038;ps=933b5bde&#038;shcp=9b759fb9&#038;shp=1c65f68b&#038;t=555f072d\" width=\"1536\" height=\"2048\"><\/p>\n<p>Este pingente \u00e9 um acess\u00f3rio perfeito para elevar qualquer roupa ao mesmo tempo em que celebra o artesanato atemporal e o significado cultural.<\/p>\n<p>Mianmar<\/p>\n<p><\/p>\n<p>Yi Pin Qian \u2013 Um negociante de pedras preciosas e metais preciosos em Cingapura \u2013 N\u00famero de licen\u00e7a PS20190000031<\/p>\n<p><\/p>\n<p>*Todos os Jadeites comprados de Yi Pin Qian em Cingapura, os clientes podem reservar hor\u00e1rios para polimento ou pequenos reparos por manuseio incorreto - taxas se aplicam e somente para clientes de Yi Pin Qian em Cingapura*<\/p>\n<p><\/p>\n<p><strong>**Tipos de Certificados**<\/strong><\/p>\n<p><\/p>\n<p><strong>NGI (Nan Yang Gemol\u00f3gico)<\/strong><\/p>\n<p>ou <strong>Certificados no exterior <\/strong>(Yi Pin Qian usa apenas certificados aut\u00eanticos de laborat\u00f3rios estrangeiros e tamb\u00e9m controla a qualidade de cada um dos nossos produtos antes de coloc\u00e1-los \u00e0 venda em Cingapura)<\/p>\n<p><\/p>\n<p>Cada produto ter\u00e1 o tipo de certificado fornecido indicado na descri\u00e7\u00e3o. Para qualquer cliente que deseje enviar seu pedido para NGI Singapore, <strong>As solicita\u00e7\u00f5es de relat\u00f3rios de pedras preciosas da NGI precisam ser feitas por mensagem.<\/strong> Obrigado, <strong><u>taxas extras se aplicam<\/u><\/strong> \u2013 $90 para jade\u00edta \/ $150 para jade\u00edta com ouro 18k \/ $150 para contas de jade\u00edta \u2013 n\u00e3o \u00e9 obrigat\u00f3rio, pois a maioria dos nossos produtos j\u00e1 veio com certificado internacional ou relat\u00f3rio NGI.<\/p>\n<p><\/p>\n<p>(Para mais detalhes ou solicita\u00e7\u00e3o adicional: <strong>Por favor, envie-nos uma mensagem se desejar enviar o item adquirido para teste de laborat\u00f3rio NGI<\/strong>)<\/p>\n<p><\/p>\n<p><strong>A jade\u00edta natural n\u00e3o \u00e9 perfeita, apenas um lembrete gentil, nossa jade\u00edta natural, como todas as coisas bonitas da natureza, vem com suas caracter\u00edsticas e varia\u00e7\u00f5es \u00fanicas. Convidamos nossos valiosos clientes a abra\u00e7ar essas varia\u00e7\u00f5es naturais. Boas compras!<\/strong><\/p>\n<p><\/p>\n<p><strong><u>Nenhuma das fotos e filmagens de v\u00eddeo foram filtradas. Incentivamos nossos clientes a tamb\u00e9m assistirem aos v\u00eddeos que os acompanham para uma vis\u00e3o mais abrangente de nossos produtos<\/u><\/strong><\/p>\n<p><\/p>\n<ul>\n<li>Diferentes plataformas s\u00f3 podem visualizar v\u00eddeos por meio do Desktop<\/li>\n<\/ul>","protected":false},"excerpt":{"rendered":"<p>Introducing the exquisite Bean with Bat Pendant, meticulously crafted from Icy Translucent Natural Type A Jadeite Jade. Certificate numbers: GD2205H014642 Elegant Design: Features a unique bean and bat motif, symbolizing prosperity and happiness. High-Quality Material: Made from genuine Type A jadeite jade, ensuring durability and beauty. Cerified Weight: Weighs 23.26 grams for a substantial yet [&hellip;]<\/p>","protected":false},"featured_media":15545,"comment_status":"open","ping_status":"closed","template":"","meta":[],"product_brand":[],"product_cat":[195],"product_tag":[52,112,96,65,54,55,58,73,75,59,61,68,62],"class_list":{"0":"post-17076","1":"product","2":"type-product","3":"status-publish","4":"has-post-thumbnail","6":"product_cat-heirloom-grade","7":"product_tag-certified","8":"product_tag-french-bean","9":"product_tag-green-patches","10":"product_tag-high-quality","11":"product_tag-icy","12":"product_tag-jadeite","13":"product_tag-new-arrivals","14":"product_tag-pendant","15":"product_tag-traditional","16":"product_tag-translucent","17":"product_tag-unisex","18":"product_tag-yellow","19":"product_tag-yi-pin-qian-exclusive","21":"first","22":"instock","23":"sale","24":"shipping-taxable","25":"purchasable","26":"product-type-simple"},"_links":{"self":[{"href":"https:\/\/shop.yipinqian.com\/pt\/wp-json\/wp\/v2\/product\/17076","targetHints":{"allow":["GET"]}}],"collection":[{"href":"https:\/\/shop.yipinqian.com\/pt\/wp-json\/wp\/v2\/product"}],"about":[{"href":"https:\/\/shop.yipinqian.com\/pt\/wp-json\/wp\/v2\/types\/product"}],"replies":[{"embeddable":true,"href":"https:\/\/shop.yipinqian.com\/pt\/wp-json\/wp\/v2\/comments?post=17076"}],"version-history":[{"count":0,"href":"https:\/\/shop.yipinqian.com\/pt\/wp-json\/wp\/v2\/product\/17076\/revisions"}],"wp:featuredmedia":[{"embeddable":true,"href":"https:\/\/shop.yipinqian.com\/pt\/wp-json\/wp\/v2\/media\/15545"}],"wp:attachment":[{"href":"https:\/\/shop.yipinqian.com\/pt\/wp-json\/wp\/v2\/media?parent=17076"}],"wp:term":[{"taxonomy":"product_brand","embeddable":true,"href":"https:\/\/shop.yipinqian.com\/pt\/wp-json\/wp\/v2\/product_brand?post=17076"},{"taxonomy":"product_cat","embeddable":true,"href":"https:\/\/shop.yipinqian.com\/pt\/wp-json\/wp\/v2\/product_cat?post=17076"},{"taxonomy":"product_tag","embeddable":true,"href":"https:\/\/shop.yipinqian.com\/pt\/wp-json\/wp\/v2\/product_tag?post=17076"}],"curies":[{"name":"wp","href":"https:\/\/api.w.org\/{rel}","templated":true}]}}