{"id":17072,"date":"2025-01-14T04:59:59","date_gmt":"2025-01-13T20:59:59","guid":{"rendered":"https:\/\/shop.yipinqian.com\/a-icy-translucent-ruyi-pendant-natural-type-a-jadeite-jade-added-with-18k-clasp-certificate-weighs-3-98-grams-measurement-25-5-17-5-4-8-mm-18kp96\/"},"modified":"2025-02-24T00:49:44","modified_gmt":"2025-02-23T16:49:44","slug":"a-icy-translucent-ruyi-pendant-natural-type-a-jadeite-jade-added-with-18k-clasp-certificate-weighs-3-98-grams-measurement-25-5-17-5-4-8-mm-18kp96","status":"publish","type":"product","link":"https:\/\/shop.yipinqian.com\/pt\/produto\/a-icy-translucent-ruyi-pendant-natural-type-a-jadeite-jade-added-with-18k-clasp-certificate-weighs-3-98-grams-measurement-25-5-17-5-4-8-mm-18kp96\/","title":{"rendered":"Um pingente Ruyi transl\u00facido gelado, jade natural tipo A, adicionado com fecho de 18k, o certificado pesa 3,98 gramas, medindo 25,5 * 17,5 * 4,8 mm (18kp96)"},"content":{"rendered":"<p><iframe height=\"300\" width=\"330\" src=\"https:\/\/youtube.com\/embed\/DFWTv-zWzuE\" title=\"Ruyi Pendant\"><\/iframe><\/p>\n<p>Discover the elegance of our A Icy Translucent Ruyi Pendant, crafted from Natural Type A Jadeite Jade and enhanced with an 18k clasp. This exquisite piece weighs 3.98 grams and measures 25.5 x 17.5 x 4.8 mm, making it a beautiful addition to any jewelry collection.<\/p>\n<p><\/p>\n<p>Certificate numbers: GD2203H017678<\/p>\n<p>Fecho de ouro 18k: 0,34 gramas<\/p>\n<p><img fetchpriority=\"high\" decoding=\"async\" src=\"https:\/\/shop.yipinqian.com\/wp-content\/uploads\/2024\/12\/aae99133228b4d6187b1f5a6d8a76daetplv-aphluv4xwc-origin-jpeg.jpeg?dr=15568&#038;nonce=7509&#038;refresh_token=c84bb903938d9e1adb83fff91fc406bb&#038;from=476444299&#038;idc=my&#038;ps=933b5bde&#038;shcp=9b759fb9&#038;shp=1c65f68b&#038;t=555f072d\" width=\"1536\" height=\"2048\"><\/p>\n<ul>\n<li>\n<strong>Material de alta qualidade:<\/strong> Made from Natural Type A Jadeite with a luxurious PT\/Carat Gold setting.<\/li>\n<li>\n<strong>Origem:<\/strong> Sourced from Myanmar, ensuring authenticity and heritage.<\/li>\n<li>\n<strong>Auspicious Design:<\/strong> The Ruyi shape symbolizes good fortune and prosperity.<\/li>\n<li>\n<strong>Sem garantia:<\/strong> Please note there is no warranty on this product.<\/li>\n<\/ul>\n<p><img decoding=\"async\" src=\"https:\/\/shop.yipinqian.com\/wp-content\/uploads\/2024\/12\/e1de0f7f254347f187eb4497d0ff4889tplv-aphluv4xwc-origin-jpeg.jpeg?dr=15568&#038;nonce=65172&#038;refresh_token=9848f78e50875becdb113bd48624fa39&#038;from=476444299&#038;idc=my&#038;ps=933b5bde&#038;shcp=9b759fb9&#038;shp=1c65f68b&#038;t=555f072d\" width=\"1536\" height=\"2048\"><img decoding=\"async\" src=\"https:\/\/shop.yipinqian.com\/wp-content\/uploads\/2024\/12\/167f26b73b58435a8a9531cfbdc6f2d2tplv-aphluv4xwc-origin-jpeg.jpeg?dr=15568&#038;nonce=16060&#038;refresh_token=e5105c820560c2c50dcbfed7e5b4c9c8&#038;from=476444299&#038;idc=my&#038;ps=933b5bde&#038;shcp=9b759fb9&#038;shp=1c65f68b&#038;t=555f072d\" width=\"1536\" height=\"2048\"><\/p>\n<p>This unisex pendant is perfect for casual occasions, adding a touch of sophistication to any outfit while celebrating cultural significance.<\/p>\n<p>The pendant also comes with a certificate for your peace of mind regarding its authenticity.<\/p>\n<p><\/p>\n<p>Yi Pin Qian \u2013 Um negociante de pedras preciosas e metais preciosos em Cingapura \u2013 N\u00famero de licen\u00e7a PS20190000031<\/p>\n<p><\/p>\n<p>*Todos os Jadeites comprados de Yi Pin Qian em Cingapura, os clientes podem reservar hor\u00e1rios para polimento ou pequenos reparos por manuseio incorreto - taxas se aplicam e somente para clientes de Yi Pin Qian em Cingapura*<\/p>\n<p><\/p>\n<p><strong>**Tipos de Certificados**<\/strong><\/p>\n<p><\/p>\n<p><strong>NGI (Nan Yang Gemol\u00f3gico)<\/strong><\/p>\n<p>ou <strong>Certificados no exterior <\/strong>(Yi Pin Qian usa apenas certificados aut\u00eanticos de laborat\u00f3rios estrangeiros e tamb\u00e9m controla a qualidade de cada um dos nossos produtos antes de coloc\u00e1-los \u00e0 venda em Cingapura)<\/p>\n<p><\/p>\n<p>Cada produto ter\u00e1 o tipo de certificado fornecido indicado na descri\u00e7\u00e3o. Para qualquer cliente que deseje enviar seu pedido para NGI Singapore, <strong>As solicita\u00e7\u00f5es de relat\u00f3rios de pedras preciosas da NGI precisam ser feitas por mensagem.<\/strong> Obrigado, <strong><u>taxas extras se aplicam<\/u><\/strong> \u2013 $90 para jade\u00edta \/ $150 para jade\u00edta com ouro 18k \/ $150 para contas de jade\u00edta \u2013 n\u00e3o \u00e9 obrigat\u00f3rio, pois a maioria dos nossos produtos j\u00e1 veio com certificado internacional ou relat\u00f3rio NGI.<\/p>\n<p><\/p>\n<p>(Para mais detalhes ou solicita\u00e7\u00e3o adicional: <strong>Por favor, envie-nos uma mensagem se desejar enviar o item adquirido para teste de laborat\u00f3rio NGI<\/strong>)<\/p>\n<p><\/p>\n<p><strong>A jade\u00edta natural n\u00e3o \u00e9 perfeita, apenas um lembrete gentil, nossa jade\u00edta natural, como todas as coisas bonitas da natureza, vem com suas caracter\u00edsticas e varia\u00e7\u00f5es \u00fanicas. Convidamos nossos valiosos clientes a abra\u00e7ar essas varia\u00e7\u00f5es naturais. Boas compras!<\/strong><\/p>\n<p><\/p>\n<p><strong><u>Nenhuma das fotos e filmagens de v\u00eddeo foram filtradas. Incentivamos nossos clientes a tamb\u00e9m assistirem aos v\u00eddeos que os acompanham para uma vis\u00e3o mais abrangente de nossos produtos<\/u><\/strong><\/p>\n<p><\/p>\n<ul>\n<li>Diferentes plataformas s\u00f3 podem visualizar v\u00eddeos por meio do Desktop<\/li>\n<\/ul>","protected":false},"excerpt":{"rendered":"<p>Discover the elegance of our A Icy Translucent Ruyi Pendant, crafted from Natural Type A Jadeite Jade and enhanced with an 18k clasp. This exquisite piece weighs 3.98 grams and measures 25.5 x 17.5 x 4.8 mm, making it a beautiful addition to any jewelry collection. Certificate numbers: GD2203H017678 18k Gold Clasp: 0.34 grams High-Quality [&hellip;]<\/p>","protected":false},"featured_media":15169,"comment_status":"open","ping_status":"closed","template":"","meta":[],"product_brand":[],"product_cat":[194],"product_tag":[50,52,69,65,54,55,58,73,75,59,60,61],"class_list":{"0":"post-17072","1":"product","2":"type-product","3":"status-publish","4":"has-post-thumbnail","6":"product_cat-value-picks","7":"product_tag-18k-gold","8":"product_tag-certified","9":"product_tag-clasp","10":"product_tag-high-quality","11":"product_tag-icy","12":"product_tag-jadeite","13":"product_tag-new-arrivals","14":"product_tag-pendant","15":"product_tag-traditional","16":"product_tag-translucent","17":"product_tag-type-a-jadeite","18":"product_tag-unisex","20":"first","21":"instock","22":"sale","23":"shipping-taxable","24":"purchasable","25":"product-type-simple"},"_links":{"self":[{"href":"https:\/\/shop.yipinqian.com\/pt\/wp-json\/wp\/v2\/product\/17072","targetHints":{"allow":["GET"]}}],"collection":[{"href":"https:\/\/shop.yipinqian.com\/pt\/wp-json\/wp\/v2\/product"}],"about":[{"href":"https:\/\/shop.yipinqian.com\/pt\/wp-json\/wp\/v2\/types\/product"}],"replies":[{"embeddable":true,"href":"https:\/\/shop.yipinqian.com\/pt\/wp-json\/wp\/v2\/comments?post=17072"}],"version-history":[{"count":0,"href":"https:\/\/shop.yipinqian.com\/pt\/wp-json\/wp\/v2\/product\/17072\/revisions"}],"wp:featuredmedia":[{"embeddable":true,"href":"https:\/\/shop.yipinqian.com\/pt\/wp-json\/wp\/v2\/media\/15169"}],"wp:attachment":[{"href":"https:\/\/shop.yipinqian.com\/pt\/wp-json\/wp\/v2\/media?parent=17072"}],"wp:term":[{"taxonomy":"product_brand","embeddable":true,"href":"https:\/\/shop.yipinqian.com\/pt\/wp-json\/wp\/v2\/product_brand?post=17072"},{"taxonomy":"product_cat","embeddable":true,"href":"https:\/\/shop.yipinqian.com\/pt\/wp-json\/wp\/v2\/product_cat?post=17072"},{"taxonomy":"product_tag","embeddable":true,"href":"https:\/\/shop.yipinqian.com\/pt\/wp-json\/wp\/v2\/product_tag?post=17072"}],"curies":[{"name":"wp","href":"https:\/\/api.w.org\/{rel}","templated":true}]}}