{"id":1707,"date":"2024-10-24T23:21:40","date_gmt":"2024-10-24T15:21:40","guid":{"rendered":"https:\/\/shop.yipinqian.com\/product\/quality-semi-icy-white-and-light-green-patches-natural-type-a-jadeite-jade-crafted-with-sceneries-as-pendant-with-qic-labs-approved-certificate-weigh-24-89-grams-measurement-54-32-4-5-mm-pendant227\/"},"modified":"2025-02-24T00:49:52","modified_gmt":"2025-02-23T16:49:52","slug":"quality-semi-icy-white-and-light-green-patches-natural-type-a-jadeite-jade-crafted-with-sceneries-as-pendant-with-qic-labs-approved-certificate-weigh-24-89-grams-measurement-54-32-4-5-mm-pendant227","status":"publish","type":"product","link":"https:\/\/shop.yipinqian.com\/pt\/produto\/quality-semi-icy-white-and-light-green-patches-natural-type-a-jadeite-jade-crafted-with-sceneries-as-pendant-with-qic-labs-approved-certificate-weigh-24-89-grams-measurement-54-32-4-5-mm-pendant227\/","title":{"rendered":"Jade\u00edte Natural Tipo A de qualidade Semi Icy White e Light Green Patches, trabalhada com paisagens como pingente com certificado aprovado pelos laborat\u00f3rios QIC, pesa 24,89 gramas, medindo 54 * 32 * 4,5 mm (pendant227)"},"content":{"rendered":"<p>Melhore sua cole\u00e7\u00e3o de joias com este requintado pingente de Jade\u00edte Natural Tipo A de Patches Semi Icy White e Light Green. Feito com paisagens, este pingente unissex \u00e9 uma mistura perfeita de eleg\u00e2ncia e sofistica\u00e7\u00e3o.<\/p>\n<p>N\u00fameros de certificado: 5824030101470<\/p>\n<ul>\n<li>\n<strong>Material:<\/strong> Feito de jade natural tipo A, este pingente \u00e9 uma pe\u00e7a atemporal.<\/li>\n<li>\n<strong>Certificado:<\/strong> Fique tranquilo quanto \u00e0 autenticidade do produto, pois ele vem com um certificado aprovado pelos laborat\u00f3rios QIC.<\/li>\n<li>\n<strong>Projeto:<\/strong> As manchas brancas semi-geladas e verde-claras no jade aumentam seu charme. O design c\u00eanico no jade o torna \u00fanico em sua maneira.<\/li>\n<li>\n<strong>Dur\u00e1vel:<\/strong>Dur\u00e1vel para uso di\u00e1rio, o pingente pesa 24,89 gramas, o que o torna leve, mas resistente o suficiente para durar muito tempo<\/li>\n<\/ul>\n<p>O pingente de jade\u00edte natural tipo A com manchas semi-gelo branco e verde-claro de qualidade \u00e9 perfeito para uso casual. Sua medida 54*32*4,5 mm o torna uma excelente op\u00e7\u00e3o de presente para seus entes queridos tamb\u00e9m!<\/p>\n<ul>\n<li>\n<strong>Tipo de estilo de colar: <\/strong>O estilo casual do colar acrescenta charme ao seu visual di\u00e1rio, fazendo voc\u00ea se destacar dos outros em estilo!<\/li>\n<\/ul>\n<p>Feito em Mianmar, adicione esta linda pe\u00e7a \u00e0 sua cole\u00e7\u00e3o hoje mesmo!<\/p>\n<p>.<\/p>\n<p><strong>A jade\u00edta natural n\u00e3o \u00e9 perfeita, apenas um lembrete gentil, nossa jade\u00edta natural, como todas as coisas bonitas da natureza, vem com suas caracter\u00edsticas e varia\u00e7\u00f5es \u00fanicas. Convidamos nossos valiosos clientes a abra\u00e7ar essas varia\u00e7\u00f5es naturais. Boas compras!<\/strong><\/p>\n<p>\u00a0<\/p>\n<p><strong><u>Nenhuma das fotos e filmagens de v\u00eddeo foram filtradas. Incentivamos nossos clientes a tamb\u00e9m assistirem aos v\u00eddeos que os acompanham para uma vis\u00e3o mais abrangente de nossos produtos<\/u><\/strong><\/p>","protected":false},"excerpt":{"rendered":"<p>Enhance your jewelry collection with this exquisite Quality Semi Icy White and Light Green Patches Natural Type A Jadeite Jade pendant. Crafted with sceneries, this unisex pendant is a perfect blend of elegance and sophistication. Certificate numbers: 5824030101470 Material: Made of natural Type A Jadeite Jade, this pendant is a timeless piece. Certificate: Rest assured [&hellip;]<\/p>","protected":false},"featured_media":7256,"comment_status":"open","ping_status":"closed","template":"","meta":[],"product_brand":[],"product_cat":[194],"product_tag":[],"class_list":{"0":"post-1707","1":"product","2":"type-product","3":"status-publish","4":"has-post-thumbnail","6":"product_cat-value-picks","8":"first","9":"instock","10":"sale","11":"shipping-taxable","12":"purchasable","13":"product-type-simple"},"_links":{"self":[{"href":"https:\/\/shop.yipinqian.com\/pt\/wp-json\/wp\/v2\/product\/1707","targetHints":{"allow":["GET"]}}],"collection":[{"href":"https:\/\/shop.yipinqian.com\/pt\/wp-json\/wp\/v2\/product"}],"about":[{"href":"https:\/\/shop.yipinqian.com\/pt\/wp-json\/wp\/v2\/types\/product"}],"replies":[{"embeddable":true,"href":"https:\/\/shop.yipinqian.com\/pt\/wp-json\/wp\/v2\/comments?post=1707"}],"version-history":[{"count":0,"href":"https:\/\/shop.yipinqian.com\/pt\/wp-json\/wp\/v2\/product\/1707\/revisions"}],"wp:featuredmedia":[{"embeddable":true,"href":"https:\/\/shop.yipinqian.com\/pt\/wp-json\/wp\/v2\/media\/7256"}],"wp:attachment":[{"href":"https:\/\/shop.yipinqian.com\/pt\/wp-json\/wp\/v2\/media?parent=1707"}],"wp:term":[{"taxonomy":"product_brand","embeddable":true,"href":"https:\/\/shop.yipinqian.com\/pt\/wp-json\/wp\/v2\/product_brand?post=1707"},{"taxonomy":"product_cat","embeddable":true,"href":"https:\/\/shop.yipinqian.com\/pt\/wp-json\/wp\/v2\/product_cat?post=1707"},{"taxonomy":"product_tag","embeddable":true,"href":"https:\/\/shop.yipinqian.com\/pt\/wp-json\/wp\/v2\/product_tag?post=1707"}],"curies":[{"name":"wp","href":"https:\/\/api.w.org\/{rel}","templated":true}]}}