{"id":17064,"date":"2025-01-14T04:59:52","date_gmt":"2025-01-13T20:59:52","guid":{"rendered":"https:\/\/shop.yipinqian.com\/28-6-3-mm-light-green-with-green-patches-beads-natural-type-a-jadeite-jade-bracelet-certificate-weighs-12-64-grams-bracelet40\/"},"modified":"2025-02-24T00:49:44","modified_gmt":"2025-02-23T16:49:44","slug":"28-6-3-mm-light-green-with-green-patches-beads-natural-type-a-jadeite-jade-bracelet-certificate-weighs-12-64-grams-bracelet40","status":"publish","type":"product","link":"https:\/\/shop.yipinqian.com\/pt\/produto\/28-6-3-mm-light-green-with-green-patches-beads-natural-type-a-jadeite-jade-bracelet-certificate-weighs-12-64-grams-bracelet40\/","title":{"rendered":"28 * 6,3 mm Verde claro com contas de manchas verdes Pulseira de jade natural tipo A, certificado pesa 12,64 gramas (bracelet40)"},"content":{"rendered":"<p><iframe height=\"300\" width=\"330\" src=\"https:\/\/youtube.com\/embed\/m-EHfkXcK6s\" title=\"Light green beads as Bracelet\"><\/iframe><\/p>\n<p>Discover the elegance of our Natural Type A Jadeite Jade bracelet, featuring beautiful light green beads with captivating green patches.<\/p>\n<p><\/p>\n<p>Certificate numbers: 5924032606198<\/p>\n<p><img fetchpriority=\"high\" decoding=\"async\" src=\"https:\/\/shop.yipinqian.com\/wp-content\/uploads\/2025\/01\/ffb68c0536bb4ed7bdcbeb2618d12b15tplv-aphluv4xwc-origin-jpeg.jpeg?dr=15568&#038;nonce=47072&#038;refresh_token=6a74b60c6da0944015a4e9a7d51ceab5&#038;from=476444299&#038;idc=my&#038;ps=933b5bde&#038;shcp=9b759fb9&#038;shp=1c65f68b&#038;t=555f072d\" width=\"1536\" height=\"2048\"><\/p>\n<ul>\n<li>\n<strong>Dimens\u00f5es:<\/strong> 28 * 6.3 mm beads<\/li>\n<li>\n<strong>Peso:<\/strong> 12.64 grams<\/li>\n<li>\n<strong>Cerficate:<\/strong> Includes certification for authenticity<\/li>\n<\/ul>\n<p><img decoding=\"async\" src=\"https:\/\/shop.yipinqian.com\/wp-content\/uploads\/2025\/01\/522ca4a899fa492ead7dc8b97b427d08tplv-aphluv4xwc-origin-jpeg.jpeg?dr=15568&#038;nonce=10401&#038;refresh_token=ab87b7928136ae8b7486ab3127cc6838&#038;from=476444299&#038;idc=my&#038;ps=933b5bde&#038;shcp=9b759fb9&#038;shp=1c65f68b&#038;t=555f072d\" width=\"1536\" height=\"2048\"><img decoding=\"async\" src=\"https:\/\/shop.yipinqian.com\/wp-content\/uploads\/2025\/01\/429bf13610d84660a0d6d590fd0be8d6tplv-aphluv4xwc-origin-jpeg.jpeg?dr=15568&#038;nonce=95520&#038;refresh_token=6e5a183f74074297e2a43ea156cb6a74&#038;from=476444299&#038;idc=my&#038;ps=933b5bde&#038;shcp=9b759fb9&#038;shp=1c65f68b&#038;t=555f072d\" width=\"1536\" height=\"2048\"><\/p>\n<p>This bracelet not only serves as a stylish accessory but also embodies the natural beauty and cultural significance of jade.<\/p>\n<p><\/p>\n<p>Yi Pin Qian \u2013 Um negociante de pedras preciosas e metais preciosos em Cingapura \u2013 N\u00famero de licen\u00e7a PS20190000031<\/p>\n<p><\/p>\n<p>*Todos os Jadeites comprados de Yi Pin Qian em Cingapura, os clientes podem reservar hor\u00e1rios para polimento ou pequenos reparos por manuseio incorreto - taxas se aplicam e somente para clientes de Yi Pin Qian em Cingapura*<\/p>\n<p><\/p>\n<p><strong>**Tipos de Certificados**<\/strong><\/p>\n<p><\/p>\n<p><strong>NGI (Nan Yang Gemol\u00f3gico)<\/strong><\/p>\n<p>ou <strong>Certificados no exterior <\/strong>(Yi Pin Qian usa apenas certificados aut\u00eanticos de laborat\u00f3rios estrangeiros e tamb\u00e9m controla a qualidade de cada um dos nossos produtos antes de coloc\u00e1-los \u00e0 venda em Cingapura)<\/p>\n<p><\/p>\n<p>Cada produto ter\u00e1 o tipo de certificado fornecido indicado na descri\u00e7\u00e3o. Para qualquer cliente que deseje enviar seu pedido para NGI Singapore, <strong>As solicita\u00e7\u00f5es de relat\u00f3rios de pedras preciosas da NGI precisam ser feitas por mensagem.<\/strong> Obrigado, <strong><u>taxas extras se aplicam<\/u><\/strong> \u2013 $90 para jade\u00edta \/ $150 para jade\u00edta com ouro 18k \/ $150 para contas de jade\u00edta \u2013 n\u00e3o \u00e9 obrigat\u00f3rio, pois a maioria dos nossos produtos j\u00e1 veio com certificado internacional ou relat\u00f3rio NGI.<\/p>\n<p><\/p>\n<p>(Para mais detalhes ou solicita\u00e7\u00e3o adicional: <strong>Por favor, envie-nos uma mensagem se desejar enviar o item adquirido para teste de laborat\u00f3rio NGI<\/strong>)<\/p>\n<p><\/p>\n<p><strong>A jade\u00edta natural n\u00e3o \u00e9 perfeita, apenas um lembrete gentil, nossa jade\u00edta natural, como todas as coisas bonitas da natureza, vem com suas caracter\u00edsticas e varia\u00e7\u00f5es \u00fanicas. Convidamos nossos valiosos clientes a abra\u00e7ar essas varia\u00e7\u00f5es naturais. Boas compras!<\/strong><\/p>\n<p><\/p>\n<p><strong><u>Nenhuma das fotos e filmagens de v\u00eddeo foram filtradas. Incentivamos nossos clientes a tamb\u00e9m assistirem aos v\u00eddeos que os acompanham para uma vis\u00e3o mais abrangente de nossos produtos<\/u><\/strong><\/p>\n<p><\/p>\n<ul>\n<li>Diferentes plataformas s\u00f3 podem visualizar v\u00eddeos por meio do Desktop<\/li>\n<\/ul>","protected":false},"excerpt":{"rendered":"<p>Discover the elegance of our Natural Type A Jadeite Jade bracelet, featuring beautiful light green beads with captivating green patches. Certificate numbers: 5924032606198 Dimensions: 28 * 6.3 mm beads Weight: 12.64 grams Cerficate: Includes certification for authenticity This bracelet not only serves as a stylish accessory but also embodies the natural beauty and cultural significance [&hellip;]<\/p>","protected":false},"featured_media":15532,"comment_status":"open","ping_status":"closed","template":"","meta":[],"product_brand":[],"product_cat":[194],"product_tag":[102,52,55,82,58,60,61,62],"class_list":{"0":"post-17064","1":"product","2":"type-product","3":"status-publish","4":"has-post-thumbnail","6":"product_cat-value-picks","7":"product_tag-bracelet","8":"product_tag-certified","9":"product_tag-jadeite","10":"product_tag-light-green","11":"product_tag-new-arrivals","12":"product_tag-type-a-jadeite","13":"product_tag-unisex","14":"product_tag-yi-pin-qian-exclusive","16":"first","17":"instock","18":"sale","19":"shipping-taxable","20":"purchasable","21":"product-type-simple"},"_links":{"self":[{"href":"https:\/\/shop.yipinqian.com\/pt\/wp-json\/wp\/v2\/product\/17064","targetHints":{"allow":["GET"]}}],"collection":[{"href":"https:\/\/shop.yipinqian.com\/pt\/wp-json\/wp\/v2\/product"}],"about":[{"href":"https:\/\/shop.yipinqian.com\/pt\/wp-json\/wp\/v2\/types\/product"}],"replies":[{"embeddable":true,"href":"https:\/\/shop.yipinqian.com\/pt\/wp-json\/wp\/v2\/comments?post=17064"}],"version-history":[{"count":0,"href":"https:\/\/shop.yipinqian.com\/pt\/wp-json\/wp\/v2\/product\/17064\/revisions"}],"wp:featuredmedia":[{"embeddable":true,"href":"https:\/\/shop.yipinqian.com\/pt\/wp-json\/wp\/v2\/media\/15532"}],"wp:attachment":[{"href":"https:\/\/shop.yipinqian.com\/pt\/wp-json\/wp\/v2\/media?parent=17064"}],"wp:term":[{"taxonomy":"product_brand","embeddable":true,"href":"https:\/\/shop.yipinqian.com\/pt\/wp-json\/wp\/v2\/product_brand?post=17064"},{"taxonomy":"product_cat","embeddable":true,"href":"https:\/\/shop.yipinqian.com\/pt\/wp-json\/wp\/v2\/product_cat?post=17064"},{"taxonomy":"product_tag","embeddable":true,"href":"https:\/\/shop.yipinqian.com\/pt\/wp-json\/wp\/v2\/product_tag?post=17064"}],"curies":[{"name":"wp","href":"https:\/\/api.w.org\/{rel}","templated":true}]}}