{"id":1706,"date":"2024-10-24T23:21:39","date_gmt":"2024-10-24T15:21:39","guid":{"rendered":"https:\/\/shop.yipinqian.com\/product\/quality-semi-icy-full-oil-green-natural-type-a-jadeite-jade-pendant-necklace-crafted-with-lotus-certificate-included-weigh-12-07-grams-measurement-41-3-27-11-mm-pendant182\/"},"modified":"2025-02-24T00:49:52","modified_gmt":"2025-02-23T16:49:52","slug":"quality-semi-icy-full-oil-green-natural-type-a-jadeite-jade-pendant-necklace-crafted-with-lotus-certificate-included-weigh-12-07-grams-measurement-41-3-27-11-mm-pendant182","status":"publish","type":"product","link":"https:\/\/shop.yipinqian.com\/pt\/produto\/quality-semi-icy-full-oil-green-natural-type-a-jadeite-jade-pendant-necklace-crafted-with-lotus-certificate-included-weigh-12-07-grams-measurement-41-3-27-11-mm-pendant182\/","title":{"rendered":"Colar com pingente de jade\u00edte tipo A natural, semi-gelado, verde, \u00f3leo completo, feito com l\u00f3tus, certificado incluso, pesa 12,07 gramas, mede 41,3 * 27 * 11 mm (pendant182)"},"content":{"rendered":"<p>Este colar com pingente de jade\u00edte natural tipo A semi-gelado de \u00f3leo verde de qualidade \u00e9 uma bela adi\u00e7\u00e3o a qualquer cole\u00e7\u00e3o de joias e vem com um certificado de autenticidade. Feito com o design intrincado de um l\u00f3tus, este colar com pingente certamente chamar\u00e1 a aten\u00e7\u00e3o.<\/p>\n<p><\/p>\n<p><strong>N\u00fameros de certificado: ZSJ12205051935<\/strong><\/p>\n<ul>\n<li>\n<strong>Material:<\/strong> Feito de jade\u00edte natural tipo A de alta qualidade<\/li>\n<li>\n<strong>Peso:<\/strong> Pesando 12,07 gramas, este colar com pingente tem uma sensa\u00e7\u00e3o s\u00f3lida e resistente<\/li>\n<li>\n<strong>Tamanho:<\/strong> Medindo 41,3 * 27 * 11 mm (pendente182), n\u00e3o \u00e9 muito grande nem muito pequeno<\/li>\n<li>\n<strong>Tipo de Jade:<\/strong> Jade\u00edta \u2013 Conhecida por sua beleza natural e durabilidade, tornando-a perfeita para a fabrica\u00e7\u00e3o de joias.<\/li>\n<\/ul>\n<p>A linda cor verde ostenta \u00f3leo semi-gelado completo com um intrincado desenho de entalhe de L\u00f3tus, tornando cada pe\u00e7a \u00fanica. Este estilo de colar \u00e9 perfeito para uso casual em qualquer ocasi\u00e3o di\u00e1ria.<\/p>\n<ul>\n<li>\n<strong>Certificado inclu\u00eddo: <\/strong>Este pingente vem com um certificado de autenticidade garantindo que \u00e9 Jade\u00edta Natural Tipo A<\/li>\n<li>,<\/li>\n<li>\n<strong>Sem garantia: <\/strong>Este produto n\u00e3o tem garantia, mas \u00e9 feito de jade de alta qualidade que durar\u00e1 mais do que o esperado.<\/li>\n<li>O recurso de g\u00eanero amig\u00e1vel torna este produto confort\u00e1vel para qualquer pessoa que adora usar pe\u00e7as \u00fanicas que refletem sua personalidade.<\/li>\n<li>,<\/li>\n<li>O estilo casual garante que voc\u00ea possa combinar sua roupa favorita sem complica\u00e7\u00f5es e sem se preocupar em exagerar.<\/li>\n<li>,<\/li>\n<li>O recurso adequado para ocasi\u00f5es especiais garante que voc\u00ea possa estilizar essas pe\u00e7as diariamente sem ter que esperar por eventos especiais.<\/li>\n<li>,<\/li>\n<\/ul>\n<p>Yi Pin Qian \u2013 Um negociante de pedras preciosas e metais preciosos em Cingapura \u2013 N\u00famero de licen\u00e7a PS20190000031<\/p>\n<p><\/p>\n<p>*Todos os Jadeites comprados de Yi Pin Qian em Cingapura, os clientes podem reservar hor\u00e1rios para polimento ou pequenos reparos por manuseio incorreto - taxas se aplicam e somente para clientes de Yi Pin Qian em Cingapura*<\/p>\n<p><\/p>\n<p><strong>**Tipos de Certificados**<\/strong><\/p>\n<p><\/p>\n<p><strong>NGI (Nan Yang Gemol\u00f3gico)<\/strong><\/p>\n<p>ou <strong>Certificados no exterior <\/strong>(Yi Pin Qian usa apenas certificados aut\u00eanticos de laborat\u00f3rios estrangeiros e tamb\u00e9m controla a qualidade de cada um dos nossos produtos antes de coloc\u00e1-los \u00e0 venda em Cingapura)<\/p>\n<p><\/p>\n<p>Cada produto no TikTok ter\u00e1 o tipo de certificado fornecido indicado na descri\u00e7\u00e3o. Para qualquer cliente que deseje enviar seu pedido para a NGI Singapore, haver\u00e1 um tempo de espera para entrega do pedido estimado em torno de 4 semanas para receber seu pedido. <strong>As solicita\u00e7\u00f5es de relat\u00f3rios da NGI Gemstone precisam ser feitas por mensagem para a loja Yi Pin Qian TikTok.<\/strong> Obrigado, <strong><u>taxas extras se aplicam<\/u><\/strong>.<\/p>\n<p><\/p>\n<p><strong>A jade\u00edta natural n\u00e3o \u00e9 perfeita, apenas um lembrete gentil, nossa jade\u00edta natural, como todas as coisas bonitas da natureza, vem com suas caracter\u00edsticas e varia\u00e7\u00f5es \u00fanicas. Convidamos nossos valiosos clientes a abra\u00e7ar essas varia\u00e7\u00f5es naturais. Boas compras!<\/strong><\/p>\n<p><\/p>\n<p><strong><u>Nenhuma das fotos e filmagens de v\u00eddeo foram filtradas. Incentivamos nossos clientes a tamb\u00e9m assistirem aos v\u00eddeos que os acompanham para uma vis\u00e3o mais abrangente de nossos produtos<\/u><\/strong><\/p>","protected":false},"excerpt":{"rendered":"<p>This Quality Semi Icy Full Oil Green Natural Type A Jadeite Jade Pendant Necklace is a beautiful addition to any jewelry collection and comes with a certificate of authenticity. Crafted with the intricate design of a Lotus, this pendant necklace is sure to catch the eye. Certificate numbers: ZSJ12205051935 Material: Made from high-quality natural Type [&hellip;]<\/p>","protected":false},"featured_media":7248,"comment_status":"open","ping_status":"closed","template":"","meta":[],"product_brand":[],"product_cat":[194],"product_tag":[],"class_list":{"0":"post-1706","1":"product","2":"type-product","3":"status-publish","4":"has-post-thumbnail","6":"product_cat-value-picks","8":"first","9":"instock","10":"sale","11":"shipping-taxable","12":"purchasable","13":"product-type-simple"},"_links":{"self":[{"href":"https:\/\/shop.yipinqian.com\/pt\/wp-json\/wp\/v2\/product\/1706","targetHints":{"allow":["GET"]}}],"collection":[{"href":"https:\/\/shop.yipinqian.com\/pt\/wp-json\/wp\/v2\/product"}],"about":[{"href":"https:\/\/shop.yipinqian.com\/pt\/wp-json\/wp\/v2\/types\/product"}],"replies":[{"embeddable":true,"href":"https:\/\/shop.yipinqian.com\/pt\/wp-json\/wp\/v2\/comments?post=1706"}],"version-history":[{"count":0,"href":"https:\/\/shop.yipinqian.com\/pt\/wp-json\/wp\/v2\/product\/1706\/revisions"}],"wp:featuredmedia":[{"embeddable":true,"href":"https:\/\/shop.yipinqian.com\/pt\/wp-json\/wp\/v2\/media\/7248"}],"wp:attachment":[{"href":"https:\/\/shop.yipinqian.com\/pt\/wp-json\/wp\/v2\/media?parent=1706"}],"wp:term":[{"taxonomy":"product_brand","embeddable":true,"href":"https:\/\/shop.yipinqian.com\/pt\/wp-json\/wp\/v2\/product_brand?post=1706"},{"taxonomy":"product_cat","embeddable":true,"href":"https:\/\/shop.yipinqian.com\/pt\/wp-json\/wp\/v2\/product_cat?post=1706"},{"taxonomy":"product_tag","embeddable":true,"href":"https:\/\/shop.yipinqian.com\/pt\/wp-json\/wp\/v2\/product_tag?post=1706"}],"curies":[{"name":"wp","href":"https:\/\/api.w.org\/{rel}","templated":true}]}}