{"id":1705,"date":"2024-10-24T23:21:39","date_gmt":"2024-10-24T15:21:39","guid":{"rendered":"https:\/\/shop.yipinqian.com\/product\/quality-icy-natural-type-a-jadeite-jade-crafted-with-shape-of-oval-as-cabochon-set-on-s925-adjustable-as-ring-bic-labs-approved-certificate-weighs-2-18-grams-measurement-11-3-7-3-3-6mm-s925ring13\/"},"modified":"2025-02-17T00:04:14","modified_gmt":"2025-02-16T16:04:14","slug":"quality-icy-natural-type-a-jadeite-jade-crafted-with-shape-of-oval-as-cabochon-set-on-s925-adjustable-as-ring-bic-labs-approved-certificate-weighs-2-18-grams-measurement-11-3-7-3-3-6mm-s925ring13","status":"publish","type":"product","link":"https:\/\/shop.yipinqian.com\/pt\/produto\/quality-icy-natural-type-a-jadeite-jade-crafted-with-shape-of-oval-as-cabochon-set-on-s925-adjustable-as-ring-bic-labs-approved-certificate-weighs-2-18-grams-measurement-11-3-7-3-3-6mm-s925ring13\/","title":{"rendered":"Jade\u00edte natural gelada de qualidade tipo A, trabalhada com formato oval como caboch\u00e3o, fixada em S925 ajust\u00e1vel como anel, certificado aprovado pelos laborat\u00f3rios BIC, pesa 2,18 gramas, medindo 11,3 * 7,3 * 3,6 mm (s925ring13)"},"content":{"rendered":"<p>Este anel de jade\u00edte natural gelada tipo A de qualidade apresenta um caboch\u00e3o oval em uma faixa ajust\u00e1vel S925, perfeito para uso di\u00e1rio.<\/p>\n<p>\u00a0<\/p>\n<p>N\u00fameros de certificado: Y-BICL629315<\/p>\n<p>\u00a0<\/p>\n<p>O anel \u00e9 de tamanho livre ajust\u00e1vel<\/p>\n<ul>\n<li>\n<strong>Material:<\/strong> Feito com jade\u00edte tipo A genu\u00edna e prata esterlina S925<\/li>\n<li>\n<strong>Certificado:<\/strong> Certificado aprovado pelos laborat\u00f3rios BIC inclu\u00eddo<\/li>\n<li>\n<strong>Peso e tamanho:<\/strong> Pesa 2,18 gramas, com medidas de 11,3 * 7,3 * 3,6 mm<\/li>\n<li>\n<strong>Tipo de Jade:<\/strong> Jade\u00edta de alta qualidade proveniente de Mianmar<\/li>\n<li>G\u00eanero: Feminino \u2013 perfeito para qualquer mulher que ama pe\u00e7as de joalheria exclusivas.<\/li>\n<\/ul>\n<p>Eleve sua cole\u00e7\u00e3o de joias com este anel de jade elegante e atemporal que exala sofistica\u00e7\u00e3o e estilo.<\/p>\n<p>\u00a0<\/p>\n<p><strong>A jade\u00edta natural n\u00e3o \u00e9 perfeita, apenas um lembrete gentil, nossa jade\u00edta natural, como todas as coisas bonitas da natureza, vem com suas caracter\u00edsticas e varia\u00e7\u00f5es \u00fanicas. Convidamos nossos valiosos clientes a abra\u00e7ar essas varia\u00e7\u00f5es naturais. Boas compras!<\/strong><\/p>\n<p>\u00a0<\/p>\n<p><strong><u>Nenhuma das fotos e filmagens de v\u00eddeo foram filtradas. Incentivamos nossos clientes a tamb\u00e9m assistirem aos v\u00eddeos que os acompanham para uma vis\u00e3o mais abrangente de nossos produtos<\/u><\/strong><\/p>","protected":false},"excerpt":{"rendered":"<p>Este anel de Jade\u00edte Natural Tipo A de Qualidade Icy apresenta um caboch\u00e3o oval definido em uma faixa ajust\u00e1vel S925, perfeito para uso di\u00e1rio. N\u00fameros de certificado: Y-BICL629315 O anel \u00e9 ajust\u00e1vel em tamanho livre Material: Feito com Jade\u00edte Tipo A genu\u00edna e prata esterlina S925 Certificado: Certificado aprovado pelos laborat\u00f3rios BIC inclu\u00eddo Peso e tamanho: Pesa 2,18 gramas, [\u2026]<\/p>","protected":false},"featured_media":7232,"comment_status":"open","ping_status":"closed","template":"","meta":[],"product_brand":[],"product_cat":[49,149,125],"product_tag":[],"class_list":{"0":"post-1705","1":"product","2":"type-product","3":"status-publish","4":"has-post-thumbnail","6":"product_cat-rings","7":"product_cat-s925-rings","8":"product_cat-s925-settings-jadeites","10":"first","11":"instock","12":"sale","13":"shipping-taxable","14":"purchasable","15":"product-type-simple"},"_links":{"self":[{"href":"https:\/\/shop.yipinqian.com\/pt\/wp-json\/wp\/v2\/product\/1705","targetHints":{"allow":["GET"]}}],"collection":[{"href":"https:\/\/shop.yipinqian.com\/pt\/wp-json\/wp\/v2\/product"}],"about":[{"href":"https:\/\/shop.yipinqian.com\/pt\/wp-json\/wp\/v2\/types\/product"}],"replies":[{"embeddable":true,"href":"https:\/\/shop.yipinqian.com\/pt\/wp-json\/wp\/v2\/comments?post=1705"}],"version-history":[{"count":0,"href":"https:\/\/shop.yipinqian.com\/pt\/wp-json\/wp\/v2\/product\/1705\/revisions"}],"wp:featuredmedia":[{"embeddable":true,"href":"https:\/\/shop.yipinqian.com\/pt\/wp-json\/wp\/v2\/media\/7232"}],"wp:attachment":[{"href":"https:\/\/shop.yipinqian.com\/pt\/wp-json\/wp\/v2\/media?parent=1705"}],"wp:term":[{"taxonomy":"product_brand","embeddable":true,"href":"https:\/\/shop.yipinqian.com\/pt\/wp-json\/wp\/v2\/product_brand?post=1705"},{"taxonomy":"product_cat","embeddable":true,"href":"https:\/\/shop.yipinqian.com\/pt\/wp-json\/wp\/v2\/product_cat?post=1705"},{"taxonomy":"product_tag","embeddable":true,"href":"https:\/\/shop.yipinqian.com\/pt\/wp-json\/wp\/v2\/product_tag?post=1705"}],"curies":[{"name":"wp","href":"https:\/\/api.w.org\/{rel}","templated":true}]}}