{"id":17026,"date":"2025-01-13T03:32:23","date_gmt":"2025-01-12T19:32:23","guid":{"rendered":"https:\/\/shop.yipinqian.com\/fortune-god-pendant-natural-type-a-jadeite-jade-certificate-weighs-15-35-grams-measurement-40-3-22-8-9-5-mm-pendant395\/"},"modified":"2025-03-20T00:17:42","modified_gmt":"2025-03-19T16:17:42","slug":"fortune-god-pendant-natural-type-a-jadeite-jade-certificate-weighs-15-35-grams-measurement-40-3-22-8-9-5-mm-pendant395","status":"publish","type":"product","link":"https:\/\/shop.yipinqian.com\/pt\/produto\/fortune-god-pendant-natural-type-a-jadeite-jade-certificate-weighs-15-35-grams-measurement-40-3-22-8-9-5-mm-pendant395\/","title":{"rendered":"#Sold &#8211; Fortune God Pendant Natural Type A Jadeite Jade certificate weighs 15.35 grams, measurement 40.3 * 22.8 * 9.5 mm (pendant395)"},"content":{"rendered":"<p>#Sold &#8211; Fortune God Pendant Natural Type A Jadeite Jade<\/p>\n<p><iframe title=\"Pingente Deus da Fortuna\" src=\"https:\/\/youtube.com\/embed\/5UnNz7YVLsY\" width=\"330\" height=\"300\"><\/iframe><\/p>\n<p>Descubra o requintado Fortune God Pendant feito de Jade\u00edte Natural Tipo A. Esta pe\u00e7a deslumbrante n\u00e3o s\u00f3 exibe uma beleza not\u00e1vel, mas tamb\u00e9m carrega um simbolismo cultural significativo.<\/p>\n<ul>\n<li><strong>Peso:<\/strong> 15,35 gramas<\/li>\n<li><strong>Dimens\u00f5es:<\/strong> 40,3 x 22,8 x 9,5 mm<\/li>\n<li><strong>Significado cultural:<\/strong> Representa fortuna e prosperidade<\/li>\n<\/ul>\n<p>Este pingente \u00e9 perfeito para quem busca eleg\u00e2ncia e um toque de sorte em sua cole\u00e7\u00e3o de joias.<\/p>\n<p>&nbsp;<\/p>\n<p>N\u00fameros de certificado: ZJSL24031902607<\/p>\n<p><img fetchpriority=\"high\" decoding=\"async\" src=\"https:\/\/shop.yipinqian.com\/wp-content\/uploads\/2025\/01\/87cc3d12ccd2448b9651a957155617b1tplv-aphluv4xwc-origin-jpeg.jpeg?dr=15568&amp;nonce=24138&amp;refresh_token=7d960ddea4b0979050f18c9bcbf53cd7&amp;from=476444299&amp;idc=my2&amp;ps=933b5bde&amp;shcp=9b759fb9&amp;shp=1c65f68b&amp;t=555f072d\" width=\"1536\" height=\"2048\" \/><img decoding=\"async\" src=\"https:\/\/shop.yipinqian.com\/wp-content\/uploads\/2025\/01\/80e0adb52dd14e6d96edf8b2bcfdfeaftplv-aphluv4xwc-origin-jpeg.jpeg?dr=15568&amp;nonce=8673&amp;refresh_token=c124d18b188eeb5db49557b03a0d85e9&amp;from=476444299&amp;idc=my2&amp;ps=933b5bde&amp;shcp=9b759fb9&amp;shp=1c65f68b&amp;t=555f072d\" width=\"1536\" height=\"2048\" \/><img decoding=\"async\" class=\"alignnone\" src=\"https:\/\/shop.yipinqian.com\/wp-content\/uploads\/2025\/01\/129f491a38274865b63ef826de355444tplv-aphluv4xwc-origin-jpeg.jpeg?dr=15568&amp;nonce=92673&amp;refresh_token=c1cc045702543b2ce23252dc3e0d309b&amp;from=476444299&amp;idc=my2&amp;ps=933b5bde&amp;shcp=9b759fb9&amp;shp=1c65f68b&amp;t=555f072d\" alt=\"Fortune God Pendant Natural Type A Jadeite Jade\" width=\"1536\" height=\"2048\" \/><\/p>\n<p>Yi Pin Qian \u2013 Um negociante de pedras preciosas e metais preciosos em Cingapura \u2013 N\u00famero de licen\u00e7a PS20190000031<\/p>\n<p>&nbsp;<\/p>\n<p>*Todos os Jadeites comprados de Yi Pin Qian em Cingapura, os clientes podem reservar hor\u00e1rios para polimento ou pequenos reparos por manuseio incorreto - taxas se aplicam e somente para clientes de Yi Pin Qian em Cingapura*<\/p>\n<p>&nbsp;<\/p>\n<p><strong>**Tipos de Certificados**<\/strong><\/p>\n<p>&nbsp;<\/p>\n<p><strong>NGI (Nan Yang Gemol\u00f3gico)<\/strong><\/p>\n<p>ou <strong>Certificados no exterior <\/strong>(Yi Pin Qian usa apenas certificados aut\u00eanticos de laborat\u00f3rios estrangeiros e tamb\u00e9m controla a qualidade de cada um dos nossos produtos antes de coloc\u00e1-los \u00e0 venda em Cingapura)<\/p>\n<p>&nbsp;<\/p>\n<p>Cada produto ter\u00e1 o tipo de certificado fornecido indicado na descri\u00e7\u00e3o. Para qualquer cliente que deseje enviar seu pedido para NGI Singapore, <strong>As solicita\u00e7\u00f5es de relat\u00f3rios de pedras preciosas da NGI precisam ser feitas por mensagem.<\/strong> Obrigado, <strong><u>taxas extras se aplicam<\/u><\/strong> \u2013 $90 para jade\u00edta \/ $150 para jade\u00edta com ouro 18k \/ $150 para contas de jade\u00edta \u2013 n\u00e3o \u00e9 obrigat\u00f3rio, pois a maioria dos nossos produtos j\u00e1 veio com certificado internacional ou relat\u00f3rio NGI.<\/p>\n<p>&nbsp;<\/p>\n<p>(Para mais detalhes ou solicita\u00e7\u00e3o adicional: <strong>Por favor, envie-nos uma mensagem se desejar enviar o item adquirido para teste de laborat\u00f3rio NGI<\/strong>)<\/p>\n<p>&nbsp;<\/p>\n<p><strong>A jade\u00edta natural n\u00e3o \u00e9 perfeita, apenas um lembrete gentil, nossa jade\u00edta natural, como todas as coisas bonitas da natureza, vem com suas caracter\u00edsticas e varia\u00e7\u00f5es \u00fanicas. Convidamos nossos valiosos clientes a abra\u00e7ar essas varia\u00e7\u00f5es naturais. Boas compras!<\/strong><\/p>\n<p>&nbsp;<\/p>\n<p><strong><u>Nenhuma das fotos e filmagens de v\u00eddeo foram filtradas. Incentivamos nossos clientes a tamb\u00e9m assistirem aos v\u00eddeos que os acompanham para uma vis\u00e3o mais abrangente de nossos produtos<\/u><\/strong><\/p>\n<p>&nbsp;<\/p>\n<ul>\n<li>Diferentes plataformas s\u00f3 podem visualizar v\u00eddeos por meio do Desktop<\/li>\n<\/ul>","protected":false},"excerpt":{"rendered":"<p>Fortune God Pendant Natural Type A Jadeite Jade<\/p>","protected":false},"featured_media":17033,"comment_status":"open","ping_status":"closed","template":"","meta":[],"product_brand":[],"product_cat":[194],"product_tag":[52,173,58,73,75,60,61],"class_list":{"0":"post-17026","1":"product","2":"type-product","3":"status-publish","4":"has-post-thumbnail","6":"product_cat-value-picks","7":"product_tag-certified","8":"product_tag-god-of-fortune","9":"product_tag-new-arrivals","10":"product_tag-pendant","11":"product_tag-traditional","12":"product_tag-type-a-jadeite","13":"product_tag-unisex","15":"first","16":"outofstock","17":"sale","18":"shipping-taxable","19":"purchasable","20":"product-type-simple"},"_links":{"self":[{"href":"https:\/\/shop.yipinqian.com\/pt\/wp-json\/wp\/v2\/product\/17026","targetHints":{"allow":["GET"]}}],"collection":[{"href":"https:\/\/shop.yipinqian.com\/pt\/wp-json\/wp\/v2\/product"}],"about":[{"href":"https:\/\/shop.yipinqian.com\/pt\/wp-json\/wp\/v2\/types\/product"}],"replies":[{"embeddable":true,"href":"https:\/\/shop.yipinqian.com\/pt\/wp-json\/wp\/v2\/comments?post=17026"}],"version-history":[{"count":0,"href":"https:\/\/shop.yipinqian.com\/pt\/wp-json\/wp\/v2\/product\/17026\/revisions"}],"wp:featuredmedia":[{"embeddable":true,"href":"https:\/\/shop.yipinqian.com\/pt\/wp-json\/wp\/v2\/media\/17033"}],"wp:attachment":[{"href":"https:\/\/shop.yipinqian.com\/pt\/wp-json\/wp\/v2\/media?parent=17026"}],"wp:term":[{"taxonomy":"product_brand","embeddable":true,"href":"https:\/\/shop.yipinqian.com\/pt\/wp-json\/wp\/v2\/product_brand?post=17026"},{"taxonomy":"product_cat","embeddable":true,"href":"https:\/\/shop.yipinqian.com\/pt\/wp-json\/wp\/v2\/product_cat?post=17026"},{"taxonomy":"product_tag","embeddable":true,"href":"https:\/\/shop.yipinqian.com\/pt\/wp-json\/wp\/v2\/product_tag?post=17026"}],"curies":[{"name":"wp","href":"https:\/\/api.w.org\/{rel}","templated":true}]}}