{"id":1702,"date":"2024-10-24T23:21:36","date_gmt":"2024-10-24T15:21:36","guid":{"rendered":"https:\/\/shop.yipinqian.com\/product\/quality-black-natural-type-a-jadeite-jade-crafted-as-7-8mm-98-beads-as-necklace-or-bracelet-with-certificate-weigh-84-08-grams-bracelet21\/"},"modified":"2025-02-17T00:04:14","modified_gmt":"2025-02-16T16:04:14","slug":"quality-black-natural-type-a-jadeite-jade-crafted-as-7-8mm-98-beads-as-necklace-or-bracelet-with-certificate-weigh-84-08-grams-bracelet21","status":"publish","type":"product","link":"https:\/\/shop.yipinqian.com\/pt\/produto\/quality-black-natural-type-a-jadeite-jade-crafted-as-7-8mm-98-beads-as-necklace-or-bracelet-with-certificate-weigh-84-08-grams-bracelet21\/","title":{"rendered":"Jade\u00edta preta natural tipo A de qualidade, trabalhada com 7,8 mm * 98 contas como colar ou pulseira com certificado, pesando 84,08 gramas (bracelet21)"},"content":{"rendered":"<p>Esta pulseira\/colar de jade\u00edta preta natural tipo A de qualidade \u00e9 um acess\u00f3rio de joia deslumbrante que pesa 84,08 gramas e \u00e9 feito de 7,8 mm * 98 contas.<\/p>\n<p><\/p>\n<p>N\u00fameros de certificado: GD2110H013004<\/p>\n<ul>\n<li>\n<strong>Garantia de autenticidade:<\/strong> Esta pe\u00e7a vem com um certificado de autenticidade que garante sua origem natural, jade\u00edte, e seu artesanato.<\/li>\n<li>\n<strong>Tipo de jade:<\/strong> A pulseira\/colar \u00e9 feita de elegante jade\u00edta preta natural Tipo A, o que garante sua qualidade e valor superiores.<\/li>\n<li>\n<strong>Design dur\u00e1vel:<\/strong> A constru\u00e7\u00e3o dur\u00e1vel desta pe\u00e7a a torna perfeita para uso di\u00e1rio, tornando-a um complemento essencial para qualquer cole\u00e7\u00e3o.<\/li>\n<\/ul>\n<p>Este acess\u00f3rio de joia unissex de Myanmar ostenta seu belo artesanato como um colar ou pulseira deslumbrante que combina com qualquer ocasi\u00e3o. Observe que este produto n\u00e3o oferece prote\u00e7\u00e3o do tipo garantia; no entanto, a qualidade e a durabilidade garantem longevidade com o cuidado adequado.<\/p>\n<p><\/p>\n<p><strong>A jade\u00edta natural n\u00e3o \u00e9 perfeita, apenas um lembrete gentil, nossa jade\u00edta natural, como todas as coisas bonitas da natureza, vem com suas caracter\u00edsticas e varia\u00e7\u00f5es \u00fanicas. Convidamos nossos valiosos clientes a abra\u00e7ar essas varia\u00e7\u00f5es naturais. Boas compras!<\/strong><\/p>\n<p><\/p>\n<p><strong><u>Nenhuma das fotos e filmagens de v\u00eddeo foram filtradas. Incentivamos nossos clientes a tamb\u00e9m assistirem aos v\u00eddeos que os acompanham para uma vis\u00e3o mais abrangente de nossos produtos<\/u><\/strong><\/p>","protected":false},"excerpt":{"rendered":"<p>Esta pulseira\/colar de jade\u00edte natural preta tipo A de qualidade \u00e9 um acess\u00f3rio de joia deslumbrante que pesa 84,08 gramas e \u00e9 feito de contas de 7,8 mm * 98. N\u00fameros de certificado: GD2110H013004 Garantia de autenticidade: Esta pe\u00e7a vem com um certificado de autenticidade que garante sua origem e artesanato de jade\u00edte natural. Tipo de jade: A pulseira\/colar apresenta elegantes [\u2026]<\/p>","protected":false},"featured_media":7207,"comment_status":"open","ping_status":"closed","template":"","meta":[],"product_brand":[],"product_cat":[121,84],"product_tag":[],"class_list":{"0":"post-1702","1":"product","2":"type-product","3":"status-publish","4":"has-post-thumbnail","6":"product_cat-bracelets-bangles","7":"product_cat-charms-and-charm-bracelet","9":"first","10":"instock","11":"sale","12":"shipping-taxable","13":"purchasable","14":"product-type-simple"},"_links":{"self":[{"href":"https:\/\/shop.yipinqian.com\/pt\/wp-json\/wp\/v2\/product\/1702","targetHints":{"allow":["GET"]}}],"collection":[{"href":"https:\/\/shop.yipinqian.com\/pt\/wp-json\/wp\/v2\/product"}],"about":[{"href":"https:\/\/shop.yipinqian.com\/pt\/wp-json\/wp\/v2\/types\/product"}],"replies":[{"embeddable":true,"href":"https:\/\/shop.yipinqian.com\/pt\/wp-json\/wp\/v2\/comments?post=1702"}],"version-history":[{"count":0,"href":"https:\/\/shop.yipinqian.com\/pt\/wp-json\/wp\/v2\/product\/1702\/revisions"}],"wp:featuredmedia":[{"embeddable":true,"href":"https:\/\/shop.yipinqian.com\/pt\/wp-json\/wp\/v2\/media\/7207"}],"wp:attachment":[{"href":"https:\/\/shop.yipinqian.com\/pt\/wp-json\/wp\/v2\/media?parent=1702"}],"wp:term":[{"taxonomy":"product_brand","embeddable":true,"href":"https:\/\/shop.yipinqian.com\/pt\/wp-json\/wp\/v2\/product_brand?post=1702"},{"taxonomy":"product_cat","embeddable":true,"href":"https:\/\/shop.yipinqian.com\/pt\/wp-json\/wp\/v2\/product_cat?post=1702"},{"taxonomy":"product_tag","embeddable":true,"href":"https:\/\/shop.yipinqian.com\/pt\/wp-json\/wp\/v2\/product_tag?post=1702"}],"curies":[{"name":"wp","href":"https:\/\/api.w.org\/{rel}","templated":true}]}}