{"id":1700,"date":"2024-10-24T23:21:36","date_gmt":"2024-10-24T15:21:36","guid":{"rendered":"https:\/\/shop.yipinqian.com\/product\/premium-yellow-natural-type-a-jadeite-pendant-necklace-crafted-as-pixiu-with-ruyi-and-coin-certificate-included-weigh-39-48-grams-measurement-56-8-28-8-13-mm-suitable-for-daily-wear-and-collectible-pe\/"},"modified":"2025-02-17T00:04:14","modified_gmt":"2025-02-16T16:04:14","slug":"premium-yellow-natural-type-a-jadeite-pendant-necklace-crafted-as-pixiu-with-ruyi-and-coin-certificate-included-weigh-39-48-grams-measurement-56-8-28-8-13-mm-suitable-for-daily-wear-and-collectible-pe","status":"publish","type":"product","link":"https:\/\/shop.yipinqian.com\/pt\/produto\/premium-yellow-natural-type-a-jadeite-pendant-necklace-crafted-as-pixiu-with-ruyi-and-coin-certificate-included-weigh-39-48-grams-measurement-56-8-28-8-13-mm-suitable-for-daily-wear-and-collectible-pe\/","title":{"rendered":"Colar com pingente de jade\u00edta natural amarela premium tipo A, feito como Pixiu com Ruyi e moeda, certificado incluso, pesa 39,48 gramas, mede 56,8 * 28,8 * 13 mm, adequado para uso di\u00e1rio e colecion\u00e1vel (pendant41)"},"content":{"rendered":"<p>Eleve sua cole\u00e7\u00e3o de joias com este colar com pingente de jade\u00edta natural amarela premium tipo A, criado como um Pixiu com Ruyi e moeda. O pingente pesa <strong>39,48 gramas<\/strong> e medidas<strong> 56,8 * 28,8 * 13 mil\u00edmetros<\/strong>, tornando-o um acess\u00f3rio ideal para uso di\u00e1rio ou para fins colecion\u00e1veis.<\/p>\n<ul>\n<li>\n<strong>Aut\u00eantico e certificado:<\/strong> Este colar com pingente de jade\u00edta vem com um certificado de autenticidade para garantir sua qualidade premium.<\/li>\n<\/ul>\n<p><strong>N\u00fameros de certificado: GD2111H005247<\/strong><\/p>\n<p><img fetchpriority=\"high\" decoding=\"async\" height=\"1080\" src=\"https:\/\/shop.yipinqian.com\/wp-content\/uploads\/2024\/10\/db6fbf8b09a4e0b6042aca19d749fa23.jpg?from=476444299\" width=\"1080\"><\/p>\n<ul>\n<li>\n<strong>Feito com perfei\u00e7\u00e3o:<\/strong> O design Pixiu \u00e9 complementado pelos motivos Ruyi e Coin, tornando este colar uma obra de arte deslumbrante para adicionar \u00e0 sua cole\u00e7\u00e3o.<\/li>\n<li>\n<strong>Jade de qualidade premium:<\/strong> Este colar \u00e9 feito com jade\u00edta natural Tipo A de Mianmar, garantindo sua qualidade premium que durar\u00e1 anos.<\/li>\n<\/ul>\n<p>Esta pe\u00e7a unissex vem em um estilo casual que complementar\u00e1 qualquer roupa que voc\u00ea use diariamente ou em ocasi\u00f5es especiais, sem comprometer o estilo ou o conforto.\u00a0<\/p>\n<ul>\n<li>\n<strong>OCASI\u00c3O:<\/strong>Desgaste di\u00e1rio<\/li>\n<\/ul>\n<p>Adicione este colar com pingente de jade\u00edta natural amarela tipo A premium \u00e0 sua caixa de joias hoje mesmo!<\/p>\n<p>\u00a0<\/p>\n<p>Yi Pin Qian \u2013 Um negociante de pedras preciosas e metais preciosos em Cingapura \u2013 N\u00famero de licen\u00e7a PS20190000031<\/p>\n<p>\u00a0<\/p>\n<p>*Todos os Jadeites comprados de Yi Pin Qian em Cingapura, os clientes podem reservar hor\u00e1rios para polimento ou pequenos reparos por manuseio incorreto - taxas se aplicam e somente para clientes de Yi Pin Qian em Cingapura*<\/p>\n<p>\u00a0<\/p>\n<p><strong>**Tipos de Certificados**<\/strong><\/p>\n<p>\u00a0<\/p>\n<p><strong>NGI (Nan Yang Gemol\u00f3gico)<\/strong><\/p>\n<p>ou <strong>Certificados no exterior <\/strong>(Yi Pin Qian usa apenas certificados aut\u00eanticos de laborat\u00f3rios estrangeiros e tamb\u00e9m controla a qualidade de cada um dos nossos produtos antes de coloc\u00e1-los \u00e0 venda em Cingapura)<\/p>\n<p>\u00a0<\/p>\n<p>Cada produto no TikTok ter\u00e1 o tipo de certificado fornecido indicado na descri\u00e7\u00e3o. Para qualquer cliente que deseje enviar seu pedido para a NGI Singapore, haver\u00e1 um tempo de espera para entrega do pedido estimado em torno de 4 semanas para receber seu pedido. <strong>As solicita\u00e7\u00f5es de relat\u00f3rios da NGI Gemstone precisam ser feitas por mensagem para a loja Yi Pin Qian TikTok.<\/strong> Obrigado, <strong><u>taxas extras se aplicam<\/u><\/strong>.<\/p>\n<p>\u00a0<\/p>\n<p><strong>A jade\u00edta natural n\u00e3o \u00e9 perfeita, apenas um lembrete gentil, nossa jade\u00edta natural, como todas as coisas bonitas da natureza, vem com suas caracter\u00edsticas e varia\u00e7\u00f5es \u00fanicas. Convidamos nossos valiosos clientes a abra\u00e7ar essas varia\u00e7\u00f5es naturais. Boas compras!<\/strong><\/p>\n<p>\u00a0<\/p>\n<p><strong><u>Nenhuma das fotos e filmagens de v\u00eddeo foram filtradas. Incentivamos nossos clientes a tamb\u00e9m assistirem aos v\u00eddeos que os acompanham para uma vis\u00e3o mais abrangente de nossos produtos<\/u><\/strong><\/p>","protected":false},"excerpt":{"rendered":"<p>Eleve sua cole\u00e7\u00e3o de joias com este colar com pingente de jade\u00edta natural amarela premium tipo A, criado como um Pixiu com Ruyi e moeda. O pingente pesa 39,48 gramas e mede 56,8 * 28,8 * 13 mm, tornando-o um acess\u00f3rio ideal para uso di\u00e1rio ou para fins colecion\u00e1veis. Aut\u00eantico e certificado: este colar com pingente de jade\u00edta vem com [\u2026]<\/p>","protected":false},"featured_media":7199,"comment_status":"open","ping_status":"closed","template":"","meta":[],"product_brand":[],"product_cat":[48],"product_tag":[],"class_list":{"0":"post-1700","1":"product","2":"type-product","3":"status-publish","4":"has-post-thumbnail","6":"product_cat-pendants","8":"first","9":"instock","10":"sale","11":"shipping-taxable","12":"purchasable","13":"product-type-simple"},"_links":{"self":[{"href":"https:\/\/shop.yipinqian.com\/pt\/wp-json\/wp\/v2\/product\/1700","targetHints":{"allow":["GET"]}}],"collection":[{"href":"https:\/\/shop.yipinqian.com\/pt\/wp-json\/wp\/v2\/product"}],"about":[{"href":"https:\/\/shop.yipinqian.com\/pt\/wp-json\/wp\/v2\/types\/product"}],"replies":[{"embeddable":true,"href":"https:\/\/shop.yipinqian.com\/pt\/wp-json\/wp\/v2\/comments?post=1700"}],"version-history":[{"count":0,"href":"https:\/\/shop.yipinqian.com\/pt\/wp-json\/wp\/v2\/product\/1700\/revisions"}],"wp:featuredmedia":[{"embeddable":true,"href":"https:\/\/shop.yipinqian.com\/pt\/wp-json\/wp\/v2\/media\/7199"}],"wp:attachment":[{"href":"https:\/\/shop.yipinqian.com\/pt\/wp-json\/wp\/v2\/media?parent=1700"}],"wp:term":[{"taxonomy":"product_brand","embeddable":true,"href":"https:\/\/shop.yipinqian.com\/pt\/wp-json\/wp\/v2\/product_brand?post=1700"},{"taxonomy":"product_cat","embeddable":true,"href":"https:\/\/shop.yipinqian.com\/pt\/wp-json\/wp\/v2\/product_cat?post=1700"},{"taxonomy":"product_tag","embeddable":true,"href":"https:\/\/shop.yipinqian.com\/pt\/wp-json\/wp\/v2\/product_tag?post=1700"}],"curies":[{"name":"wp","href":"https:\/\/api.w.org\/{rel}","templated":true}]}}