{"id":1697,"date":"2024-10-24T23:21:35","date_gmt":"2024-10-24T15:21:35","guid":{"rendered":"https:\/\/shop.yipinqian.com\/product\/premium-semi-icy-with-light-green-hue-natural-type-a-jadeite-jade-crafted-with-pixiu-as-a-pendant-certificate-included-weigh-12-61-grams-measurement-492-17-1-8-7-mm-pendant202\/"},"modified":"2025-02-24T01:17:27","modified_gmt":"2025-02-23T17:17:27","slug":"premium-semi-icy-with-light-green-hue-natural-type-a-jadeite-jade-crafted-with-pixiu-as-a-pendant-certificate-included-weigh-12-61-grams-measurement-492-17-1-8-7-mm-pendant202","status":"publish","type":"product","link":"https:\/\/shop.yipinqian.com\/pt\/produto\/premium-semi-icy-with-light-green-hue-natural-type-a-jadeite-jade-crafted-with-pixiu-as-a-pendant-certificate-included-weigh-12-61-grams-measurement-492-17-1-8-7-mm-pendant202\/","title":{"rendered":"Jade\u00edta Natural Tipo A Semi Gelada Premium com Tom Verde Claro, trabalhada com Pixiu como pingente, certificado incluso, pesa 12,61 gramas, medida 492. * 17,1 * 8,7 mm (pendant202)"},"content":{"rendered":"<p>Melhore sua cole\u00e7\u00e3o de joias com este requintado pingente Premium Semi Icy com Light Green Hue Natural Type A Jadeite Jade feito com Pixiu e pesando 12,61 gramas. Feito em Myanmar, este pingente vem com um certificado de autenticidade.<\/p>\n<p><\/p>\n<p>N\u00fameros de certificado: GD2203H015977<\/p>\n<ul>\n<li>\n<strong>Jade\u00edta natural tipo A:<\/strong> Este colar \u00e9 feito de jade\u00edta natural tipo A de alta qualidade, conhecida por sua qualidade e durabilidade superiores.<\/li>\n<li>\n<strong>Pixiu Design:<\/strong> Feito com o design Pixiu, que segundo a mitologia chinesa traz boa sorte e riqueza.<\/li>\n<li>\n<strong>Apar\u00eancia hipnotizante:<\/strong> O tom verde-claro semi-gelo do jade certamente chamar\u00e1 a aten\u00e7\u00e3o por onde voc\u00ea passar.<\/li>\n<\/ul>\n<p>Este colar casual unissex \u00e9 perfeito para uso di\u00e1rio e \u00e9 um \u00f3timo presente para entes queridos ou como um acr\u00e9scimo \u00e0 sua pr\u00f3pria cole\u00e7\u00e3o de joias. O pingente mede 492 * 17,1 * 8,7 mm (pendant202), tornando-o o tamanho perfeito para usar em qualquer ocasi\u00e3o sem ser muito pesado ou intrusivo.<\/p>\n<ul>\n<li>\n<strong>Certificado inclu\u00eddo:<\/strong> Este produto vem com um certificado de autenticidade para que voc\u00ea tenha certeza de que ele \u00e9 feito de materiais genu\u00ednos<\/li>\n<li>\n<strong>Nenhuma garantia inclu\u00edda: <\/strong>Este produto n\u00e3o vem incluso nenhum tipo de garantia<\/li>\n<\/ul>\n<p>Eleve seu estilo sem esfor\u00e7o adicionando este deslumbrante pingente de jade\u00edta natural semi-gelada premium tipo A, criado com design Pixiu, \u00e0 sua rotina di\u00e1ria de acess\u00f3rios!<\/p>\n<p><\/p>\n<p>Yi Pin Qian \u2013 Um negociante de pedras preciosas e metais preciosos em Cingapura \u2013 N\u00famero de licen\u00e7a PS20190000031<\/p>\n<p><\/p>\n<p>*Todos os Jadeites comprados de Yi Pin Qian em Cingapura, os clientes podem reservar hor\u00e1rios para polimento ou pequenos reparos por manuseio incorreto - taxas se aplicam e somente para clientes de Yi Pin Qian em Cingapura*<\/p>\n<p><\/p>\n<p><strong>**Tipos de Certificados**<\/strong><\/p>\n<p><\/p>\n<p><strong>NGI (Nan Yang Gemol\u00f3gico)<\/strong><\/p>\n<p>ou <strong>Certificados no exterior <\/strong>(Yi Pin Qian usa apenas certificados aut\u00eanticos de laborat\u00f3rios estrangeiros e tamb\u00e9m controla a qualidade de cada um dos nossos produtos antes de coloc\u00e1-los \u00e0 venda em Cingapura)<\/p>\n<p><\/p>\n<p>Cada produto no TikTok ter\u00e1 o tipo de certificado fornecido indicado na descri\u00e7\u00e3o. Para qualquer cliente que deseje enviar seu pedido para a NGI Singapore, haver\u00e1 um tempo de espera para entrega do pedido estimado em torno de 4 semanas para receber seu pedido. <strong>As solicita\u00e7\u00f5es de relat\u00f3rios da NGI Gemstone precisam ser feitas por mensagem para a loja Yi Pin Qian TikTok.<\/strong> Obrigado, <strong><u>taxas extras se aplicam<\/u><\/strong>.<\/p>\n<p><\/p>\n<p><strong>A jade\u00edta natural n\u00e3o \u00e9 perfeita, apenas um lembrete gentil, nossa jade\u00edta natural, como todas as coisas bonitas da natureza, vem com suas caracter\u00edsticas e varia\u00e7\u00f5es \u00fanicas. Convidamos nossos valiosos clientes a abra\u00e7ar essas varia\u00e7\u00f5es naturais. Boas compras!<\/strong><\/p>\n<p><\/p>\n<p><strong><u>Nenhuma das fotos e filmagens de v\u00eddeo foram filtradas. Incentivamos nossos clientes a tamb\u00e9m assistirem aos v\u00eddeos que os acompanham para uma vis\u00e3o mais abrangente de nossos produtos<\/u><\/strong><\/p>","protected":false},"excerpt":{"rendered":"<p>Enhance your jewelry collection with this exquisite Premium Semi Icy with Light Green Hue Natural Type A Jadeite Jade pendant crafted with Pixiu and weighing 12.61 grams. Made in Myanmar, this pendant comes with a certificate of authenticity. Certificate numbers: GD2203H015977 Natural Type A Jadeite: This necklace is made of high-quality natural type A jadeite, [&hellip;]<\/p>","protected":false},"featured_media":7169,"comment_status":"open","ping_status":"closed","template":"","meta":[],"product_brand":[],"product_cat":[195],"product_tag":[],"class_list":{"0":"post-1697","1":"product","2":"type-product","3":"status-publish","4":"has-post-thumbnail","6":"product_cat-heirloom-grade","8":"first","9":"instock","10":"sale","11":"shipping-taxable","12":"purchasable","13":"product-type-simple"},"_links":{"self":[{"href":"https:\/\/shop.yipinqian.com\/pt\/wp-json\/wp\/v2\/product\/1697","targetHints":{"allow":["GET"]}}],"collection":[{"href":"https:\/\/shop.yipinqian.com\/pt\/wp-json\/wp\/v2\/product"}],"about":[{"href":"https:\/\/shop.yipinqian.com\/pt\/wp-json\/wp\/v2\/types\/product"}],"replies":[{"embeddable":true,"href":"https:\/\/shop.yipinqian.com\/pt\/wp-json\/wp\/v2\/comments?post=1697"}],"version-history":[{"count":0,"href":"https:\/\/shop.yipinqian.com\/pt\/wp-json\/wp\/v2\/product\/1697\/revisions"}],"wp:featuredmedia":[{"embeddable":true,"href":"https:\/\/shop.yipinqian.com\/pt\/wp-json\/wp\/v2\/media\/7169"}],"wp:attachment":[{"href":"https:\/\/shop.yipinqian.com\/pt\/wp-json\/wp\/v2\/media?parent=1697"}],"wp:term":[{"taxonomy":"product_brand","embeddable":true,"href":"https:\/\/shop.yipinqian.com\/pt\/wp-json\/wp\/v2\/product_brand?post=1697"},{"taxonomy":"product_cat","embeddable":true,"href":"https:\/\/shop.yipinqian.com\/pt\/wp-json\/wp\/v2\/product_cat?post=1697"},{"taxonomy":"product_tag","embeddable":true,"href":"https:\/\/shop.yipinqian.com\/pt\/wp-json\/wp\/v2\/product_tag?post=1697"}],"curies":[{"name":"wp","href":"https:\/\/api.w.org\/{rel}","templated":true}]}}