{"id":1688,"date":"2024-10-24T23:21:28","date_gmt":"2024-10-24T15:21:28","guid":{"rendered":"https:\/\/shop.yipinqian.com\/product\/premium-quality-yellow-natural-type-a-jadeite-jade-set-on-18k-gold-with-diamonds-as-a-pendant-necklace-with-certificate-weigh-8-58-grams-measurement-47-6-25-5-7mm-18kp11\/"},"modified":"2025-02-24T01:34:17","modified_gmt":"2025-02-23T17:34:17","slug":"premium-quality-yellow-natural-type-a-jadeite-jade-set-on-18k-gold-with-diamonds-as-a-pendant-necklace-with-certificate-weigh-8-58-grams-measurement-47-6-25-5-7mm-18kp11","status":"publish","type":"product","link":"https:\/\/shop.yipinqian.com\/pt\/produto\/premium-quality-yellow-natural-type-a-jadeite-jade-set-on-18k-gold-with-diamonds-as-a-pendant-necklace-with-certificate-weigh-8-58-grams-measurement-47-6-25-5-7mm-18kp11\/","title":{"rendered":"Jade\u00edte natural amarela tipo A de qualidade premium cravejada em ouro 18k com diamantes como um colar pingente com certificado pesando 8,58 gramas, medindo 47,6 * 25,5 * 7 mm (18kp11)"},"content":{"rendered":"<p>Eleve sua cole\u00e7\u00e3o de joias com este deslumbrante colar com pingente de Jade\u00edta Natural Amarela Tipo A de qualidade Premium, cravejado em Ouro 18k com diamantes. Pesando 8,58 gramas e medindo 47,6 * 25,5 * 7 mm (18kp11), este colar \u00e9 uma verdadeira obra-prima.<\/p>\n<p><\/p>\n<p><strong>N\u00fameros de certificado: GD2110H016124<\/strong><\/p>\n<p><\/p>\n<p><strong>Diamantes: 0,005 redondo * 3, 0,01 redondo *<em> 2, 0.003 *<\/em> 30(s)<\/strong><\/p>\n<p><strong>Rubi verde: 2 * 0,005<\/strong><\/p>\n<p><strong>Ouro 18k com diamantes Peso: 2,37 gramas<\/strong><\/p>\n<p><strong>Jade\u00edta: 6,21 gramas<\/strong><\/p>\n<p><\/p>\n<ul>\n<li>\n<strong>Material de alta qualidade:<\/strong> Feito de jade natural tipo A, o pingente \u00e9 cravejado em ouro PT\/quilates de alta qualidade e adornado com diamantes brilhantes.<\/li>\n<li>\n<strong>Com Certificado:<\/strong> O colar vem com um certificado de autenticidade garantindo que a qualidade do produto \u00e9 fiel \u00e0 sua descri\u00e7\u00e3o.<\/li>\n<li>\n<strong>Estilo elegante:<\/strong> Este colar unissex apresenta um design elegante que pode complementar qualquer roupa di\u00e1ria para qualquer ocasi\u00e3o.<\/li>\n<\/ul>\n<p>Feito em Mianmar, este colar com pingente de jade\u00edta amarela natural tipo A de qualidade premium \u00e9 uma adi\u00e7\u00e3o requintada \u00e0 sua cole\u00e7\u00e3o de joias que voc\u00ea poder\u00e1 guardar por muitos anos.<\/p>\n<p><\/p>\n<p>Yi Pin Qian \u2013 Um negociante de pedras preciosas e metais preciosos em Cingapura \u2013 N\u00famero de licen\u00e7a PS20190000031<\/p>\n<p><\/p>\n<p>*Todos os Jadeites comprados de Yi Pin Qian em Cingapura, os clientes podem reservar hor\u00e1rios para polimento ou pequenos reparos por manuseio incorreto - taxas se aplicam e somente para clientes de Yi Pin Qian em Cingapura*<\/p>\n<p><\/p>\n<p><strong>**Tipos de Certificados**<\/strong><\/p>\n<p><\/p>\n<p><strong>NGI (Nan Yang Gemol\u00f3gico)<\/strong><\/p>\n<p>ou <strong>Certificados no exterior <\/strong>(Yi Pin Qian usa apenas certificados aut\u00eanticos de laborat\u00f3rios estrangeiros e tamb\u00e9m controla a qualidade de cada um dos nossos produtos antes de coloc\u00e1-los \u00e0 venda em Cingapura)<\/p>\n<p><\/p>\n<p>Cada produto no TikTok ter\u00e1 o tipo de certificado fornecido indicado na descri\u00e7\u00e3o. Para qualquer cliente que deseje enviar seu pedido para a NGI Singapore, haver\u00e1 um tempo de espera para entrega do pedido estimado em torno de 4 semanas para receber seu pedido. <strong>As solicita\u00e7\u00f5es de relat\u00f3rios da NGI Gemstone precisam ser feitas por mensagem para a loja Yi Pin Qian TikTok.<\/strong> Obrigado, <strong><u>taxas extras se aplicam<\/u><\/strong>.<\/p>\n<p><\/p>\n<p><strong>A jade\u00edta natural n\u00e3o \u00e9 perfeita, apenas um lembrete gentil, nossa jade\u00edta natural, como todas as coisas bonitas da natureza, vem com suas caracter\u00edsticas e varia\u00e7\u00f5es \u00fanicas. Convidamos nossos valiosos clientes a abra\u00e7ar essas varia\u00e7\u00f5es naturais. Boas compras!<\/strong><\/p>\n<p><\/p>\n<p><strong><u>Nenhuma das fotos e filmagens de v\u00eddeo foram filtradas. Incentivamos nossos clientes a tamb\u00e9m assistirem aos v\u00eddeos que os acompanham para uma vis\u00e3o mais abrangente de nossos produtos<\/u><\/strong><\/p>","protected":false},"excerpt":{"rendered":"<p>Elevate your jewelry collection with this stunning Premium quality Yellow Natural Type A Jadeite Jade pendant necklace, set on 18k Gold with diamonds. Weighing 8.58 grams and measuring 47.6 * 25.5 * 7mm (18kp11), this necklace is a true masterpiece. Certificate numbers: GD2110H016124 Diamonds: 0.005 round * 3, 0.01 round * 2, 0.003 * 30(s) [&hellip;]<\/p>","protected":false},"featured_media":7103,"comment_status":"open","ping_status":"closed","template":"","meta":[],"product_brand":[],"product_cat":[196],"product_tag":[],"class_list":{"0":"post-1688","1":"product","2":"type-product","3":"status-publish","4":"has-post-thumbnail","6":"product_cat-vault-collection","8":"first","9":"instock","10":"sale","11":"shipping-taxable","12":"purchasable","13":"product-type-simple"},"_links":{"self":[{"href":"https:\/\/shop.yipinqian.com\/pt\/wp-json\/wp\/v2\/product\/1688","targetHints":{"allow":["GET"]}}],"collection":[{"href":"https:\/\/shop.yipinqian.com\/pt\/wp-json\/wp\/v2\/product"}],"about":[{"href":"https:\/\/shop.yipinqian.com\/pt\/wp-json\/wp\/v2\/types\/product"}],"replies":[{"embeddable":true,"href":"https:\/\/shop.yipinqian.com\/pt\/wp-json\/wp\/v2\/comments?post=1688"}],"version-history":[{"count":0,"href":"https:\/\/shop.yipinqian.com\/pt\/wp-json\/wp\/v2\/product\/1688\/revisions"}],"wp:featuredmedia":[{"embeddable":true,"href":"https:\/\/shop.yipinqian.com\/pt\/wp-json\/wp\/v2\/media\/7103"}],"wp:attachment":[{"href":"https:\/\/shop.yipinqian.com\/pt\/wp-json\/wp\/v2\/media?parent=1688"}],"wp:term":[{"taxonomy":"product_brand","embeddable":true,"href":"https:\/\/shop.yipinqian.com\/pt\/wp-json\/wp\/v2\/product_brand?post=1688"},{"taxonomy":"product_cat","embeddable":true,"href":"https:\/\/shop.yipinqian.com\/pt\/wp-json\/wp\/v2\/product_cat?post=1688"},{"taxonomy":"product_tag","embeddable":true,"href":"https:\/\/shop.yipinqian.com\/pt\/wp-json\/wp\/v2\/product_tag?post=1688"}],"curies":[{"name":"wp","href":"https:\/\/api.w.org\/{rel}","templated":true}]}}