{"id":1687,"date":"2024-10-24T23:21:27","date_gmt":"2024-10-24T15:21:27","guid":{"rendered":"https:\/\/shop.yipinqian.com\/product\/premium-quality-yellow-natural-type-a-jadeite-jade-crafted-with-dragon-as-pendant-certificate-weighs-53-72-grams-measurement-67-3-37-5-12-9-mm-pendant240\/"},"modified":"2025-02-24T01:34:17","modified_gmt":"2025-02-23T17:34:17","slug":"premium-quality-yellow-natural-type-a-jadeite-jade-crafted-with-dragon-as-pendant-certificate-weighs-53-72-grams-measurement-67-3-37-5-12-9-mm-pendant240","status":"publish","type":"product","link":"https:\/\/shop.yipinqian.com\/pt\/produto\/premium-quality-yellow-natural-type-a-jadeite-jade-crafted-with-dragon-as-pendant-certificate-weighs-53-72-grams-measurement-67-3-37-5-12-9-mm-pendant240\/","title":{"rendered":"Jade\u00edte natural amarela tipo A de qualidade premium, trabalhada com pingente de drag\u00e3o, o certificado pesa 53,72 gramas, medindo 67,3 * 37,5 * 12,9 mm (pendant240)"},"content":{"rendered":"<p>Este pingente de jade\u00edta amarela natural tipo A de qualidade premium apresenta um design de drag\u00e3o lindamente trabalhado, o que o torna uma joia deslumbrante.<\/p>\n<p><\/p>\n<p>N\u00fameros de certificado: GD2110H018186<\/p>\n<ul>\n<li>\n<strong>Peso e Medidas:<\/strong> Pesando 53,72 gramas, o pingente mede 67,3 x 37,5 x 12,9 mm, acrescentando um toque requintado a qualquer roupa.<\/li>\n<li>\n<strong>Certificado:<\/strong> Vem com um certificado para autenticar a qualidade e origem do jade.<\/li>\n<li>\n<strong>Tipo de Jade:<\/strong> Feito de jade\u00edta genu\u00edna, proveniente de Mianmar por sua autenticidade e qualidade.<\/li>\n<\/ul>\n<p>Este colar \u00e9 perfeito para diversas ocasi\u00f5es devido ao seu simbolismo auspicioso, tornando-o um acess\u00f3rio ideal para homens e mulheres com seu design unissex.<\/p>\n<ul>\n<li>\n<strong>Ocasi\u00e3o:<\/strong> Auspicioso<\/li>\n<li>\n<strong>Tipo de Jade:<\/strong>Jade\u00edta<\/li>\n<\/ul>\n<p>O estilo elegante do colar acrescenta sofistica\u00e7\u00e3o a qualquer traje, ao mesmo tempo em que destaca a beleza do jade natural em um design exclusivo de pingente de drag\u00e3o.<\/p>\n<ul>\n<li>Nenhuma garantia inclu\u00edda<\/li>\n<\/ul>\n<p>Yi Pin Qian \u2013 Um negociante de pedras preciosas e metais preciosos em Cingapura \u2013 N\u00famero de licen\u00e7a PS20190000031<\/p>\n<p><\/p>\n<p>*Todos os Jadeites comprados de Yi Pin Qian em Cingapura, os clientes podem reservar hor\u00e1rios para polimento ou pequenos reparos por manuseio incorreto - taxas se aplicam e somente para clientes de Yi Pin Qian em Cingapura*<\/p>\n<p><\/p>\n<p><strong>**Tipos de Certificados**<\/strong><\/p>\n<p><\/p>\n<p><strong>NGI (Nan Yang Gemol\u00f3gico)<\/strong><\/p>\n<p>ou <strong>Certificados no exterior <\/strong>(Yi Pin Qian usa apenas certificados aut\u00eanticos de laborat\u00f3rios estrangeiros e tamb\u00e9m controla a qualidade de cada um dos nossos produtos antes de coloc\u00e1-los \u00e0 venda em Cingapura)<\/p>\n<p><\/p>\n<p>Cada produto no TikTok ter\u00e1 o tipo de certificado fornecido indicado na descri\u00e7\u00e3o. Para qualquer cliente que deseje enviar seu pedido para a NGI Singapore, haver\u00e1 um tempo de espera para entrega do pedido estimado em torno de 4 semanas para receber seu pedido. <strong>As solicita\u00e7\u00f5es de relat\u00f3rios da NGI Gemstone precisam ser feitas por mensagem para a loja Yi Pin Qian TikTok.<\/strong> Obrigado, <strong><u>taxas extras se aplicam<\/u><\/strong>.<\/p>\n<p><\/p>\n<p><strong>A jade\u00edta natural n\u00e3o \u00e9 perfeita, apenas um lembrete gentil, nossa jade\u00edta natural, como todas as coisas bonitas da natureza, vem com suas caracter\u00edsticas e varia\u00e7\u00f5es \u00fanicas. Convidamos nossos valiosos clientes a abra\u00e7ar essas varia\u00e7\u00f5es naturais. Boas compras!<\/strong><\/p>\n<p><\/p>\n<p><strong><u>Nenhuma das fotos e filmagens de v\u00eddeo foram filtradas. Incentivamos nossos clientes a tamb\u00e9m assistirem aos v\u00eddeos que os acompanham para uma vis\u00e3o mais abrangente de nossos produtos<\/u><\/strong><\/p>","protected":false},"excerpt":{"rendered":"<p>This Premium Quality Yellow Natural Type A Jadeite Jade pendant features a beautifully crafted Dragon design, making it a stunning piece of jewelry. Certificate numbers: GD2110H018186 Weight and Measurement: Weighing 53.72 grams, the pendant measures 67.3 x 37.5 x 12.9 mm, adding an exquisite touch to any outfit. Certificate: Comes with a certificate to authenticate [&hellip;]<\/p>","protected":false},"featured_media":7086,"comment_status":"open","ping_status":"closed","template":"","meta":[],"product_brand":[],"product_cat":[196],"product_tag":[],"class_list":{"0":"post-1687","1":"product","2":"type-product","3":"status-publish","4":"has-post-thumbnail","6":"product_cat-vault-collection","8":"first","9":"instock","10":"sale","11":"shipping-taxable","12":"purchasable","13":"product-type-simple"},"_links":{"self":[{"href":"https:\/\/shop.yipinqian.com\/pt\/wp-json\/wp\/v2\/product\/1687","targetHints":{"allow":["GET"]}}],"collection":[{"href":"https:\/\/shop.yipinqian.com\/pt\/wp-json\/wp\/v2\/product"}],"about":[{"href":"https:\/\/shop.yipinqian.com\/pt\/wp-json\/wp\/v2\/types\/product"}],"replies":[{"embeddable":true,"href":"https:\/\/shop.yipinqian.com\/pt\/wp-json\/wp\/v2\/comments?post=1687"}],"version-history":[{"count":0,"href":"https:\/\/shop.yipinqian.com\/pt\/wp-json\/wp\/v2\/product\/1687\/revisions"}],"wp:featuredmedia":[{"embeddable":true,"href":"https:\/\/shop.yipinqian.com\/pt\/wp-json\/wp\/v2\/media\/7086"}],"wp:attachment":[{"href":"https:\/\/shop.yipinqian.com\/pt\/wp-json\/wp\/v2\/media?parent=1687"}],"wp:term":[{"taxonomy":"product_brand","embeddable":true,"href":"https:\/\/shop.yipinqian.com\/pt\/wp-json\/wp\/v2\/product_brand?post=1687"},{"taxonomy":"product_cat","embeddable":true,"href":"https:\/\/shop.yipinqian.com\/pt\/wp-json\/wp\/v2\/product_cat?post=1687"},{"taxonomy":"product_tag","embeddable":true,"href":"https:\/\/shop.yipinqian.com\/pt\/wp-json\/wp\/v2\/product_tag?post=1687"}],"curies":[{"name":"wp","href":"https:\/\/api.w.org\/{rel}","templated":true}]}}