{"id":1686,"date":"2024-10-24T23:21:27","date_gmt":"2024-10-24T15:21:27","guid":{"rendered":"https:\/\/shop.yipinqian.com\/product\/premium-quality-yellow-and-green-natural-type-a-jadeite-jade-crafted-as-rooster-with-ruyi-as-pendant-necklace-with-certificate-weigh-17-7-grams-measurement-41-6-34-8-7-5-mm-pendant208\/"},"modified":"2025-02-24T00:49:52","modified_gmt":"2025-02-23T16:49:52","slug":"premium-quality-yellow-and-green-natural-type-a-jadeite-jade-crafted-as-rooster-with-ruyi-as-pendant-necklace-with-certificate-weigh-17-7-grams-measurement-41-6-34-8-7-5-mm-pendant208","status":"publish","type":"product","link":"https:\/\/shop.yipinqian.com\/pt\/produto\/premium-quality-yellow-and-green-natural-type-a-jadeite-jade-crafted-as-rooster-with-ruyi-as-pendant-necklace-with-certificate-weigh-17-7-grams-measurement-41-6-34-8-7-5-mm-pendant208\/","title":{"rendered":"Jade\u00edte natural tipo A amarelo e verde de qualidade premium, trabalhada como galo com pingente Ruyi, colar com certificado, pesa 17,7 gramas, medindo 41,6 * 34,8 * 7,5 mm (pendant208)"},"content":{"rendered":"<p>Eleve seu estilo com este colar de Jade\u00edte Natural Tipo A Amarelo e Verde de Qualidade Premium com pingente Ruyi. Feito de forma intrincada com perfei\u00e7\u00e3o, este colar exala eleg\u00e2ncia e sofistica\u00e7\u00e3o.<\/p>\n<p>\u00a0<\/p>\n<p>N\u00fameros de certificado: GD2110H006413<\/p>\n<p><img fetchpriority=\"high\" decoding=\"async\" height=\"1080\" src=\"https:\/\/shop.yipinqian.com\/wp-content\/uploads\/2024\/10\/161982ee01f5b6ff583ae24a873aaa82.jpg?from=476444299\" width=\"1080\"><\/p>\n<ul>\n<li>\n<strong>Jade\u00edta natural tipo A:<\/strong> Feito de jade\u00edta natural Tipo A de alta qualidade e n\u00e3o tratada de Mianmar, o pingente pesa 17,7 gramas e mede 41,6 * 34,8 * 7,5 mm.<\/li>\n<li>\n<strong>Galo com design Ruyi:<\/strong> O pingente \u00e9 feito no formato de um galo segurando um ruyi \u2013 um s\u00edmbolo tradicional chin\u00eas de boa sorte \u2013 em seu bico.<\/li>\n<li>\n<strong>Certificado inclu\u00eddo:<\/strong> Esta pe\u00e7a vem com um certificado de autenticidade para sua tranquilidade.<\/li>\n<\/ul>\n<p>Este colar unissex \u00e9 perfeito para uso di\u00e1rio; seu estilo casual torna f\u00e1cil combin\u00e1-lo para cima ou para baixo, conforme sua prefer\u00eancia ou ocasi\u00e3o<\/p>\n<ul>\n<li>\n<strong>Estilo de colar de jade: <\/strong>Casual<\/li>\n<li>\n<strong>Ocasi\u00e3o Jade: <\/strong>Di\u00e1rio<\/li>\n<li>\n<strong>Jade G\u00eanero: <\/strong>Unissex<\/li>\n<\/ul>\n<p>Adicione esta obra-prima \u00e0 sua cole\u00e7\u00e3o de joias hoje mesmo e deixe todos boquiabertos!<\/p>\n<ul>\n<li><strong>O atributo Com Certificado \u00e9 Sim. O atributo Pa\u00eds de Origem \u00e9 Mianmar. O atributo Ocasi\u00e3o \u00e9 Di\u00e1rio. O atributo Tipo de Garantia n\u00e3o se aplica a este produto. O atributo G\u00eanero \u00e9 Unissex<\/strong><\/li>\n<\/ul>\n<p>Yi Pin Qian \u2013 Um negociante de pedras preciosas e metais preciosos em Cingapura \u2013 N\u00famero de licen\u00e7a PS20190000031<\/p>\n<p>\u00a0<\/p>\n<p>*Todos os Jadeites comprados de Yi Pin Qian em Cingapura, os clientes podem reservar hor\u00e1rios para polimento ou pequenos reparos por manuseio incorreto - taxas se aplicam e somente para clientes de Yi Pin Qian em Cingapura*<\/p>\n<p>\u00a0<\/p>\n<p><strong>**Tipos de Certificados**<\/strong><\/p>\n<p>\u00a0<\/p>\n<p><strong>NGI (Nan Yang Gemol\u00f3gico)<\/strong><\/p>\n<p>ou <strong>Certificados no exterior <\/strong>(Yi Pin Qian usa apenas certificados aut\u00eanticos de laborat\u00f3rios estrangeiros e tamb\u00e9m controla a qualidade de cada um dos nossos produtos antes de coloc\u00e1-los \u00e0 venda em Cingapura)<\/p>\n<p>\u00a0<\/p>\n<p>Cada produto no TikTok ter\u00e1 o tipo de certificado fornecido indicado na descri\u00e7\u00e3o. Para qualquer cliente que deseje enviar seu pedido para a NGI Singapore, haver\u00e1 um tempo de espera para entrega do pedido estimado em torno de 4 semanas para receber seu pedido. <strong>As solicita\u00e7\u00f5es de relat\u00f3rios da NGI Gemstone precisam ser feitas por mensagem para a loja Yi Pin Qian TikTok.<\/strong> Obrigado, <strong><u>taxas extras se aplicam<\/u><\/strong>.<\/p>\n<p>\u00a0<\/p>\n<p><strong>A jade\u00edta natural n\u00e3o \u00e9 perfeita, apenas um lembrete gentil, nossa jade\u00edta natural, como todas as coisas bonitas da natureza, vem com suas caracter\u00edsticas e varia\u00e7\u00f5es \u00fanicas. Convidamos nossos valiosos clientes a abra\u00e7ar essas varia\u00e7\u00f5es naturais. Boas compras!<\/strong><\/p>\n<p>\u00a0<\/p>\n<p><strong><u>Nenhuma das fotos e filmagens de v\u00eddeo foram filtradas. Incentivamos nossos clientes a tamb\u00e9m assistirem aos v\u00eddeos que os acompanham para uma vis\u00e3o mais abrangente de nossos produtos<\/u><\/strong><\/p>","protected":false},"excerpt":{"rendered":"<p>Elevate your style with this Premium Quality Yellow and Green Natural Type A Jadeite Jade Rooster with Ruyi pendant necklace. Crafted intricately to perfection, this necklace exudes elegance and sophistication. \u00a0 Certificate numbers: GD2110H006413 Natural Type A Jadeite: Made from premium quality, untreated natural Type A jadeite from Myanmar, the pendant weighs 17.7 grams and [&hellip;]<\/p>","protected":false},"featured_media":7078,"comment_status":"open","ping_status":"closed","template":"","meta":[],"product_brand":[],"product_cat":[194],"product_tag":[],"class_list":{"0":"post-1686","1":"product","2":"type-product","3":"status-publish","4":"has-post-thumbnail","6":"product_cat-value-picks","8":"first","9":"instock","10":"sale","11":"shipping-taxable","12":"purchasable","13":"product-type-simple"},"_links":{"self":[{"href":"https:\/\/shop.yipinqian.com\/pt\/wp-json\/wp\/v2\/product\/1686","targetHints":{"allow":["GET"]}}],"collection":[{"href":"https:\/\/shop.yipinqian.com\/pt\/wp-json\/wp\/v2\/product"}],"about":[{"href":"https:\/\/shop.yipinqian.com\/pt\/wp-json\/wp\/v2\/types\/product"}],"replies":[{"embeddable":true,"href":"https:\/\/shop.yipinqian.com\/pt\/wp-json\/wp\/v2\/comments?post=1686"}],"version-history":[{"count":0,"href":"https:\/\/shop.yipinqian.com\/pt\/wp-json\/wp\/v2\/product\/1686\/revisions"}],"wp:featuredmedia":[{"embeddable":true,"href":"https:\/\/shop.yipinqian.com\/pt\/wp-json\/wp\/v2\/media\/7078"}],"wp:attachment":[{"href":"https:\/\/shop.yipinqian.com\/pt\/wp-json\/wp\/v2\/media?parent=1686"}],"wp:term":[{"taxonomy":"product_brand","embeddable":true,"href":"https:\/\/shop.yipinqian.com\/pt\/wp-json\/wp\/v2\/product_brand?post=1686"},{"taxonomy":"product_cat","embeddable":true,"href":"https:\/\/shop.yipinqian.com\/pt\/wp-json\/wp\/v2\/product_cat?post=1686"},{"taxonomy":"product_tag","embeddable":true,"href":"https:\/\/shop.yipinqian.com\/pt\/wp-json\/wp\/v2\/product_tag?post=1686"}],"curies":[{"name":"wp","href":"https:\/\/api.w.org\/{rel}","templated":true}]}}