{"id":1684,"date":"2024-10-24T23:21:26","date_gmt":"2024-10-24T15:21:26","guid":{"rendered":"https:\/\/shop.yipinqian.com\/product\/premium-quality-with-good-density-and-light-green-bluish-hue-natural-type-a-jadeite-pendant-necklace-crafted-with-laughing-buddha-certificate-included-weigh-17-14-grams-36-7-34-2-8-7-mm-a-good-collect\/"},"modified":"2025-02-24T01:17:27","modified_gmt":"2025-02-23T17:17:27","slug":"premium-quality-with-good-density-and-light-green-bluish-hue-natural-type-a-jadeite-pendant-necklace-crafted-with-laughing-buddha-certificate-included-weigh-17-14-grams-36-7-34-2-8-7-mm-a-good-collect","status":"publish","type":"product","link":"https:\/\/shop.yipinqian.com\/pt\/produto\/premium-quality-with-good-density-and-light-green-bluish-hue-natural-type-a-jadeite-pendant-necklace-crafted-with-laughing-buddha-certificate-included-weigh-17-14-grams-36-7-34-2-8-7-mm-a-good-collect\/","title":{"rendered":"Colar com pingente de jade\u00edta natural tipo A de qualidade premium com boa densidade e tonalidade verde-azulada clara, feito com Buda risonho, certificado incluso, pesa 17,14 gramas, 36,7 * 34,2 * 8,7 mm, uma boa cole\u00e7\u00e3o ou para seu uso di\u00e1rio (pendant32)"},"content":{"rendered":"<p>Eleve seu estilo com este colar com pingente de jade\u00edta natural tipo A de qualidade premium, feito com Buda risonho. O tom verde-azulado claro da jade\u00edta, juntamente com a boa densidade, fazem dela uma valiosa adi\u00e7\u00e3o \u00e0 sua cole\u00e7\u00e3o de joias.<\/p>\n<ul>\n<li>Certificado inclu\u00eddo para autenticidade<\/li>\n<\/ul>\n<p><strong>N\u00fameros de certificado: GD2203H017673<\/strong><\/p>\n<p><img fetchpriority=\"high\" decoding=\"async\" height=\"1080\" src=\"https:\/\/shop.yipinqian.com\/wp-content\/uploads\/2024\/10\/71674afd3fbefa67cc3a01a0cb17affe.jpg?from=476444299\" width=\"1080\"><\/p>\n<ul>\n<li>Pesando 17,14 gramas e medindo 36,7 * 34,2 * 8,7 mm<\/li>\n<li>Design unissex adequado para uso di\u00e1rio<\/li>\n<li>Tipo de Jade: Jade\u00edta<\/li>\n<li>Estilo de colar: Casual<\/li>\n<\/ul>\n<p>Este colar \u00e9 uma bela representa\u00e7\u00e3o da beleza natural encontrada nas minas de jade de Mianmar, de onde esta pe\u00e7a requintada se originou.<\/p>\n<p>O Buda risonho esculpido no pingente \u00e9 um s\u00edmbolo de boa sorte e fortuna, tornando-o um presente perfeito para algu\u00e9m especial ou como um acr\u00e9scimo \u00e0 sua cole\u00e7\u00e3o pessoal.<\/p>\n<p>Este colar de qualidade premium n\u00e3o vem com garantia, mas sua durabilidade garante que voc\u00ea poder\u00e1 guard\u00e1-lo por muitos anos!<\/p>\n<p>\u00a0<\/p>\n<p>Yi Pin Qian \u2013 Um negociante de pedras preciosas e metais preciosos em Cingapura \u2013 N\u00famero de licen\u00e7a PS20190000031<\/p>\n<p>\u00a0<\/p>\n<p>*Todos os Jadeites comprados de Yi Pin Qian em Cingapura, os clientes podem reservar hor\u00e1rios para polimento ou pequenos reparos por manuseio incorreto - taxas se aplicam e somente para clientes de Yi Pin Qian em Cingapura*<\/p>\n<p>\u00a0<\/p>\n<p><strong>**Tipos de Certificados**<\/strong><\/p>\n<p>\u00a0<\/p>\n<p><strong>NGI (Nan Yang Gemol\u00f3gico)<\/strong><\/p>\n<p>ou <strong>Certificados no exterior <\/strong>(Yi Pin Qian usa apenas certificados aut\u00eanticos de laborat\u00f3rios estrangeiros e tamb\u00e9m controla a qualidade de cada um dos nossos produtos antes de coloc\u00e1-los \u00e0 venda em Cingapura)<\/p>\n<p>\u00a0<\/p>\n<p>Cada produto no TikTok ter\u00e1 o tipo de certificado fornecido indicado na descri\u00e7\u00e3o. Para qualquer cliente que deseje enviar seu pedido para a NGI Singapore, haver\u00e1 um tempo de espera para entrega do pedido estimado em torno de 4 semanas para receber seu pedido. <strong>As solicita\u00e7\u00f5es de relat\u00f3rios da NGI Gemstone precisam ser feitas por mensagem para a loja Yi Pin Qian TikTok.<\/strong> Obrigado, <strong><u>taxas extras se aplicam<\/u><\/strong>.<\/p>\n<p>\u00a0<\/p>\n<p><strong>A jade\u00edta natural n\u00e3o \u00e9 perfeita, apenas um lembrete gentil, nossa jade\u00edta natural, como todas as coisas bonitas da natureza, vem com suas caracter\u00edsticas e varia\u00e7\u00f5es \u00fanicas. Convidamos nossos valiosos clientes a abra\u00e7ar essas varia\u00e7\u00f5es naturais. Boas compras!<\/strong><\/p>\n<p>\u00a0<\/p>\n<p><strong><u>Nenhuma das fotos e filmagens de v\u00eddeo foram filtradas. Incentivamos nossos clientes a tamb\u00e9m assistirem aos v\u00eddeos que os acompanham para uma vis\u00e3o mais abrangente de nossos produtos<\/u><\/strong><\/p>","protected":false},"excerpt":{"rendered":"<p>Eleve seu estilo com este colar com pingente de jade\u00edta natural tipo A de qualidade premium, feito com Buda Risonho. O tom verde-azulado claro da jade\u00edta, juntamente com a boa densidade, fazem dela uma valiosa adi\u00e7\u00e3o \u00e0 sua cole\u00e7\u00e3o de joias. Certificado inclu\u00eddo para autenticidade N\u00fameros do certificado: GD2203H017673 Pesando 17,14 gramas e medindo 36,7 * 34,2 * 8,7 [\u2026]<\/p>","protected":false},"featured_media":7068,"comment_status":"open","ping_status":"closed","template":"","meta":[],"product_brand":[],"product_cat":[195],"product_tag":[],"class_list":{"0":"post-1684","1":"product","2":"type-product","3":"status-publish","4":"has-post-thumbnail","6":"product_cat-heirloom-grade","8":"first","9":"instock","10":"sale","11":"shipping-taxable","12":"purchasable","13":"product-type-simple"},"_links":{"self":[{"href":"https:\/\/shop.yipinqian.com\/pt\/wp-json\/wp\/v2\/product\/1684","targetHints":{"allow":["GET"]}}],"collection":[{"href":"https:\/\/shop.yipinqian.com\/pt\/wp-json\/wp\/v2\/product"}],"about":[{"href":"https:\/\/shop.yipinqian.com\/pt\/wp-json\/wp\/v2\/types\/product"}],"replies":[{"embeddable":true,"href":"https:\/\/shop.yipinqian.com\/pt\/wp-json\/wp\/v2\/comments?post=1684"}],"version-history":[{"count":0,"href":"https:\/\/shop.yipinqian.com\/pt\/wp-json\/wp\/v2\/product\/1684\/revisions"}],"wp:featuredmedia":[{"embeddable":true,"href":"https:\/\/shop.yipinqian.com\/pt\/wp-json\/wp\/v2\/media\/7068"}],"wp:attachment":[{"href":"https:\/\/shop.yipinqian.com\/pt\/wp-json\/wp\/v2\/media?parent=1684"}],"wp:term":[{"taxonomy":"product_brand","embeddable":true,"href":"https:\/\/shop.yipinqian.com\/pt\/wp-json\/wp\/v2\/product_brand?post=1684"},{"taxonomy":"product_cat","embeddable":true,"href":"https:\/\/shop.yipinqian.com\/pt\/wp-json\/wp\/v2\/product_cat?post=1684"},{"taxonomy":"product_tag","embeddable":true,"href":"https:\/\/shop.yipinqian.com\/pt\/wp-json\/wp\/v2\/product_tag?post=1684"}],"curies":[{"name":"wp","href":"https:\/\/api.w.org\/{rel}","templated":true}]}}