{"id":1680,"date":"2024-10-24T23:21:24","date_gmt":"2024-10-24T15:21:24","guid":{"rendered":"https:\/\/shop.yipinqian.com\/product\/premium-quality-semi-icy-light-green-natural-type-a-jadeite-jade-crafted-with-guanyin-as-pendant-certificate-included-weigh-45-05-grams-measurement-56-35-6-11-8-mm-18kp24\/"},"modified":"2025-02-24T01:34:17","modified_gmt":"2025-02-23T17:34:17","slug":"premium-quality-semi-icy-light-green-natural-type-a-jadeite-jade-crafted-with-guanyin-as-pendant-certificate-included-weigh-45-05-grams-measurement-56-35-6-11-8-mm-18kp24","status":"publish","type":"product","link":"https:\/\/shop.yipinqian.com\/pt\/produto\/premium-quality-semi-icy-light-green-natural-type-a-jadeite-jade-crafted-with-guanyin-as-pendant-certificate-included-weigh-45-05-grams-measurement-56-35-6-11-8-mm-18kp24\/","title":{"rendered":"Jade\u00edta natural verde claro semi-gelo de qualidade premium tipo A, trabalhada com guanyin como pingente, certificado incluso, pesa 45,05 gramas, medida 56 * 35,6 * 11,8 mm (18kp24)"},"content":{"rendered":"<article class=\"lzd-article\" style=\"white-space:break-spaces\">\n<p style=\"line-height:1.7;text-align:left;text-indent:0;margin-left:0;margin-top:0;margin-bottom:0\"><span>Este pingente de Jade\u00edta Natural Verde Claro Semi Gelado de Qualidade Premium Tipo A, feito com a imagem de Guanyin, \u00e9 uma linda pe\u00e7a de joia que certamente chamar\u00e1 a aten\u00e7\u00e3o de qualquer um. Ele pesa 45,05 gramas e mede 56 * 35,6 * 11,8 mm (18kp24).<\/span><\/p>\n<p style=\"line-height:1.7;text-align:left;text-indent:0;margin-left:0;margin-top:0;margin-bottom:0\"><span>com fecho de ouro 18k<\/span><\/p>\n<p style=\"line-height:1.7;text-align:left;text-indent:0;margin-left:0;margin-top:0;margin-bottom:0\"><span><\/span><\/p>\n<p style=\"line-height:1.7;text-align:left;text-indent:0;margin-left:0;margin-top:0;margin-bottom:0\"><span>N\u00fameros de certificado: GD2109H014608<\/span><\/p>\n<ul>\n<li>\n<div style=\"line-height:1.7;text-align:left;text-indent:0\">\n<span style=\"font-weight:bold\">Material de alta qualidade:<\/span><span> Este pingente \u00e9 feito com jade natural tipo A de Mianmar e tem uma linda cor verde-claro semi-gelo.<\/span>\n<\/div>\n<\/li>\n<li>\n<div style=\"line-height:1.7;text-align:left;text-indent:0\">\n<span style=\"font-weight:bold\">Certificado inclu\u00eddo:<\/span><span> Voc\u00ea pode ter certeza da autenticidade deste produto, pois ele vem com um certificado inclu\u00eddo.<\/span>\n<\/div>\n<\/li>\n<li>\n<div style=\"line-height:1.7;text-align:left;text-indent:0\">\n<span style=\"font-weight:bold\">Design maravilhoso:<\/span><span> A imagem de Guanyin neste pingente o torna perfeito para aqueles que amam moda e espiritualidade.<\/span>\n<\/div>\n<\/li>\n<\/ul>\n<p style=\"line-height:1.7;text-align:left;text-indent:0;margin-left:0;margin-top:0;margin-bottom:0\"><span>Este colar tem uma ocasi\u00e3o auspiciosa de acordo com seus atributos, tornando-o um presente ideal para ocasi\u00f5es especiais como casamentos ou outros eventos auspiciosos<\/span><\/p>\n<ul>\n<li>\n<div style=\"line-height:1.7;text-align:left;text-indent:0\"><span style=\"font-weight:bold\">Nenhuma garantia inclu\u00edda:<\/span><\/div>\n<\/li>\n<li>\n<div style=\"line-height:1.7;text-align:left;text-indent:0\"><span style=\"font-weight:bold\">Voc\u00ea pode aproveitar seu colar sem nenhuma garantia inclu\u00edda<\/span><\/div>\n<\/li>\n<\/ul>\n<p style=\"line-height:1.7;text-align:left;text-indent:0;margin-left:0;margin-top:0;margin-bottom:0\"><span style=\"font-weight:bold\">.<\/span><\/p>\n<p style=\"line-height:1.7;text-align:left;text-indent:0;margin-left:0;margin-top:0;margin-bottom:0\"><span style=\"font-weight:bold\">O design unissex torna esta pe\u00e7a perfeita para qualquer pessoa usar em qualquer ocasi\u00e3o casual, ao mesmo tempo em que exibe seu estilo \u00fanico!<\/span><\/p>\n<p style=\"line-height:1.7;text-align:left;text-indent:0;margin-left:0;margin-top:0;margin-bottom:0\"><span style=\"font-weight:bold\">.<\/span><\/p>\n<\/article>","protected":false},"excerpt":{"rendered":"<p>Este pingente de Jade\u00edta Natural Verde Claro Semi Gelado Tipo A de Qualidade Premium, criado com a imagem de Guanyin, \u00e9 uma linda pe\u00e7a de joalheria que certamente chamar\u00e1 a aten\u00e7\u00e3o de qualquer um. Ele pesa 45,05 gramas e mede 56 * 35,6 * 11,8 mm (18kp24). com fecho de ouro 18k N\u00fameros de certificado: GD2109H014608 Material de alta qualidade: Este pingente [\u2026]<\/p>","protected":false},"featured_media":7036,"comment_status":"open","ping_status":"closed","template":"","meta":[],"product_brand":[],"product_cat":[196],"product_tag":[],"class_list":{"0":"post-1680","1":"product","2":"type-product","3":"status-publish","4":"has-post-thumbnail","6":"product_cat-vault-collection","8":"first","9":"instock","10":"sale","11":"shipping-taxable","12":"purchasable","13":"product-type-simple"},"_links":{"self":[{"href":"https:\/\/shop.yipinqian.com\/pt\/wp-json\/wp\/v2\/product\/1680","targetHints":{"allow":["GET"]}}],"collection":[{"href":"https:\/\/shop.yipinqian.com\/pt\/wp-json\/wp\/v2\/product"}],"about":[{"href":"https:\/\/shop.yipinqian.com\/pt\/wp-json\/wp\/v2\/types\/product"}],"replies":[{"embeddable":true,"href":"https:\/\/shop.yipinqian.com\/pt\/wp-json\/wp\/v2\/comments?post=1680"}],"version-history":[{"count":0,"href":"https:\/\/shop.yipinqian.com\/pt\/wp-json\/wp\/v2\/product\/1680\/revisions"}],"wp:featuredmedia":[{"embeddable":true,"href":"https:\/\/shop.yipinqian.com\/pt\/wp-json\/wp\/v2\/media\/7036"}],"wp:attachment":[{"href":"https:\/\/shop.yipinqian.com\/pt\/wp-json\/wp\/v2\/media?parent=1680"}],"wp:term":[{"taxonomy":"product_brand","embeddable":true,"href":"https:\/\/shop.yipinqian.com\/pt\/wp-json\/wp\/v2\/product_brand?post=1680"},{"taxonomy":"product_cat","embeddable":true,"href":"https:\/\/shop.yipinqian.com\/pt\/wp-json\/wp\/v2\/product_cat?post=1680"},{"taxonomy":"product_tag","embeddable":true,"href":"https:\/\/shop.yipinqian.com\/pt\/wp-json\/wp\/v2\/product_tag?post=1680"}],"curies":[{"name":"wp","href":"https:\/\/api.w.org\/{rel}","templated":true}]}}