{"id":1678,"date":"2024-10-24T23:21:23","date_gmt":"2024-10-24T15:21:23","guid":{"rendered":"https:\/\/shop.yipinqian.com\/product\/premium-quality-light-green-natural-type-a-jadeite-jade-pendant-necklace-crafted-with-old-school-style-dragon-certificate-included-weigh-29-48-grams-measurement-42-42-11-pendant174\/"},"modified":"2025-02-17T00:04:13","modified_gmt":"2025-02-16T16:04:13","slug":"premium-quality-light-green-natural-type-a-jadeite-jade-pendant-necklace-crafted-with-old-school-style-dragon-certificate-included-weigh-29-48-grams-measurement-42-42-11-pendant174","status":"publish","type":"product","link":"https:\/\/shop.yipinqian.com\/pt\/produto\/premium-quality-light-green-natural-type-a-jadeite-jade-pendant-necklace-crafted-with-old-school-style-dragon-certificate-included-weigh-29-48-grams-measurement-42-42-11-pendant174\/","title":{"rendered":"Colar com pingente de jade\u00edte natural verde claro tipo A de qualidade premium, feito com drag\u00e3o estilo old school, certificado incluso, pesa 29,48 gramas, medida 42 * 42 * 11 (pendant174)"},"content":{"rendered":"<p>Enfeite-se com este deslumbrante colar com pingente de jade\u00edte natural verde-claro tipo A de qualidade premium, perfeito para uso di\u00e1rio. Este colar \u00e9 habilmente trabalhado com um drag\u00e3o estilo Old School, um s\u00edmbolo de poder e for\u00e7a.<\/p>\n<p><\/p>\n<p><strong>N\u00fameros de certificado: GD2110H019628<\/strong><\/p>\n<ul>\n<li>Pesagem <strong>29,48 gramas<\/strong> e medindo <strong>42 * 42 * 11 mil\u00edmetros<\/strong> (pendant174), este colar \u00e9 uma pe\u00e7a marcante que certamente chamar\u00e1 a aten\u00e7\u00e3o.<\/li>\n<li>O jade usado neste colar \u00e9 da mais alta qualidade e vem com um certificado de autenticidade, garantindo seu status natural Tipo A.<\/li>\n<li>Feito em Mianmar, o pa\u00eds conhecido por produzir algumas das melhores jade\u00edtas do mundo.<\/li>\n<\/ul>\n<p>Este colar unissex ostenta um estilo casual que pode ser usado em qualquer ocasi\u00e3o. Ele n\u00e3o vem com nenhuma garantia, mas sua qualidade superior garante que ele dure por muitos anos.<\/p>\n<p><\/p>\n<p>Yi Pin Qian \u2013 Um negociante de pedras preciosas e metais preciosos em Cingapura \u2013 N\u00famero de licen\u00e7a PS20190000031<\/p>\n<p><\/p>\n<p>*Todos os Jadeites comprados de Yi Pin Qian em Cingapura, os clientes podem reservar hor\u00e1rios para polimento ou pequenos reparos por manuseio incorreto - taxas se aplicam e somente para clientes de Yi Pin Qian em Cingapura*<\/p>\n<p><\/p>\n<p><strong>**Tipos de Certificados**<\/strong><\/p>\n<p><\/p>\n<p><strong>NGI (Nan Yang Gemol\u00f3gico)<\/strong><\/p>\n<p>ou <strong>Certificados no exterior <\/strong>(Yi Pin Qian usa apenas certificados aut\u00eanticos de laborat\u00f3rios estrangeiros e tamb\u00e9m controla a qualidade de cada um dos nossos produtos antes de coloc\u00e1-los \u00e0 venda em Cingapura)<\/p>\n<p><\/p>\n<p>Cada produto no TikTok ter\u00e1 o tipo de certificado fornecido indicado na descri\u00e7\u00e3o. Para qualquer cliente que deseje enviar seu pedido para a NGI Singapore, haver\u00e1 um tempo de espera para entrega do pedido estimado em torno de 4 semanas para receber seu pedido. <strong>As solicita\u00e7\u00f5es de relat\u00f3rios da NGI Gemstone precisam ser feitas por mensagem para a loja Yi Pin Qian TikTok.<\/strong> Obrigado, <strong><u>taxas extras se aplicam<\/u><\/strong>.<\/p>\n<p><\/p>\n<p><strong>A jade\u00edta natural n\u00e3o \u00e9 perfeita, apenas um lembrete gentil, nossa jade\u00edta natural, como todas as coisas bonitas da natureza, vem com suas caracter\u00edsticas e varia\u00e7\u00f5es \u00fanicas. Convidamos nossos valiosos clientes a abra\u00e7ar essas varia\u00e7\u00f5es naturais. Boas compras!<\/strong><\/p>\n<p><\/p>\n<p><strong><u>Nenhuma das fotos e filmagens de v\u00eddeo foram filtradas. Incentivamos nossos clientes a tamb\u00e9m assistirem aos v\u00eddeos que os acompanham para uma vis\u00e3o mais abrangente de nossos produtos<\/u><\/strong><\/p>","protected":false},"excerpt":{"rendered":"<p>Adorn yourself with this stunning Premium Quality Light Green Natural Type A Jadeite Jade Pendant Necklace, perfect for daily wear. This necklace is expertly crafted with an Old School Style Dragon, a symbol of power and strength. Certificate numbers: GD2110H019628 Weighing 29.48 grams and measuring 42 * 42 * 11 mm (pendant174), this necklace is [&hellip;]<\/p>","protected":false},"featured_media":7011,"comment_status":"open","ping_status":"closed","template":"","meta":[],"product_brand":[],"product_cat":[48],"product_tag":[],"class_list":{"0":"post-1678","1":"product","2":"type-product","3":"status-publish","4":"has-post-thumbnail","6":"product_cat-pendants","8":"first","9":"instock","10":"sale","11":"shipping-taxable","12":"purchasable","13":"product-type-simple"},"_links":{"self":[{"href":"https:\/\/shop.yipinqian.com\/pt\/wp-json\/wp\/v2\/product\/1678","targetHints":{"allow":["GET"]}}],"collection":[{"href":"https:\/\/shop.yipinqian.com\/pt\/wp-json\/wp\/v2\/product"}],"about":[{"href":"https:\/\/shop.yipinqian.com\/pt\/wp-json\/wp\/v2\/types\/product"}],"replies":[{"embeddable":true,"href":"https:\/\/shop.yipinqian.com\/pt\/wp-json\/wp\/v2\/comments?post=1678"}],"version-history":[{"count":0,"href":"https:\/\/shop.yipinqian.com\/pt\/wp-json\/wp\/v2\/product\/1678\/revisions"}],"wp:featuredmedia":[{"embeddable":true,"href":"https:\/\/shop.yipinqian.com\/pt\/wp-json\/wp\/v2\/media\/7011"}],"wp:attachment":[{"href":"https:\/\/shop.yipinqian.com\/pt\/wp-json\/wp\/v2\/media?parent=1678"}],"wp:term":[{"taxonomy":"product_brand","embeddable":true,"href":"https:\/\/shop.yipinqian.com\/pt\/wp-json\/wp\/v2\/product_brand?post=1678"},{"taxonomy":"product_cat","embeddable":true,"href":"https:\/\/shop.yipinqian.com\/pt\/wp-json\/wp\/v2\/product_cat?post=1678"},{"taxonomy":"product_tag","embeddable":true,"href":"https:\/\/shop.yipinqian.com\/pt\/wp-json\/wp\/v2\/product_tag?post=1678"}],"curies":[{"name":"wp","href":"https:\/\/api.w.org\/{rel}","templated":true}]}}