{"id":1677,"date":"2024-10-24T23:21:22","date_gmt":"2024-10-24T15:21:22","guid":{"rendered":"https:\/\/shop.yipinqian.com\/product\/premium-quality-lavender-and-green-natural-type-a-jadeite-pendant-necklace-crafted-with-big-fortune-god-holding-ruyi-with-certificate-weigh-77-38-grams-70-47-11-8-mm-pendant35\/"},"modified":"2025-02-24T01:17:27","modified_gmt":"2025-02-23T17:17:27","slug":"premium-quality-lavender-and-green-natural-type-a-jadeite-pendant-necklace-crafted-with-big-fortune-god-holding-ruyi-with-certificate-weigh-77-38-grams-70-47-11-8-mm-pendant35","status":"publish","type":"product","link":"https:\/\/shop.yipinqian.com\/pt\/produto\/premium-quality-lavender-and-green-natural-type-a-jadeite-pendant-necklace-crafted-with-big-fortune-god-holding-ruyi-with-certificate-weigh-77-38-grams-70-47-11-8-mm-pendant35\/","title":{"rendered":"Colar com pingente de jade\u00edta natural tipo A de lavanda e verde de qualidade premium, feito com o deus da grande fortuna segurando Ruyi com certificado, pesando 77,38 gramas, 70 * 47 * 11,8 mm (pendant35)"},"content":{"rendered":"<p>Este colar com pingente de jade\u00edta natural tipo A de lavanda e verde de qualidade premium \u00e9 um complemento perfeito para sua cole\u00e7\u00e3o de joias. Feito com um Deus da Grande Fortuna Segurando Ruyi, este colar com pingente n\u00e3o \u00e9 apenas um lindo acess\u00f3rio, mas tamb\u00e9m carrega um significado simb\u00f3lico.<\/p>\n<ul>\n<li>\n<strong>Material de alta qualidade:<\/strong> Feito com jade\u00edta natural tipo A, este colar com pingente \u00e9 de qualidade premium.<\/li>\n<li>\n<strong>Certificado inclu\u00eddo:<\/strong> Este produto vem com um certificado de autenticidade garantindo sua natureza genu\u00edna.<\/li>\n<\/ul>\n<p><strong>N\u00fameros de certificado: GD2110H013563<\/strong><\/p>\n<p><img fetchpriority=\"high\" decoding=\"async\" height=\"1080\" src=\"https:\/\/shop.yipinqian.com\/wp-content\/uploads\/2024\/10\/c2c4a2d6aa2dc91e398b918b785fd925.jpg?from=476444299\" width=\"1080\"><\/p>\n<ul>\n<li>\n<strong>Estilo casual:<\/strong> O estilo casual do colar o torna perfeito para uso di\u00e1rio ou como um acess\u00f3rio para complementar sua roupa em qualquer ocasi\u00e3o.<\/li>\n<\/ul>\n<p><img decoding=\"async\" height=\"1080\" src=\"https:\/\/shop.yipinqian.com\/wp-content\/uploads\/2024\/10\/ca00fb66d8f2e37505a01667df7449f4.jpg?from=476444299\" width=\"1080\"><\/p>\n<p>Pesando 77,38 gramas e medindo 70 * 47 * 11,8 mm (pendente 35), ele foi projetado para ser percept\u00edvel e confort\u00e1vel ao mesmo tempo.<\/p>\n<ul>\n<li>\n<strong>A ocasi\u00e3o: <\/strong>Este produto \u00e9 ideal para uso di\u00e1rio, o que o torna um excelente complemento para sua cole\u00e7\u00e3o, podendo ser usado a qualquer hora e em qualquer lugar!<\/li>\n<\/ul>\n<p>Feito em Mianmar, este colar com pingente de jade\u00edta natural tipo A, verde e lavanda de qualidade premium carrega a ess\u00eancia da cultura oriental em seu design, sendo adequado tamb\u00e9m para os tempos modernos.<\/p>\n<ul>\n<li>\n<strong>O g\u00eanero: <\/strong>Este produto \u00e9 adequado para o g\u00eanero masculino, mas tamb\u00e9m pode ser usado por qualquer pessoa que goste de acess\u00f3rios de joalheria exclusivos!<\/li>\n<\/ul>\n<p>Presenteie-se ou presenteie algu\u00e9m especial com esta pe\u00e7a requintada que nunca sai de moda!<\/p>\n<p>\u00a0<\/p>\n<p>Yi Pin Qian \u2013 Um negociante de pedras preciosas e metais preciosos em Cingapura \u2013 N\u00famero de licen\u00e7a PS20190000031<\/p>\n<p>\u00a0<\/p>\n<p>*Todos os Jadeites comprados de Yi Pin Qian em Cingapura, os clientes podem reservar hor\u00e1rios para polimento ou pequenos reparos por manuseio incorreto - taxas se aplicam e somente para clientes de Yi Pin Qian em Cingapura*<\/p>\n<p>\u00a0<\/p>\n<p><strong>**Tipos de Certificados**<\/strong><\/p>\n<p>\u00a0<\/p>\n<p><strong>NGI (Nan Yang Gemol\u00f3gico)<\/strong><\/p>\n<p>ou <strong>Certificados no exterior <\/strong>(Yi Pin Qian usa apenas certificados aut\u00eanticos de laborat\u00f3rios estrangeiros e tamb\u00e9m controla a qualidade de cada um dos nossos produtos antes de coloc\u00e1-los \u00e0 venda em Cingapura)<\/p>\n<p>\u00a0<\/p>\n<p>Cada produto no TikTok ter\u00e1 o tipo de certificado fornecido indicado na descri\u00e7\u00e3o. Para qualquer cliente que deseje enviar seu pedido para a NGI Singapore, haver\u00e1 um tempo de espera para entrega do pedido estimado em torno de 4 semanas para receber seu pedido. <strong>As solicita\u00e7\u00f5es de relat\u00f3rios da NGI Gemstone precisam ser feitas por mensagem para a loja Yi Pin Qian TikTok.<\/strong> Obrigado, <strong><u>taxas extras se aplicam<\/u><\/strong>.<\/p>\n<p>\u00a0<\/p>\n<p><strong>A jade\u00edta natural n\u00e3o \u00e9 perfeita, apenas um lembrete gentil, nossa jade\u00edta natural, como todas as coisas bonitas da natureza, vem com suas caracter\u00edsticas e varia\u00e7\u00f5es \u00fanicas. Convidamos nossos valiosos clientes a abra\u00e7ar essas varia\u00e7\u00f5es naturais. Boas compras!<\/strong><\/p>\n<p>\u00a0<\/p>\n<p><strong><u>Nenhuma das fotos e filmagens de v\u00eddeo foram filtradas. Incentivamos nossos clientes a tamb\u00e9m assistirem aos v\u00eddeos que os acompanham para uma vis\u00e3o mais abrangente de nossos produtos<\/u><\/strong><\/p>","protected":false},"excerpt":{"rendered":"<p>This Premium Quality Lavender and Green Natural Type A Jadeite Pendant Necklace is a perfect addition to your jewelry collection. Crafted with a Big Fortune God Holding Ruyi, this pendant necklace is not only a beautiful accessory but also carries symbolic meaning. High-Quality Material: Made with natural Type A Jadeite, this pendant necklace is of [&hellip;]<\/p>","protected":false},"featured_media":7003,"comment_status":"open","ping_status":"closed","template":"","meta":[],"product_brand":[],"product_cat":[195],"product_tag":[],"class_list":{"0":"post-1677","1":"product","2":"type-product","3":"status-publish","4":"has-post-thumbnail","6":"product_cat-heirloom-grade","8":"first","9":"instock","10":"sale","11":"shipping-taxable","12":"purchasable","13":"product-type-simple"},"_links":{"self":[{"href":"https:\/\/shop.yipinqian.com\/pt\/wp-json\/wp\/v2\/product\/1677","targetHints":{"allow":["GET"]}}],"collection":[{"href":"https:\/\/shop.yipinqian.com\/pt\/wp-json\/wp\/v2\/product"}],"about":[{"href":"https:\/\/shop.yipinqian.com\/pt\/wp-json\/wp\/v2\/types\/product"}],"replies":[{"embeddable":true,"href":"https:\/\/shop.yipinqian.com\/pt\/wp-json\/wp\/v2\/comments?post=1677"}],"version-history":[{"count":0,"href":"https:\/\/shop.yipinqian.com\/pt\/wp-json\/wp\/v2\/product\/1677\/revisions"}],"wp:featuredmedia":[{"embeddable":true,"href":"https:\/\/shop.yipinqian.com\/pt\/wp-json\/wp\/v2\/media\/7003"}],"wp:attachment":[{"href":"https:\/\/shop.yipinqian.com\/pt\/wp-json\/wp\/v2\/media?parent=1677"}],"wp:term":[{"taxonomy":"product_brand","embeddable":true,"href":"https:\/\/shop.yipinqian.com\/pt\/wp-json\/wp\/v2\/product_brand?post=1677"},{"taxonomy":"product_cat","embeddable":true,"href":"https:\/\/shop.yipinqian.com\/pt\/wp-json\/wp\/v2\/product_cat?post=1677"},{"taxonomy":"product_tag","embeddable":true,"href":"https:\/\/shop.yipinqian.com\/pt\/wp-json\/wp\/v2\/product_tag?post=1677"}],"curies":[{"name":"wp","href":"https:\/\/api.w.org\/{rel}","templated":true}]}}