{"id":1675,"date":"2024-10-24T23:21:20","date_gmt":"2024-10-24T15:21:20","guid":{"rendered":"https:\/\/shop.yipinqian.com\/product\/premium-quality-icy-translucent-natural-type-a-jadeite-jade-crafted-with-milo-buddha-set-on-18k-gold-as-pendant-certificate-weighs-6-48-grams-measurement-34-1-26-11-6-mm-18kp61\/"},"modified":"2025-02-24T01:17:27","modified_gmt":"2025-02-23T17:17:27","slug":"premium-quality-icy-translucent-natural-type-a-jadeite-jade-crafted-with-milo-buddha-set-on-18k-gold-as-pendant-certificate-weighs-6-48-grams-measurement-34-1-26-11-6-mm-18kp61","status":"publish","type":"product","link":"https:\/\/shop.yipinqian.com\/pt\/produto\/premium-quality-icy-translucent-natural-type-a-jadeite-jade-crafted-with-milo-buddha-set-on-18k-gold-as-pendant-certificate-weighs-6-48-grams-measurement-34-1-26-11-6-mm-18kp61\/","title":{"rendered":"Jade\u00edte natural transl\u00facida gelada de qualidade premium tipo A, trabalhada com conjunto de Buda Milo em ouro 18k como pingente, o certificado pesa 6,48 gramas, medindo 34,1 * 26 * 11,6 mm (18kp61)"},"content":{"rendered":"<p>Este pingente de qualidade premium apresenta jade\u00edte natural transl\u00facida gelada Tipo A com um desenho do Buda Milo, cravejado em ouro 18k para um toque elegante.<\/p>\n<p>\u00a0<\/p>\n<p>N\u00fameros de certificado: GD2112H003878<\/p>\n<p>Ouro 18k: 1,85 gramas<\/p>\n<p>Diamantes: 38 * 0,003 quilates<\/p>\n<p>Medidas da jade\u00edta: 22,6 * 23,6 * 6 mm<\/p>\n<p><img fetchpriority=\"high\" decoding=\"async\" height=\"1080\" src=\"https:\/\/shop.yipinqian.com\/wp-content\/uploads\/2024\/10\/5c3a0de6bc56ab570a3788f69c22b74c.jpg?from=476444299\" width=\"1080\"><\/p>\n<ul>\n<li>Trabalho artesanal requintado: feito com aten\u00e7\u00e3o aos detalhes, este pingente exala luxo e sofistica\u00e7\u00e3o.<\/li>\n<li>Autenticidade garantida: vem com um certificado que verifica a qualidade e a autenticidade do jade.<\/li>\n<li>Design exclusivo: o design do Buda de Milo acrescenta um elemento espiritual e significativo \u00e0 joia.<\/li>\n<\/ul>\n<p>Pesando 6,48 gramas e medindo 34,1 * 26 * 11,6 mm, este pingente \u00e9 um acess\u00f3rio deslumbrante para qualquer ocasi\u00e3o.<\/p>\n<ul>\n<li>Feito em Mianmar: Origin\u00e1rio de Mianmar, conhecido por seus ricos dep\u00f3sitos de jade\u00edta, o que aumenta seu apelo e valor.<\/li>\n<\/ul>\n<p>Esta pe\u00e7a unissex tem estilo vers\u00e1til, o que a torna adequada para uso casual ou ocasi\u00f5es especiais em que um toque auspicioso \u00e9 desejado.<\/p>\n<p>\u00a0<\/p>\n<p>Yi Pin Qian \u2013 Um negociante de pedras preciosas e metais preciosos em Cingapura \u2013 N\u00famero de licen\u00e7a PS20190000031<\/p>\n<p>\u00a0<\/p>\n<p>*Todos os Jadeites comprados de Yi Pin Qian em Cingapura, os clientes podem reservar hor\u00e1rios para polimento ou pequenos reparos por manuseio incorreto - taxas se aplicam e somente para clientes de Yi Pin Qian em Cingapura*<\/p>\n<p>\u00a0<\/p>\n<p><strong>**Tipos de Certificados**<\/strong><\/p>\n<p>\u00a0<\/p>\n<p><strong>NGI (Nan Yang Gemol\u00f3gico)<\/strong><\/p>\n<p>ou <strong>Certificados no exterior <\/strong>(Yi Pin Qian usa apenas certificados aut\u00eanticos de laborat\u00f3rios estrangeiros e tamb\u00e9m controla a qualidade de cada um dos nossos produtos antes de coloc\u00e1-los \u00e0 venda em Cingapura)<\/p>\n<p>\u00a0<\/p>\n<p>Cada produto no TikTok ter\u00e1 o tipo de certificado fornecido indicado na descri\u00e7\u00e3o. Para qualquer cliente que deseje enviar seu pedido para a NGI Singapore, haver\u00e1 um tempo de espera para entrega do pedido estimado em torno de 4 semanas para receber seu pedido. <strong>As solicita\u00e7\u00f5es de relat\u00f3rios de pedras preciosas da NGI precisam ser feitas por mensagem.<\/strong> Obrigado, <strong><u>taxas extras se aplicam<\/u><\/strong>.<\/p>\n<p>\u00a0<\/p>\n<p><strong>A jade\u00edta natural n\u00e3o \u00e9 perfeita, apenas um lembrete gentil, nossa jade\u00edta natural, como todas as coisas bonitas da natureza, vem com suas caracter\u00edsticas e varia\u00e7\u00f5es \u00fanicas. Convidamos nossos valiosos clientes a abra\u00e7ar essas varia\u00e7\u00f5es naturais. Boas compras!<\/strong><\/p>\n<p>\u00a0<\/p>\n<p><strong><u>Nenhuma das fotos e filmagens de v\u00eddeo foram filtradas. Incentivamos nossos clientes a tamb\u00e9m assistirem aos v\u00eddeos que os acompanham para uma vis\u00e3o mais abrangente de nossos produtos<\/u><\/strong><\/p>\n<p>\u00a0<\/p>\n<ul>\n<li>Diferentes plataformas s\u00f3 podem visualizar v\u00eddeos por meio do Desktop<\/li>\n<\/ul>","protected":false},"excerpt":{"rendered":"<p>Este pingente de qualidade premium apresenta Jade\u00edta natural transl\u00facida gelada Tipo A com um design de Buda Milo, cravejado em ouro 18k para um toque elegante. N\u00fameros de certificado: GD2112H003878 Ouro 18k: 1,85 gramas Diamantes: 38 * 0,003 quilates Medidas da jade\u00edta: 22,6 * 23,6 * 6 mm Artesanato requintado: Feito com aten\u00e7\u00e3o aos detalhes, este pingente [\u2026]<\/p>","protected":false},"featured_media":6981,"comment_status":"open","ping_status":"closed","template":"","meta":[],"product_brand":[],"product_cat":[195],"product_tag":[50,52,53,54,55,56,73,75,59,60,62],"class_list":{"0":"post-1675","1":"product","2":"type-product","3":"status-publish","4":"has-post-thumbnail","6":"product_cat-heirloom-grade","7":"product_tag-18k-gold","8":"product_tag-certified","9":"product_tag-fine-quality","10":"product_tag-icy","11":"product_tag-jadeite","12":"product_tag-limited-editions","13":"product_tag-pendant","14":"product_tag-traditional","15":"product_tag-translucent","16":"product_tag-type-a-jadeite","17":"product_tag-yi-pin-qian-exclusive","19":"first","20":"instock","21":"sale","22":"shipping-taxable","23":"purchasable","24":"product-type-simple"},"_links":{"self":[{"href":"https:\/\/shop.yipinqian.com\/pt\/wp-json\/wp\/v2\/product\/1675","targetHints":{"allow":["GET"]}}],"collection":[{"href":"https:\/\/shop.yipinqian.com\/pt\/wp-json\/wp\/v2\/product"}],"about":[{"href":"https:\/\/shop.yipinqian.com\/pt\/wp-json\/wp\/v2\/types\/product"}],"replies":[{"embeddable":true,"href":"https:\/\/shop.yipinqian.com\/pt\/wp-json\/wp\/v2\/comments?post=1675"}],"version-history":[{"count":0,"href":"https:\/\/shop.yipinqian.com\/pt\/wp-json\/wp\/v2\/product\/1675\/revisions"}],"wp:featuredmedia":[{"embeddable":true,"href":"https:\/\/shop.yipinqian.com\/pt\/wp-json\/wp\/v2\/media\/6981"}],"wp:attachment":[{"href":"https:\/\/shop.yipinqian.com\/pt\/wp-json\/wp\/v2\/media?parent=1675"}],"wp:term":[{"taxonomy":"product_brand","embeddable":true,"href":"https:\/\/shop.yipinqian.com\/pt\/wp-json\/wp\/v2\/product_brand?post=1675"},{"taxonomy":"product_cat","embeddable":true,"href":"https:\/\/shop.yipinqian.com\/pt\/wp-json\/wp\/v2\/product_cat?post=1675"},{"taxonomy":"product_tag","embeddable":true,"href":"https:\/\/shop.yipinqian.com\/pt\/wp-json\/wp\/v2\/product_tag?post=1675"}],"curies":[{"name":"wp","href":"https:\/\/api.w.org\/{rel}","templated":true}]}}