{"id":1674,"date":"2024-10-24T23:21:20","date_gmt":"2024-10-24T15:21:20","guid":{"rendered":"https:\/\/shop.yipinqian.com\/product\/premium-quality-icy-translucent-natural-type-a-jadeite-jade-crafted-as-fish-set-on-18k-gold-as-pendant-certificate-weighs-5-5-grams-measurement-35-7-28-2-9mm-18kp53\/"},"modified":"2025-02-24T01:17:27","modified_gmt":"2025-02-23T17:17:27","slug":"premium-quality-icy-translucent-natural-type-a-jadeite-jade-crafted-as-fish-set-on-18k-gold-as-pendant-certificate-weighs-5-5-grams-measurement-35-7-28-2-9mm-18kp53","status":"publish","type":"product","link":"https:\/\/shop.yipinqian.com\/pt\/produto\/premium-quality-icy-translucent-natural-type-a-jadeite-jade-crafted-as-fish-set-on-18k-gold-as-pendant-certificate-weighs-5-5-grams-measurement-35-7-28-2-9mm-18kp53\/","title":{"rendered":"Jade\u00edte natural transl\u00facida gelada de qualidade premium tipo A, trabalhada como um peixe em ouro 18k como pingente, o certificado pesa 5,5 gramas, medindo 35,7 * 28,2 * 9 mm (18kp53)"},"content":{"rendered":"<p>Este pingente de jade\u00edta natural transl\u00facida e gelada Tipo A de qualidade premium \u00e9 uma joia deslumbrante que apresenta o formato de um peixe, meticulosamente trabalhada e cravejada em ouro 18k.<\/p>\n<p>\u00a0<\/p>\n<p>N\u00fameros de certificado: GD2110H014381<\/p>\n<p>Medidas da jade\u00edta: 16,3 * 22,7 * 4,5 mm<\/p>\n<p>Diamantes: 46 * 0,003 quilates<\/p>\n<p>Peso do ouro 18k: 2,42 gramas<\/p>\n<p><img fetchpriority=\"high\" decoding=\"async\" height=\"1080\" src=\"https:\/\/shop.yipinqian.com\/wp-content\/uploads\/2024\/10\/43b321fd56113837097d3746d665f597.jpg?from=476444299\" width=\"1080\"><\/p>\n<p>Design requintado: o pingente exibe a beleza natural do jade com sua apar\u00eancia transl\u00facida e gelada e seu intrincado formato de peixe.<\/p>\n<ul>\n<li>Materiais de alta qualidade: feito com ouro 18k, este pingente exala luxo e eleg\u00e2ncia.<\/li>\n<li>Certificado incluso: Esta pe\u00e7a vem com um certificado que comprova sua autenticidade e qualidade, pesando 5,5 gramas.<\/li>\n<\/ul>\n<p>As medidas do pingente s\u00e3o 35,7 * 28,2 * 9 mm, o que o torna um acess\u00f3rio marcante e us\u00e1vel em qualquer ocasi\u00e3o.<\/p>\n<ul>\n<li>Pa\u00eds de origem: Este pingente de jade premium vem de Mianmar, conhecido por produzir alguns dos melhores jades do mundo.<\/li>\n<li>Apelo unissex: com seu design vers\u00e1til, este pingente \u00e9 adequado para pessoas de qualquer g\u00eanero que apreciam joias de alta qualidade.<\/li>\n<\/ul>\n<p>Yi Pin Qian \u2013 Um negociante de pedras preciosas e metais preciosos em Cingapura \u2013 N\u00famero de licen\u00e7a PS20190000031<\/p>\n<p>\u00a0<\/p>\n<p>*Todos os Jadeites comprados de Yi Pin Qian em Cingapura, os clientes podem reservar hor\u00e1rios para polimento ou pequenos reparos por manuseio incorreto - taxas se aplicam e somente para clientes de Yi Pin Qian em Cingapura*<\/p>\n<p>\u00a0<\/p>\n<p><strong>**Tipos de Certificados**<\/strong><\/p>\n<p>\u00a0<\/p>\n<p><strong>NGI (Nan Yang Gemol\u00f3gico)<\/strong><\/p>\n<p>ou <strong>Certificados no exterior <\/strong>(Yi Pin Qian usa apenas certificados aut\u00eanticos de laborat\u00f3rios estrangeiros e tamb\u00e9m controla a qualidade de cada um dos nossos produtos antes de coloc\u00e1-los \u00e0 venda em Cingapura)<\/p>\n<p>\u00a0<\/p>\n<p>Cada produto no TikTok ter\u00e1 o tipo de certificado fornecido indicado na descri\u00e7\u00e3o. Para qualquer cliente que deseje enviar seu pedido para a NGI Singapore, haver\u00e1 um tempo de espera para entrega do pedido estimado em torno de 4 semanas para receber seu pedido. <strong>As solicita\u00e7\u00f5es de relat\u00f3rios da NGI Gemstone precisam ser feitas por mensagem para a loja Yi Pin Qian TikTok.<\/strong> Obrigado, <strong><u>taxas extras se aplicam<\/u><\/strong>.<\/p>\n<p>\u00a0<\/p>\n<p><strong>A jade\u00edta natural n\u00e3o \u00e9 perfeita, apenas um lembrete gentil, nossa jade\u00edta natural, como todas as coisas bonitas da natureza, vem com suas caracter\u00edsticas e varia\u00e7\u00f5es \u00fanicas. Convidamos nossos valiosos clientes a abra\u00e7ar essas varia\u00e7\u00f5es naturais. Boas compras!<\/strong><\/p>\n<p>\u00a0<\/p>\n<p><strong><u>Nenhuma das fotos e filmagens de v\u00eddeo foram filtradas. Incentivamos nossos clientes a tamb\u00e9m assistirem aos v\u00eddeos que os acompanham para uma vis\u00e3o mais abrangente de nossos produtos<\/u><\/strong><\/p>","protected":false},"excerpt":{"rendered":"<p>Este pingente de jade\u00edta natural transl\u00facido gelado de qualidade premium Tipo A \u00e9 uma pe\u00e7a de joia deslumbrante que apresenta o formato de um peixe, meticulosamente trabalhada e fixada em ouro 18k. N\u00fameros de certificado: GD2110H014381 Medidas da jade\u00edta: 16,3 * 22,7 * 4,5 mm Diamantes: 46 * 0,003 quilates Peso do ouro 18k: 2,42 gramas Design requintado: O [\u2026]<\/p>","protected":false},"featured_media":6962,"comment_status":"open","ping_status":"closed","template":"","meta":[],"product_brand":[],"product_cat":[195],"product_tag":[],"class_list":{"0":"post-1674","1":"product","2":"type-product","3":"status-publish","4":"has-post-thumbnail","6":"product_cat-heirloom-grade","8":"first","9":"instock","10":"sale","11":"shipping-taxable","12":"purchasable","13":"product-type-simple"},"_links":{"self":[{"href":"https:\/\/shop.yipinqian.com\/pt\/wp-json\/wp\/v2\/product\/1674","targetHints":{"allow":["GET"]}}],"collection":[{"href":"https:\/\/shop.yipinqian.com\/pt\/wp-json\/wp\/v2\/product"}],"about":[{"href":"https:\/\/shop.yipinqian.com\/pt\/wp-json\/wp\/v2\/types\/product"}],"replies":[{"embeddable":true,"href":"https:\/\/shop.yipinqian.com\/pt\/wp-json\/wp\/v2\/comments?post=1674"}],"version-history":[{"count":0,"href":"https:\/\/shop.yipinqian.com\/pt\/wp-json\/wp\/v2\/product\/1674\/revisions"}],"wp:featuredmedia":[{"embeddable":true,"href":"https:\/\/shop.yipinqian.com\/pt\/wp-json\/wp\/v2\/media\/6962"}],"wp:attachment":[{"href":"https:\/\/shop.yipinqian.com\/pt\/wp-json\/wp\/v2\/media?parent=1674"}],"wp:term":[{"taxonomy":"product_brand","embeddable":true,"href":"https:\/\/shop.yipinqian.com\/pt\/wp-json\/wp\/v2\/product_brand?post=1674"},{"taxonomy":"product_cat","embeddable":true,"href":"https:\/\/shop.yipinqian.com\/pt\/wp-json\/wp\/v2\/product_cat?post=1674"},{"taxonomy":"product_tag","embeddable":true,"href":"https:\/\/shop.yipinqian.com\/pt\/wp-json\/wp\/v2\/product_tag?post=1674"}],"curies":[{"name":"wp","href":"https:\/\/api.w.org\/{rel}","templated":true}]}}