{"id":1673,"date":"2024-10-24T23:21:19","date_gmt":"2024-10-24T15:21:19","guid":{"rendered":"https:\/\/shop.yipinqian.com\/product\/premium-quality-icy-translucent-light-green-hue-natural-type-a-jadeite-jade-crafted-as-leaf-set-on-18k-gold-as-pendant-certificate-weighs-5-07-grams-measurement-40-5-18-7-5-mm-18kp42\/"},"modified":"2025-02-24T01:17:27","modified_gmt":"2025-02-23T17:17:27","slug":"premium-quality-icy-translucent-light-green-hue-natural-type-a-jadeite-jade-crafted-as-leaf-set-on-18k-gold-as-pendant-certificate-weighs-5-07-grams-measurement-40-5-18-7-5-mm-18kp42","status":"publish","type":"product","link":"https:\/\/shop.yipinqian.com\/pt\/produto\/premium-quality-icy-translucent-light-green-hue-natural-type-a-jadeite-jade-crafted-as-leaf-set-on-18k-gold-as-pendant-certificate-weighs-5-07-grams-measurement-40-5-18-7-5-mm-18kp42\/","title":{"rendered":"Jade\u00edta natural transl\u00facida de qualidade premium, tipo A, em tom verde claro, trabalhada como folha em ouro 18k como pingente, o certificado pesa 5,07 gramas, medindo 40,5 * 18 * 7,5 mm (18kp42)"},"content":{"rendered":"<p>Este pingente de qualidade premium apresenta jade\u00edte natural transl\u00facida verde-claro Tipo A, trabalhada como uma folha e fixada em ouro 18k. Ele vem com um certificado e pesa 5,07 gramas, com medidas de 40,5 * 18 * 7,5 mm.<\/p>\n<p><\/p>\n<p>Medidas da folha de jade\u00edta: 28,3 * 18 * 4,7 mm<\/p>\n<p>N\u00fameros de certificado: GD2204H015347<\/p>\n<p>Ouro 18k pesa 1,6 gramas<\/p>\n<p>Diamantes: 13 * 0,003 quilates<\/p>\n<p><\/p>\n<ul>\n<li>\n<strong>Material:<\/strong> Jade\u00edte natural tipo A, diamante (material secund\u00e1rio), ouro PT\/quilate (material de fixa\u00e7\u00e3o)<\/li>\n<li>\n<strong>Origem:<\/strong> Mianmar<\/li>\n<li>\n<strong>Ocasi\u00e3o:<\/strong> Di\u00e1rio<\/li>\n<li>\n<strong>Tipo de Jade:<\/strong> Jade\u00edta<\/li>\n<li>\n<strong>G\u00eanero:<\/strong> Elegantemente projetado e exalando sofistica\u00e7\u00e3o, este pingente \u00e9 perfeito para uso di\u00e1rio, tanto para homens quanto para mulheres. Adicione um toque de luxo \u00e0 sua cole\u00e7\u00e3o de joias com esta pe\u00e7a requintada que exibe a beleza do jade jade\u00edte natural e o artesanato da configura\u00e7\u00e3o de ouro.<\/li>\n<\/ul>\n<p>Yi Pin Qian \u2013 Um negociante de pedras preciosas e metais preciosos em Cingapura \u2013 N\u00famero de licen\u00e7a PS20190000031<\/p>\n<p><\/p>\n<p>*Todos os Jadeites comprados de Yi Pin Qian em Cingapura, os clientes podem reservar hor\u00e1rios para polimento ou pequenos reparos por manuseio incorreto - taxas se aplicam e somente para clientes de Yi Pin Qian em Cingapura*<\/p>\n<p><\/p>\n<p><strong>**Tipos de Certificados**<\/strong><\/p>\n<p><\/p>\n<p><strong>NGI (Nan Yang Gemol\u00f3gico)<\/strong><\/p>\n<p>ou <strong>Certificados no exterior <\/strong>(Yi Pin Qian usa apenas certificados aut\u00eanticos de laborat\u00f3rios estrangeiros e tamb\u00e9m controla a qualidade de cada um dos nossos produtos antes de coloc\u00e1-los \u00e0 venda em Cingapura)<\/p>\n<p><\/p>\n<p>Cada produto no TikTok ter\u00e1 o tipo de certificado fornecido indicado na descri\u00e7\u00e3o. Para qualquer cliente que deseje enviar seu pedido para a NGI Singapore, haver\u00e1 um tempo de espera para entrega do pedido estimado em torno de 4 semanas para receber seu pedido. <strong>As solicita\u00e7\u00f5es de relat\u00f3rios da NGI Gemstone precisam ser feitas por mensagem para a loja Yi Pin Qian TikTok.<\/strong> Obrigado, <strong><u>taxas extras se aplicam<\/u><\/strong>.<\/p>\n<p><\/p>\n<p><strong>A jade\u00edta natural n\u00e3o \u00e9 perfeita, apenas um lembrete gentil, nossa jade\u00edta natural, como todas as coisas bonitas da natureza, vem com suas caracter\u00edsticas e varia\u00e7\u00f5es \u00fanicas. Convidamos nossos valiosos clientes a abra\u00e7ar essas varia\u00e7\u00f5es naturais. Boas compras!<\/strong><\/p>\n<p><\/p>\n<p><strong><u>Nenhuma das fotos e filmagens de v\u00eddeo foram filtradas. Incentivamos nossos clientes a tamb\u00e9m assistirem aos v\u00eddeos que os acompanham para uma vis\u00e3o mais abrangente de nossos produtos<\/u><\/strong><\/p>","protected":false},"excerpt":{"rendered":"<p>This premium quality pendant features icy translucent light green hue natural Type A jadeite jade crafted as a leaf and set on 18k gold. It comes with a certificate and weighs 5.07 grams, with measurements of 40.5 * 18 * 7.5 mm. Leaf Jadeite measurement: 28.3 * 18 * 4.7 mm Certificate numbers: GD2204H015347 18k [&hellip;]<\/p>","protected":false},"featured_media":6943,"comment_status":"open","ping_status":"closed","template":"","meta":[],"product_brand":[],"product_cat":[195],"product_tag":[],"class_list":{"0":"post-1673","1":"product","2":"type-product","3":"status-publish","4":"has-post-thumbnail","6":"product_cat-heirloom-grade","8":"first","9":"instock","10":"sale","11":"shipping-taxable","12":"purchasable","13":"product-type-simple"},"_links":{"self":[{"href":"https:\/\/shop.yipinqian.com\/pt\/wp-json\/wp\/v2\/product\/1673","targetHints":{"allow":["GET"]}}],"collection":[{"href":"https:\/\/shop.yipinqian.com\/pt\/wp-json\/wp\/v2\/product"}],"about":[{"href":"https:\/\/shop.yipinqian.com\/pt\/wp-json\/wp\/v2\/types\/product"}],"replies":[{"embeddable":true,"href":"https:\/\/shop.yipinqian.com\/pt\/wp-json\/wp\/v2\/comments?post=1673"}],"version-history":[{"count":0,"href":"https:\/\/shop.yipinqian.com\/pt\/wp-json\/wp\/v2\/product\/1673\/revisions"}],"wp:featuredmedia":[{"embeddable":true,"href":"https:\/\/shop.yipinqian.com\/pt\/wp-json\/wp\/v2\/media\/6943"}],"wp:attachment":[{"href":"https:\/\/shop.yipinqian.com\/pt\/wp-json\/wp\/v2\/media?parent=1673"}],"wp:term":[{"taxonomy":"product_brand","embeddable":true,"href":"https:\/\/shop.yipinqian.com\/pt\/wp-json\/wp\/v2\/product_brand?post=1673"},{"taxonomy":"product_cat","embeddable":true,"href":"https:\/\/shop.yipinqian.com\/pt\/wp-json\/wp\/v2\/product_cat?post=1673"},{"taxonomy":"product_tag","embeddable":true,"href":"https:\/\/shop.yipinqian.com\/pt\/wp-json\/wp\/v2\/product_tag?post=1673"}],"curies":[{"name":"wp","href":"https:\/\/api.w.org\/{rel}","templated":true}]}}