{"id":1671,"date":"2024-10-24T23:21:19","date_gmt":"2024-10-24T15:21:19","guid":{"rendered":"https:\/\/shop.yipinqian.com\/product\/premium-quality-icy-translucent-green-with-green-patches-natural-type-a-jadeite-jade-crafted-with-squirrel-and-ruyi-as-pendant-certificate-weigh-17-83-grams-measurement-49-3-21-9-3-mm-pendant225\/"},"modified":"2025-02-24T01:17:27","modified_gmt":"2025-02-23T17:17:27","slug":"premium-quality-icy-translucent-green-with-green-patches-natural-type-a-jadeite-jade-crafted-with-squirrel-and-ruyi-as-pendant-certificate-weigh-17-83-grams-measurement-49-3-21-9-3-mm-pendant225","status":"publish","type":"product","link":"https:\/\/shop.yipinqian.com\/pt\/produto\/premium-quality-icy-translucent-green-with-green-patches-natural-type-a-jadeite-jade-crafted-with-squirrel-and-ruyi-as-pendant-certificate-weigh-17-83-grams-measurement-49-3-21-9-3-mm-pendant225\/","title":{"rendered":"Jade\u00edta verde transl\u00facida gelada de qualidade premium com manchas verdes, tipo A natural, trabalhada com esquilo e ruyi como pingente, certificado pesa 17,83 gramas, medida 49,3 * 21 * 9,3 mm (pendant225)"},"content":{"rendered":"<p>Eleve sua cole\u00e7\u00e3o de joias com este requintado pingente de jade\u00edta natural tipo A verde transl\u00facido com manchas verdes de qualidade premium de Mianmar.<\/p>\n<p>\u00a0<\/p>\n<p>N\u00fameros de certificado: GD2205H014641<\/p>\n<p><img fetchpriority=\"high\" decoding=\"async\" height=\"1080\" src=\"https:\/\/shop.yipinqian.com\/wp-content\/uploads\/2024\/10\/0eb51192059cf6f12c6e750bfbb1c122.jpg?from=476444299\" width=\"1080\"><\/p>\n<ul>\n<li>\n<strong>Design impressionante:<\/strong> Este pingente \u00e9 lindamente trabalhado no formato de um esquilo segurando um Ruyi, simbolizando boa sorte e fortuna.<\/li>\n<li>\n<strong>Jade\u00edta natural tipo A:<\/strong> Feito de jade\u00edta natural tipo A da mais alta qualidade, este pingente \u00e9 dur\u00e1vel e elegante.<\/li>\n<\/ul>\n<p>Pesando 17,83 gramas e medindo 49,3 * 21 * 9,3 mm, este colar \u00e9 perfeito para uso di\u00e1rio com seu estilo casual.<\/p>\n<ul>\n<li>\n<strong>Certificado inclu\u00eddo:<\/strong> Este pingente vem com um certificado de autenticidade para sua tranquilidade.<\/li>\n<li>\n<strong>Nenhuma garantia inclu\u00edda:<\/strong> Embora n\u00e3o haja garantia inclu\u00edda, voc\u00ea pode ter certeza da qualidade da sua compra devido ao seu acabamento premium.<\/li>\n<\/ul>\n<p>Adicione um pouco de eleg\u00e2ncia atemporal a qualquer roupa com este deslumbrante colar de jade \u2013 perfeito para qualquer ocasi\u00e3o!<\/p>\n<p>\u00a0<\/p>\n<p>Yi Pin Qian \u2013 Um negociante de pedras preciosas e metais preciosos em Cingapura \u2013 N\u00famero de licen\u00e7a PS20190000031<\/p>\n<p>\u00a0<\/p>\n<p>*Todos os Jadeites comprados de Yi Pin Qian em Cingapura, os clientes podem reservar hor\u00e1rios para polimento ou pequenos reparos por manuseio incorreto - taxas se aplicam e somente para clientes de Yi Pin Qian em Cingapura*<\/p>\n<p>\u00a0<\/p>\n<p><strong>**Tipos de Certificados**<\/strong><\/p>\n<p>\u00a0<\/p>\n<p><strong>NGI (Nan Yang Gemol\u00f3gico)<\/strong><\/p>\n<p>ou <strong>Certificados no exterior <\/strong>(Yi Pin Qian usa apenas certificados aut\u00eanticos de laborat\u00f3rios estrangeiros e tamb\u00e9m controla a qualidade de cada um dos nossos produtos antes de coloc\u00e1-los \u00e0 venda em Cingapura)<\/p>\n<p>\u00a0<\/p>\n<p>Cada produto no TikTok ter\u00e1 o tipo de certificado fornecido indicado na descri\u00e7\u00e3o. Para qualquer cliente que deseje enviar seu pedido para a NGI Singapore, haver\u00e1 um tempo de espera para entrega do pedido estimado em torno de 4 semanas para receber seu pedido. <strong>As solicita\u00e7\u00f5es de relat\u00f3rios da NGI Gemstone precisam ser feitas por mensagem para a loja Yi Pin Qian TikTok.<\/strong> Obrigado, <strong><u>taxas extras se aplicam<\/u><\/strong>.<\/p>\n<p>\u00a0<\/p>\n<p><strong>A jade\u00edta natural n\u00e3o \u00e9 perfeita, apenas um lembrete gentil, nossa jade\u00edta natural, como todas as coisas bonitas da natureza, vem com suas caracter\u00edsticas e varia\u00e7\u00f5es \u00fanicas. Convidamos nossos valiosos clientes a abra\u00e7ar essas varia\u00e7\u00f5es naturais. Boas compras!<\/strong><\/p>\n<p>\u00a0<\/p>\n<p><strong><u>Nenhuma das fotos e filmagens de v\u00eddeo foram filtradas. Incentivamos nossos clientes a tamb\u00e9m assistirem aos v\u00eddeos que os acompanham para uma vis\u00e3o mais abrangente de nossos produtos<\/u><\/strong><\/p>","protected":false},"excerpt":{"rendered":"<p>Elevate your jewelry collection with this exquisite Premium Quality Icy Translucent Green with Green Patches Natural Type A Jadeite Jade pendant from Myanmar. \u00a0 Certificate numbers: GD2205H014641 Stunning Design: This pendant is beautifully crafted in the shape of a squirrel holding a Ruyi, symbolizing good luck and fortune. Natural Type A Jadeite: Made from the [&hellip;]<\/p>","protected":false},"featured_media":6935,"comment_status":"open","ping_status":"closed","template":"","meta":[],"product_brand":[],"product_cat":[195],"product_tag":[],"class_list":{"0":"post-1671","1":"product","2":"type-product","3":"status-publish","4":"has-post-thumbnail","6":"product_cat-heirloom-grade","8":"first","9":"instock","10":"sale","11":"shipping-taxable","12":"purchasable","13":"product-type-simple"},"_links":{"self":[{"href":"https:\/\/shop.yipinqian.com\/pt\/wp-json\/wp\/v2\/product\/1671","targetHints":{"allow":["GET"]}}],"collection":[{"href":"https:\/\/shop.yipinqian.com\/pt\/wp-json\/wp\/v2\/product"}],"about":[{"href":"https:\/\/shop.yipinqian.com\/pt\/wp-json\/wp\/v2\/types\/product"}],"replies":[{"embeddable":true,"href":"https:\/\/shop.yipinqian.com\/pt\/wp-json\/wp\/v2\/comments?post=1671"}],"version-history":[{"count":0,"href":"https:\/\/shop.yipinqian.com\/pt\/wp-json\/wp\/v2\/product\/1671\/revisions"}],"wp:featuredmedia":[{"embeddable":true,"href":"https:\/\/shop.yipinqian.com\/pt\/wp-json\/wp\/v2\/media\/6935"}],"wp:attachment":[{"href":"https:\/\/shop.yipinqian.com\/pt\/wp-json\/wp\/v2\/media?parent=1671"}],"wp:term":[{"taxonomy":"product_brand","embeddable":true,"href":"https:\/\/shop.yipinqian.com\/pt\/wp-json\/wp\/v2\/product_brand?post=1671"},{"taxonomy":"product_cat","embeddable":true,"href":"https:\/\/shop.yipinqian.com\/pt\/wp-json\/wp\/v2\/product_cat?post=1671"},{"taxonomy":"product_tag","embeddable":true,"href":"https:\/\/shop.yipinqian.com\/pt\/wp-json\/wp\/v2\/product_tag?post=1671"}],"curies":[{"name":"wp","href":"https:\/\/api.w.org\/{rel}","templated":true}]}}