{"id":1668,"date":"2024-10-24T23:21:16","date_gmt":"2024-10-24T15:21:16","guid":{"rendered":"https:\/\/shop.yipinqian.com\/product\/premium-quality-icy-light-green-with-patches-natural-type-a-jadeite-jade-crafted-as-leaf-set-on-18k-gold-with-1-green-cabochon-and-diamonds-certificate-included-weigh-4-36-grams-measurement-35-3-22-8\/"},"modified":"2025-02-24T01:17:27","modified_gmt":"2025-02-23T17:17:27","slug":"premium-quality-icy-light-green-with-patches-natural-type-a-jadeite-jade-crafted-as-leaf-set-on-18k-gold-with-1-green-cabochon-and-diamonds-certificate-included-weigh-4-36-grams-measurement-35-3-22-8","status":"publish","type":"product","link":"https:\/\/shop.yipinqian.com\/pt\/produto\/premium-quality-icy-light-green-with-patches-natural-type-a-jadeite-jade-crafted-as-leaf-set-on-18k-gold-with-1-green-cabochon-and-diamonds-certificate-included-weigh-4-36-grams-measurement-35-3-22-8\/","title":{"rendered":"Premium Quality Icy light green with patches Natural Type A Jadeite Jade crafted as Leaf set on 18k Gold with 1 Green Cabochon and Diamonds, Certificate included weigh 4.36 grams, Measurement 35.3 * 22 * 8.2 mm (18kp25)"},"content":{"rendered":"<p>This Premium Quality Icy light green with patches Natural Type A Jadeite Jade necklace is an exquisite piece of jewelry that will add elegance to any outfit. The leaf-shaped pendant is beautifully crafted from 18k Gold and features 1 Green Cabochon and Diamonds, adding a touch of sparkle to the piece.<\/p>\n<p>\u00a0<\/p>\n<p>Certificate numbers: ZS22120501362<\/p>\n<p>\u00a0<\/p>\n<p>Diamonds: 55 *<em> 0.003(FF) = 0.165 carats \/ 1 *<\/em> 0.08(FF)carats<\/p>\n<p>Red Rubys: 7 *<em> 0.003 \/ 5 *<\/em> 0.005<\/p>\n<p>18 Gold Weight: 3.41 grams<\/p>\n<p>Green cabochon * 1<\/p>\n<p>Jadeite weight: 0.88 grams (measurement: 20.1 <em> 9.6 <\/em> 3.1 mm)<\/p>\n<p>Overall size measurement: 35.3 * 22 * 8.2 mm<\/p>\n<p>\u00a0<\/p>\n<p><img fetchpriority=\"high\" decoding=\"async\" height=\"1080\" src=\"https:\/\/shop.yipinqian.com\/wp-content\/uploads\/2024\/10\/5d51c35bc70cf8c41217f6283b032cf6.jpg?from=476444299\" width=\"1080\"><\/p>\n<ul>\n<li>\n<strong>Material de alta qualidade:<\/strong> Crafted from Natural Type A Jadeite Jade, this necklace weighs <strong>4.36 grams<\/strong> and has a Measurement (18kp25).<\/li>\n<li>\n<strong>Certificado inclu\u00eddo:<\/strong> This necklace comes with a Certificate, ensuring its authenticity.<\/li>\n<li>\n<strong>Design elegante:<\/strong> The leaf-shaped pendant adds an elegant touch to the design making it perfect for any formal occasion.<\/li>\n<\/ul>\n<p>The secondary material of this necklace is Diamond while the setting material is PT\/Carat Gold. This product originates from Myanmar adding authenticity and uniqueness to it. It&#8217;s designed as unisex making it perfect for either men or women who appreciate fine jewelry pieces.<\/p>\n<p>If you are looking for an elegant yet unique jade necklace that will make you stand out in any formal event or gathering, then this Premium Quality Icy light green with patches Natural Type A Jadeite Leaf set on 18k Gold Necklace with Diamonds and Certificate included might just be what you&#8217;re looking for!<\/p>\n<p>\u00a0<\/p>\n<p>Yi Pin Qian \u2013 Um negociante de pedras preciosas e metais preciosos em Cingapura \u2013 N\u00famero de licen\u00e7a PS20190000031<\/p>\n<p>\u00a0<\/p>\n<p>*Todos os Jadeites comprados de Yi Pin Qian em Cingapura, os clientes podem reservar hor\u00e1rios para polimento ou pequenos reparos por manuseio incorreto - taxas se aplicam e somente para clientes de Yi Pin Qian em Cingapura*<\/p>\n<p>\u00a0<\/p>\n<p><strong>**Tipos de Certificados**<\/strong><\/p>\n<p>\u00a0<\/p>\n<p><strong>NGI (Nan Yang Gemol\u00f3gico)<\/strong><\/p>\n<p>ou <strong>Certificados no exterior <\/strong>(Yi Pin Qian usa apenas certificados aut\u00eanticos de laborat\u00f3rios estrangeiros e tamb\u00e9m controla a qualidade de cada um dos nossos produtos antes de coloc\u00e1-los \u00e0 venda em Cingapura)<\/p>\n<p>\u00a0<\/p>\n<p>Cada produto no TikTok ter\u00e1 o tipo de certificado fornecido indicado na descri\u00e7\u00e3o. Para qualquer cliente que deseje enviar seu pedido para a NGI Singapore, haver\u00e1 um tempo de espera para entrega do pedido estimado em torno de 4 semanas para receber seu pedido. <strong>As solicita\u00e7\u00f5es de relat\u00f3rios da NGI Gemstone precisam ser feitas por mensagem para a loja Yi Pin Qian TikTok.<\/strong> Obrigado, <strong><u>taxas extras se aplicam<\/u><\/strong>.<\/p>\n<p>\u00a0<\/p>\n<p><strong>A jade\u00edta natural n\u00e3o \u00e9 perfeita, apenas um lembrete gentil, nossa jade\u00edta natural, como todas as coisas bonitas da natureza, vem com suas caracter\u00edsticas e varia\u00e7\u00f5es \u00fanicas. Convidamos nossos valiosos clientes a abra\u00e7ar essas varia\u00e7\u00f5es naturais. Boas compras!<\/strong><\/p>\n<p>\u00a0<\/p>\n<p><strong><u>Nenhuma das fotos e filmagens de v\u00eddeo foram filtradas. Incentivamos nossos clientes a tamb\u00e9m assistirem aos v\u00eddeos que os acompanham para uma vis\u00e3o mais abrangente de nossos produtos<\/u><\/strong><\/p>","protected":false},"excerpt":{"rendered":"<p>This Premium Quality Icy light green with patches Natural Type A Jadeite Jade necklace is an exquisite piece of jewelry that will add elegance to any outfit. The leaf-shaped pendant is beautifully crafted from 18k Gold and features 1 Green Cabochon and Diamonds, adding a touch of sparkle to the piece. \u00a0 Certificate numbers: ZS22120501362 [&hellip;]<\/p>","protected":false},"featured_media":6912,"comment_status":"open","ping_status":"closed","template":"","meta":[],"product_brand":[],"product_cat":[195],"product_tag":[],"class_list":{"0":"post-1668","1":"product","2":"type-product","3":"status-publish","4":"has-post-thumbnail","6":"product_cat-heirloom-grade","8":"first","9":"instock","10":"sale","11":"shipping-taxable","12":"purchasable","13":"product-type-simple"},"_links":{"self":[{"href":"https:\/\/shop.yipinqian.com\/pt\/wp-json\/wp\/v2\/product\/1668","targetHints":{"allow":["GET"]}}],"collection":[{"href":"https:\/\/shop.yipinqian.com\/pt\/wp-json\/wp\/v2\/product"}],"about":[{"href":"https:\/\/shop.yipinqian.com\/pt\/wp-json\/wp\/v2\/types\/product"}],"replies":[{"embeddable":true,"href":"https:\/\/shop.yipinqian.com\/pt\/wp-json\/wp\/v2\/comments?post=1668"}],"version-history":[{"count":0,"href":"https:\/\/shop.yipinqian.com\/pt\/wp-json\/wp\/v2\/product\/1668\/revisions"}],"wp:featuredmedia":[{"embeddable":true,"href":"https:\/\/shop.yipinqian.com\/pt\/wp-json\/wp\/v2\/media\/6912"}],"wp:attachment":[{"href":"https:\/\/shop.yipinqian.com\/pt\/wp-json\/wp\/v2\/media?parent=1668"}],"wp:term":[{"taxonomy":"product_brand","embeddable":true,"href":"https:\/\/shop.yipinqian.com\/pt\/wp-json\/wp\/v2\/product_brand?post=1668"},{"taxonomy":"product_cat","embeddable":true,"href":"https:\/\/shop.yipinqian.com\/pt\/wp-json\/wp\/v2\/product_cat?post=1668"},{"taxonomy":"product_tag","embeddable":true,"href":"https:\/\/shop.yipinqian.com\/pt\/wp-json\/wp\/v2\/product_tag?post=1668"}],"curies":[{"name":"wp","href":"https:\/\/api.w.org\/{rel}","templated":true}]}}