{"id":1665,"date":"2024-10-24T23:21:16","date_gmt":"2024-10-24T15:21:16","guid":{"rendered":"https:\/\/shop.yipinqian.com\/product\/premium-quality-6-icy-and-5-green-natural-type-a-jadeite-jade-crafted-as-cabochons-set-on-18k-gold-as-bracelet-chain-with-certificate-weigh-4-03-grams-measurement-see-description-18kpw3\/"},"modified":"2025-02-24T01:17:27","modified_gmt":"2025-02-23T17:17:27","slug":"premium-quality-6-icy-and-5-green-natural-type-a-jadeite-jade-crafted-as-cabochons-set-on-18k-gold-as-bracelet-chain-with-certificate-weigh-4-03-grams-measurement-see-description-18kpw3","status":"publish","type":"product","link":"https:\/\/shop.yipinqian.com\/pt\/produto\/premium-quality-6-icy-and-5-green-natural-type-a-jadeite-jade-crafted-as-cabochons-set-on-18k-gold-as-bracelet-chain-with-certificate-weigh-4-03-grams-measurement-see-description-18kpw3\/","title":{"rendered":"Jade\u00edte Natural Tipo A de Qualidade Premium 6 Icy e 5 Green, trabalhada como caboch\u00f5es em ouro 18k como corrente de pulseira com certificado, pesa 4,03 gramas, medida veja descri\u00e7\u00e3o (18kpw3)"},"content":{"rendered":"<article class=\"lzd-article\" style=\"white-space: break-spaces;\">\n<p style=\"line-height: 1.7;text-align: left;text-indent: 0;margin-left: 0;margin-top: 0;margin-bottom: 0;\"><span>Delicie-se com a qualidade premium desta corrente de pulseira de jade\u00edta feita com 6 caboch\u00f5es naturais gelados e 5 verdes, colocados em uma luxuosa corrente de ouro 18k.<\/span><\/p>\n<p style=\"line-height: 1.7;text-align: left;text-indent: 0;margin-left: 0;margin-top: 0;margin-bottom: 0;\"><span><\/span><\/p>\n<p style=\"line-height: 1.7;text-align: left;text-indent: 0;margin-left: 0;margin-top: 0;margin-bottom: 0;\"><span>N\u00fameros de certificado: GD2110H010863<\/span><\/p>\n<p style=\"line-height: 1.7;text-align: left;text-indent: 0;margin-left: 0;margin-top: 0;margin-bottom: 0;\"><span><\/span><\/p>\n<p style=\"line-height: 1.7;text-align: left;text-indent: 0;margin-left: 0;margin-top: 0;margin-bottom: 0;\"><span style=\"font-weight: bold;\">6 Caboch\u00f5es Gelados:<\/span><span> 7,6 * 4,5 * 2,9 mm, 7,2 * 4,5 * 3,4 mm, 7 * 4,8 * 3,3 mm, 7,3 * 5,3 * 3,6 mm, 6,7 * 4,7 * 3,1 mm, 6,7 * 4,3 * 2,6 mm<\/span><\/p>\n<p style=\"line-height: 1.7;text-align: left;text-indent: 0;margin-left: 0;margin-top: 0;margin-bottom: 0;\"><span><\/span><\/p>\n<p style=\"line-height: 1.7;text-align: left;text-indent: 0;margin-left: 0;margin-top: 0;margin-bottom: 0;\"><span style=\"font-weight: bold;\">5 Caboch\u00f5es Verdes:<\/span><span> 3,6 * 2 mm, 3,9 * 2,1 mm, 4,2 * 2 mm, 3,8 * 2 mm<\/span><\/p>\n<p style=\"line-height: 1.7;text-align: left;text-indent: 0;margin-left: 0;margin-top: 0;margin-bottom: 0;\"><span><\/span><\/p>\n<p style=\"line-height: 1.7;text-align: left;text-indent: 0;margin-left: 0;margin-top: 0;margin-bottom: 0;\"><span style=\"font-weight: bold;\">Peso do ouro 18k: <\/span><span>3,01 gramas<\/span><\/p>\n<p style=\"line-height: 1.7;text-align: left;text-indent: 0;margin-left: 0;margin-top: 0;margin-bottom: 0;\"><span><\/span><\/p>\n<p style=\"line-height: 1.7;text-align: left;text-indent: 0;margin-left: 0;margin-top: 0;margin-bottom: 0;\"><span style=\"font-weight: bold;\">Diamantes:<\/span><span> 78 * 0,003 = 0,234 quilates<\/span><\/p>\n<p style=\"line-height: 1.7;text-align: left;text-indent: 0;margin-left: 0;margin-top: 0;margin-bottom: 0;\"><span><\/span><\/p>\n<ul>\n<li>\n<div style=\"line-height: 1.7;text-align: left;text-indent: 0;\"><span>Autenticidade garantida: com um certificado inclu\u00eddo, voc\u00ea pode confiar que esta pulseira de jade \u00e9 da mais alta qualidade.<\/span><\/div>\n<\/li>\n<li>\n<div style=\"line-height: 1.7;text-align: left;text-indent: 0;\"><span>Design elegante: o intrincado engaste caboch\u00e3o na corrente de ouro resulta em uma joia deslumbrante.<\/span><\/div>\n<\/li>\n<li>\n<div style=\"line-height: 1.7;text-align: left;text-indent: 0;\"><span>Constru\u00e7\u00e3o dur\u00e1vel: pesando 4,03 gramas, esta pulseira de jade foi feita para durar e suportar o uso di\u00e1rio.<\/span><\/div>\n<\/li>\n<\/ul>\n<p style=\"line-height: 1.7;text-align: left;text-indent: 0;margin-left: 0;margin-top: 0;margin-bottom: 0;\"><span>Este acess\u00f3rio de joia requintado \u00e9 perfeito para qualquer ocasi\u00e3o e adicionar\u00e1 um toque de eleg\u00e2ncia ao seu traje.<\/span><\/p>\n<ul>\n<li>\n<div style=\"line-height: 1.7;text-align: left;text-indent: 0;\"><span>Feito com os melhores materiais: O material secund\u00e1rio usado na elabora\u00e7\u00e3o desta obra-prima s\u00e3o diamantes, enquanto PT\/ouro quilate foram usados como materiais de configura\u00e7\u00e3o<\/span><\/div>\n<\/li>\n<li>\n<div style=\"line-height: 1.7;text-align: left;text-indent: 0;\"><span>.<\/span><\/div>\n<\/li>\n<li>\n<div style=\"line-height: 1.7;text-align: left;text-indent: 0;\"><span>Feito com orgulho pelos melhores artes\u00e3os de Mianmar, garantindo assim uma pe\u00e7a aut\u00eantica que durar\u00e1 por muitos anos.<\/span><\/div>\n<\/li>\n<li>\n<div style=\"line-height: 1.7;text-align: left;text-indent: 0;\"><span>O presente perfeito para qualquer mulher que aprecia joias finas! Ele \u00e9 projetado como um tipo de pulseira que se encaixa perfeitamente no pulso de qualquer mulher. Invista em voc\u00ea ou presenteie algu\u00e9m especial com um acess\u00f3rio que ela guardar\u00e1 para sempre!<\/span><\/div>\n<\/li>\n<\/ul>\n<p style=\"line-height: 1.7;text-align: left;text-indent: 0;margin-left: 0;margin-top: 0;margin-bottom: 0;\"><span>Yi Pin Qian \u2013 Um negociante de pedras preciosas e metais preciosos em Cingapura \u2013 N\u00famero de licen\u00e7a PS20190000031<\/span><\/p>\n<p style=\"line-height: 1.7;text-align: left;text-indent: 0;margin-left: 0;margin-top: 0;margin-bottom: 0;\"><span><\/span><\/p>\n<p style=\"line-height: 1.7;text-align: left;text-indent: 0;margin-left: 0;margin-top: 0;margin-bottom: 0;\"><span>*Todos os Jadeites comprados de Yi Pin Qian em Cingapura, os clientes podem reservar hor\u00e1rios para polimento ou pequenos reparos por manuseio incorreto - taxas se aplicam e somente para clientes de Yi Pin Qian em Cingapura*<\/span><\/p>\n<p style=\"line-height: 1.7;text-align: left;text-indent: 0;margin-left: 0;margin-top: 0;margin-bottom: 0;\"><span><\/span><\/p>\n<p style=\"line-height: 1.7;text-align: left;text-indent: 0;margin-left: 0;margin-top: 0;margin-bottom: 0;\"><span style=\"font-weight: bold;\">**Tipos de Certificados**<\/span><\/p>\n<p style=\"line-height: 1.7;text-align: left;text-indent: 0;margin-left: 0;margin-top: 0;margin-bottom: 0;\"><span><\/span><\/p>\n<p style=\"line-height: 1.7;text-align: left;text-indent: 0;margin-left: 0;margin-top: 0;margin-bottom: 0;\"><span style=\"font-weight: bold;\">NGI (Nan Yang Gemol\u00f3gico)<\/span><\/p>\n<p style=\"line-height: 1.7;text-align: left;text-indent: 0;margin-left: 0;margin-top: 0;margin-bottom: 0;\"><span>ou <\/span><span style=\"font-weight: bold;\">Certificados no exterior <\/span><span>(Yi Pin Qian usa apenas certificados aut\u00eanticos de laborat\u00f3rios estrangeiros e tamb\u00e9m controla a qualidade de cada um dos nossos produtos antes de coloc\u00e1-los \u00e0 venda em Cingapura)<\/span><\/p>\n<p style=\"line-height: 1.7;text-align: left;text-indent: 0;margin-left: 0;margin-top: 0;margin-bottom: 0;\"><span><\/span><\/p>\n<p style=\"line-height: 1.7;text-align: left;text-indent: 0;margin-left: 0;margin-top: 0;margin-bottom: 0;\"><span>Cada produto no TikTok ter\u00e1 o tipo de certificado fornecido indicado na descri\u00e7\u00e3o. Para qualquer cliente que deseje enviar seu pedido para a NGI Singapore, haver\u00e1 um tempo de espera para entrega do pedido estimado em torno de 4 semanas para receber seu pedido. <\/span><span style=\"font-weight: bold;\">As solicita\u00e7\u00f5es de relat\u00f3rios da NGI Gemstone precisam ser feitas por mensagem para a loja Yi Pin Qian TikTok.<\/span><span> Obrigado, <\/span><span style=\"font-weight: bold;text-decoration: underline;\">taxas extras se aplicam<\/span><span>.<\/span><\/p>\n<p style=\"line-height: 1.7;text-align: left;text-indent: 0;margin-left: 0;margin-top: 0;margin-bottom: 0;\"><span><\/span><\/p>\n<p style=\"line-height: 1.7;text-align: left;text-indent: 0;margin-left: 0;margin-top: 0;margin-bottom: 0;\"><span style=\"font-weight: bold;\">A jade\u00edta natural n\u00e3o \u00e9 perfeita, apenas um lembrete gentil, nossa jade\u00edta natural, como todas as coisas bonitas da natureza, vem com suas caracter\u00edsticas e varia\u00e7\u00f5es \u00fanicas. Convidamos nossos valiosos clientes a abra\u00e7ar essas varia\u00e7\u00f5es naturais. Boas compras!<\/span><\/p>\n<p style=\"line-height: 1.7;text-align: left;text-indent: 0;margin-left: 0;margin-top: 0;margin-bottom: 0;\"><span><\/span><\/p>\n<p style=\"line-height: 1.7;text-align: left;text-indent: 0;margin-left: 0;margin-top: 0;margin-bottom: 0;\"><span style=\"font-weight: bold;text-decoration: underline;\">Nenhuma das fotos e filmagens de v\u00eddeo foram filtradas. Incentivamos nossos clientes a tamb\u00e9m assistirem aos v\u00eddeos que os acompanham para uma vis\u00e3o mais abrangente de nossos produtos<\/span><\/p>\n<\/article>","protected":false},"excerpt":{"rendered":"<p>Delicie-se com a qualidade premium desta corrente de pulseira Jadeite Jade trabalhada com 6 caboch\u00f5es Icy e 5 Green Natural, fixados em uma luxuosa corrente de ouro 18k. N\u00fameros de certificado: GD2110H010863 6 Caboch\u00f5es Icy: 7,6 * 4,5 * 2,9 mm, 7,2 * 4,5 * 3,4 mm, 7 * 4,8 * 3,3 mm, 7,3 * 5,3 * 3,6 mm, 6,7 * [\u2026]<\/p>","protected":false},"featured_media":6893,"comment_status":"open","ping_status":"closed","template":"","meta":[],"product_brand":[],"product_cat":[195],"product_tag":[],"class_list":{"0":"post-1665","1":"product","2":"type-product","3":"status-publish","4":"has-post-thumbnail","6":"product_cat-heirloom-grade","8":"first","9":"instock","10":"sale","11":"shipping-taxable","12":"purchasable","13":"product-type-simple"},"_links":{"self":[{"href":"https:\/\/shop.yipinqian.com\/pt\/wp-json\/wp\/v2\/product\/1665","targetHints":{"allow":["GET"]}}],"collection":[{"href":"https:\/\/shop.yipinqian.com\/pt\/wp-json\/wp\/v2\/product"}],"about":[{"href":"https:\/\/shop.yipinqian.com\/pt\/wp-json\/wp\/v2\/types\/product"}],"replies":[{"embeddable":true,"href":"https:\/\/shop.yipinqian.com\/pt\/wp-json\/wp\/v2\/comments?post=1665"}],"version-history":[{"count":0,"href":"https:\/\/shop.yipinqian.com\/pt\/wp-json\/wp\/v2\/product\/1665\/revisions"}],"wp:featuredmedia":[{"embeddable":true,"href":"https:\/\/shop.yipinqian.com\/pt\/wp-json\/wp\/v2\/media\/6893"}],"wp:attachment":[{"href":"https:\/\/shop.yipinqian.com\/pt\/wp-json\/wp\/v2\/media?parent=1665"}],"wp:term":[{"taxonomy":"product_brand","embeddable":true,"href":"https:\/\/shop.yipinqian.com\/pt\/wp-json\/wp\/v2\/product_brand?post=1665"},{"taxonomy":"product_cat","embeddable":true,"href":"https:\/\/shop.yipinqian.com\/pt\/wp-json\/wp\/v2\/product_cat?post=1665"},{"taxonomy":"product_tag","embeddable":true,"href":"https:\/\/shop.yipinqian.com\/pt\/wp-json\/wp\/v2\/product_tag?post=1665"}],"curies":[{"name":"wp","href":"https:\/\/api.w.org\/{rel}","templated":true}]}}