{"id":1663,"date":"2024-10-24T23:21:15","date_gmt":"2024-10-24T15:21:15","guid":{"rendered":"https:\/\/shop.yipinqian.com\/product\/premium-light-green-semi-icy-natural-type-a-jadeite-jade-pendant-crafted-with-frogs-coins-and-lotus-with-certificate-weigh-35-12-grams-measurement-50-7-24-7-18-2-mm-pendant193\/"},"modified":"2025-02-24T01:17:27","modified_gmt":"2025-02-23T17:17:27","slug":"premium-light-green-semi-icy-natural-type-a-jadeite-jade-pendant-crafted-with-frogs-coins-and-lotus-with-certificate-weigh-35-12-grams-measurement-50-7-24-7-18-2-mm-pendant193","status":"publish","type":"product","link":"https:\/\/shop.yipinqian.com\/pt\/produto\/premium-light-green-semi-icy-natural-type-a-jadeite-jade-pendant-crafted-with-frogs-coins-and-lotus-with-certificate-weigh-35-12-grams-measurement-50-7-24-7-18-2-mm-pendant193\/","title":{"rendered":"Pingente de jade\u00edte natural semi-gelado verde claro premium tipo A feito com sapos, moedas e l\u00f3tus com certificado pesando 35,12 gramas, medindo 50,7 * 24,7 * 18,2 mm (pendant193)"},"content":{"rendered":"<p>Melhore sua cole\u00e7\u00e3o de joias com este requintado Pingente de Jade\u00edte Natural Semi Gelado Verde Claro Premium Tipo A. Este pingente \u00e9 feito com sapos, moedas e l\u00f3tus, o que o torna uma escolha perfeita para uso di\u00e1rio.<\/p>\n<p>\u00a0<\/p>\n<p><strong>N\u00fameros de certificado: GD2112H015303 <\/strong><\/p>\n<p><img fetchpriority=\"high\" decoding=\"async\" height=\"1080\" src=\"https:\/\/shop.yipinqian.com\/wp-content\/uploads\/2024\/10\/5ac0106908d847b0ed62f090fd2c5aef.jpg?from=476444299\" width=\"1080\"><\/p>\n<ul>\n<li>\n<strong>Qualidade Premium:<\/strong> Feito com jade\u00edta natural Tipo A de alta qualidade, este pingente \u00e9 perfeito para adicionar um toque de eleg\u00e2ncia \u00e0 sua cole\u00e7\u00e3o de joias.<\/li>\n<li>\n<strong>Design exclusivo:<\/strong> O design deste pingente \u00e9 inspirado na natureza e trabalhado de forma complexa com sapos, moedas e l\u00f3tus, o que o torna uma joia \u00fanica.<\/li>\n<li>\n<strong>Certificado:<\/strong> Este pingente de jade tipo A vem com um certificado que garante sua autenticidade e qualidade.<\/li>\n<\/ul>\n<p>Este pingente de jade\u00edta natural semi-gelada verde-claro premium tipo A pesa 35,12 gramas e mede 50,7 * 24,7 * 18,2 mm, o que o torna f\u00e1cil de usar tanto para homens quanto para mulheres.<\/p>\n<ul>\n<li>\n<strong>Tipo de Jade:<\/strong> Feito de jade\u00edta natural tipo A, o que o torna \u00fanico em cor e textura<\/li>\n<li>\n<strong>O pa\u00eds de origem: <\/strong>Este produto vem da terra de Mianmar, que \u00e9 famosa por suas pedras preciosas aut\u00eanticas desde os tempos antigos<\/li>\n<li>\n<strong>O estilo do colar: <\/strong>O estilo casual do colar o torna adequado para o uso di\u00e1rio<\/li>\n<\/ul>\n<p>Adicione um toque de eleg\u00e2ncia aos seus looks di\u00e1rios ou surpreenda algu\u00e9m especial presenteando-a com esta pe\u00e7a elegante que ser\u00e1 apreciada para sempre!<\/p>\n<p>\u00a0<\/p>\n<p>Yi Pin Qian \u2013 Um negociante de pedras preciosas e metais preciosos em Cingapura \u2013 N\u00famero de licen\u00e7a PS20190000031<\/p>\n<p>\u00a0<\/p>\n<p>*Todos os Jadeites comprados de Yi Pin Qian em Cingapura, os clientes podem reservar hor\u00e1rios para polimento ou pequenos reparos por manuseio incorreto - taxas se aplicam e somente para clientes de Yi Pin Qian em Cingapura*<\/p>\n<p>\u00a0<\/p>\n<p><strong>**Tipos de Certificados**<\/strong><\/p>\n<p>\u00a0<\/p>\n<p><strong>NGI (Nan Yang Gemol\u00f3gico)<\/strong><\/p>\n<p>ou <strong>Certificados no exterior <\/strong>(Yi Pin Qian usa apenas certificados aut\u00eanticos de laborat\u00f3rios estrangeiros e tamb\u00e9m controla a qualidade de cada um dos nossos produtos antes de coloc\u00e1-los \u00e0 venda em Cingapura)<\/p>\n<p>\u00a0<\/p>\n<p>Cada produto no TikTok ter\u00e1 o tipo de certificado fornecido indicado na descri\u00e7\u00e3o. Para qualquer cliente que deseje enviar seu pedido para a NGI Singapore, haver\u00e1 um tempo de espera para entrega do pedido estimado em torno de 4 semanas para receber seu pedido. <strong>As solicita\u00e7\u00f5es de relat\u00f3rios da NGI Gemstone precisam ser feitas por mensagem para a loja Yi Pin Qian TikTok.<\/strong> Obrigado, <strong><u>taxas extras se aplicam<\/u><\/strong>.<\/p>\n<p>\u00a0<\/p>\n<p><strong>A jade\u00edta natural n\u00e3o \u00e9 perfeita, apenas um lembrete gentil, nossa jade\u00edta natural, como todas as coisas bonitas da natureza, vem com suas caracter\u00edsticas e varia\u00e7\u00f5es \u00fanicas. Convidamos nossos valiosos clientes a abra\u00e7ar essas varia\u00e7\u00f5es naturais. Boas compras!<\/strong><\/p>\n<p>\u00a0<\/p>\n<p><strong><u>Nenhuma das fotos e filmagens de v\u00eddeo foram filtradas. Incentivamos nossos clientes a tamb\u00e9m assistirem aos v\u00eddeos que os acompanham para uma vis\u00e3o mais abrangente de nossos produtos<\/u><\/strong><\/p>","protected":false},"excerpt":{"rendered":"<p>Enhance your jewelry collection with this exquisite Premium Light Green Semi Icy Natural Type A Jadeite Jade Pendant. This pendant is crafted with frogs, coins, and lotus which makes it a perfect choice for daily wear. \u00a0 Certificate numbers: GD2112H015303 Premium Quality: Crafted with high-quality natural Type A jadeite jade, this pendant is perfect to [&hellip;]<\/p>","protected":false},"featured_media":6875,"comment_status":"open","ping_status":"closed","template":"","meta":[],"product_brand":[],"product_cat":[195],"product_tag":[],"class_list":{"0":"post-1663","1":"product","2":"type-product","3":"status-publish","4":"has-post-thumbnail","6":"product_cat-heirloom-grade","8":"first","9":"instock","10":"sale","11":"shipping-taxable","12":"purchasable","13":"product-type-simple"},"_links":{"self":[{"href":"https:\/\/shop.yipinqian.com\/pt\/wp-json\/wp\/v2\/product\/1663","targetHints":{"allow":["GET"]}}],"collection":[{"href":"https:\/\/shop.yipinqian.com\/pt\/wp-json\/wp\/v2\/product"}],"about":[{"href":"https:\/\/shop.yipinqian.com\/pt\/wp-json\/wp\/v2\/types\/product"}],"replies":[{"embeddable":true,"href":"https:\/\/shop.yipinqian.com\/pt\/wp-json\/wp\/v2\/comments?post=1663"}],"version-history":[{"count":0,"href":"https:\/\/shop.yipinqian.com\/pt\/wp-json\/wp\/v2\/product\/1663\/revisions"}],"wp:featuredmedia":[{"embeddable":true,"href":"https:\/\/shop.yipinqian.com\/pt\/wp-json\/wp\/v2\/media\/6875"}],"wp:attachment":[{"href":"https:\/\/shop.yipinqian.com\/pt\/wp-json\/wp\/v2\/media?parent=1663"}],"wp:term":[{"taxonomy":"product_brand","embeddable":true,"href":"https:\/\/shop.yipinqian.com\/pt\/wp-json\/wp\/v2\/product_brand?post=1663"},{"taxonomy":"product_cat","embeddable":true,"href":"https:\/\/shop.yipinqian.com\/pt\/wp-json\/wp\/v2\/product_cat?post=1663"},{"taxonomy":"product_tag","embeddable":true,"href":"https:\/\/shop.yipinqian.com\/pt\/wp-json\/wp\/v2\/product_tag?post=1663"}],"curies":[{"name":"wp","href":"https:\/\/api.w.org\/{rel}","templated":true}]}}