{"id":1659,"date":"2024-10-24T23:21:12","date_gmt":"2024-10-24T15:21:12","guid":{"rendered":"https:\/\/shop.yipinqian.com\/product\/premium-icy-yellow-natural-type-a-jadeite-jade-crafted-with-dragon-as-pendant-certificate-weighs-15-64-grams-measurement-50-6-27-11-5-mm-pendant253\/"},"modified":"2025-02-24T01:17:28","modified_gmt":"2025-02-23T17:17:28","slug":"premium-icy-yellow-natural-type-a-jadeite-jade-crafted-with-dragon-as-pendant-certificate-weighs-15-64-grams-measurement-50-6-27-11-5-mm-pendant253","status":"publish","type":"product","link":"https:\/\/shop.yipinqian.com\/pt\/produto\/premium-icy-yellow-natural-type-a-jadeite-jade-crafted-with-dragon-as-pendant-certificate-weighs-15-64-grams-measurement-50-6-27-11-5-mm-pendant253\/","title":{"rendered":"Jade\u00edta Natural Amarelo Gelado Premium Tipo A Jade trabalhada com Drag\u00e3o como Pingente certificado pesa 15,64 gramas, medindo 50,6 * 27 * 11,5 mm (pendant253)"},"content":{"rendered":"<p>Melhore seu estilo com este requintado pingente de jade\u00edta natural tipo A amarelo gelo premium com um design de drag\u00e3o lindamente trabalhado.<\/p>\n<p><\/p>\n<p>N\u00fameros de certificado: GD2207H003409<\/p>\n<ul>\n<li>Artesanato requintado: feito com jade\u00edte tipo A de alta qualidade, este pingente exala eleg\u00e2ncia e sofistica\u00e7\u00e3o.<\/li>\n<li>Simbolismo auspicioso: o desenho do drag\u00e3o simboliza for\u00e7a, poder e boa sorte, o que o torna perfeito para qualquer ocasi\u00e3o.<\/li>\n<li>Medidas exclusivas: com dimens\u00f5es de 50,6 * 27 * 11,5 mm e peso de 15,64 gramas, este pingente \u00e9 realmente \u00fanico (pendant253).<\/li>\n<\/ul>\n<p>Este acess\u00f3rio de colar unissex vem com um Certificado de autenticidade de Mianmar, garantindo sua qualidade premium e autenticidade.<\/p>\n<p><\/p>\n<p>Yi Pin Qian \u2013 Um negociante de pedras preciosas e metais preciosos em Cingapura \u2013 N\u00famero de licen\u00e7a PS20190000031<\/p>\n<p><\/p>\n<p>*Todos os Jadeites comprados de Yi Pin Qian em Cingapura, os clientes podem reservar hor\u00e1rios para polimento ou pequenos reparos por manuseio incorreto - taxas se aplicam e somente para clientes de Yi Pin Qian em Cingapura*<\/p>\n<p><\/p>\n<p><strong>**Tipos de Certificados**<\/strong><\/p>\n<p><\/p>\n<p><strong>NGI (Nan Yang Gemol\u00f3gico)<\/strong><\/p>\n<p>ou <strong>Certificados no exterior <\/strong>(Yi Pin Qian usa apenas certificados aut\u00eanticos de laborat\u00f3rios estrangeiros e tamb\u00e9m controla a qualidade de cada um dos nossos produtos antes de coloc\u00e1-los \u00e0 venda em Cingapura)<\/p>\n<p><\/p>\n<p>Cada produto no TikTok ter\u00e1 o tipo de certificado fornecido indicado na descri\u00e7\u00e3o. Para qualquer cliente que deseje enviar seu pedido para a NGI Singapore, haver\u00e1 um tempo de espera para entrega do pedido estimado em torno de 4 semanas para receber seu pedido. <strong>As solicita\u00e7\u00f5es de relat\u00f3rios da NGI Gemstone precisam ser feitas por mensagem para a loja Yi Pin Qian TikTok.<\/strong> Obrigado, <strong><u>taxas extras se aplicam<\/u><\/strong>.<\/p>\n<p><\/p>\n<p><strong>A jade\u00edta natural n\u00e3o \u00e9 perfeita, apenas um lembrete gentil, nossa jade\u00edta natural, como todas as coisas bonitas da natureza, vem com suas caracter\u00edsticas e varia\u00e7\u00f5es \u00fanicas. Convidamos nossos valiosos clientes a abra\u00e7ar essas varia\u00e7\u00f5es naturais. Boas compras!<\/strong><\/p>\n<p><\/p>\n<p><strong><u>Nenhuma das fotos e filmagens de v\u00eddeo foram filtradas. Incentivamos nossos clientes a tamb\u00e9m assistirem aos v\u00eddeos que os acompanham para uma vis\u00e3o mais abrangente de nossos produtos<\/u><\/strong><\/p>","protected":false},"excerpt":{"rendered":"<p>Enhance your style with this exquisite Premium Icy Yellow Natural Type A Jadeite Jade pendant featuring a beautifully crafted Dragon design. Certificate numbers: GD2207H003409 Exquisite Craftsmanship: Made with high-quality Type A Jadeite Jade, this pendant exudes elegance and sophistication. Auspicious Symbolism: The Dragon design symbolizes strength, power, and good fortune, making it perfect for any [&hellip;]<\/p>","protected":false},"featured_media":6839,"comment_status":"open","ping_status":"closed","template":"","meta":[],"product_brand":[],"product_cat":[195],"product_tag":[],"class_list":{"0":"post-1659","1":"product","2":"type-product","3":"status-publish","4":"has-post-thumbnail","6":"product_cat-heirloom-grade","8":"first","9":"instock","10":"sale","11":"shipping-taxable","12":"purchasable","13":"product-type-simple"},"_links":{"self":[{"href":"https:\/\/shop.yipinqian.com\/pt\/wp-json\/wp\/v2\/product\/1659","targetHints":{"allow":["GET"]}}],"collection":[{"href":"https:\/\/shop.yipinqian.com\/pt\/wp-json\/wp\/v2\/product"}],"about":[{"href":"https:\/\/shop.yipinqian.com\/pt\/wp-json\/wp\/v2\/types\/product"}],"replies":[{"embeddable":true,"href":"https:\/\/shop.yipinqian.com\/pt\/wp-json\/wp\/v2\/comments?post=1659"}],"version-history":[{"count":0,"href":"https:\/\/shop.yipinqian.com\/pt\/wp-json\/wp\/v2\/product\/1659\/revisions"}],"wp:featuredmedia":[{"embeddable":true,"href":"https:\/\/shop.yipinqian.com\/pt\/wp-json\/wp\/v2\/media\/6839"}],"wp:attachment":[{"href":"https:\/\/shop.yipinqian.com\/pt\/wp-json\/wp\/v2\/media?parent=1659"}],"wp:term":[{"taxonomy":"product_brand","embeddable":true,"href":"https:\/\/shop.yipinqian.com\/pt\/wp-json\/wp\/v2\/product_brand?post=1659"},{"taxonomy":"product_cat","embeddable":true,"href":"https:\/\/shop.yipinqian.com\/pt\/wp-json\/wp\/v2\/product_cat?post=1659"},{"taxonomy":"product_tag","embeddable":true,"href":"https:\/\/shop.yipinqian.com\/pt\/wp-json\/wp\/v2\/product_tag?post=1659"}],"curies":[{"name":"wp","href":"https:\/\/api.w.org\/{rel}","templated":true}]}}