{"id":1658,"date":"2024-10-24T23:21:12","date_gmt":"2024-10-24T15:21:12","guid":{"rendered":"https:\/\/shop.yipinqian.com\/product\/premium-icy-with-good-translucency-natural-type-a-jadeite-pendant-necklace-crafted-as-guan-gong-with-certificate-weigh-15-41-grams-59-3-26-6-3-mm-pendant31\/"},"modified":"2025-02-17T00:04:10","modified_gmt":"2025-02-16T16:04:10","slug":"premium-icy-with-good-translucency-natural-type-a-jadeite-pendant-necklace-crafted-as-guan-gong-with-certificate-weigh-15-41-grams-59-3-26-6-3-mm-pendant31","status":"publish","type":"product","link":"https:\/\/shop.yipinqian.com\/pt\/produto\/premium-icy-with-good-translucency-natural-type-a-jadeite-pendant-necklace-crafted-as-guan-gong-with-certificate-weigh-15-41-grams-59-3-26-6-3-mm-pendant31\/","title":{"rendered":"Premium Icy with good translucency Natural Type A Jadeite Pendant Necklace crafted as Guan Gong with certificate weigh 15.41 grams, 59.3 * 26 * 6.3 mm, (pendant31)"},"content":{"rendered":"<p>This Premium Icy Jadeite Pendant Necklace is a one-of-a-kind piece crafted in the image of Guan Gong. With good translucency, this necklace is made of natural Type A jadeite and weighs 15.41 grams with dimensions of 59.3 * 26 * 6.3 mm (pendant31).<\/p>\n<ul>\n<li>\n<strong>Artesanato requintado:<\/strong> This pendant necklace is meticulously crafted to capture the essence and spirit of Guan Gong, making it a unique and eye-catching piece.<\/li>\n<li>\n<strong>Jade\u00edta natural tipo A:<\/strong> Made from high-quality natural Type A jadeite, this pendant necklace possesses premium icy qualities with good translucency.<\/li>\n<li>\n<strong>Certificado inclu\u00eddo:<\/strong> With a certificate included, you can be confident that you are getting an authentic piece that has been properly tested for quality.<\/li>\n<\/ul>\n<p><strong>Certificate numbers: GD2110H018183<\/strong><\/p>\n<p><\/p>\n<p>This unisex pendant necklace has a casual style that makes it suitable for daily wear or as part of your collection for special occasions. Made in Myanmar, this product comes without any warranty type but rest assured that its elegance will last forever.<\/p>\n<p>Yi Pin Qian \u2013 Um negociante de pedras preciosas e metais preciosos em Cingapura \u2013 N\u00famero de licen\u00e7a PS20190000031<\/p>\n<p><\/p>\n<p>*Todos os Jadeites comprados de Yi Pin Qian em Cingapura, os clientes podem reservar hor\u00e1rios para polimento ou pequenos reparos por manuseio incorreto - taxas se aplicam e somente para clientes de Yi Pin Qian em Cingapura*<\/p>\n<p><\/p>\n<p><strong>**Tipos de Certificados**<\/strong><\/p>\n<p><\/p>\n<p><strong>NGI (Nan Yang Gemol\u00f3gico)<\/strong><\/p>\n<p>ou <strong>Certificados no exterior <\/strong>(Yi Pin Qian usa apenas certificados aut\u00eanticos de laborat\u00f3rios estrangeiros e tamb\u00e9m controla a qualidade de cada um dos nossos produtos antes de coloc\u00e1-los \u00e0 venda em Cingapura)<\/p>\n<p><\/p>\n<p>Cada produto no TikTok ter\u00e1 o tipo de certificado fornecido indicado na descri\u00e7\u00e3o. Para qualquer cliente que deseje enviar seu pedido para a NGI Singapore, haver\u00e1 um tempo de espera para entrega do pedido estimado em torno de 4 semanas para receber seu pedido. <strong>As solicita\u00e7\u00f5es de relat\u00f3rios da NGI Gemstone precisam ser feitas por mensagem para a loja Yi Pin Qian TikTok.<\/strong> Obrigado, <strong><u>taxas extras se aplicam<\/u><\/strong>.<\/p>\n<p><\/p>\n<p><strong>A jade\u00edta natural n\u00e3o \u00e9 perfeita, apenas um lembrete gentil, nossa jade\u00edta natural, como todas as coisas bonitas da natureza, vem com suas caracter\u00edsticas e varia\u00e7\u00f5es \u00fanicas. Convidamos nossos valiosos clientes a abra\u00e7ar essas varia\u00e7\u00f5es naturais. Boas compras!<\/strong><\/p>\n<p><\/p>\n<p><strong><u>Nenhuma das fotos e filmagens de v\u00eddeo foram filtradas. Incentivamos nossos clientes a tamb\u00e9m assistirem aos v\u00eddeos que os acompanham para uma vis\u00e3o mais abrangente de nossos produtos<\/u><\/strong><\/p>","protected":false},"excerpt":{"rendered":"<p>This Premium Icy Jadeite Pendant Necklace is a one-of-a-kind piece crafted in the image of Guan Gong. With good translucency, this necklace is made of natural Type A jadeite and weighs 15.41 grams with dimensions of 59.3 * 26 * 6.3 mm (pendant31). Exquisite Craftsmanship: This pendant necklace is meticulously crafted to capture the essence [&hellip;]<\/p>","protected":false},"featured_media":6831,"comment_status":"open","ping_status":"closed","template":"","meta":[],"product_brand":[],"product_cat":[48],"product_tag":[],"class_list":{"0":"post-1658","1":"product","2":"type-product","3":"status-publish","4":"has-post-thumbnail","6":"product_cat-pendants","8":"first","9":"instock","10":"sale","11":"shipping-taxable","12":"purchasable","13":"product-type-simple"},"_links":{"self":[{"href":"https:\/\/shop.yipinqian.com\/pt\/wp-json\/wp\/v2\/product\/1658","targetHints":{"allow":["GET"]}}],"collection":[{"href":"https:\/\/shop.yipinqian.com\/pt\/wp-json\/wp\/v2\/product"}],"about":[{"href":"https:\/\/shop.yipinqian.com\/pt\/wp-json\/wp\/v2\/types\/product"}],"replies":[{"embeddable":true,"href":"https:\/\/shop.yipinqian.com\/pt\/wp-json\/wp\/v2\/comments?post=1658"}],"version-history":[{"count":0,"href":"https:\/\/shop.yipinqian.com\/pt\/wp-json\/wp\/v2\/product\/1658\/revisions"}],"wp:featuredmedia":[{"embeddable":true,"href":"https:\/\/shop.yipinqian.com\/pt\/wp-json\/wp\/v2\/media\/6831"}],"wp:attachment":[{"href":"https:\/\/shop.yipinqian.com\/pt\/wp-json\/wp\/v2\/media?parent=1658"}],"wp:term":[{"taxonomy":"product_brand","embeddable":true,"href":"https:\/\/shop.yipinqian.com\/pt\/wp-json\/wp\/v2\/product_brand?post=1658"},{"taxonomy":"product_cat","embeddable":true,"href":"https:\/\/shop.yipinqian.com\/pt\/wp-json\/wp\/v2\/product_cat?post=1658"},{"taxonomy":"product_tag","embeddable":true,"href":"https:\/\/shop.yipinqian.com\/pt\/wp-json\/wp\/v2\/product_tag?post=1658"}],"curies":[{"name":"wp","href":"https:\/\/api.w.org\/{rel}","templated":true}]}}