{"id":1656,"date":"2024-10-24T23:21:11","date_gmt":"2024-10-24T15:21:11","guid":{"rendered":"https:\/\/shop.yipinqian.com\/product\/premium-icy-translucent-with-light-green-patches-natural-type-a-jadeite-jade-crafted-with-108-6-5-mm-beads-as-bracelet-or-necklace-certificate-weighs-52-19-grams-bracelet25\/"},"modified":"2025-02-24T01:17:28","modified_gmt":"2025-02-23T17:17:28","slug":"premium-icy-translucent-with-light-green-patches-natural-type-a-jadeite-jade-crafted-with-108-6-5-mm-beads-as-bracelet-or-necklace-certificate-weighs-52-19-grams-bracelet25","status":"publish","type":"product","link":"https:\/\/shop.yipinqian.com\/pt\/produto\/premium-icy-translucent-with-light-green-patches-natural-type-a-jadeite-jade-crafted-with-108-6-5-mm-beads-as-bracelet-or-necklace-certificate-weighs-52-19-grams-bracelet25\/","title":{"rendered":"Jade\u00edta transl\u00facida gelada premium com manchas verde-claras Jade\u00edta natural tipo A trabalhada com contas de 108 * 6,5 mm como pulseira ou colar, o certificado pesa 52,19 gramas (bracelet25)"},"content":{"rendered":"<p>Esta pulseira ou colar de jade\u00edta transl\u00facida gelada premium \u00e9 um acess\u00f3rio deslumbrante feito \u00e0 m\u00e3o com 108 contas medindo 6,5 mm cada.<\/p>\n<p><\/p>\n<p>N\u00fameros de certificado: GD2110H006846<\/p>\n<ul>\n<li><strong>Principais caracter\u00edsticas:<\/strong><\/li>\n<li>Transl\u00facido com manchas verde-claras<\/li>\n<li>Pesa 52,19 gramas<\/li>\n<\/ul>\n<p>Com um certificado incluso, esta pe\u00e7a \u00e9 origin\u00e1ria de Myanmar e \u00e9 perfeita para uso di\u00e1rio. O design unissex a torna adequada para qualquer pessoa que queira adicionar um toque de eleg\u00e2ncia ao seu traje.<\/p>\n<ul>\n<li><strong>Atributos do produto:<\/strong><\/li>\n<li>Certificado: Sim<\/li>\n<li>Pa\u00eds de origem: Mianmar<\/li>\n<li>Ocasi\u00e3o: Diariamente<\/li>\n<li>Tipo de garantia: N\u00e3o<\/li>\n<\/ul>\n<p>Yi Pin Qian \u2013 Um negociante de pedras preciosas e metais preciosos em Cingapura \u2013 N\u00famero de licen\u00e7a PS20190000031<\/p>\n<p><\/p>\n<p>*Todos os Jadeites comprados de Yi Pin Qian em Cingapura, os clientes podem reservar hor\u00e1rios para polimento ou pequenos reparos por manuseio incorreto - taxas se aplicam e somente para clientes de Yi Pin Qian em Cingapura*<\/p>\n<p><\/p>\n<p><strong>**Tipos de Certificados**<\/strong><\/p>\n<p><\/p>\n<p><strong>NGI (Nan Yang Gemol\u00f3gico)<\/strong><\/p>\n<p>ou <strong>Certificados no exterior <\/strong>(Yi Pin Qian usa apenas certificados aut\u00eanticos de laborat\u00f3rios estrangeiros e tamb\u00e9m controla a qualidade de cada um dos nossos produtos antes de coloc\u00e1-los \u00e0 venda em Cingapura)<\/p>\n<p><\/p>\n<p>Cada produto no TikTok ter\u00e1 o tipo de certificado fornecido indicado na descri\u00e7\u00e3o. Para qualquer cliente que deseje enviar seu pedido para a NGI Singapore, haver\u00e1 um tempo de espera para entrega do pedido estimado em torno de 4 semanas para receber seu pedido. <strong>As solicita\u00e7\u00f5es de relat\u00f3rios da NGI Gemstone precisam ser feitas por mensagem para a loja Yi Pin Qian TikTok.<\/strong> Obrigado, <strong><u>taxas extras se aplicam<\/u><\/strong>.<\/p>\n<p><strong>A jade\u00edta natural n\u00e3o \u00e9 perfeita, apenas um lembrete gentil, nossa jade\u00edta natural, como todas as coisas bonitas da natureza, vem com suas caracter\u00edsticas e varia\u00e7\u00f5es \u00fanicas. Convidamos nossos valiosos clientes a abra\u00e7ar essas varia\u00e7\u00f5es naturais. Boas compras!<\/strong><\/p>\n<p><\/p>\n<p><strong><u>Nenhuma das fotos e filmagens de v\u00eddeo foram filtradas. Incentivamos nossos clientes a tamb\u00e9m assistirem aos v\u00eddeos que os acompanham para uma vis\u00e3o mais abrangente de nossos produtos<\/u><\/strong><\/p>","protected":false},"excerpt":{"rendered":"<p>Esta pulseira ou colar premium Icy Translucent Jadeite Jade \u00e9 um acess\u00f3rio deslumbrante feito \u00e0 m\u00e3o com 108 contas medindo 6,5 mm cada. N\u00fameros de certificado: GD2110H006846 Principais caracter\u00edsticas: Transl\u00facido com manchas verde-claras Pesa 52,19 gramas Com um certificado inclu\u00eddo, esta pe\u00e7a \u00e9 origin\u00e1ria de Mianmar e \u00e9 perfeita para uso di\u00e1rio. O design unissex a torna adequada [\u2026]<\/p>","protected":false},"featured_media":6814,"comment_status":"open","ping_status":"closed","template":"","meta":[],"product_brand":[],"product_cat":[195],"product_tag":[],"class_list":{"0":"post-1656","1":"product","2":"type-product","3":"status-publish","4":"has-post-thumbnail","6":"product_cat-heirloom-grade","8":"first","9":"instock","10":"sale","11":"shipping-taxable","12":"purchasable","13":"product-type-simple"},"_links":{"self":[{"href":"https:\/\/shop.yipinqian.com\/pt\/wp-json\/wp\/v2\/product\/1656","targetHints":{"allow":["GET"]}}],"collection":[{"href":"https:\/\/shop.yipinqian.com\/pt\/wp-json\/wp\/v2\/product"}],"about":[{"href":"https:\/\/shop.yipinqian.com\/pt\/wp-json\/wp\/v2\/types\/product"}],"replies":[{"embeddable":true,"href":"https:\/\/shop.yipinqian.com\/pt\/wp-json\/wp\/v2\/comments?post=1656"}],"version-history":[{"count":0,"href":"https:\/\/shop.yipinqian.com\/pt\/wp-json\/wp\/v2\/product\/1656\/revisions"}],"wp:featuredmedia":[{"embeddable":true,"href":"https:\/\/shop.yipinqian.com\/pt\/wp-json\/wp\/v2\/media\/6814"}],"wp:attachment":[{"href":"https:\/\/shop.yipinqian.com\/pt\/wp-json\/wp\/v2\/media?parent=1656"}],"wp:term":[{"taxonomy":"product_brand","embeddable":true,"href":"https:\/\/shop.yipinqian.com\/pt\/wp-json\/wp\/v2\/product_brand?post=1656"},{"taxonomy":"product_cat","embeddable":true,"href":"https:\/\/shop.yipinqian.com\/pt\/wp-json\/wp\/v2\/product_cat?post=1656"},{"taxonomy":"product_tag","embeddable":true,"href":"https:\/\/shop.yipinqian.com\/pt\/wp-json\/wp\/v2\/product_tag?post=1656"}],"curies":[{"name":"wp","href":"https:\/\/api.w.org\/{rel}","templated":true}]}}