{"id":1655,"date":"2024-10-24T23:21:11","date_gmt":"2024-10-24T15:21:11","guid":{"rendered":"https:\/\/shop.yipinqian.com\/product\/premium-icy-translucent-natural-type-a-jadeite-jade-crafted-with-three-legs-toad-as-pendant-certificate-weighs-12-37-grams-certificate-weighs-12-37-grams-measurement-38-3-16-3-17-2-mm-pendant250\/"},"modified":"2025-02-24T01:17:28","modified_gmt":"2025-02-23T17:17:28","slug":"premium-icy-translucent-natural-type-a-jadeite-jade-crafted-with-three-legs-toad-as-pendant-certificate-weighs-12-37-grams-certificate-weighs-12-37-grams-measurement-38-3-16-3-17-2-mm-pendant250","status":"publish","type":"product","link":"https:\/\/shop.yipinqian.com\/pt\/produto\/premium-icy-translucent-natural-type-a-jadeite-jade-crafted-with-three-legs-toad-as-pendant-certificate-weighs-12-37-grams-certificate-weighs-12-37-grams-measurement-38-3-16-3-17-2-mm-pendant250\/","title":{"rendered":"Premium Icy Translucent Natural Type A Jadeite Jade crafted with Three Legs Toad as Pendant, certificate weighs 12.37 grams, certificate weighs 12.37 grams, measurement 38.3 * 16.3 * 17.2 mm (pendant250)"},"content":{"rendered":"<p>This premium icy translucent natural Type A Jadeite Jade pendant features a unique design of Three Legs Toad, symbolizing good luck and fortune.<\/p>\n<p><\/p>\n<p>Certificate numbers: GD2202H004471<\/p>\n<ul>\n<li>Crafted with precision and care<\/li>\n<li>Weighs 12.37 grams<\/li>\n<li>Measurements: 38.3 * 16.3 * 17.2 mm<\/li>\n<\/ul>\n<p>Perfect for those seeking a touch of elegance and auspicious energy in their jewelry collection.<\/p>\n<ul>\n<li>Certificado inclu\u00eddo: Sim<\/li>\n<li>Pa\u00eds de origem: Mianmar<\/li>\n<li>Occasion: Auspicious events or everyday wear<\/li>\n<li>Tipo de Jade: Jade\u00edta<\/li>\n<\/ul>\n<p>Yi Pin Qian \u2013 Um negociante de pedras preciosas e metais preciosos em Cingapura \u2013 N\u00famero de licen\u00e7a PS20190000031<\/p>\n<p><\/p>\n<p>*Todos os Jadeites comprados de Yi Pin Qian em Cingapura, os clientes podem reservar hor\u00e1rios para polimento ou pequenos reparos por manuseio incorreto - taxas se aplicam e somente para clientes de Yi Pin Qian em Cingapura*<\/p>\n<p><\/p>\n<p><strong>**Tipos de Certificados**<\/strong><\/p>\n<p><\/p>\n<p><strong>NGI (Nan Yang Gemol\u00f3gico)<\/strong><\/p>\n<p>ou <strong>Certificados no exterior <\/strong>(Yi Pin Qian usa apenas certificados aut\u00eanticos de laborat\u00f3rios estrangeiros e tamb\u00e9m controla a qualidade de cada um dos nossos produtos antes de coloc\u00e1-los \u00e0 venda em Cingapura)<\/p>\n<p><\/p>\n<p>Cada produto no TikTok ter\u00e1 o tipo de certificado fornecido indicado na descri\u00e7\u00e3o. Para qualquer cliente que deseje enviar seu pedido para a NGI Singapore, haver\u00e1 um tempo de espera para entrega do pedido estimado em torno de 4 semanas para receber seu pedido. <strong>As solicita\u00e7\u00f5es de relat\u00f3rios da NGI Gemstone precisam ser feitas por mensagem para a loja Yi Pin Qian TikTok.<\/strong> Obrigado, <strong><u>taxas extras se aplicam<\/u><\/strong>.<\/p>\n<p><\/p>\n<p><strong>A jade\u00edta natural n\u00e3o \u00e9 perfeita, apenas um lembrete gentil, nossa jade\u00edta natural, como todas as coisas bonitas da natureza, vem com suas caracter\u00edsticas e varia\u00e7\u00f5es \u00fanicas. Convidamos nossos valiosos clientes a abra\u00e7ar essas varia\u00e7\u00f5es naturais. Boas compras!<\/strong><\/p>\n<p><\/p>\n<p><strong><u>Nenhuma das fotos e filmagens de v\u00eddeo foram filtradas. Incentivamos nossos clientes a tamb\u00e9m assistirem aos v\u00eddeos que os acompanham para uma vis\u00e3o mais abrangente de nossos produtos<\/u><\/strong><\/p>","protected":false},"excerpt":{"rendered":"<p>This premium icy translucent natural Type A Jadeite Jade pendant features a unique design of Three Legs Toad, symbolizing good luck and fortune. Certificate numbers: GD2202H004471 Crafted with precision and care Weighs 12.37 grams Measurements: 38.3 * 16.3 * 17.2 mm Perfect for those seeking a touch of elegance and auspicious energy in their jewelry [&hellip;]<\/p>","protected":false},"featured_media":6797,"comment_status":"open","ping_status":"closed","template":"","meta":[],"product_brand":[],"product_cat":[195],"product_tag":[],"class_list":{"0":"post-1655","1":"product","2":"type-product","3":"status-publish","4":"has-post-thumbnail","6":"product_cat-heirloom-grade","8":"first","9":"instock","10":"sale","11":"shipping-taxable","12":"purchasable","13":"product-type-simple"},"_links":{"self":[{"href":"https:\/\/shop.yipinqian.com\/pt\/wp-json\/wp\/v2\/product\/1655","targetHints":{"allow":["GET"]}}],"collection":[{"href":"https:\/\/shop.yipinqian.com\/pt\/wp-json\/wp\/v2\/product"}],"about":[{"href":"https:\/\/shop.yipinqian.com\/pt\/wp-json\/wp\/v2\/types\/product"}],"replies":[{"embeddable":true,"href":"https:\/\/shop.yipinqian.com\/pt\/wp-json\/wp\/v2\/comments?post=1655"}],"version-history":[{"count":0,"href":"https:\/\/shop.yipinqian.com\/pt\/wp-json\/wp\/v2\/product\/1655\/revisions"}],"wp:featuredmedia":[{"embeddable":true,"href":"https:\/\/shop.yipinqian.com\/pt\/wp-json\/wp\/v2\/media\/6797"}],"wp:attachment":[{"href":"https:\/\/shop.yipinqian.com\/pt\/wp-json\/wp\/v2\/media?parent=1655"}],"wp:term":[{"taxonomy":"product_brand","embeddable":true,"href":"https:\/\/shop.yipinqian.com\/pt\/wp-json\/wp\/v2\/product_brand?post=1655"},{"taxonomy":"product_cat","embeddable":true,"href":"https:\/\/shop.yipinqian.com\/pt\/wp-json\/wp\/v2\/product_cat?post=1655"},{"taxonomy":"product_tag","embeddable":true,"href":"https:\/\/shop.yipinqian.com\/pt\/wp-json\/wp\/v2\/product_tag?post=1655"}],"curies":[{"name":"wp","href":"https:\/\/api.w.org\/{rel}","templated":true}]}}