{"id":1651,"date":"2024-10-24T23:21:07","date_gmt":"2024-10-24T15:21:07","guid":{"rendered":"https:\/\/shop.yipinqian.com\/product\/premium-icy-translucent-natural-type-a-jadeite-jade-crafted-as-four-seasons-fortune-beans-set-on-18k-gold-with-1-green-cabochon-and-diamonds-certificate-include-weigh-3-86-grams-measurement-36-7-12-5\/"},"modified":"2025-02-24T01:34:17","modified_gmt":"2025-02-23T17:34:17","slug":"premium-icy-translucent-natural-type-a-jadeite-jade-crafted-as-four-seasons-fortune-beans-set-on-18k-gold-with-1-green-cabochon-and-diamonds-certificate-include-weigh-3-86-grams-measurement-36-7-12-5","status":"publish","type":"product","link":"https:\/\/shop.yipinqian.com\/pt\/produto\/premium-icy-translucent-natural-type-a-jadeite-jade-crafted-as-four-seasons-fortune-beans-set-on-18k-gold-with-1-green-cabochon-and-diamonds-certificate-include-weigh-3-86-grams-measurement-36-7-12-5\/","title":{"rendered":"Premium Icy Translucent Natural Type A Jadeite Jade crafted as Four Seasons Fortune Beans set on 18k gold with 1 green cabochon and diamonds, certificate include weigh 3.86 grams, measurement 36.7 * 12.5 * 7mm (18kp14)"},"content":{"rendered":"<p>This Icy Translucent Natural Type A Jadeite Jade necklace is a masterpiece that will uplift your style with its exquisite design. The Four Seasons Fortune Beans set on 18k gold with 1 green cabochon and diamonds make this necklace a truly unique piece of jewelry.<\/p>\n<p>\u00a0<\/p>\n<p><strong>Certificate numbers: GD2111H021264<\/strong><\/p>\n<p><strong>Size of Jadeites: (Bean) &#8211; 23.7 *<em> 10.4 *<\/em> 4.8 mm \/ (Green Cabochon) &#8211; 6 *<em> 5.4 *<\/em> 3.2<\/strong><\/p>\n<p><strong>18k Gold Weight: 1.569 grams<\/strong><\/p>\n<p><strong>Diamonds: 36 * 0.003 = 0.108 carats<\/strong><\/p>\n<ul>\n<li>\n<strong>Material:<\/strong> This necklace is made of Icy Translucent Natural Type A Jadeite Jade, adorned with diamonds, and set on 18k gold.<\/li>\n<li>\n<strong>Certificado:<\/strong> This beautiful piece comes with a certificate that includes its weight of <strong>3.86 grams<\/strong> and measurements of <strong>36.7 * 12.5 *7mm<\/strong> (18kp14).<\/li>\n<li>\n<strong>Tipo de Jade:<\/strong> Made from the finest quality Jadeite from Myanmar, this necklace is sure to impress.<\/li>\n<\/ul>\n<p>The Four Seasons Fortune Beans design represents the four seasons and brings good luck to the wearer making it perfect for any occasion.<\/p>\n<ul>\n<li>\n<strong>Estilo colar:<\/strong>This jade necklaces &#038; pendants has Casual style suitable for everyday wear<\/li>\n<li>.<\/li>\n<\/ul>\n<p>The Icy Translucent Natural Type A jade stone used in this jewelry accessory has been carefully selected to ensure that it meets high standards in terms of quality and beauty. The use of diamonds makes it even more stunning while adding value to your collection at an affordable price point.<\/p>\n<ul>\n<li>\n<strong>G\u00eanero: <\/strong>This unisex product can be worn by anyone who wants to add an elegant touch to their wardrobe or make a statement at any event or gathering they attend.<\/li>\n<li>.<\/li>\n<\/ul>\n<p>If you&#8217;re looking for something unique, elegant, and valuable then you should definitely consider buying this Icy Translucent Natural Type A jadeite jade crafted as Four Seasons Fortune Beans set on an exquisite piece made from PT\/Carat Gold accompanied by one green cabochon adorned by Diamonds Necklace &#8211; it&#8217;s truly one-of-a-kind!<\/p>\n<p>\u00a0<\/p>\n<p>Yi Pin Qian \u2013 Um negociante de pedras preciosas e metais preciosos em Cingapura \u2013 N\u00famero de licen\u00e7a PS20190000031<\/p>\n<p>\u00a0<\/p>\n<p>*Todos os Jadeites comprados de Yi Pin Qian em Cingapura, os clientes podem reservar hor\u00e1rios para polimento ou pequenos reparos por manuseio incorreto - taxas se aplicam e somente para clientes de Yi Pin Qian em Cingapura*<\/p>\n<p>\u00a0<\/p>\n<p><strong>**Tipos de Certificados**<\/strong><\/p>\n<p>\u00a0<\/p>\n<p><strong>NGI (Nan Yang Gemol\u00f3gico)<\/strong><\/p>\n<p>ou <strong>Certificados no exterior <\/strong>(Yi Pin Qian usa apenas certificados aut\u00eanticos de laborat\u00f3rios estrangeiros e tamb\u00e9m controla a qualidade de cada um dos nossos produtos antes de coloc\u00e1-los \u00e0 venda em Cingapura)<\/p>\n<p>\u00a0<\/p>\n<p>Cada produto no TikTok ter\u00e1 o tipo de certificado fornecido indicado na descri\u00e7\u00e3o. Para qualquer cliente que deseje enviar seu pedido para a NGI Singapore, haver\u00e1 um tempo de espera para entrega do pedido estimado em torno de 4 semanas para receber seu pedido. <strong>As solicita\u00e7\u00f5es de relat\u00f3rios da NGI Gemstone precisam ser feitas por mensagem para a loja Yi Pin Qian TikTok.<\/strong> Obrigado, <strong><u>taxas extras se aplicam<\/u><\/strong>.<\/p>\n<p>\u00a0<\/p>\n<p><strong>A jade\u00edta natural n\u00e3o \u00e9 perfeita, apenas um lembrete gentil, nossa jade\u00edta natural, como todas as coisas bonitas da natureza, vem com suas caracter\u00edsticas e varia\u00e7\u00f5es \u00fanicas. Convidamos nossos valiosos clientes a abra\u00e7ar essas varia\u00e7\u00f5es naturais. Boas compras!<\/strong><\/p>\n<p>\u00a0<\/p>\n<p><strong><u>Nenhuma das fotos e filmagens de v\u00eddeo foram filtradas. Incentivamos nossos clientes a tamb\u00e9m assistirem aos v\u00eddeos que os acompanham para uma vis\u00e3o mais abrangente de nossos produtos<\/u><\/strong><\/p>\n<p>\u00a0<\/p>\n<p>.<\/p>","protected":false},"excerpt":{"rendered":"<p>This Icy Translucent Natural Type A Jadeite Jade necklace is a masterpiece that will uplift your style with its exquisite design. The Four Seasons Fortune Beans set on 18k gold with 1 green cabochon and diamonds make this necklace a truly unique piece of jewelry. \u00a0 Certificate numbers: GD2111H021264 Size of Jadeites: (Bean) &#8211; 23.7 [&hellip;]<\/p>","protected":false},"featured_media":6764,"comment_status":"open","ping_status":"closed","template":"","meta":[],"product_brand":[],"product_cat":[196],"product_tag":[],"class_list":{"0":"post-1651","1":"product","2":"type-product","3":"status-publish","4":"has-post-thumbnail","6":"product_cat-vault-collection","8":"first","9":"instock","10":"sale","11":"shipping-taxable","12":"purchasable","13":"product-type-simple"},"_links":{"self":[{"href":"https:\/\/shop.yipinqian.com\/pt\/wp-json\/wp\/v2\/product\/1651","targetHints":{"allow":["GET"]}}],"collection":[{"href":"https:\/\/shop.yipinqian.com\/pt\/wp-json\/wp\/v2\/product"}],"about":[{"href":"https:\/\/shop.yipinqian.com\/pt\/wp-json\/wp\/v2\/types\/product"}],"replies":[{"embeddable":true,"href":"https:\/\/shop.yipinqian.com\/pt\/wp-json\/wp\/v2\/comments?post=1651"}],"version-history":[{"count":0,"href":"https:\/\/shop.yipinqian.com\/pt\/wp-json\/wp\/v2\/product\/1651\/revisions"}],"wp:featuredmedia":[{"embeddable":true,"href":"https:\/\/shop.yipinqian.com\/pt\/wp-json\/wp\/v2\/media\/6764"}],"wp:attachment":[{"href":"https:\/\/shop.yipinqian.com\/pt\/wp-json\/wp\/v2\/media?parent=1651"}],"wp:term":[{"taxonomy":"product_brand","embeddable":true,"href":"https:\/\/shop.yipinqian.com\/pt\/wp-json\/wp\/v2\/product_brand?post=1651"},{"taxonomy":"product_cat","embeddable":true,"href":"https:\/\/shop.yipinqian.com\/pt\/wp-json\/wp\/v2\/product_cat?post=1651"},{"taxonomy":"product_tag","embeddable":true,"href":"https:\/\/shop.yipinqian.com\/pt\/wp-json\/wp\/v2\/product_tag?post=1651"}],"curies":[{"name":"wp","href":"https:\/\/api.w.org\/{rel}","templated":true}]}}