{"id":1648,"date":"2024-10-24T23:21:07","date_gmt":"2024-10-24T15:21:07","guid":{"rendered":"https:\/\/shop.yipinqian.com\/product\/premium-icy-translucent-green-hue-natural-type-a-jadeite-jade-crafted-with-french-beans-as-pendant-symbols-of-beauty-harmony-harvest-and-happiness-certificate-weigh-7-44-grams-measurement-41-3-16-2-6\/"},"modified":"2025-02-24T01:17:28","modified_gmt":"2025-02-23T17:17:28","slug":"premium-icy-translucent-green-hue-natural-type-a-jadeite-jade-crafted-with-french-beans-as-pendant-symbols-of-beauty-harmony-harvest-and-happiness-certificate-weigh-7-44-grams-measurement-41-3-16-2-6","status":"publish","type":"product","link":"https:\/\/shop.yipinqian.com\/pt\/produto\/premium-icy-translucent-green-hue-natural-type-a-jadeite-jade-crafted-with-french-beans-as-pendant-symbols-of-beauty-harmony-harvest-and-happiness-certificate-weigh-7-44-grams-measurement-41-3-16-2-6\/","title":{"rendered":"Premium Icy Translucent Green Hue Natural Type A Jadeite Jade crafted with French Beans as Pendant, symbols of Beauty, harmony, harvest and happiness, certificate weigh 7.44 grams, measurement 41.3 * 16.2 * 6.9 mm (pendant219)"},"content":{"rendered":"<p>This Premium Icy Translucent Green Hue Natural Type A Jadeite Jade pendant is a stunning addition to any jewelry collection. Crafted with French Beans, the pendant symbolizes beauty, harmony, harvest and happiness.<\/p>\n<p><\/p>\n<p>Certificate numbers: GD2204H002693<\/p>\n<ul>\n<li>Certificate Weight: 7.44 grams<\/li>\n<li>Measurement: 41.3 * 16.2 * 6.9 mm (pendant219)<\/li>\n<li>Tipo de Jade: Jade\u00edta<\/li>\n<li>Necklace Style: Elegant<\/li>\n<\/ul>\n<p>The natural green hue of the jade is both calming and eye-catching, making it perfect for daily wear or special occasions.<\/p>\n<ul>\n<li>Certificado inclu\u00eddo: Sim<\/li>\n<li>Country of Origin : Myanmar<\/li>\n<li>Ocassion : Daily<\/li>\n<li>Warranty Type : No<\/li>\n<\/ul>\n<p>This exquisite pendant is sure to turn heads and will make a beautiful gift for yourself or someone special.<\/p>\n<p><\/p>\n<p>Yi Pin Qian \u2013 Um negociante de pedras preciosas e metais preciosos em Cingapura \u2013 N\u00famero de licen\u00e7a PS20190000031<\/p>\n<p><\/p>\n<p>*Todos os Jadeites comprados de Yi Pin Qian em Cingapura, os clientes podem reservar hor\u00e1rios para polimento ou pequenos reparos por manuseio incorreto - taxas se aplicam e somente para clientes de Yi Pin Qian em Cingapura*<\/p>\n<p><\/p>\n<p><strong>**Tipos de Certificados**<\/strong><\/p>\n<p><\/p>\n<p><strong>NGI (Nan Yang Gemol\u00f3gico)<\/strong><\/p>\n<p>ou <strong>Certificados no exterior <\/strong>(Yi Pin Qian usa apenas certificados aut\u00eanticos de laborat\u00f3rios estrangeiros e tamb\u00e9m controla a qualidade de cada um dos nossos produtos antes de coloc\u00e1-los \u00e0 venda em Cingapura)<\/p>\n<p><\/p>\n<p>Cada produto no TikTok ter\u00e1 o tipo de certificado fornecido indicado na descri\u00e7\u00e3o. Para qualquer cliente que deseje enviar seu pedido para a NGI Singapore, haver\u00e1 um tempo de espera para entrega do pedido estimado em torno de 4 semanas para receber seu pedido. <strong>As solicita\u00e7\u00f5es de relat\u00f3rios da NGI Gemstone precisam ser feitas por mensagem para a loja Yi Pin Qian TikTok.<\/strong> Obrigado, <strong><u>taxas extras se aplicam<\/u><\/strong>.<\/p>\n<p><\/p>\n<p><strong>A jade\u00edta natural n\u00e3o \u00e9 perfeita, apenas um lembrete gentil, nossa jade\u00edta natural, como todas as coisas bonitas da natureza, vem com suas caracter\u00edsticas e varia\u00e7\u00f5es \u00fanicas. Convidamos nossos valiosos clientes a abra\u00e7ar essas varia\u00e7\u00f5es naturais. Boas compras!<\/strong><\/p>\n<p><\/p>\n<p><strong><u>Nenhuma das fotos e filmagens de v\u00eddeo foram filtradas. Incentivamos nossos clientes a tamb\u00e9m assistirem aos v\u00eddeos que os acompanham para uma vis\u00e3o mais abrangente de nossos produtos<\/u><\/strong><\/p>","protected":false},"excerpt":{"rendered":"<p>This Premium Icy Translucent Green Hue Natural Type A Jadeite Jade pendant is a stunning addition to any jewelry collection. Crafted with French Beans, the pendant symbolizes beauty, harmony, harvest and happiness. Certificate numbers: GD2204H002693 Certificate Weight: 7.44 grams Measurement: 41.3 * 16.2 * 6.9 mm (pendant219) Jade Type: Jadeite Necklace Style: Elegant The natural [&hellip;]<\/p>","protected":false},"featured_media":6739,"comment_status":"open","ping_status":"closed","template":"","meta":[],"product_brand":[],"product_cat":[195],"product_tag":[],"class_list":{"0":"post-1648","1":"product","2":"type-product","3":"status-publish","4":"has-post-thumbnail","6":"product_cat-heirloom-grade","8":"first","9":"instock","10":"sale","11":"shipping-taxable","12":"purchasable","13":"product-type-simple"},"_links":{"self":[{"href":"https:\/\/shop.yipinqian.com\/pt\/wp-json\/wp\/v2\/product\/1648","targetHints":{"allow":["GET"]}}],"collection":[{"href":"https:\/\/shop.yipinqian.com\/pt\/wp-json\/wp\/v2\/product"}],"about":[{"href":"https:\/\/shop.yipinqian.com\/pt\/wp-json\/wp\/v2\/types\/product"}],"replies":[{"embeddable":true,"href":"https:\/\/shop.yipinqian.com\/pt\/wp-json\/wp\/v2\/comments?post=1648"}],"version-history":[{"count":0,"href":"https:\/\/shop.yipinqian.com\/pt\/wp-json\/wp\/v2\/product\/1648\/revisions"}],"wp:featuredmedia":[{"embeddable":true,"href":"https:\/\/shop.yipinqian.com\/pt\/wp-json\/wp\/v2\/media\/6739"}],"wp:attachment":[{"href":"https:\/\/shop.yipinqian.com\/pt\/wp-json\/wp\/v2\/media?parent=1648"}],"wp:term":[{"taxonomy":"product_brand","embeddable":true,"href":"https:\/\/shop.yipinqian.com\/pt\/wp-json\/wp\/v2\/product_brand?post=1648"},{"taxonomy":"product_cat","embeddable":true,"href":"https:\/\/shop.yipinqian.com\/pt\/wp-json\/wp\/v2\/product_cat?post=1648"},{"taxonomy":"product_tag","embeddable":true,"href":"https:\/\/shop.yipinqian.com\/pt\/wp-json\/wp\/v2\/product_tag?post=1648"}],"curies":[{"name":"wp","href":"https:\/\/api.w.org\/{rel}","templated":true}]}}