{"id":1645,"date":"2024-10-24T23:21:04","date_gmt":"2024-10-24T15:21:04","guid":{"rendered":"https:\/\/shop.yipinqian.com\/product\/premium-icy-natural-type-a-jadeite-jade-crafted-and-set-on-18k-gold-with-the-shape-of-drum-as-pendant-adding-diamonds-and-1-green-cabochon-certificate-included-weigh-4-72-grams-measurement-10-1-16-7-1\/"},"modified":"2025-03-20T00:17:42","modified_gmt":"2025-03-19T16:17:42","slug":"premium-icy-natural-type-a-jadeite-jade-crafted-and-set-on-18k-gold-with-the-shape-of-drum-as-pendant-adding-diamonds-and-1-green-cabochon-certificate-included-weigh-4-72-grams-measurement-10-1-16-7-1","status":"publish","type":"product","link":"https:\/\/shop.yipinqian.com\/pt\/produto\/premium-icy-natural-type-a-jadeite-jade-crafted-and-set-on-18k-gold-with-the-shape-of-drum-as-pendant-adding-diamonds-and-1-green-cabochon-certificate-included-weigh-4-72-grams-measurement-10-1-16-7-1\/","title":{"rendered":"Jade\u00edte Natural Tipo A Premium Icy, trabalhada e cravejada em ouro 18k com pingente em formato de Tambor, adicionando diamantes e 1 caboch\u00e3o verde, certificado incluso, pesa 4,72 gramas, medida 10,1 * 16,7 (18kp22)"},"content":{"rendered":"<p>Delicie-se com o visual requintado da jade\u00edta natural gelada premium Tipo A com este deslumbrante colar com pingente em forma de tambor. Feito e cravejado em ouro 18k, este colar \u00e9 uma pe\u00e7a marcante que apresenta diamantes e um caboch\u00e3o verde que acrescenta ao seu charme.<\/p>\n<p>\u00a0<\/p>\n<p><strong>N\u00fameros de certificado: GD2110H017969<\/strong><\/p>\n<p><strong>Diamantes: 56 * 0,003 = 0,168 quilates<\/strong><\/p>\n<p><strong>Peso do ouro 18k: 2,19 gramas<\/strong><\/p>\n<p><strong>Jade\u00edta Gelada Peso: 2,51 gramas<\/strong><\/p>\n<p><strong>Peso total: 4,72 gramas<\/strong><\/p>\n<p><img fetchpriority=\"high\" decoding=\"async\" height=\"1080\" src=\"https:\/\/shop.yipinqian.com\/wp-content\/uploads\/2024\/10\/75fd137619d4b1353d1c457bd6b2c4ef.jpg?from=476444299\" width=\"1080\"><\/p>\n<ul>\n<li>\n<strong>Design impressionante:<\/strong> O formato de tambor do pingente o torna uma pe\u00e7a \u00fanica, enquanto os diamantes e o caboch\u00e3o verde aumentam sua beleza.<\/li>\n<li>\n<strong>Material Premium:<\/strong> Feito com jade natural tipo A, engastado em ouro 18k, \u00e9 uma joia excepcional.<\/li>\n<li>\n<strong>Autenticidade garantida:<\/strong> O certificado inclu\u00eddo atesta que voc\u00ea est\u00e1 adquirindo Jade\u00edta Tipo A natural aut\u00eantica.<\/li>\n<\/ul>\n<p>Pesando 4,72 gramas e medindo 10,1 * 16,7 (18kp22), este colar com pingente \u00e9 perfeito para uso di\u00e1rio ou qualquer ocasi\u00e3o casual, tanto para homens quanto para mulheres, com qualquer roupa.<\/p>\n<ul>\n<li>\n<strong>Eleve seu estilo:<\/strong>O Jade\u00edte Natural Tipo A Premium Gelado oferece um apelo elegante quando combinado com roupas casuais<\/li>\n<\/ul>\n<p>Este deslumbrante colar com pingente \u00e9 feito em Mianmar, conhecido por produzir alguns dos jades mais requintados do mundo, o que o torna uma adi\u00e7\u00e3o excepcional \u00e0 sua cole\u00e7\u00e3o!<\/p>\n<ul>\n<li>\n<strong>O presente perfeito: <\/strong>Este acess\u00f3rio de joia de tirar o f\u00f4lego vem completo, sem garantias, mas \u00e9 perfeito como presente para pessoas queridas que apreciam uma beleza \u00fanica!<\/li>\n<\/ul>\n<p>Yi Pin Qian \u2013 Um negociante de pedras preciosas e metais preciosos em Cingapura \u2013 N\u00famero de licen\u00e7a PS20190000031<\/p>\n<p>\u00a0<\/p>\n<p>*Todos os Jadeites comprados de Yi Pin Qian em Cingapura, os clientes podem reservar hor\u00e1rios para polimento ou pequenos reparos por manuseio incorreto - taxas se aplicam e somente para clientes de Yi Pin Qian em Cingapura*<\/p>\n<p>\u00a0<\/p>\n<p><strong>**Tipos de Certificados**<\/strong><\/p>\n<p>\u00a0<\/p>\n<p><strong>NGI (Nan Yang Gemol\u00f3gico)<\/strong><\/p>\n<p>ou <strong>Certificados no exterior <\/strong>(Yi Pin Qian usa apenas certificados aut\u00eanticos de laborat\u00f3rios estrangeiros e tamb\u00e9m controla a qualidade de cada um dos nossos produtos antes de coloc\u00e1-los \u00e0 venda em Cingapura)<\/p>\n<p>\u00a0<\/p>\n<p>Cada produto no TikTok ter\u00e1 o tipo de certificado fornecido indicado na descri\u00e7\u00e3o. Para qualquer cliente que deseje enviar seu pedido para a NGI Singapore, haver\u00e1 um tempo de espera para entrega do pedido estimado em torno de 4 semanas para receber seu pedido. <strong>As solicita\u00e7\u00f5es de relat\u00f3rios da NGI Gemstone precisam ser feitas por mensagem para a loja Yi Pin Qian TikTok.<\/strong> Obrigado, <strong><u>taxas extras se aplicam<\/u><\/strong>.<\/p>\n<p>\u00a0<\/p>\n<p><strong>A jade\u00edta natural n\u00e3o \u00e9 perfeita, apenas um lembrete gentil, nossa jade\u00edta natural, como todas as coisas bonitas da natureza, vem com suas caracter\u00edsticas e varia\u00e7\u00f5es \u00fanicas. Convidamos nossos valiosos clientes a abra\u00e7ar essas varia\u00e7\u00f5es naturais. Boas compras!<\/strong><\/p>\n<p>\u00a0<\/p>\n<p><strong><u>Nenhuma das fotos e filmagens de v\u00eddeo foram filtradas. Incentivamos nossos clientes a tamb\u00e9m assistirem aos v\u00eddeos que os acompanham para uma vis\u00e3o mais abrangente de nossos produtos<\/u><\/strong><\/p>\n<p>\u00a0<\/p>\n<p>.<\/p>","protected":false},"excerpt":{"rendered":"<p>Delicie-se com o visual requintado da jade\u00edta natural gelada premium Tipo A com este deslumbrante colar com pingente em forma de tambor. Feito e cravejado em ouro 18k, este colar \u00e9 uma pe\u00e7a marcante que apresenta diamantes e um caboch\u00e3o verde que acrescenta ao seu charme. N\u00fameros do certificado: GD2110H017969 Diamantes: 56 * 0,003 = 0,168 quilates [\u2026]<\/p>","protected":false},"featured_media":6714,"comment_status":"open","ping_status":"closed","template":"","meta":[],"product_brand":[],"product_cat":[48],"product_tag":[],"class_list":{"0":"post-1645","1":"product","2":"type-product","3":"status-publish","4":"has-post-thumbnail","6":"product_cat-pendants","8":"first","9":"instock","10":"sale","11":"shipping-taxable","12":"purchasable","13":"product-type-simple"},"_links":{"self":[{"href":"https:\/\/shop.yipinqian.com\/pt\/wp-json\/wp\/v2\/product\/1645","targetHints":{"allow":["GET"]}}],"collection":[{"href":"https:\/\/shop.yipinqian.com\/pt\/wp-json\/wp\/v2\/product"}],"about":[{"href":"https:\/\/shop.yipinqian.com\/pt\/wp-json\/wp\/v2\/types\/product"}],"replies":[{"embeddable":true,"href":"https:\/\/shop.yipinqian.com\/pt\/wp-json\/wp\/v2\/comments?post=1645"}],"version-history":[{"count":0,"href":"https:\/\/shop.yipinqian.com\/pt\/wp-json\/wp\/v2\/product\/1645\/revisions"}],"wp:featuredmedia":[{"embeddable":true,"href":"https:\/\/shop.yipinqian.com\/pt\/wp-json\/wp\/v2\/media\/6714"}],"wp:attachment":[{"href":"https:\/\/shop.yipinqian.com\/pt\/wp-json\/wp\/v2\/media?parent=1645"}],"wp:term":[{"taxonomy":"product_brand","embeddable":true,"href":"https:\/\/shop.yipinqian.com\/pt\/wp-json\/wp\/v2\/product_brand?post=1645"},{"taxonomy":"product_cat","embeddable":true,"href":"https:\/\/shop.yipinqian.com\/pt\/wp-json\/wp\/v2\/product_cat?post=1645"},{"taxonomy":"product_tag","embeddable":true,"href":"https:\/\/shop.yipinqian.com\/pt\/wp-json\/wp\/v2\/product_tag?post=1645"}],"curies":[{"name":"wp","href":"https:\/\/api.w.org\/{rel}","templated":true}]}}