{"id":1636,"date":"2024-10-24T23:20:58","date_gmt":"2024-10-24T15:20:58","guid":{"rendered":"https:\/\/shop.yipinqian.com\/product\/premium-good-quality-light-lavender-and-light-green-natural-type-a-jadeite-jade-crafted-with-dragonfly-ruyi-as-pendant-certificate-weigh-35-87-grams-measurement-63-38-3-10-mm-pendant236\/"},"modified":"2025-02-24T01:17:28","modified_gmt":"2025-02-23T17:17:28","slug":"premium-good-quality-light-lavender-and-light-green-natural-type-a-jadeite-jade-crafted-with-dragonfly-ruyi-as-pendant-certificate-weigh-35-87-grams-measurement-63-38-3-10-mm-pendant236","status":"publish","type":"product","link":"https:\/\/shop.yipinqian.com\/pt\/produto\/premium-good-quality-light-lavender-and-light-green-natural-type-a-jadeite-jade-crafted-with-dragonfly-ruyi-as-pendant-certificate-weigh-35-87-grams-measurement-63-38-3-10-mm-pendant236\/","title":{"rendered":"Jade\u00edte Natural Tipo A de Lavanda Claro e Verde Claro de Boa Qualidade Premium, trabalhada com Lib\u00e9lula, Ruyi como Pingente, certificado pesa 35,87 gramas, medida 63 * 38,3 * 10 mm (pendant236)"},"content":{"rendered":"<p>Este colar de jade premium apresenta um design deslumbrante com jade\u00edte natural tipo A lil\u00e1s claro e verde claro, adornado com um pingente de lib\u00e9lula e ruyi.<\/p>\n<p><\/p>\n<p>N\u00fameros de certificado: GD2110H012859<\/p>\n<ul>\n<li><strong>Principais caracter\u00edsticas:<\/strong><\/li>\n<li>Material: Jade\u00edte Tipo A Jade<\/li>\n<li>Design do pingente: Lib\u00e9lula, Ruyi<\/li>\n<li>Peso do certificado: 35,87 gramas<\/li>\n<li>Medidas: 63 * 38,3 * 10 mm (Pendant236)<\/li>\n<\/ul>\n<p>Feito \u00e0 m\u00e3o com precis\u00e3o, este colar exala eleg\u00e2ncia e estilo, tornando-o um acess\u00f3rio perfeito para qualquer ocasi\u00e3o.<\/p>\n<ul>\n<li><strong>Atributos do produto:<\/strong><\/li>\n<li>\n<em>Certificado inclu\u00eddo:<\/em> Sim<\/li>\n<li>,<\/li>\n<li><em>Feito em Mianmar<\/em><\/li>\n<li>,<\/li>\n<li><em>Nenhuma garantia dispon\u00edvel<\/em><\/li>\n<li>,<\/li>\n<li><em>Adequado para uso unissex, tipo de jade: jade\u00edte<\/em><\/li>\n<\/ul>\n<p>Yi Pin Qian \u2013 Um negociante de pedras preciosas e metais preciosos em Cingapura \u2013 N\u00famero de licen\u00e7a PS20190000031<\/p>\n<p><\/p>\n<p>*Todos os Jadeites comprados de Yi Pin Qian em Cingapura, os clientes podem reservar hor\u00e1rios para polimento ou pequenos reparos por manuseio incorreto - taxas se aplicam e somente para clientes de Yi Pin Qian em Cingapura*<\/p>\n<p><\/p>\n<p><strong>**Tipos de Certificados**<\/strong><\/p>\n<p><\/p>\n<p><strong>NGI (Nan Yang Gemol\u00f3gico)<\/strong><\/p>\n<p>ou <strong>Certificados no exterior <\/strong>(Yi Pin Qian usa apenas certificados aut\u00eanticos de laborat\u00f3rios estrangeiros e tamb\u00e9m controla a qualidade de cada um dos nossos produtos antes de coloc\u00e1-los \u00e0 venda em Cingapura)<\/p>\n<p><\/p>\n<p>Cada produto no TikTok ter\u00e1 o tipo de certificado fornecido indicado na descri\u00e7\u00e3o. Para qualquer cliente que deseje enviar seu pedido para a NGI Singapore, haver\u00e1 um tempo de espera para entrega do pedido estimado em torno de 4 semanas para receber seu pedido. <strong>As solicita\u00e7\u00f5es de relat\u00f3rios da NGI Gemstone precisam ser feitas por mensagem para a loja Yi Pin Qian TikTok.<\/strong> Obrigado, <strong><u>taxas extras se aplicam<\/u><\/strong>.<\/p>\n<p><\/p>\n<p><strong>A jade\u00edta natural n\u00e3o \u00e9 perfeita, apenas um lembrete gentil, nossa jade\u00edta natural, como todas as coisas bonitas da natureza, vem com suas caracter\u00edsticas e varia\u00e7\u00f5es \u00fanicas. Convidamos nossos valiosos clientes a abra\u00e7ar essas varia\u00e7\u00f5es naturais. Boas compras!<\/strong><\/p>\n<p><\/p>\n<p><strong><u>Nenhuma das fotos e filmagens de v\u00eddeo foram filtradas. Incentivamos nossos clientes a tamb\u00e9m assistirem aos v\u00eddeos que os acompanham para uma vis\u00e3o mais abrangente de nossos produtos<\/u><\/strong><\/p>","protected":false},"excerpt":{"rendered":"<p>This premium jade necklace features a stunning design with light lavender and light green natural Type A Jadeite Jade, adorned with a Dragonfly and Ruyi pendant. Certificate numbers: GD2110H012859 Key Features: Material: Type A Jadeite Jade Pendant Design: Dragonfly, Ruyi Certificate Weight: 35.87 grams Measurement: 63 * 38.3 * 10 mm (Pendant236) Handcrafted with precision, [&hellip;]<\/p>","protected":false},"featured_media":6619,"comment_status":"open","ping_status":"closed","template":"","meta":[],"product_brand":[],"product_cat":[195],"product_tag":[],"class_list":{"0":"post-1636","1":"product","2":"type-product","3":"status-publish","4":"has-post-thumbnail","6":"product_cat-heirloom-grade","8":"first","9":"instock","10":"sale","11":"shipping-taxable","12":"purchasable","13":"product-type-simple"},"_links":{"self":[{"href":"https:\/\/shop.yipinqian.com\/pt\/wp-json\/wp\/v2\/product\/1636","targetHints":{"allow":["GET"]}}],"collection":[{"href":"https:\/\/shop.yipinqian.com\/pt\/wp-json\/wp\/v2\/product"}],"about":[{"href":"https:\/\/shop.yipinqian.com\/pt\/wp-json\/wp\/v2\/types\/product"}],"replies":[{"embeddable":true,"href":"https:\/\/shop.yipinqian.com\/pt\/wp-json\/wp\/v2\/comments?post=1636"}],"version-history":[{"count":0,"href":"https:\/\/shop.yipinqian.com\/pt\/wp-json\/wp\/v2\/product\/1636\/revisions"}],"wp:featuredmedia":[{"embeddable":true,"href":"https:\/\/shop.yipinqian.com\/pt\/wp-json\/wp\/v2\/media\/6619"}],"wp:attachment":[{"href":"https:\/\/shop.yipinqian.com\/pt\/wp-json\/wp\/v2\/media?parent=1636"}],"wp:term":[{"taxonomy":"product_brand","embeddable":true,"href":"https:\/\/shop.yipinqian.com\/pt\/wp-json\/wp\/v2\/product_brand?post=1636"},{"taxonomy":"product_cat","embeddable":true,"href":"https:\/\/shop.yipinqian.com\/pt\/wp-json\/wp\/v2\/product_cat?post=1636"},{"taxonomy":"product_tag","embeddable":true,"href":"https:\/\/shop.yipinqian.com\/pt\/wp-json\/wp\/v2\/product_tag?post=1636"}],"curies":[{"name":"wp","href":"https:\/\/api.w.org\/{rel}","templated":true}]}}