{"id":1633,"date":"2024-10-24T23:20:56","date_gmt":"2024-10-24T15:20:56","guid":{"rendered":"https:\/\/shop.yipinqian.com\/product\/premium-full-light-green-with-good-translucency-natural-type-a-jadeite-pendant-necklace-crafted-with-moutain-trees-houses-bride-and-running-water-with-certificate-weigh-28-09-grams-54-29-8-9-8-mm-pend\/"},"modified":"2025-02-17T00:04:08","modified_gmt":"2025-02-16T16:04:08","slug":"premium-full-light-green-with-good-translucency-natural-type-a-jadeite-pendant-necklace-crafted-with-moutain-trees-houses-bride-and-running-water-with-certificate-weigh-28-09-grams-54-29-8-9-8-mm-pend","status":"publish","type":"product","link":"https:\/\/shop.yipinqian.com\/pt\/produto\/premium-full-light-green-with-good-translucency-natural-type-a-jadeite-pendant-necklace-crafted-with-moutain-trees-houses-bride-and-running-water-with-certificate-weigh-28-09-grams-54-29-8-9-8-mm-pend\/","title":{"rendered":"Colar com pingente de jade\u00edta natural tipo A verde claro premium com boa translucidez, feito com montanhas, \u00e1rvores, casas, noiva e \u00e1gua corrente com certificado pesando 28,09 gramas, 54 * 29,8 * 9,8 mm (pendant36)"},"content":{"rendered":"<p>Realce sua beleza e eleg\u00e2ncia com este colar com pingente de jade\u00edta natural tipo A verde claro premium com boa translucidez, perfeito para uso di\u00e1rio.<\/p>\n<ul>\n<li>\n<strong>Artesanato requintado:<\/strong> Este colar \u00e9 feito com o intrincado design de montanhas, \u00e1rvores, casas, noivas e \u00e1guas correntes, que mostra a refinada arte dos nossos habilidosos artes\u00e3os.<\/li>\n<li>\n<strong>Qualidade Premium:<\/strong> O pingente de jade\u00edta natural tipo A \u00e9 verde-claro e tem boa translucidez, o que o torna uma pedra preciosa. Ele pesa 28,09 gramas e tem um tamanho de 54 * 29,8 * 9,8 mm (pendant36).<\/li>\n<li>\n<strong>Certificado inclu\u00eddo:<\/strong> Este colar vem com um certificado para garantir que \u00e9 feito de jade\u00edta genu\u00edna<\/li>\n<\/ul>\n<p>N\u00fameros de certificado: GD2110H019144<\/p>\n<p><img fetchpriority=\"high\" decoding=\"async\" height=\"1080\" src=\"https:\/\/shop.yipinqian.com\/wp-content\/uploads\/2024\/10\/902a932311608a838da77de33f0e519f.jpg?from=476444299\" width=\"1080\"><\/p>\n<p>Este colar de estilo casual \u00e9 adequado tanto para homens quanto para mulheres que desejam adicionar sofistica\u00e7\u00e3o \u00e0 sua cole\u00e7\u00e3o de acess\u00f3rios de moda sem comprometer o conforto no uso ou nas atividades di\u00e1rias.<\/p>\n<p>Eleve sua declara\u00e7\u00e3o de moda hoje usando este colar com pingente de jade\u00edta verde claro premium \u2013 feito exclusivamente para voc\u00ea!<\/p>\n<p>\u00a0<\/p>\n<p>Yi Pin Qian \u2013 Um negociante de pedras preciosas e metais preciosos em Cingapura \u2013 N\u00famero de licen\u00e7a PS20190000031<\/p>\n<p>\u00a0<\/p>\n<p>*Todos os Jadeites comprados de Yi Pin Qian em Cingapura, os clientes podem reservar hor\u00e1rios para polimento ou pequenos reparos por manuseio incorreto - taxas se aplicam e somente para clientes de Yi Pin Qian em Cingapura*<\/p>\n<p>\u00a0<\/p>\n<p><strong>**Tipos de Certificados**<\/strong><\/p>\n<p>\u00a0<\/p>\n<p><strong>NGI (Nan Yang Gemol\u00f3gico)<\/strong><\/p>\n<p>ou <strong>Certificados no exterior <\/strong>(Yi Pin Qian usa apenas certificados aut\u00eanticos de laborat\u00f3rios estrangeiros e tamb\u00e9m controla a qualidade de cada um dos nossos produtos antes de coloc\u00e1-los \u00e0 venda em Cingapura)<\/p>\n<p>\u00a0<\/p>\n<p>Cada produto no TikTok ter\u00e1 o tipo de certificado fornecido indicado na descri\u00e7\u00e3o. Para qualquer cliente que deseje enviar seu pedido para a NGI Singapore, haver\u00e1 um tempo de espera para entrega do pedido estimado em torno de 4 semanas para receber seu pedido. <strong>As solicita\u00e7\u00f5es de relat\u00f3rios da NGI Gemstone precisam ser feitas por mensagem para a loja Yi Pin Qian TikTok.<\/strong> Obrigado, <strong><u>taxas extras se aplicam<\/u><\/strong>.<\/p>\n<p>\u00a0<\/p>\n<p><strong>A jade\u00edta natural n\u00e3o \u00e9 perfeita, apenas um lembrete gentil, nossa jade\u00edta natural, como todas as coisas bonitas da natureza, vem com suas caracter\u00edsticas e varia\u00e7\u00f5es \u00fanicas. Convidamos nossos valiosos clientes a abra\u00e7ar essas varia\u00e7\u00f5es naturais. Boas compras!<\/strong><\/p>\n<p>\u00a0<\/p>\n<p><strong><u>Nenhuma das fotos e filmagens de v\u00eddeo foram filtradas. Incentivamos nossos clientes a tamb\u00e9m assistirem aos v\u00eddeos que os acompanham para uma vis\u00e3o mais abrangente de nossos produtos<\/u><\/strong><\/p>","protected":false},"excerpt":{"rendered":"<p>Realce sua beleza e eleg\u00e2ncia com este colar com pingente de jade\u00edta natural tipo A verde claro premium com boa translucidez, perfeito para uso di\u00e1rio. Artesanato requintado: este colar \u00e9 feito com o design intrincado de montanhas, \u00e1rvores, casas, noiva e \u00e1gua corrente que mostra a arte fina de nossos artes\u00e3os qualificados. Qualidade premium: o [\u2026]<\/p>","protected":false},"featured_media":6601,"comment_status":"open","ping_status":"closed","template":"","meta":[],"product_brand":[],"product_cat":[48],"product_tag":[],"class_list":{"0":"post-1633","1":"product","2":"type-product","3":"status-publish","4":"has-post-thumbnail","6":"product_cat-pendants","8":"first","9":"instock","10":"sale","11":"shipping-taxable","12":"purchasable","13":"product-type-simple"},"_links":{"self":[{"href":"https:\/\/shop.yipinqian.com\/pt\/wp-json\/wp\/v2\/product\/1633","targetHints":{"allow":["GET"]}}],"collection":[{"href":"https:\/\/shop.yipinqian.com\/pt\/wp-json\/wp\/v2\/product"}],"about":[{"href":"https:\/\/shop.yipinqian.com\/pt\/wp-json\/wp\/v2\/types\/product"}],"replies":[{"embeddable":true,"href":"https:\/\/shop.yipinqian.com\/pt\/wp-json\/wp\/v2\/comments?post=1633"}],"version-history":[{"count":0,"href":"https:\/\/shop.yipinqian.com\/pt\/wp-json\/wp\/v2\/product\/1633\/revisions"}],"wp:featuredmedia":[{"embeddable":true,"href":"https:\/\/shop.yipinqian.com\/pt\/wp-json\/wp\/v2\/media\/6601"}],"wp:attachment":[{"href":"https:\/\/shop.yipinqian.com\/pt\/wp-json\/wp\/v2\/media?parent=1633"}],"wp:term":[{"taxonomy":"product_brand","embeddable":true,"href":"https:\/\/shop.yipinqian.com\/pt\/wp-json\/wp\/v2\/product_brand?post=1633"},{"taxonomy":"product_cat","embeddable":true,"href":"https:\/\/shop.yipinqian.com\/pt\/wp-json\/wp\/v2\/product_cat?post=1633"},{"taxonomy":"product_tag","embeddable":true,"href":"https:\/\/shop.yipinqian.com\/pt\/wp-json\/wp\/v2\/product_tag?post=1633"}],"curies":[{"name":"wp","href":"https:\/\/api.w.org\/{rel}","templated":true}]}}