{"id":1630,"date":"2024-10-24T23:20:55","date_gmt":"2024-10-24T15:20:55","guid":{"rendered":"https:\/\/shop.yipinqian.com\/product\/premium-full-green-with-green-patches-rare-natural-type-a-jadeite-jade-pendant-necklace-crafted-as-dragon-with-certificate-weigh-40-07-grams-53-6-36-12-3-mm-pendant168\/"},"modified":"2025-02-24T01:17:28","modified_gmt":"2025-02-23T17:17:28","slug":"premium-full-green-with-green-patches-rare-natural-type-a-jadeite-jade-pendant-necklace-crafted-as-dragon-with-certificate-weigh-40-07-grams-53-6-36-12-3-mm-pendant168","status":"publish","type":"product","link":"https:\/\/shop.yipinqian.com\/pt\/produto\/premium-full-green-with-green-patches-rare-natural-type-a-jadeite-jade-pendant-necklace-crafted-as-dragon-with-certificate-weigh-40-07-grams-53-6-36-12-3-mm-pendant168\/","title":{"rendered":"Colar com pingente de jade\u00edte natural tipo A premium verde completo com manchas verdes, feito como drag\u00e3o com certificado, pesando 40,07 gramas, 53,6 * 36 * 12,3 mm (pendant168)"},"content":{"rendered":"<p>Eleve sua cole\u00e7\u00e3o de joias com este colar com pingente de Jade\u00edte Tipo A natural raro, verde completo com manchas verdes. Feito na forma de um drag\u00e3o, este colar \u00e9 uma verdadeira obra-prima.<\/p>\n<p><\/p>\n<p><strong>N\u00fameros de certificado: GD2110H002972<\/strong><\/p>\n<ul>\n<li>\n<strong>Natural e Raro:<\/strong> Feito de jade natural tipo A, este colar com pingente \u00e9 raro e \u00fanico \u00e0 sua maneira.<\/li>\n<li>\n<strong>Certificado inclu\u00eddo:<\/strong> Vem com um certificado de autenticidade, para que voc\u00ea tenha certeza de que est\u00e1 adquirindo um produto aut\u00eantico.<\/li>\n<li>\n<strong>Estilo de colar elegante:<\/strong> Este estilo elegante de colar \u00e9 perfeito para uso di\u00e1rio ou ocasi\u00f5es especiais.<\/li>\n<\/ul>\n<p>Pesagem <strong>40,07 gramas<\/strong> e medindo <strong>53,6 * 36 * 12,3 mil\u00edmetros<\/strong> (pendant168), tem o tamanho perfeito para torn\u00e1-lo percept\u00edvel e sutil no seu decote.<\/p>\n<ul>\n<li>\n<strong>Feito em Mianmar:<\/strong> Este pingente de jade\u00edte de qualidade premium \u00e9 origin\u00e1rio de Mianmar<\/li>\n<li>\n<strong>Adequado para todos: <\/strong>Esta joia requintada pode ser usada por qualquer pessoa, homem ou mulher, o que a torna uma op\u00e7\u00e3o de presente ideal tamb\u00e9m!<\/li>\n<\/ul>\n<p>Adicione este lindo pingente de jade feito em forma de drag\u00e3o \u00e0 sua cole\u00e7\u00e3o hoje mesmo e fa\u00e7a sucesso onde quer que voc\u00ea v\u00e1!<\/p>\n<p><\/p>\n<p>Yi Pin Qian \u2013 Um negociante de pedras preciosas e metais preciosos em Cingapura \u2013 N\u00famero de licen\u00e7a PS20190000031<\/p>\n<p><\/p>\n<p>*Todos os Jadeites comprados de Yi Pin Qian em Cingapura, os clientes podem reservar hor\u00e1rios para polimento ou pequenos reparos por manuseio incorreto - taxas se aplicam e somente para clientes de Yi Pin Qian em Cingapura*<\/p>\n<p><\/p>\n<p><strong>**Tipos de Certificados**<\/strong><\/p>\n<p><\/p>\n<p><strong>NGI (Nan Yang Gemol\u00f3gico)<\/strong><\/p>\n<p>ou <strong>Certificados no exterior <\/strong>(Yi Pin Qian usa apenas certificados aut\u00eanticos de laborat\u00f3rios estrangeiros e tamb\u00e9m controla a qualidade de cada um dos nossos produtos antes de coloc\u00e1-los \u00e0 venda em Cingapura)<\/p>\n<p><\/p>\n<p>Cada produto no TikTok ter\u00e1 o tipo de certificado fornecido indicado na descri\u00e7\u00e3o. Para qualquer cliente que deseje enviar seu pedido para a NGI Singapore, haver\u00e1 um tempo de espera para entrega do pedido estimado em torno de 4 semanas para receber seu pedido. <strong>As solicita\u00e7\u00f5es de relat\u00f3rios da NGI Gemstone precisam ser feitas por mensagem para a loja Yi Pin Qian TikTok.<\/strong> Obrigado, <strong><u>taxas extras se aplicam<\/u><\/strong>.<\/p>\n<p><\/p>\n<p><strong>A jade\u00edta natural n\u00e3o \u00e9 perfeita, apenas um lembrete gentil, nossa jade\u00edta natural, como todas as coisas bonitas da natureza, vem com suas caracter\u00edsticas e varia\u00e7\u00f5es \u00fanicas. Convidamos nossos valiosos clientes a abra\u00e7ar essas varia\u00e7\u00f5es naturais. Boas compras!<\/strong><\/p>\n<p><\/p>\n<p><strong><u>Nenhuma das fotos e filmagens de v\u00eddeo foram filtradas. Incentivamos nossos clientes a tamb\u00e9m assistirem aos v\u00eddeos que os acompanham para uma vis\u00e3o mais abrangente de nossos produtos<\/u><\/strong><\/p>","protected":false},"excerpt":{"rendered":"<p>Elevate your jewelry collection with this premium full green with green patches rare natural Type A Jadeite Jade pendant necklace. Crafted in the form of a dragon, this necklace is a true masterpiece. Certificate Numbers: GD2110H002972 Natural and Rare: Made from natural Type A Jadeite Jade, this pendant necklace is rare and unique in its [&hellip;]<\/p>","protected":false},"featured_media":6583,"comment_status":"open","ping_status":"closed","template":"","meta":[],"product_brand":[],"product_cat":[195],"product_tag":[],"class_list":{"0":"post-1630","1":"product","2":"type-product","3":"status-publish","4":"has-post-thumbnail","6":"product_cat-heirloom-grade","8":"first","9":"instock","10":"sale","11":"shipping-taxable","12":"purchasable","13":"product-type-simple"},"_links":{"self":[{"href":"https:\/\/shop.yipinqian.com\/pt\/wp-json\/wp\/v2\/product\/1630","targetHints":{"allow":["GET"]}}],"collection":[{"href":"https:\/\/shop.yipinqian.com\/pt\/wp-json\/wp\/v2\/product"}],"about":[{"href":"https:\/\/shop.yipinqian.com\/pt\/wp-json\/wp\/v2\/types\/product"}],"replies":[{"embeddable":true,"href":"https:\/\/shop.yipinqian.com\/pt\/wp-json\/wp\/v2\/comments?post=1630"}],"version-history":[{"count":0,"href":"https:\/\/shop.yipinqian.com\/pt\/wp-json\/wp\/v2\/product\/1630\/revisions"}],"wp:featuredmedia":[{"embeddable":true,"href":"https:\/\/shop.yipinqian.com\/pt\/wp-json\/wp\/v2\/media\/6583"}],"wp:attachment":[{"href":"https:\/\/shop.yipinqian.com\/pt\/wp-json\/wp\/v2\/media?parent=1630"}],"wp:term":[{"taxonomy":"product_brand","embeddable":true,"href":"https:\/\/shop.yipinqian.com\/pt\/wp-json\/wp\/v2\/product_brand?post=1630"},{"taxonomy":"product_cat","embeddable":true,"href":"https:\/\/shop.yipinqian.com\/pt\/wp-json\/wp\/v2\/product_cat?post=1630"},{"taxonomy":"product_tag","embeddable":true,"href":"https:\/\/shop.yipinqian.com\/pt\/wp-json\/wp\/v2\/product_tag?post=1630"}],"curies":[{"name":"wp","href":"https:\/\/api.w.org\/{rel}","templated":true}]}}