{"id":1628,"date":"2024-10-24T23:20:54","date_gmt":"2024-10-24T15:20:54","guid":{"rendered":"https:\/\/shop.yipinqian.com\/product\/old-school-light-green-natural-type-a-jadeite-jade-pendant-necklace-crafted-as-guanyin-with-certificate-weigh-33-21-grams-measurement-66-42-7-6-8-mm-pendant188\/"},"modified":"2025-02-17T00:04:08","modified_gmt":"2025-02-16T16:04:08","slug":"old-school-light-green-natural-type-a-jadeite-jade-pendant-necklace-crafted-as-guanyin-with-certificate-weigh-33-21-grams-measurement-66-42-7-6-8-mm-pendant188","status":"publish","type":"product","link":"https:\/\/shop.yipinqian.com\/pt\/produto\/old-school-light-green-natural-type-a-jadeite-jade-pendant-necklace-crafted-as-guanyin-with-certificate-weigh-33-21-grams-measurement-66-42-7-6-8-mm-pendant188\/","title":{"rendered":"Colar com pingente de jade\u00edte natural tipo A verde claro da velha escola, feito como Guanyin com certificado, pesa 33,21 gramas, medindo 66 * 42,7 * 6,8 mm (pendant188)"},"content":{"rendered":"<p>Este colar com pingente de jade\u00edte natural tipo A verde claro da velha escola \u00e9 essencial para quem ama joias requintadas. O pingente \u00e9 cuidadosamente trabalhado como Guanyin, criando uma pe\u00e7a significativa e bonita.<\/p>\n<p><\/p>\n<p><strong>N\u00fameros de certificado: 920460008861<\/strong><\/p>\n<ul>\n<li>\n<strong>Jade\u00edta natural tipo A:<\/strong> Este pingente \u00e9 feito de jade\u00edta natural Tipo A, o que lhe confere durabilidade e beleza incr\u00edveis.<\/li>\n<li>\n<strong>Com Certificado:<\/strong> Voc\u00ea pode confiar na qualidade deste colar, pois ele vem com um certificado para comprovar sua autenticidade.<\/li>\n<li>\n<strong>Estilo de colar casual:<\/strong> Este colar tem um estilo casual que o torna perfeito para uso di\u00e1rio. \u00c9 vers\u00e1til o suficiente para combinar com qualquer roupa, tornando-o uma excelente adi\u00e7\u00e3o \u00e0 sua cole\u00e7\u00e3o de joias.<\/li>\n<\/ul>\n<p>O colar com pingente de jade\u00edte natural tipo A verde claro da velha escola pesa 33,21 gramas e mede 66 * 42,7 * 6,8 mm (pendant188). O tamanho do pingente o torna vis\u00edvel, mas n\u00e3o muito grande ou pesado para uso di\u00e1rio.<\/p>\n<ul>\n<li>\n<strong>Feito em Mianmar:<\/strong> Este colar vem de Mianmar, onde artes\u00e3os habilidosos criaram o lindo design Guanyin usando pedras naturais de jade\u00edta<\/li>\n<li>\n<strong>Ocasi\u00e3o di\u00e1ria: <\/strong>Esta joia \u00e9 adequada para todas as ocasi\u00f5es, desde reuni\u00f5es de escrit\u00f3rio at\u00e9 passeios casuais, devido ao seu design elegante e simples que acrescenta beleza sem ser muito chamativo.<\/li>\n<\/ul>\n<p><\/p>\n<p>Este colar deslumbrante \u00e9 perfeito para qualquer um que ame jade ou queira uma joia requintada que possa usar diariamente sem se preocupar com danos ou requisitos de cuidados excessivos, j\u00e1 que n\u00e3o h\u00e1 garantias envolvidas. Tamb\u00e9m \u00e9 unissex, ent\u00e3o voc\u00ea pode presentear esta obra-prima \u00fanica hoje mesmo!<\/p>\n<p>.<\/p>\n<p>Yi Pin Qian \u2013 Um negociante de pedras preciosas e metais preciosos em Cingapura \u2013 N\u00famero de licen\u00e7a PS20190000031<\/p>\n<p><\/p>\n<p>*Todos os Jadeites comprados de Yi Pin Qian em Cingapura, os clientes podem reservar hor\u00e1rios para polimento ou pequenos reparos por manuseio incorreto - taxas se aplicam e somente para clientes de Yi Pin Qian em Cingapura*<\/p>\n<p><\/p>\n<p><strong>**Tipos de Certificados**<\/strong><\/p>\n<p><\/p>\n<p><strong>NGI (Nan Yang Gemol\u00f3gico)<\/strong><\/p>\n<p>ou <strong>Certificados no exterior <\/strong>(Yi Pin Qian usa apenas certificados aut\u00eanticos de laborat\u00f3rios estrangeiros e tamb\u00e9m controla a qualidade de cada um dos nossos produtos antes de coloc\u00e1-los \u00e0 venda em Cingapura)<\/p>\n<p><\/p>\n<p>Cada produto no TikTok ter\u00e1 o tipo de certificado fornecido indicado na descri\u00e7\u00e3o. Para qualquer cliente que deseje enviar seu pedido para a NGI Singapore, haver\u00e1 um tempo de espera para entrega do pedido estimado em torno de 4 semanas para receber seu pedido. <strong>As solicita\u00e7\u00f5es de relat\u00f3rios da NGI Gemstone precisam ser feitas por mensagem para a loja Yi Pin Qian TikTok.<\/strong> Obrigado, <strong><u>taxas extras se aplicam<\/u><\/strong>.<\/p>\n<p><\/p>\n<p><strong>A jade\u00edta natural n\u00e3o \u00e9 perfeita, apenas um lembrete gentil, nossa jade\u00edta natural, como todas as coisas bonitas da natureza, vem com suas caracter\u00edsticas e varia\u00e7\u00f5es \u00fanicas. Convidamos nossos valiosos clientes a abra\u00e7ar essas varia\u00e7\u00f5es naturais. Boas compras!<\/strong><\/p>\n<p><\/p>\n<p><strong><u>Nenhuma das fotos e filmagens de v\u00eddeo foram filtradas. Incentivamos nossos clientes a tamb\u00e9m assistirem aos v\u00eddeos que os acompanham para uma vis\u00e3o mais abrangente de nossos produtos<\/u><\/strong><\/p>","protected":false},"excerpt":{"rendered":"<p>This Old school Light Green Natural Type A Jadeite Jade Pendant Necklace is a must-have for anyone who loves exquisite jewelry. The pendant is carefully crafted as Guanyin, creating a meaningful and beautiful piece. Certificate numbers: 920460008861 Natural Type A Jadeite: This pendant is made of natural Type A jadeite, which gives it incredible durability [&hellip;]<\/p>","protected":false},"featured_media":6565,"comment_status":"open","ping_status":"closed","template":"","meta":[],"product_brand":[],"product_cat":[48],"product_tag":[],"class_list":{"0":"post-1628","1":"product","2":"type-product","3":"status-publish","4":"has-post-thumbnail","6":"product_cat-pendants","8":"first","9":"instock","10":"sale","11":"shipping-taxable","12":"purchasable","13":"product-type-simple"},"_links":{"self":[{"href":"https:\/\/shop.yipinqian.com\/pt\/wp-json\/wp\/v2\/product\/1628","targetHints":{"allow":["GET"]}}],"collection":[{"href":"https:\/\/shop.yipinqian.com\/pt\/wp-json\/wp\/v2\/product"}],"about":[{"href":"https:\/\/shop.yipinqian.com\/pt\/wp-json\/wp\/v2\/types\/product"}],"replies":[{"embeddable":true,"href":"https:\/\/shop.yipinqian.com\/pt\/wp-json\/wp\/v2\/comments?post=1628"}],"version-history":[{"count":0,"href":"https:\/\/shop.yipinqian.com\/pt\/wp-json\/wp\/v2\/product\/1628\/revisions"}],"wp:featuredmedia":[{"embeddable":true,"href":"https:\/\/shop.yipinqian.com\/pt\/wp-json\/wp\/v2\/media\/6565"}],"wp:attachment":[{"href":"https:\/\/shop.yipinqian.com\/pt\/wp-json\/wp\/v2\/media?parent=1628"}],"wp:term":[{"taxonomy":"product_brand","embeddable":true,"href":"https:\/\/shop.yipinqian.com\/pt\/wp-json\/wp\/v2\/product_brand?post=1628"},{"taxonomy":"product_cat","embeddable":true,"href":"https:\/\/shop.yipinqian.com\/pt\/wp-json\/wp\/v2\/product_cat?post=1628"},{"taxonomy":"product_tag","embeddable":true,"href":"https:\/\/shop.yipinqian.com\/pt\/wp-json\/wp\/v2\/product_tag?post=1628"}],"curies":[{"name":"wp","href":"https:\/\/api.w.org\/{rel}","templated":true}]}}