{"id":1626,"date":"2024-10-24T23:20:52","date_gmt":"2024-10-24T15:20:52","guid":{"rendered":"https:\/\/shop.yipinqian.com\/product\/old-school-hollow-style-green-and-white-natural-type-a-jadeite-jade-crafted-with-flowers-and-coins-as-a-pendant-necklace-with-certificate-weigh-41-56-grams-measurement-56-3-43-2-11-8-mm-pendant204\/"},"modified":"2025-02-24T01:17:28","modified_gmt":"2025-02-23T17:17:28","slug":"old-school-hollow-style-green-and-white-natural-type-a-jadeite-jade-crafted-with-flowers-and-coins-as-a-pendant-necklace-with-certificate-weigh-41-56-grams-measurement-56-3-43-2-11-8-mm-pendant204","status":"publish","type":"product","link":"https:\/\/shop.yipinqian.com\/pt\/produto\/old-school-hollow-style-green-and-white-natural-type-a-jadeite-jade-crafted-with-flowers-and-coins-as-a-pendant-necklace-with-certificate-weigh-41-56-grams-measurement-56-3-43-2-11-8-mm-pendant204\/","title":{"rendered":"Jade\u00edte natural tipo A verde e branco estilo oco da velha escola, trabalhada com flores e moedas como um colar com pingente e certificado, pesando 41,56 gramas, medindo 56,3 * 43,2 * 11,8 mm (pendant204)"},"content":{"rendered":"<p>Este colar com pingente de Jade\u00edte Natural Tipo A Verde e Branco \u00e9 uma joia deslumbrante, perfeita para uso di\u00e1rio. Feito em um estilo oco da velha escola, este pingente apresenta flores delicadas e moedas que lhe d\u00e3o um toque \u00fanico.<\/p>\n<p><\/p>\n<p>N\u00fameros de certificado: ZGDTE183107<\/p>\n<p><\/p>\n<ul>\n<li>\n<strong>Artesanato requintado:<\/strong> O design complexo deste pingente demonstra o requintado artesanato envolvido em sua cria\u00e7\u00e3o.<\/li>\n<li>\n<strong>Jade\u00edta natural:<\/strong> Feito com jade\u00edta natural Tipo A 100%, o colar pesa 41,56 gramas e mede 56,3 * 43,2 * 11,8 mm (pendant204).<\/li>\n<li>\n<strong>Certificado inclu\u00eddo:<\/strong> Este colar de jade vem com um certificado para garantir autenticidade.<\/li>\n<\/ul>\n<p>Feito em Myanmar, este colar unissex tem um estilo casual que pode ser usado em qualquer ocasi\u00e3o sem comprometer o estilo ou a eleg\u00e2ncia. No entanto, ele n\u00e3o vem com nenhum tipo de garantia.<\/p>\n<p><\/p>\n<p>Yi Pin Qian \u2013 Um negociante de pedras preciosas e metais preciosos em Cingapura \u2013 N\u00famero de licen\u00e7a PS20190000031<\/p>\n<p><\/p>\n<p>*Todos os Jadeites comprados de Yi Pin Qian em Cingapura, os clientes podem reservar hor\u00e1rios para polimento ou pequenos reparos por manuseio incorreto - taxas se aplicam e somente para clientes de Yi Pin Qian em Cingapura*<\/p>\n<p><\/p>\n<p><strong>**Tipos de Certificados**<\/strong><\/p>\n<p><\/p>\n<p><strong>NGI (Nan Yang Gemol\u00f3gico)<\/strong><\/p>\n<p>ou <strong>Certificados no exterior <\/strong>(Yi Pin Qian usa apenas certificados aut\u00eanticos de laborat\u00f3rios estrangeiros e tamb\u00e9m controla a qualidade de cada um dos nossos produtos antes de coloc\u00e1-los \u00e0 venda em Cingapura)<\/p>\n<p><\/p>\n<p>Cada produto no TikTok ter\u00e1 o tipo de certificado fornecido indicado na descri\u00e7\u00e3o. Para qualquer cliente que deseje enviar seu pedido para a NGI Singapore, haver\u00e1 um tempo de espera para entrega do pedido estimado em torno de 4 semanas para receber seu pedido. <strong>As solicita\u00e7\u00f5es de relat\u00f3rios da NGI Gemstone precisam ser feitas por mensagem para a loja Yi Pin Qian TikTok.<\/strong> Obrigado, <strong><u>taxas extras se aplicam<\/u><\/strong>.<\/p>\n<p><\/p>\n<p><strong>A jade\u00edta natural n\u00e3o \u00e9 perfeita, apenas um lembrete gentil, nossa jade\u00edta natural, como todas as coisas bonitas da natureza, vem com suas caracter\u00edsticas e varia\u00e7\u00f5es \u00fanicas. Convidamos nossos valiosos clientes a abra\u00e7ar essas varia\u00e7\u00f5es naturais. Boas compras!<\/strong><\/p>\n<p><\/p>\n<p><strong><u>Nenhuma das fotos e filmagens de v\u00eddeo foram filtradas. Incentivamos nossos clientes a tamb\u00e9m assistirem aos v\u00eddeos que os acompanham para uma vis\u00e3o mais abrangente de nossos produtos<\/u><\/strong><\/p>","protected":false},"excerpt":{"rendered":"<p>Este colar com pingente de jade\u00edte natural tipo A verde e branco \u00e9 uma joia deslumbrante, perfeita para uso di\u00e1rio. Feito em um estilo oco da velha escola, este pingente apresenta flores delicadas e moedas que lhe d\u00e3o um toque \u00fanico. N\u00fameros de certificado: ZGDTE183107 Artesanato requintado: O design intrincado deste pingente exibe [\u2026]<\/p>","protected":false},"featured_media":6557,"comment_status":"open","ping_status":"closed","template":"","meta":[],"product_brand":[],"product_cat":[195],"product_tag":[],"class_list":{"0":"post-1626","1":"product","2":"type-product","3":"status-publish","4":"has-post-thumbnail","6":"product_cat-heirloom-grade","8":"first","9":"instock","10":"sale","11":"shipping-taxable","12":"purchasable","13":"product-type-simple"},"_links":{"self":[{"href":"https:\/\/shop.yipinqian.com\/pt\/wp-json\/wp\/v2\/product\/1626","targetHints":{"allow":["GET"]}}],"collection":[{"href":"https:\/\/shop.yipinqian.com\/pt\/wp-json\/wp\/v2\/product"}],"about":[{"href":"https:\/\/shop.yipinqian.com\/pt\/wp-json\/wp\/v2\/types\/product"}],"replies":[{"embeddable":true,"href":"https:\/\/shop.yipinqian.com\/pt\/wp-json\/wp\/v2\/comments?post=1626"}],"version-history":[{"count":0,"href":"https:\/\/shop.yipinqian.com\/pt\/wp-json\/wp\/v2\/product\/1626\/revisions"}],"wp:featuredmedia":[{"embeddable":true,"href":"https:\/\/shop.yipinqian.com\/pt\/wp-json\/wp\/v2\/media\/6557"}],"wp:attachment":[{"href":"https:\/\/shop.yipinqian.com\/pt\/wp-json\/wp\/v2\/media?parent=1626"}],"wp:term":[{"taxonomy":"product_brand","embeddable":true,"href":"https:\/\/shop.yipinqian.com\/pt\/wp-json\/wp\/v2\/product_brand?post=1626"},{"taxonomy":"product_cat","embeddable":true,"href":"https:\/\/shop.yipinqian.com\/pt\/wp-json\/wp\/v2\/product_cat?post=1626"},{"taxonomy":"product_tag","embeddable":true,"href":"https:\/\/shop.yipinqian.com\/pt\/wp-json\/wp\/v2\/product_tag?post=1626"}],"curies":[{"name":"wp","href":"https:\/\/api.w.org\/{rel}","templated":true}]}}