{"id":1619,"date":"2024-10-24T23:20:48","date_gmt":"2024-10-24T15:20:48","guid":{"rendered":"https:\/\/shop.yipinqian.com\/product\/oil-green-natural-type-a-jadeite-pendant-carved-as-water-buffalo-representing-hardworking-and-simple-unstoppable-strong-and-healthy-and-turn-the-tide-certificate-include-weighs-14-56-grams-34-6-23-6-1\/"},"modified":"2025-02-17T00:04:07","modified_gmt":"2025-02-16T16:04:07","slug":"oil-green-natural-type-a-jadeite-pendant-carved-as-water-buffalo-representing-hardworking-and-simple-unstoppable-strong-and-healthy-and-turn-the-tide-certificate-include-weighs-14-56-grams-34-6-23-6-1","status":"publish","type":"product","link":"https:\/\/shop.yipinqian.com\/pt\/produto\/oil-green-natural-type-a-jadeite-pendant-carved-as-water-buffalo-representing-hardworking-and-simple-unstoppable-strong-and-healthy-and-turn-the-tide-certificate-include-weighs-14-56-grams-34-6-23-6-1\/","title":{"rendered":"Pingente de Jade\u00edta Natural Tipo A Verde \u00d3leo esculpido como b\u00fafalo de \u00e1gua representando Trabalhador e Simples, Impar\u00e1vel, Forte e Saud\u00e1vel e Vire a Mar\u00e9, certificado incluso pesa 14,56 gramas, 34,6 * 23,6 * 11,5 mm, adequado para uso di\u00e1rio (pendant80)"},"content":{"rendered":"<p>Este pingente de jade\u00edta natural tipo A verde-\u00f3leo \u00e9 uma joia deslumbrante, perfeita para uso di\u00e1rio. Feito de jade de alta qualidade, este pingente pesa 14,56 gramas e mede 34,6 * 23,6 * 11,5 mm.<\/p>\n<ul>\n<li>\n<strong>Representando o trabalho duro e a simplicidade:<\/strong> Este pingente apresenta um b\u00fafalo, que representa trabalho duro e simplicidade.<\/li>\n<li>\n<strong>Impar\u00e1vel:<\/strong> O b\u00fafalo tamb\u00e9m representa for\u00e7a e um esp\u00edrito invenc\u00edvel.<\/li>\n<li>\n<strong>Forte e saud\u00e1vel:<\/strong> Feito de jade\u00edta natural Tipo A, este pingente n\u00e3o \u00e9 apenas bonito, mas tamb\u00e9m promove for\u00e7a e boa sa\u00fade.<\/li>\n<li>\n<strong>Vire a mar\u00e9:<\/strong>A escultura do b\u00fafalo aqu\u00e1tico no pingente simboliza a mudan\u00e7a de rumo ou a supera\u00e7\u00e3o de desafios dif\u00edceis na vida<\/li>\n<\/ul>\n<p><strong>N\u00fameros de certificado: ZS24040200291<\/strong><\/p>\n<p><img fetchpriority=\"high\" decoding=\"async\" height=\"1080\" src=\"https:\/\/shop.yipinqian.com\/wp-content\/uploads\/2024\/10\/5b06eb6fac07e666daf2a3ac04eaabcb.jpg?from=476444299\" width=\"1080\"><img decoding=\"async\" height=\"1080\" src=\"https:\/\/shop.yipinqian.com\/wp-content\/uploads\/2024\/10\/9e40e14cd0e69c1c3cf29ad395620d35.jpg?from=476444299\" width=\"1080\"><\/p>\n<p>Este estilo de colar \u00e9 casual o suficiente para uso di\u00e1rio, mas ainda faz uma declara\u00e7\u00e3o com seu design de entalhe intrincado. Ele vem com um certificado de autenticidade para garantir sua qualidade, origin\u00e1rio de Mianmar - conhecido por sua produ\u00e7\u00e3o de jade\u00edte de alta qualidade. Esta pe\u00e7a unissex torna f\u00e1cil presentear qualquer pessoa em sua vida que aprecie o artesanato de joias finas.<\/p>\n<p>Adicione este pingente de jade\u00edta natural tipo A verde-\u00f3leo esculpido como um b\u00fafalo representando o trabalhador, simples, impar\u00e1vel, forte e saud\u00e1vel, vire a mar\u00e9 \u00e0 sua cole\u00e7\u00e3o hoje mesmo!<\/p>\n<p>.<\/p>\n<p>Yi Pin Qian \u2013 Um negociante de pedras preciosas e metais preciosos em Cingapura \u2013 N\u00famero de licen\u00e7a PS20190000031<\/p>\n<p>\u00a0<\/p>\n<p>*Todos os Jadeites comprados de Yi Pin Qian em Cingapura, os clientes podem reservar hor\u00e1rios para polimento ou pequenos reparos por manuseio incorreto - taxas se aplicam e somente para clientes de Yi Pin Qian em Cingapura*<\/p>\n<p>\u00a0<\/p>\n<p><strong>**Tipos de Certificados**<\/strong><\/p>\n<p>\u00a0<\/p>\n<p><strong>NGI (Nan Yang Gemol\u00f3gico)<\/strong><\/p>\n<p>ou <strong>Certificados no exterior <\/strong>(Yi Pin Qian usa apenas certificados aut\u00eanticos de laborat\u00f3rios estrangeiros e tamb\u00e9m controla a qualidade de cada um dos nossos produtos antes de coloc\u00e1-los \u00e0 venda em Cingapura)<\/p>\n<p>\u00a0<\/p>\n<p>Cada produto no TikTok ter\u00e1 o tipo de certificado fornecido indicado na descri\u00e7\u00e3o. Para qualquer cliente que deseje enviar seu pedido para a NGI Singapore, haver\u00e1 um tempo de espera para entrega do pedido estimado em torno de 4 semanas para receber seu pedido. <strong>As solicita\u00e7\u00f5es de relat\u00f3rios da NGI Gemstone precisam ser feitas por mensagem para a loja Yi Pin Qian TikTok.<\/strong> Obrigado, <strong><u>taxas extras se aplicam<\/u><\/strong>.<\/p>\n<p>\u00a0<\/p>\n<p><strong>A jade\u00edta natural n\u00e3o \u00e9 perfeita, apenas um lembrete gentil, nossa jade\u00edta natural, como todas as coisas bonitas da natureza, vem com suas caracter\u00edsticas e varia\u00e7\u00f5es \u00fanicas. Convidamos nossos valiosos clientes a abra\u00e7ar essas varia\u00e7\u00f5es naturais. Boas compras!<\/strong><\/p>\n<p>\u00a0<\/p>\n<p><strong><u>Nenhuma das fotos e filmagens de v\u00eddeo foram filtradas. Incentivamos nossos clientes a tamb\u00e9m assistirem aos v\u00eddeos que os acompanham para uma vis\u00e3o mais abrangente de nossos produtos<\/u><\/strong><\/p>\n<p>\u00a0<\/p>\n<p>.<\/p>","protected":false},"excerpt":{"rendered":"<p>This Oil Green Natural Type A Jadeite Pendant is a stunning piece of jewelry that is perfect for daily wear. Made from high-quality jade, this pendant weigh 14.56 grams and measures 34.6 * 23.6 * 11.5 mm. Representing Hardworking and Simple: This pendant features a water buffalo, which represents hard work and simplicity. Unstoppable: The [&hellip;]<\/p>","protected":false},"featured_media":6513,"comment_status":"open","ping_status":"closed","template":"","meta":[],"product_brand":[],"product_cat":[48],"product_tag":[],"class_list":{"0":"post-1619","1":"product","2":"type-product","3":"status-publish","4":"has-post-thumbnail","6":"product_cat-pendants","8":"first","9":"instock","10":"sale","11":"shipping-taxable","12":"purchasable","13":"product-type-simple"},"_links":{"self":[{"href":"https:\/\/shop.yipinqian.com\/pt\/wp-json\/wp\/v2\/product\/1619","targetHints":{"allow":["GET"]}}],"collection":[{"href":"https:\/\/shop.yipinqian.com\/pt\/wp-json\/wp\/v2\/product"}],"about":[{"href":"https:\/\/shop.yipinqian.com\/pt\/wp-json\/wp\/v2\/types\/product"}],"replies":[{"embeddable":true,"href":"https:\/\/shop.yipinqian.com\/pt\/wp-json\/wp\/v2\/comments?post=1619"}],"version-history":[{"count":0,"href":"https:\/\/shop.yipinqian.com\/pt\/wp-json\/wp\/v2\/product\/1619\/revisions"}],"wp:featuredmedia":[{"embeddable":true,"href":"https:\/\/shop.yipinqian.com\/pt\/wp-json\/wp\/v2\/media\/6513"}],"wp:attachment":[{"href":"https:\/\/shop.yipinqian.com\/pt\/wp-json\/wp\/v2\/media?parent=1619"}],"wp:term":[{"taxonomy":"product_brand","embeddable":true,"href":"https:\/\/shop.yipinqian.com\/pt\/wp-json\/wp\/v2\/product_brand?post=1619"},{"taxonomy":"product_cat","embeddable":true,"href":"https:\/\/shop.yipinqian.com\/pt\/wp-json\/wp\/v2\/product_cat?post=1619"},{"taxonomy":"product_tag","embeddable":true,"href":"https:\/\/shop.yipinqian.com\/pt\/wp-json\/wp\/v2\/product_tag?post=1619"}],"curies":[{"name":"wp","href":"https:\/\/api.w.org\/{rel}","templated":true}]}}