{"id":1618,"date":"2024-10-24T23:20:48","date_gmt":"2024-10-24T15:20:48","guid":{"rendered":"https:\/\/shop.yipinqian.com\/product\/nicely-crafted-yellow-premium-quality-leg-with-ruyi-and-spider-natural-type-a-jadeite-pendant-symbolism-contentment-wealth-and-happiness-wealth-and-good-fortune-with-certificate-weigh-10-70-grams-25-8\/"},"modified":"2025-02-24T00:49:52","modified_gmt":"2025-02-23T16:49:52","slug":"nicely-crafted-yellow-premium-quality-leg-with-ruyi-and-spider-natural-type-a-jadeite-pendant-symbolism-contentment-wealth-and-happiness-wealth-and-good-fortune-with-certificate-weigh-10-70-grams-25-8","status":"publish","type":"product","link":"https:\/\/shop.yipinqian.com\/pt\/produto\/nicely-crafted-yellow-premium-quality-leg-with-ruyi-and-spider-natural-type-a-jadeite-pendant-symbolism-contentment-wealth-and-happiness-wealth-and-good-fortune-with-certificate-weigh-10-70-grams-25-8\/","title":{"rendered":"Pingente de jade\u00edta natural tipo A, perna amarela de qualidade premium bem trabalhada com Ruyi e aranha, simbolismo de contentamento, riqueza e felicidade, riqueza e boa sorte com certificado pesando 10,70 gramas, 25,80 * 16,6 * 14,5 mm, adequado para uso di\u00e1rio (pendant73)"},"content":{"rendered":"<p>Este Pingente de Jade\u00edta Natural Tipo A de Perna de Qualidade Premium Amarela Bem Feito com Ruyi e Aranha \u00e9 uma adi\u00e7\u00e3o impressionante para qualquer cole\u00e7\u00e3o de joias. Este pingente \u00e9 lindamente trabalhado e simboliza contentamento, riqueza, felicidade e boa sorte.<\/p>\n<ul>\n<li>\n<strong>Material de qualidade premium:<\/strong> Feito de Jade\u00edta natural Tipo A com peso de 10,70 gramas.<\/li>\n<li>\n<strong>Design simb\u00f3lico:<\/strong> A perna amarela de qualidade premium com design de Ruyi e aranha representa contentamento, riqueza e felicidade.<\/li>\n<li>\n<strong>Certificado inclu\u00eddo:<\/strong> Este pingente vem com um certificado de autenticidade para garantir que voc\u00ea receba um produto da mais alta qualidade.<\/li>\n<\/ul>\n<p><strong>N\u00fameros de certificado: GD2111H012374<\/strong><\/p>\n<p><img fetchpriority=\"high\" decoding=\"async\" height=\"1080\" src=\"https:\/\/shop.yipinqian.com\/wp-content\/uploads\/2024\/10\/b4d726621d0b91c74b6394a8bb47eec7.jpg?from=476444299\" width=\"1080\"><\/p>\n<p>Este pingente \u00e9 perfeito para uso di\u00e1rio gra\u00e7as ao seu estilo casual de colar. Ele mede 25,80 * 16,6 * 14,5 mm de tamanho, tornando-o o tamanho perfeito para qualquer ocasi\u00e3o, ao mesmo tempo em que adiciona eleg\u00e2ncia ao seu visual geral.<\/p>\n<ul>\n<li>\n<strong>Feito em Mianmar:<\/strong> O pa\u00eds de origem deste produto \u00e9 Myanmar<\/li>\n<li>\n<strong>Estilo de colar e pingente de jade: <\/strong>O estilo do colar deste produto \u00e9 casual<\/li>\n<li>.<\/li>\n<\/ul>\n<p>Adicione um pouco de eleg\u00e2ncia e sofistica\u00e7\u00e3o ao seu guarda-roupa hoje mesmo com esta perna amarela de qualidade premium bem trabalhada com pingente de jade\u00edta natural tipo A Ruyi e Spider!<\/p>\n<p>\u00a0<\/p>\n<p>Yi Pin Qian \u2013 Um negociante de pedras preciosas e metais preciosos em Cingapura \u2013 N\u00famero de licen\u00e7a PS20190000031<\/p>\n<p>\u00a0<\/p>\n<p>*Todos os Jadeites comprados de Yi Pin Qian em Cingapura, os clientes podem reservar hor\u00e1rios para polimento ou pequenos reparos por manuseio incorreto - taxas se aplicam e somente para clientes de Yi Pin Qian em Cingapura*<\/p>\n<p>\u00a0<\/p>\n<p><strong>**Tipos de Certificados**<\/strong><\/p>\n<p>\u00a0<\/p>\n<p><strong>NGI (Nan Yang Gemol\u00f3gico)<\/strong><\/p>\n<p>ou <strong>Certificados no exterior <\/strong>(Yi Pin Qian usa apenas certificados aut\u00eanticos de laborat\u00f3rios estrangeiros e tamb\u00e9m controla a qualidade de cada um dos nossos produtos antes de coloc\u00e1-los \u00e0 venda em Cingapura)<\/p>\n<p>\u00a0<\/p>\n<p>Cada produto no TikTok ter\u00e1 o tipo de certificado fornecido indicado na descri\u00e7\u00e3o. Para qualquer cliente que deseje enviar seu pedido para a NGI Singapore, haver\u00e1 um tempo de espera para entrega do pedido estimado em torno de 4 semanas para receber seu pedido. <strong>As solicita\u00e7\u00f5es de relat\u00f3rios da NGI Gemstone precisam ser feitas por mensagem para a loja Yi Pin Qian TikTok.<\/strong> Obrigado, <strong><u>taxas extras se aplicam<\/u><\/strong>.<\/p>\n<p>\u00a0<\/p>\n<p><strong>A jade\u00edta natural n\u00e3o \u00e9 perfeita, apenas um lembrete gentil, nossa jade\u00edta natural, como todas as coisas bonitas da natureza, vem com suas caracter\u00edsticas e varia\u00e7\u00f5es \u00fanicas. Convidamos nossos valiosos clientes a abra\u00e7ar essas varia\u00e7\u00f5es naturais. Boas compras!<\/strong><\/p>\n<p>\u00a0<\/p>\n<p><strong><u>Nenhuma das fotos e filmagens de v\u00eddeo foram filtradas. Incentivamos nossos clientes a tamb\u00e9m assistirem aos v\u00eddeos que os acompanham para uma vis\u00e3o mais abrangente de nossos produtos<\/u><\/strong><\/p>","protected":false},"excerpt":{"rendered":"<p>This Nicely Crafted Yellow Premium Quality Leg with Ruyi and Spider Natural Type A Jadeite Pendant is a stunning addition to any jewelry collection. This pendant is beautifully crafted and symbolizes contentment, wealth, happiness, and good fortune. Premium Quality Material: Made from natural Type A Jadeite with a weight of 10.70 grams. Symbolic Design: The [&hellip;]<\/p>","protected":false},"featured_media":6501,"comment_status":"open","ping_status":"closed","template":"","meta":[],"product_brand":[],"product_cat":[194],"product_tag":[],"class_list":{"0":"post-1618","1":"product","2":"type-product","3":"status-publish","4":"has-post-thumbnail","6":"product_cat-value-picks","8":"first","9":"instock","10":"sale","11":"shipping-taxable","12":"purchasable","13":"product-type-simple"},"_links":{"self":[{"href":"https:\/\/shop.yipinqian.com\/pt\/wp-json\/wp\/v2\/product\/1618","targetHints":{"allow":["GET"]}}],"collection":[{"href":"https:\/\/shop.yipinqian.com\/pt\/wp-json\/wp\/v2\/product"}],"about":[{"href":"https:\/\/shop.yipinqian.com\/pt\/wp-json\/wp\/v2\/types\/product"}],"replies":[{"embeddable":true,"href":"https:\/\/shop.yipinqian.com\/pt\/wp-json\/wp\/v2\/comments?post=1618"}],"version-history":[{"count":0,"href":"https:\/\/shop.yipinqian.com\/pt\/wp-json\/wp\/v2\/product\/1618\/revisions"}],"wp:featuredmedia":[{"embeddable":true,"href":"https:\/\/shop.yipinqian.com\/pt\/wp-json\/wp\/v2\/media\/6501"}],"wp:attachment":[{"href":"https:\/\/shop.yipinqian.com\/pt\/wp-json\/wp\/v2\/media?parent=1618"}],"wp:term":[{"taxonomy":"product_brand","embeddable":true,"href":"https:\/\/shop.yipinqian.com\/pt\/wp-json\/wp\/v2\/product_brand?post=1618"},{"taxonomy":"product_cat","embeddable":true,"href":"https:\/\/shop.yipinqian.com\/pt\/wp-json\/wp\/v2\/product_cat?post=1618"},{"taxonomy":"product_tag","embeddable":true,"href":"https:\/\/shop.yipinqian.com\/pt\/wp-json\/wp\/v2\/product_tag?post=1618"}],"curies":[{"name":"wp","href":"https:\/\/api.w.org\/{rel}","templated":true}]}}