{"id":1611,"date":"2024-10-24T23:20:44","date_gmt":"2024-10-24T15:20:44","guid":{"rendered":"https:\/\/shop.yipinqian.com\/product\/natural-type-a-jadeite-pendant-necklace-crafted-with-big-domineering-dragon-symbols-of-power-status-authority-certificate-included-weigh-49-53-grams-67-7-42-10-3-mm-pendant22\/"},"modified":"2025-02-24T00:49:52","modified_gmt":"2025-02-23T16:49:52","slug":"natural-type-a-jadeite-pendant-necklace-crafted-with-big-domineering-dragon-symbols-of-power-status-authority-certificate-included-weigh-49-53-grams-67-7-42-10-3-mm-pendant22","status":"publish","type":"product","link":"https:\/\/shop.yipinqian.com\/pt\/produto\/natural-type-a-jadeite-pendant-necklace-crafted-with-big-domineering-dragon-symbols-of-power-status-authority-certificate-included-weigh-49-53-grams-67-7-42-10-3-mm-pendant22\/","title":{"rendered":"Natural Type A Jadeite Pendant Necklace crafted with Big Domineering Dragon symbols of power, status, authority, certificate included weigh 49.53 grams, 67.7 * 42 * 10.3 mm (pendant22)"},"content":{"rendered":"<article class=\"lzd-article\">\n<p style=\"line-height: 1.7;text-align: left;text-indent: 0;margin-left: 0;margin-top: 0;margin-bottom: 0\"><span>Elevate your style with this stunning Natural Type A Jadeite Pendant Necklace featuring the powerful and domineering Dragon symbols of power, status, and authority.<\/span><\/p>\n<ul>\n<li>\n<div style=\"line-height: 1.7;text-align: left;text-indent: 0\">\n<span style=\"font-weight: bold\">Artesanato requintado:<\/span><span> This necklace is crafted with precision to bring out the intricate details of the Dragon design. Made from natural Type A Jadeite, it is a symbol of purity and spirituality.<\/span>\n<\/div>\n<\/li>\n<li>\n<div style=\"line-height: 1.7;text-align: left;text-indent: 0\">\n<span style=\"font-weight: bold\">Certificado inclu\u00eddo:<\/span><span> With a certificate included, you can be assured that you&#8217;re getting an authentic piece of jewelry. The certificate confirms that this necklace is made from genuine natural Type A Jadeite<\/span>\n<\/div>\n<\/li>\n<\/ul>\n<p style=\"line-height: 1.7;text-align: left;text-indent: 0;margin-left: 0;margin-top: 0;margin-bottom: 0\"><span style=\"font-weight: bold\">Certificate numbers: ZS240302200<\/span><\/p>\n<p style=\"line-height: 1.7;text-align: left;text-indent: 0;margin-left: 0;margin-top: 0;margin-bottom: 0\"><span><\/span><\/p>\n<p style=\"line-height: 1.7;text-align: left;text-indent: 0;margin-left: 0;margin-top: 0;margin-bottom: 0\"><span><\/span><img decoding=\"async\" src=\"https:\/\/shop.yipinqian.com\/wp-content\/uploads\/2024\/10\/e06f2edc27e7ce4f114361b94660919d.jpg?from=476444299\" style=\"width: 1080;height: 1080;vertical-align: middle\"><span><\/span><\/p>\n<ul>\n<li>\n<div style=\"line-height: 1.7;text-align: left;text-indent: 0\">\n<span style=\"font-weight: bold\">Estilo casual:<\/span><span> The casual style makes it perfect for daily wear. It goes well with any outfit and can be worn on any occasion.<\/span>\n<\/div>\n<\/li>\n<\/ul>\n<p style=\"line-height: 1.7;text-align: left;text-indent: 0;margin-left: 0;margin-top: 0;margin-bottom: 0\"><span>This Natural Type A Jadeite Pendant Necklace weighs <\/span><span style=\"font-weight: bold\">49.53 grams<\/span><span> e medidas <\/span><span style=\"font-weight: bold\">67.7 * 42 * 10.3 mm<\/span><span> (pendant22). It&#8217;s a perfect addition to your jewelry collection or as a gift for someone special.<\/span><\/p>\n<ul>\n<li>\n<div style=\"line-height: 1.7;text-align: left;text-indent: 0\">\n<span style=\"font-weight: bold\">Sem garantia:<\/span><span> Please note that there is no warranty provided for this product<\/span>\n<\/div>\n<\/li>\n<li>\n<div style=\"line-height: 1.7;text-align: left;text-indent: 0\">\n<span style=\"font-weight: bold\">Made For Men:<\/span><span>This necklace has been designed keeping in mind men&#8217;s fashion choices so it makes an excellent choice when shopping for men&#8217;s accessories<\/span>\n<\/div>\n<\/li>\n<\/ul>\n<p style=\"line-height: 1.7;text-align: left;text-indent: 0;margin-left: 0;margin-top: 0;margin-bottom: 0\"><span>Yi Pin Qian \u2013 Um negociante de pedras preciosas e metais preciosos em Cingapura \u2013 N\u00famero de licen\u00e7a PS20190000031<\/span><\/p>\n<p style=\"line-height: 1.7;text-align: left;text-indent: 0;margin-left: 0;margin-top: 0;margin-bottom: 0\"><span> <\/span><\/p>\n<p style=\"line-height: 1.7;text-align: left;text-indent: 0;margin-left: 0;margin-top: 0;margin-bottom: 0\"><span>*Todos os Jadeites comprados de Yi Pin Qian em Cingapura, os clientes podem reservar hor\u00e1rios para polimento ou pequenos reparos por manuseio incorreto - taxas se aplicam e somente para clientes de Yi Pin Qian em Cingapura*<\/span><\/p>\n<p style=\"line-height: 1.7;text-align: left;text-indent: 0;margin-left: 0;margin-top: 0;margin-bottom: 0\"><span> <\/span><\/p>\n<p style=\"line-height: 1.7;text-align: left;text-indent: 0;margin-left: 0;margin-top: 0;margin-bottom: 0\"><span style=\"font-weight: bold\">**Tipos de Certificados**<\/span><\/p>\n<p style=\"line-height: 1.7;text-align: left;text-indent: 0;margin-left: 0;margin-top: 0;margin-bottom: 0\"><span> <\/span><\/p>\n<p style=\"line-height: 1.7;text-align: left;text-indent: 0;margin-left: 0;margin-top: 0;margin-bottom: 0\"><span style=\"font-weight: bold\">NGI (Nan Yang Gemol\u00f3gico)<\/span><\/p>\n<p style=\"line-height: 1.7;text-align: left;text-indent: 0;margin-left: 0;margin-top: 0;margin-bottom: 0\"><span>ou <\/span><span style=\"font-weight: bold\">Certificados no exterior <\/span><span>(Yi Pin Qian usa apenas certificados aut\u00eanticos de laborat\u00f3rios estrangeiros e tamb\u00e9m controla a qualidade de cada um dos nossos produtos antes de coloc\u00e1-los \u00e0 venda em Cingapura)<\/span><\/p>\n<p style=\"line-height: 1.7;text-align: left;text-indent: 0;margin-left: 0;margin-top: 0;margin-bottom: 0\"><span> <\/span><\/p>\n<p style=\"line-height: 1.7;text-align: left;text-indent: 0;margin-left: 0;margin-top: 0;margin-bottom: 0\"><span>Cada produto no TikTok ter\u00e1 o tipo de certificado fornecido indicado na descri\u00e7\u00e3o. Para qualquer cliente que deseje enviar seu pedido para a NGI Singapore, haver\u00e1 um tempo de espera para entrega do pedido estimado em torno de 4 semanas para receber seu pedido. <\/span><span style=\"font-weight: bold\">As solicita\u00e7\u00f5es de relat\u00f3rios da NGI Gemstone precisam ser feitas por mensagem para a loja Yi Pin Qian TikTok.<\/span><span> Obrigado, <\/span><span style=\"font-weight: bold;text-decoration: underline\">taxas extras se aplicam<\/span><span>.<\/span><\/p>\n<p style=\"line-height: 1.7;text-align: left;text-indent: 0;margin-left: 0;margin-top: 0;margin-bottom: 0\"><span> <\/span><\/p>\n<p style=\"line-height: 1.7;text-align: left;text-indent: 0;margin-left: 0;margin-top: 0;margin-bottom: 0\"><span style=\"font-weight: bold\">A jade\u00edta natural n\u00e3o \u00e9 perfeita, apenas um lembrete gentil, nossa jade\u00edta natural, como todas as coisas bonitas da natureza, vem com suas caracter\u00edsticas e varia\u00e7\u00f5es \u00fanicas. Convidamos nossos valiosos clientes a abra\u00e7ar essas varia\u00e7\u00f5es naturais. Boas compras!<\/span><\/p>\n<p style=\"line-height: 1.7;text-align: left;text-indent: 0;margin-left: 0;margin-top: 0;margin-bottom: 0\"><span> <\/span><\/p>\n<p style=\"line-height: 1.7;text-align: left;text-indent: 0;margin-left: 0;margin-top: 0;margin-bottom: 0\"><span style=\"font-weight: bold;text-decoration: underline\">Nenhuma das fotos e filmagens de v\u00eddeo foram filtradas. Incentivamos nossos clientes a tamb\u00e9m assistirem aos v\u00eddeos que os acompanham para uma vis\u00e3o mais abrangente de nossos produtos<\/span><\/p>\n<\/article>","protected":false},"excerpt":{"rendered":"<p>Elevate your style with this stunning Natural Type A Jadeite Pendant Necklace featuring the powerful and domineering Dragon symbols of power, status, and authority. Exquisite Craftsmanship: This necklace is crafted with precision to bring out the intricate details of the Dragon design. Made from natural Type A Jadeite, it is a symbol of purity and [&hellip;]<\/p>","protected":false},"featured_media":6449,"comment_status":"open","ping_status":"closed","template":"","meta":[],"product_brand":[],"product_cat":[194],"product_tag":[],"class_list":{"0":"post-1611","1":"product","2":"type-product","3":"status-publish","4":"has-post-thumbnail","6":"product_cat-value-picks","8":"first","9":"instock","10":"sale","11":"shipping-taxable","12":"purchasable","13":"product-type-simple"},"_links":{"self":[{"href":"https:\/\/shop.yipinqian.com\/pt\/wp-json\/wp\/v2\/product\/1611","targetHints":{"allow":["GET"]}}],"collection":[{"href":"https:\/\/shop.yipinqian.com\/pt\/wp-json\/wp\/v2\/product"}],"about":[{"href":"https:\/\/shop.yipinqian.com\/pt\/wp-json\/wp\/v2\/types\/product"}],"replies":[{"embeddable":true,"href":"https:\/\/shop.yipinqian.com\/pt\/wp-json\/wp\/v2\/comments?post=1611"}],"version-history":[{"count":0,"href":"https:\/\/shop.yipinqian.com\/pt\/wp-json\/wp\/v2\/product\/1611\/revisions"}],"wp:featuredmedia":[{"embeddable":true,"href":"https:\/\/shop.yipinqian.com\/pt\/wp-json\/wp\/v2\/media\/6449"}],"wp:attachment":[{"href":"https:\/\/shop.yipinqian.com\/pt\/wp-json\/wp\/v2\/media?parent=1611"}],"wp:term":[{"taxonomy":"product_brand","embeddable":true,"href":"https:\/\/shop.yipinqian.com\/pt\/wp-json\/wp\/v2\/product_brand?post=1611"},{"taxonomy":"product_cat","embeddable":true,"href":"https:\/\/shop.yipinqian.com\/pt\/wp-json\/wp\/v2\/product_cat?post=1611"},{"taxonomy":"product_tag","embeddable":true,"href":"https:\/\/shop.yipinqian.com\/pt\/wp-json\/wp\/v2\/product_tag?post=1611"}],"curies":[{"name":"wp","href":"https:\/\/api.w.org\/{rel}","templated":true}]}}