{"id":1609,"date":"2024-10-24T23:20:43","date_gmt":"2024-10-24T15:20:43","guid":{"rendered":"https:\/\/shop.yipinqian.com\/product\/natural-type-a-jadeite-jewellery-pendant-carved-as-milo-buddha-with-ruyi-with-gemstone-report-from-ngi-weighs-at-218-34-grams-53-35-42-19-12-02-mm-translucent-with-faint-to-light-green-with-good-trans\/"},"modified":"2025-07-17T11:47:52","modified_gmt":"2025-07-17T03:47:52","slug":"natural-type-a-jadeite-jewellery-pendant-carved-as-milo-buddha-with-ruyi-with-gemstone-report-from-ngi-weighs-at-218-34-grams-53-35-42-19-12-02-mm-translucent-with-faint-to-light-green-with-good-trans","status":"publish","type":"product","link":"https:\/\/shop.yipinqian.com\/pt\/produto\/natural-type-a-jadeite-jewellery-pendant-carved-as-milo-buddha-with-ruyi-with-gemstone-report-from-ngi-weighs-at-218-34-grams-53-35-42-19-12-02-mm-translucent-with-faint-to-light-green-with-good-trans\/","title":{"rendered":"Natural Type A Jadeite Jewellery Pendant carved as Milo Buddha with Ruyi with Gemstone report from NGI weighs at 218.34 grams , 53.35 * 42.19 * 12.02 mm , Translucent with faint to light green with good translucency premium quality pendant (pendant156)"},"content":{"rendered":"<h2>Natural Type A Jadeite Jewellery Pendant carved as Milo Buddha<\/h2>\n<p><iframe title=\"Natural Type A Jadeite Jewellery Pendant carved as Milo Buddha\" src=\"https:\/\/youtube.com\/embed\/QDxdYiqx3lY\/\" width=\"330\" height=\"300\"><span data-mce-type=\"bookmark\" style=\"display: inline-block; width: 0px; overflow: hidden; line-height: 0;\" class=\"mce_SELRES_start\"><\/span><\/iframe><br \/>\nThis Natural Type A Jadeite Jewellery Pendant is a one-of-a-kind beauty that will add elegance to any outfit. The pendant is carved as Milo Buddha with Ruyi and features a translucent, faint to light green color with good translucency.<\/p>\n<p><strong>NGI Report Number: 63837040<\/strong><\/p>\n<ul>\n<li><strong>Gemstone report:<\/strong> This pendant comes with a gemstone report from NGI, which confirms its premium quality and adds to its value.<\/li>\n<li><strong>Weight and size:<\/strong> Weighing at 218.34 grams, this pendant has dimensions of 53.35 * 42.19 * 12.02 mm, making it an eye-catching statement piece that will surely turn heads.<\/li>\n<\/ul>\n<p>The Natural Type A Jadeite Jewellery Pendant is unisex in design and perfect for daily wear as it adds an elegant touch to any outfit you wear it with.<\/p>\n<ul>\n<li><strong>Certificado:<\/strong> This pendant comes with a certificate of authenticity so you can rest assured that you are purchasing the real deal.<\/li>\n<\/ul>\n<p><img fetchpriority=\"high\" decoding=\"async\" class=\"alignnone\" src=\"https:\/\/shop.yipinqian.com\/wp-content\/uploads\/2024\/10\/ea7a44dc229e61195869a227b0bb048a.jpg?from=476444299\" alt=\"Natural Type A Jadeite Jewellery Pendant carved as Milo Buddha\" width=\"1080\" height=\"1080\" \/><\/p>\n<ul>\n<li><strong>Sem garantia:<\/strong> This product does not come under warranty<\/li>\n<\/ul>\n<p>The elegant necklace style of this piece complements the Milo Buddha carving beautifully &#8211; making it unique yet classic at the same time. If you&#8217;re looking for something special or want to give someone special in your life something meaningful &#8211; this natural jadeite jewelry would make an excellent choice!<\/p>\n<p>.<\/p>\n<p>Yi Pin Qian \u2013 Um negociante de pedras preciosas e metais preciosos em Cingapura \u2013 N\u00famero de licen\u00e7a PS20190000031<\/p>\n<p>*Todos os Jadeites comprados de Yi Pin Qian em Cingapura, os clientes podem reservar hor\u00e1rios para polimento ou pequenos reparos por manuseio incorreto - taxas se aplicam e somente para clientes de Yi Pin Qian em Cingapura*<\/p>\n<ul>\n<li><\/li>\n<\/ul>\n<p>NGI (localiza\u00e7\u00e3o do Instituto Gemol\u00f3gico Nan Yang: 14 Scotts Road, #03-80, Far East Plaza, 228213)<\/p>\n<p>ou certificados estrangeiros (Yi Pin Qian usa apenas certificados aut\u00eanticos de laborat\u00f3rios estrangeiros e tamb\u00e9m controla a qualidade de cada um dos nossos produtos antes de coloc\u00e1-los \u00e0 venda em Cingapura)<\/p>\n<p>[Alguns certificados s\u00e3o carimbados com QIC, o que significa que tamb\u00e9m s\u00e3o certificados pela Douyin]<\/p>\n<p>Cada produto no TikTok ter\u00e1 o tipo de certificado fornecido indicado na descri\u00e7\u00e3o. Para qualquer cliente que deseje enviar seu pedido para a NGI Singapore, haver\u00e1 um tempo de espera para entrega do pedido estimado em cerca de 4 semanas para receber seu pedido. As solicita\u00e7\u00f5es de relat\u00f3rio da NGI Gemstone precisam ser feitas por mensagem para a loja Yi Pin Qian TikTok. Obrigado, taxas extras s\u00e3o aplic\u00e1veis.<\/p>","protected":false},"excerpt":{"rendered":"<h2>Natural Type A Jadeite Jewellery Pendant carved as Milo Buddha<\/h2>\n<p><img decoding=\"async\" class=\"aligncenter size-medium wp-image-22237\" src=\"https:\/\/shop.yipinqian.com\/wp-content\/uploads\/2024\/10\/WhatsApp-Image-2024-05-08-at-17.26.14_c24cd62e-300x300.jpg\" alt=\"Natural Type A Jadeite Jewellery Pendant carved as Milo Buddha\" width=\"300\" height=\"300\" srcset=\"https:\/\/shop.yipinqian.com\/wp-content\/uploads\/2024\/10\/WhatsApp-Image-2024-05-08-at-17.26.14_c24cd62e-300x300.jpg 300w, https:\/\/shop.yipinqian.com\/wp-content\/uploads\/2024\/10\/WhatsApp-Image-2024-05-08-at-17.26.14_c24cd62e-1024x1024.jpg 1024w, https:\/\/shop.yipinqian.com\/wp-content\/uploads\/2024\/10\/WhatsApp-Image-2024-05-08-at-17.26.14_c24cd62e-150x150.jpg 150w, https:\/\/shop.yipinqian.com\/wp-content\/uploads\/2024\/10\/WhatsApp-Image-2024-05-08-at-17.26.14_c24cd62e-768x768.jpg 768w, https:\/\/shop.yipinqian.com\/wp-content\/uploads\/2024\/10\/WhatsApp-Image-2024-05-08-at-17.26.14_c24cd62e-12x12.jpg 12w, https:\/\/shop.yipinqian.com\/wp-content\/uploads\/2024\/10\/WhatsApp-Image-2024-05-08-at-17.26.14_c24cd62e-500x500.jpg 500w, https:\/\/shop.yipinqian.com\/wp-content\/uploads\/2024\/10\/WhatsApp-Image-2024-05-08-at-17.26.14_c24cd62e-100x100.jpg 100w, https:\/\/shop.yipinqian.com\/wp-content\/uploads\/2024\/10\/WhatsApp-Image-2024-05-08-at-17.26.14_c24cd62e.jpg 1080w\" sizes=\"(max-width: 300px) 100vw, 300px\" \/><\/p>","protected":false},"featured_media":6429,"comment_status":"open","ping_status":"closed","template":"","meta":[],"product_brand":[],"product_cat":[196],"product_tag":[],"class_list":{"0":"post-1609","1":"product","2":"type-product","3":"status-publish","4":"has-post-thumbnail","6":"product_cat-vault-collection","8":"first","9":"instock","10":"sale","11":"shipping-taxable","12":"purchasable","13":"product-type-simple"},"_links":{"self":[{"href":"https:\/\/shop.yipinqian.com\/pt\/wp-json\/wp\/v2\/product\/1609","targetHints":{"allow":["GET"]}}],"collection":[{"href":"https:\/\/shop.yipinqian.com\/pt\/wp-json\/wp\/v2\/product"}],"about":[{"href":"https:\/\/shop.yipinqian.com\/pt\/wp-json\/wp\/v2\/types\/product"}],"replies":[{"embeddable":true,"href":"https:\/\/shop.yipinqian.com\/pt\/wp-json\/wp\/v2\/comments?post=1609"}],"version-history":[{"count":0,"href":"https:\/\/shop.yipinqian.com\/pt\/wp-json\/wp\/v2\/product\/1609\/revisions"}],"wp:featuredmedia":[{"embeddable":true,"href":"https:\/\/shop.yipinqian.com\/pt\/wp-json\/wp\/v2\/media\/6429"}],"wp:attachment":[{"href":"https:\/\/shop.yipinqian.com\/pt\/wp-json\/wp\/v2\/media?parent=1609"}],"wp:term":[{"taxonomy":"product_brand","embeddable":true,"href":"https:\/\/shop.yipinqian.com\/pt\/wp-json\/wp\/v2\/product_brand?post=1609"},{"taxonomy":"product_cat","embeddable":true,"href":"https:\/\/shop.yipinqian.com\/pt\/wp-json\/wp\/v2\/product_cat?post=1609"},{"taxonomy":"product_tag","embeddable":true,"href":"https:\/\/shop.yipinqian.com\/pt\/wp-json\/wp\/v2\/product_tag?post=1609"}],"curies":[{"name":"wp","href":"https:\/\/api.w.org\/{rel}","templated":true}]}}